{"id":34316,"date":"2026-02-25T04:35:37","date_gmt":"2026-02-25T04:35:37","guid":{"rendered":"https:\/\/comprasyconsejos.store\/product\/msi-mag-325cqf-curved-gaming-monitor-32-wqhd-1000r-2560-x-1440-rapid-va-panel-180-hz-0-5ms-gtg-min-adaptive-sync-dp-1-4a-hdmi-2-0b-cec-usb-type-c-dp-alt-c-15w-pd\/"},"modified":"2026-02-25T04:35:43","modified_gmt":"2026-02-25T04:35:43","slug":"msi-mag-325cqf-curved-gaming-monitor-32-wqhd-1000r-2560-x-1440-rapid-va-panel-180-hz-0-5ms-gtg-min-adaptive-sync-dp-1-4a-hdmi-2-0b-cec-usb-type-c-dp-alt-c-15w-pd","status":"publish","type":"product","link":"https:\/\/comprasyconsejos.store\/en\/product\/msi-mag-325cqf-curved-gaming-monitor-32-wqhd-1000r-2560-x-1440-rapid-va-panel-180-hz-0-5ms-gtg-min-adaptive-sync-dp-1-4a-hdmi-2-0b-cec-usb-type-c-dp-alt-c-15w-pd\/","title":{"rendered":"MSI MAG 325CQF Curved Gaming Monitor 32&#8243; WQHD &#8211; 1000R 2560 x 1440 Rapid VA Panel, 180 Hz \/ 0.5ms (GtG, Min.), Adaptive Sync &#8211; DP 1.4a, HDMI 2.0b CEC, USB Type-C (DP alt. c\/15W PD)"},"content":{"rendered":"<p>Price: <span style=\"color:#b12704\">\u20ac304.95<\/span><br \/><i><small>(as of Feb 25, 2026 04:35:37 UTC &#8211; <span class=\"wp_automatic_amazon_disclaimer\" title=\"Product prices and availability are accurate as of the date\/time indicated and are subject to change. Any price and availability information displayed on [relevant Amazon Site(s), as applicable] at the time of purchase will apply to the purchase of this product.\">Details<\/span>)<\/small><\/i><\/p>\n<p><a href=\"https:\/\/amazon.es\/dp\/B0DW95XBJS?tag=man008-21\"><img decoding=\"async\" src=\"https:\/\/valvepress.s3.amazonaws.com\/imgs\/buy_now.png\"><\/a><br \/>\n<\/p>\n<p>                                             From the manufacturer   <\/p>\n<p>                                                  <img decoding=\"async\" alt=\"Unite as One\" src=\"https:\/\/images-na.ssl-images-amazon.com\/images\/G\/01\/x-locale\/common\/grey-pixel.gif\" class=\"a-lazy-loaded\" data-src=\"https:\/\/m.media-amazon.com\/images\/S\/aplus-media-library-service-media\/5a2a4693-9aee-41e8-b044-a6a836c451f7.__CR0,0,1940,600_PT0_SX970_V1___.jpg\"><img decoding=\"async\" alt=\"Unite as One\" src=\"https:\/\/m.media-amazon.com\/images\/S\/aplus-media-library-service-media\/5a2a4693-9aee-41e8-b044-a6a836c451f7.__CR0,0,1940,600_PT0_SX970_V1___.jpg\">  <\/p>\n<p>                                                      <img decoding=\"async\" alt=\"MAG 325CQF\" src=\"https:\/\/images-na.ssl-images-amazon.com\/images\/G\/01\/x-locale\/common\/grey-pixel.gif\" class=\"a-spacing-mini a-lazy-loaded\" data-src=\"https:\/\/m.media-amazon.com\/images\/S\/aplus-media-library-service-media\/afa6090c-f697-4114-9e28-e7548f92eb36.__CR0,0,600,800_PT0_SX300_V1___.jpg\"><img decoding=\"async\" alt=\"MAG 325CQF\" src=\"https:\/\/m.media-amazon.com\/images\/S\/aplus-media-library-service-media\/afa6090c-f697-4114-9e28-e7548f92eb36.__CR0,0,600,800_PT0_SX300_V1___.jpg\">  <\/p>\n<p>                                                              <img decoding=\"async\" alt=\"MSI: For Gamers &amp;amp; Creators\" src=\"https:\/\/images-na.ssl-images-amazon.com\/images\/G\/01\/x-locale\/common\/grey-pixel.gif\" class=\"a-spacing-mini a-lazy-loaded\" data-src=\"https:\/\/m.media-amazon.com\/images\/S\/aplus-media-library-service-media\/6faa1f28-7fa5-4dca-9dc5-f88c204cd82b.__CR0,0,350,175_PT0_SX350_V1___.png\"><img decoding=\"async\" alt=\"MSI: For Gamers &amp;amp; Creators\" src=\"https:\/\/m.media-amazon.com\/images\/S\/aplus-media-library-service-media\/6faa1f28-7fa5-4dca-9dc5-f88c204cd82b.__CR0,0,350,175_PT0_SX350_V1___.png\">                                          MSI: For Gamers &amp; Creators                                 <\/p>\n<p class=\"a-spacing-small a-size-small a-color-secondary\"> MSI is one of the most trusted names in gaming and esports with countless hours and significant resources invested into premier esports leagues and tier-1 gaming teams. By supporting and working with the best of the best, MSI is able to integrate competitive gaming knowledge and aspirations with technological innovation to create new products that shatter today&#8217;s performance limits. <\/p>\n<h3 class=\"a-spacing-mini\"> MAG 325CQF <\/h3>\n<p>                                          Unite as One                                     <\/p>\n<p class=\"a-spacing-base\"> Equipado con un panel Rapid VA curvo de 32&#8243; WQHD, con curvatura 1000R, tasa de refresco de 180Hz y tiempo de respuesta de 0.5ms, el monitor gaming curvo MAG 325CQF ofrece una ventaja rente a la mayor\u00eda de tus oponentes. El monitor incorpora tecnolog\u00eda Adaptive Sync, que sincroniza la tasa de refresco de la pantalla con la GPU para una experiencia gaming ultra fluida, adem\u00e1s de un soporte ajustable en inclinaci\u00f3n. <\/p>\n<p>                                                          Panel VA r\u00e1pido WQHD (2560 x 1440) de 32&#8243;       Tasa de refresco ultraalta de 180 Hz, tiempo de respuesta ultrabajo de 0,5 ms (GtG, m\u00edn.)       1070 millones de colores (8 bits + FRC) con una gama incre\u00edble (sRGB 124 %)       Tecnolog\u00eda Less Blue Light y Anti-Flicker       Soporte con inclinaci\u00f3n ajustable       Visi\u00f3n AI y sincronizaci\u00f3n del perfil HDMI CEC       Pantalla con curvatura inmersiva de 1000R       Puertos de pantalla HDMI 2.0b (WQHD a 144 Hz) y DP 1.4a      <\/p>\n<p class=\"apm-text-center\">\n                                                      <img decoding=\"async\" alt=\"Curvatura Envolvente 1000R\" src=\"https:\/\/images-na.ssl-images-amazon.com\/images\/G\/01\/x-locale\/common\/grey-pixel.gif\" class=\"a-lazy-loaded\" data-src=\"https:\/\/m.media-amazon.com\/images\/S\/aplus-media-library-service-media\/9a321e46-a0f5-4669-b922-af5f6127444f.__CR0,0,2000,2000_PT0_SX220_V1___.jpg\"><img decoding=\"async\" alt=\"Curvatura Envolvente 1000R\" src=\"https:\/\/m.media-amazon.com\/images\/S\/aplus-media-library-service-media\/9a321e46-a0f5-4669-b922-af5f6127444f.__CR0,0,2000,2000_PT0_SX220_V1___.jpg\">  <\/p>\n<p>                                                    Curvatura Envolvente 1000R                                     <\/p>\n<p class=\"a-size-small\">\n<p>Dise\u00f1ado para una experiencia gaming inmersiva, el monitor cuenta con una curvatura 1000R, que ofrece una experiencia m\u00e1s envolvente a una distancia de visualizaci\u00f3n est\u00e1ndar.<\/p>\n<p class=\"apm-text-center\">\n                                                      <img decoding=\"async\" alt=\"Tasa de Refresco de 180Hz y Tiempo de Respuesta de 0.5ms\" src=\"https:\/\/images-na.ssl-images-amazon.com\/images\/G\/01\/x-locale\/common\/grey-pixel.gif\" class=\"a-lazy-loaded\" data-src=\"https:\/\/m.media-amazon.com\/images\/S\/aplus-media-library-service-media\/eee223b3-d317-488a-9459-961c0e71dad3.__CR0,0,2000,2000_PT0_SX220_V1___.jpg\"><img decoding=\"async\" alt=\"Tasa de Refresco de 180Hz y Tiempo de Respuesta de 0.5ms\" src=\"https:\/\/m.media-amazon.com\/images\/S\/aplus-media-library-service-media\/eee223b3-d317-488a-9459-961c0e71dad3.__CR0,0,2000,2000_PT0_SX220_V1___.jpg\">  <\/p>\n<p>                                                    Tasa de Refresco de 180Hz y Tiempo de Respuesta de 0.5ms                                     <\/p>\n<p class=\"a-size-small\">\n<p>Disfruta de un movimiento m\u00e1s fluido gracias a una alta tasa de refresco de 180Hz y un tiempo de respuesta incre\u00edblemente bajo de 0.5 ms, esencial para juegos de ritmo r\u00e1pido.<\/p>\n<p class=\"apm-text-center\">\n                                                      <img decoding=\"async\" alt=\"Less Blue Light\" src=\"https:\/\/images-na.ssl-images-amazon.com\/images\/G\/01\/x-locale\/common\/grey-pixel.gif\" class=\"a-lazy-loaded\" data-src=\"https:\/\/m.media-amazon.com\/images\/S\/aplus-media-library-service-media\/6f3a4334-3076-4610-9073-71cdc22feb28.__CR0,0,2000,2000_PT0_SX220_V1___.jpg\"><img decoding=\"async\" alt=\"Less Blue Light\" src=\"https:\/\/m.media-amazon.com\/images\/S\/aplus-media-library-service-media\/6f3a4334-3076-4610-9073-71cdc22feb28.__CR0,0,2000,2000_PT0_SX220_V1___.jpg\">  <\/p>\n<p>                                                    Less Blue Light                                     <\/p>\n<p class=\"a-size-small\">\n<p>Los monitores MSI est\u00e1n optimizados con la tecnolog\u00eda Less Blue Light para ofrecer una experiencia visual superior.*<\/p>\n<p>*Certificado T\u00dcV Rheinland Low Blue Light (Soluci\u00f3n por software): Q 50645837, 04-09-2024<\/p>\n<p class=\"apm-text-center\">\n                                                      <img decoding=\"async\" alt=\"HDR Ready\" src=\"https:\/\/images-na.ssl-images-amazon.com\/images\/G\/01\/x-locale\/common\/grey-pixel.gif\" class=\"a-lazy-loaded\" data-src=\"https:\/\/m.media-amazon.com\/images\/S\/aplus-media-library-service-media\/d877c269-45e6-4fc1-abaa-041758a538ea.__CR0,0,2000,2000_PT0_SX220_V1___.jpg\"><img decoding=\"async\" alt=\"HDR Ready\" src=\"https:\/\/m.media-amazon.com\/images\/S\/aplus-media-library-service-media\/d877c269-45e6-4fc1-abaa-041758a538ea.__CR0,0,2000,2000_PT0_SX220_V1___.jpg\">  <\/p>\n<p>                                                    HDR Ready                                     <\/p>\n<p class=\"a-size-small\">\n<p>Los monitores HDR Ready ofrecen un nivel de detalle superior en las zonas oscuras, con un contraste din\u00e1mico realista que imita la percepci\u00f3n del ojo humano en el mundo real.<\/p>\n<p class=\"apm-text-center\">\n                                                      <img decoding=\"async\" alt=\"Anti-Flicker\" src=\"https:\/\/images-na.ssl-images-amazon.com\/images\/G\/01\/x-locale\/common\/grey-pixel.gif\" class=\"a-lazy-loaded\" data-src=\"https:\/\/m.media-amazon.com\/images\/S\/aplus-media-library-service-media\/40c4a3a4-f133-482b-934a-709d09d98f33.__CR0,0,2000,2000_PT0_SX220_V1___.jpg\"><img decoding=\"async\" alt=\"Anti-Flicker\" src=\"https:\/\/m.media-amazon.com\/images\/S\/aplus-media-library-service-media\/40c4a3a4-f133-482b-934a-709d09d98f33.__CR0,0,2000,2000_PT0_SX220_V1___.jpg\">  <\/p>\n<p>                                                    Anti-Flicker                                     <\/p>\n<p class=\"a-size-small\">\n<p>La tecnolog\u00eda Anti-Flicker ofrece una experiencia visual superior al reducir el parpadeo.<\/p>\n<p>*Certificado T\u00dcV Rheinland Flicker Free: Q 50645837, 04-09-2024 **Aunque imperceptible a simple vista, este parpadeo puede causar fatiga con el tiempo.<\/p>\n<p class=\"apm-text-center\">\n                                                      <img decoding=\"async\" alt=\"AI Vision &amp;amp; HDMI CEC Profile Sync\" src=\"https:\/\/images-na.ssl-images-amazon.com\/images\/G\/01\/x-locale\/common\/grey-pixel.gif\" class=\"a-lazy-loaded\" data-src=\"https:\/\/m.media-amazon.com\/images\/S\/aplus-media-library-service-media\/c9f2cfc4-ed6c-4f26-98eb-0c6bdd3193db.__CR0,0,2000,2000_PT0_SX220_V1___.jpg\"><img decoding=\"async\" alt=\"AI Vision &amp;amp; HDMI CEC Profile Sync\" src=\"https:\/\/m.media-amazon.com\/images\/S\/aplus-media-library-service-media\/c9f2cfc4-ed6c-4f26-98eb-0c6bdd3193db.__CR0,0,2000,2000_PT0_SX220_V1___.jpg\">  <\/p>\n<p>                                                    AI Vision &amp; HDMI CEC Profile Sync                                     <\/p>\n<p class=\"a-size-small\">\n<p> MSI AI Vision: Enriquece los detalles en las zonas oscuras y optimiza el brillo y los colores. HDMI CEC Profile Sync: Compatible con m\u00faltiples dispositivos y puede detectar autom\u00e1ticamente la configuraci\u00f3n de cada dispositivo.      <\/p>\n<p class=\"apm-text-center\">\n                                                      <img decoding=\"async\" alt=\"Soporte Ajustable en Inclinaci\u00f3n\" src=\"https:\/\/images-na.ssl-images-amazon.com\/images\/G\/01\/x-locale\/common\/grey-pixel.gif\" class=\"a-lazy-loaded\" data-src=\"https:\/\/m.media-amazon.com\/images\/S\/aplus-media-library-service-media\/5e0483a7-0cb8-48d5-92b2-207ad618c51d.__CR0,0,2000,2000_PT0_SX220_V1___.jpg\"><img decoding=\"async\" alt=\"Soporte Ajustable en Inclinaci\u00f3n\" src=\"https:\/\/m.media-amazon.com\/images\/S\/aplus-media-library-service-media\/5e0483a7-0cb8-48d5-92b2-207ad618c51d.__CR0,0,2000,2000_PT0_SX220_V1___.jpg\">  <\/p>\n<p>                                                    Soporte Ajustable en Inclinaci\u00f3n                                     <\/p>\n<p class=\"a-size-small\">\n<p>El monitor incluye un soporte ajustable y es compatible con montaje VESA est\u00e1ndar de 100mm.<\/p>\n<p class=\"apm-text-center\">\n                                                      <img decoding=\"async\" alt=\"Conectividad Premium\" src=\"https:\/\/images-na.ssl-images-amazon.com\/images\/G\/01\/x-locale\/common\/grey-pixel.gif\" class=\"a-lazy-loaded\" data-src=\"https:\/\/m.media-amazon.com\/images\/S\/aplus-media-library-service-media\/bc047a05-ac6e-4abe-8f8d-0162d1bec5a4.__CR0,0,2000,2000_PT0_SX220_V1___.jpg\"><img decoding=\"async\" alt=\"Conectividad Premium\" src=\"https:\/\/m.media-amazon.com\/images\/S\/aplus-media-library-service-media\/bc047a05-ac6e-4abe-8f8d-0162d1bec5a4.__CR0,0,2000,2000_PT0_SX220_V1___.jpg\">  <\/p>\n<p>                                                    Conectividad Premium                                     <\/p>\n<p class=\"a-size-small\">\n<p> DisplayPort 1.4a: 2560 x 1440 (hasta 180 Hz) 2 x HDMI 2.0b: Compatible con 2560 x 1440 @ 144 Hz seg\u00fan especificaciones de HDMI 2.0b      <\/p>\n<p> Language                                            \u200f                                            :                                            \u200e                                            Spanish   <br \/> Product Dimensions                                            \u200f                                            :                                            \u200e                                            26.97 x 70.46 x 50.28 cm; 6.4 kg   <br \/> Manufacturer                                            \u200f                                            :                                            \u200e                                            MSI   <br \/> ASIN                                            \u200f                                            :                                            \u200e                                            B0DW95XBJS   <br \/> Item model number                                            \u200f                                            :                                            \u200e                                            9S6-3DC11H-075   <br \/> Guaranteed software updates until                                            \u200f                                            :                                            \u200e                                            unknown   <br \/>  Customer reviews:                                                                                            4.4               4.4 out of 5 stars                                  (22)                                              var dpAcrHasRegisteredArcLinkClickAction;                    P.when(&#8216;A&#8217;, &#8216;ready&#8217;).execute(function(A) {                        if (dpAcrHasRegisteredArcLinkClickAction !== true) {                            dpAcrHasRegisteredArcLinkClickAction = true;                            A.declarative(                                &#8216;acrLink-click-metrics&#8217;, &#8216;click&#8217;,                                { \u00aballowLinkDefault\u00bb: true },                                function (event) {                                    if (window.ue) {                                        ue.count(\u00abacrLinkClickCount\u00bb, (ue.count(\u00abacrLinkClickCount\u00bb) || 0) + 1);                                    }                                }                            );                        }                    });                                             P.when(&#8216;A&#8217;, &#8216;cf&#8217;).execute(function(A) {                A.declarative(&#8216;acrStarsLink-click-metrics&#8217;, &#8216;click&#8217;, { \u00aballowLinkDefault\u00bb : true },  function(event){                    if(window.ue) {                        ue.count(\u00abacrStarsLinkWithPopoverClickCount\u00bb, (ue.count(\u00abacrStarsLinkWithPopoverClickCount\u00bb) || 0) + 1);                    }                });            });                          <\/p>\n<p>IMMERSIVE AND FRAMELESS GAMING &#8211; MSI curved monitors deliver a more immersive gaming experience with a 1000R curvature (1000mm radius) and a \u00abframeless\u00bb design, which reduces bezel lines between displays<br \/>32&#8243; WQHD, 180 Hz RAPID BOOST &#8211; A 2560 x 1440 Rapid VA panel (16:9 aspect ratio) with a high refresh rate of 180Hz (Adaptive Sync) for smooth tracking of targets and movements; a low response time of 0.5ms (GtG, m<br \/>Wide color gamut: MAG 325CQF supports up to 1.07 billion colors with 124% sRGB to deliver more immersive images and detail; has less blue light and employs anti-flicker technology to reduce eye strain<br \/>DYNAMIC CONTRAST AND AI VISION &#8211; Rapid VA panel comes with excellent native 3500:1 contrast, and supports dynamic contrast (100M:1); MSI AI Vision enriches details in dark areas and optimizes brightness and colors<br \/>HDMI CEC CONNECTIVITY &#8211; Interface options for PC and laptop consoles include DisplayPort 1.4a (WQHD \/ 180Hz max. ), HDMI 2.0b CEC ports (WQHD \/ 144Hz max) and USB Type-C with Power Delivery (15W); the back of the monitor incorporates a<\/p>\n\n","protected":false},"excerpt":{"rendered":"<p> From the manufacturer MSI: For Gamers &amp; Creators MSI is one of the most trusted<\/p>","protected":false},"featured_media":34317,"comment_status":"open","ping_status":"closed","template":"","meta":[],"product_brand":[],"product_cat":[54],"product_tag":[2336,1436,2917,1791,7018,9784,247,9785,1789,9786,3525,754,1787,1788,1792,1784,1786,1783,1790,617,6067,544,429,3937,844,1262,1033,878,200,381,1785,133,2099],"class_list":{"0":"post-34316","1":"product","2":"type-product","3":"status-publish","4":"has-post-thumbnail","6":"product_cat-curved-monitors","7":"product_tag-0-5ms","8":"product_tag-1-4a","9":"product_tag-1000r","10":"product_tag-144hz-curved-monitor","11":"product_tag-2-0b","12":"product_tag-325cqf","13":"product_tag-adaptive","14":"product_tag-alt","15":"product_tag-best-curved-monitor","16":"product_tag-c15w","17":"product_tag-cec","18":"product_tag-curved","19":"product_tag-curved-27-inch-monitor","20":"product_tag-curved-32-inch-monitor","21":"product_tag-curved-computer-monitor","22":"product_tag-curved-gaming-monitor","23":"product_tag-curved-led-monitor","24":"product_tag-curved-monitor","25":"product_tag-curved-monitor-price","26":"product_tag-gaming","27":"product_tag-gtg","28":"product_tag-hdmi","29":"product_tag-mag","30":"product_tag-min","31":"product_tag-monitor","32":"product_tag-msi","33":"product_tag-panel","34":"product_tag-rapid","35":"product_tag-sync","36":"product_tag-typec","37":"product_tag-ultrawide-curved-monitor","38":"product_tag-usb","39":"product_tag-wqhd","41":"first","42":"instock","43":"shipping-taxable","44":"product-type-external"},"_links":{"self":[{"href":"https:\/\/comprasyconsejos.store\/en\/wp-json\/wp\/v2\/product\/34316","targetHints":{"allow":["GET"]}}],"collection":[{"href":"https:\/\/comprasyconsejos.store\/en\/wp-json\/wp\/v2\/product"}],"about":[{"href":"https:\/\/comprasyconsejos.store\/en\/wp-json\/wp\/v2\/types\/product"}],"replies":[{"embeddable":true,"href":"https:\/\/comprasyconsejos.store\/en\/wp-json\/wp\/v2\/comments?post=34316"}],"version-history":[{"count":0,"href":"https:\/\/comprasyconsejos.store\/en\/wp-json\/wp\/v2\/product\/34316\/revisions"}],"wp:featuredmedia":[{"embeddable":true,"href":"https:\/\/comprasyconsejos.store\/en\/wp-json\/wp\/v2\/media\/34317"}],"wp:attachment":[{"href":"https:\/\/comprasyconsejos.store\/en\/wp-json\/wp\/v2\/media?parent=34316"}],"wp:term":[{"taxonomy":"product_brand","embeddable":true,"href":"https:\/\/comprasyconsejos.store\/en\/wp-json\/wp\/v2\/product_brand?post=34316"},{"taxonomy":"product_cat","embeddable":true,"href":"https:\/\/comprasyconsejos.store\/en\/wp-json\/wp\/v2\/product_cat?post=34316"},{"taxonomy":"product_tag","embeddable":true,"href":"https:\/\/comprasyconsejos.store\/en\/wp-json\/wp\/v2\/product_tag?post=34316"}],"curies":[{"name":"wp","href":"https:\/\/api.w.org\/{rel}","templated":true}]}}