{"id":34324,"date":"2026-02-25T04:45:58","date_gmt":"2026-02-25T04:45:58","guid":{"rendered":"https:\/\/comprasyconsejos.store\/product\/japannext-gaming-monitor-27-dual-mode-160hz-4k-3840x2160-320hz-fhd-1920x1080-0-5ms-hdr-adjustable-tilt-integrated-speakers-100-srgb-g-sync-freesync-jn-ips27g1632uf\/"},"modified":"2026-02-25T04:46:06","modified_gmt":"2026-02-25T04:46:06","slug":"japannext-gaming-monitor-27-dual-mode-160hz-4k-3840x2160-320hz-fhd-1920x1080-0-5ms-hdr-adjustable-tilt-integrated-speakers-100-srgb-g-sync-freesync-jn-ips27g1632uf","status":"publish","type":"product","link":"https:\/\/comprasyconsejos.store\/en\/product\/japannext-gaming-monitor-27-dual-mode-160hz-4k-3840x2160-320hz-fhd-1920x1080-0-5ms-hdr-adjustable-tilt-integrated-speakers-100-srgb-g-sync-freesync-jn-ips27g1632uf\/","title":{"rendered":"JapanNext Gaming Monitor 27&#8243; Dual Mode 160Hz\/4K (3840&#215;2160) &#038; 320Hz\/FHD (1920&#215;1080) 0.5ms | HDR | Adjustable Tilt Integrated Speakers | 100% sRGB G-Sync\/FreeSync | JN-IPS27G1632UF"},"content":{"rendered":"<p>Price: <span style=\"color:#b12704\">\u20ac399.99<\/span><br \/><i><small>(as of Feb 25, 2026 04:45:58 UTC &#8211; <span class=\"wp_automatic_amazon_disclaimer\" title=\"Product prices and availability are accurate as of the date\/time indicated and are subject to change. Any price and availability information displayed on [relevant Amazon Site(s), as applicable] at the time of purchase will apply to the purchase of this product.\">Details<\/span>)<\/small><\/i><\/p>\n<p><a href=\"https:\/\/amazon.es\/dp\/B0FCS5LQJC?tag=man008-21\"><img decoding=\"async\" src=\"https:\/\/valvepress.s3.amazonaws.com\/imgs\/buy_now.png\"><\/a><br \/>\n<\/p>\n<p>                                             Product Description   <\/p>\n<p>                                                         <img decoding=\"async\" alt=\"Japannext\" src=\"https:\/\/images-na.ssl-images-amazon.com\/images\/G\/01\/x-locale\/common\/grey-pixel.gif\" class=\"a-lazy-loaded\" data-src=\"https:\/\/m.media-amazon.com\/images\/S\/aplus-media-library-service-media\/a5b4f558-71a9-402c-a930-7502ab1886f0.__CR0,0,1800,540_PT0_SX600_V1___.png\"><img decoding=\"async\" alt=\"Japannext\" src=\"https:\/\/m.media-amazon.com\/images\/S\/aplus-media-library-service-media\/a5b4f558-71a9-402c-a930-7502ab1886f0.__CR0,0,1800,540_PT0_SX600_V1___.png\">      <\/p>\n<p>                                                  <img decoding=\"async\" alt=\"aplus content image\" src=\"https:\/\/images-na.ssl-images-amazon.com\/images\/G\/01\/x-locale\/common\/grey-pixel.gif\" class=\"a-lazy-loaded\" data-src=\"https:\/\/m.media-amazon.com\/images\/S\/aplus-media-library-service-media\/724eb37a-8349-4864-9746-609dacc77042.__CR0,0,970,300_PT0_SX970_V1___.png\"><img decoding=\"async\" alt=\"aplus content image\" src=\"https:\/\/m.media-amazon.com\/images\/S\/aplus-media-library-service-media\/724eb37a-8349-4864-9746-609dacc77042.__CR0,0,970,300_PT0_SX970_V1___.png\">  <\/p>\n<h3> Descubra nuestro monitor Dual Mode <\/h3>\n<p> \u00bfQuieres un monitor gaming ultravers\u00e1til, que combine rendimiento y adaptabilidad? La JN-IPS27G1632UF se adapta a tus necesidades: \u00a14K para la precisi\u00f3n y 320 Hz para la velocidad! <\/p>\n<p>                                                      <img decoding=\"async\" alt=\"aplus content image\" src=\"https:\/\/images-na.ssl-images-amazon.com\/images\/G\/01\/x-locale\/common\/grey-pixel.gif\" class=\"a-spacing-mini a-lazy-loaded\" data-src=\"https:\/\/m.media-amazon.com\/images\/S\/aplus-media-library-service-media\/d6773455-6a93-4697-85c9-37aedd54d367.__CR0,0,660,660_PT0_SX300_V1___.png\"><img decoding=\"async\" alt=\"aplus content image\" src=\"https:\/\/m.media-amazon.com\/images\/S\/aplus-media-library-service-media\/d6773455-6a93-4697-85c9-37aedd54d367.__CR0,0,660,660_PT0_SX300_V1___.png\">  <\/p>\n<h3 class=\"a-spacing-mini\"> RENDIMIENTO y CALIDAD VISUAL <\/h3>\n<p>                                           \u00bfA qui\u00e9n va dirigido este monitor?                                     <\/p>\n<p class=\"a-spacing-base\"> Este monitor para gamers est\u00e1 dirigido a jugadores exigentes que quieren lo mejor de ambos mundos: la precisi\u00f3n de un 4K fluido a 120 Hz y la m\u00e1xima capacidad de respuesta de un modo 320 Hz en Full HD. <\/p>\n<p>                                           \u00bfPara qu\u00e9 uso?                                     <\/p>\n<p class=\"a-spacing-base\"> Dise\u00f1ado para el gaming, tambi\u00e9n es adecuado para proyectos creativos que requieren una pantalla colorida y de alto rendimiento. <\/p>\n<p>                                           \u00bfCu\u00e1l es su principal ventaja?                                     <\/p>\n<p class=\"a-spacing-base\"> Su principal ventaja: gracias al modo Dual, puedes elegir entre una resoluci\u00f3n 4K ultraprecisa a 120 Hz y una fluidez extrema a 320 Hz en Full HD. Un solo monitor, dos experiencias de juego, seg\u00fan tus preferencias. <\/p>\n<p>                                                                                       27,0&#8243; (68,58 cm)       Resoluci\u00f3n : 4K\/FHD       Panel : IPS       Refresco : 300Hz\/120Hz       Colores : 1,07B       sRGB : 100%       <\/p>\n<p class=\"apm-text-center\">\n                                                      <img decoding=\"async\" alt=\"aplus content image\" src=\"https:\/\/images-na.ssl-images-amazon.com\/images\/G\/01\/x-locale\/common\/grey-pixel.gif\" class=\"a-lazy-loaded\" data-src=\"https:\/\/m.media-amazon.com\/images\/S\/aplus-media-library-service-media\/f947ab7b-9e9e-4b7b-8d60-81abb0b1c7fd.__CR0,0,660,660_PT0_SX220_V1___.png\"><img decoding=\"async\" alt=\"aplus content image\" src=\"https:\/\/m.media-amazon.com\/images\/S\/aplus-media-library-service-media\/f947ab7b-9e9e-4b7b-8d60-81abb0b1c7fd.__CR0,0,660,660_PT0_SX220_V1___.png\">  <\/p>\n<p>                                                    Resoluci\u00f3n Full HD                                     <\/p>\n<p class=\"a-size-small\"> La resoluci\u00f3n WQHD (2560 x 1440 p\u00edxeles) ofrece una calidad de imagen n\u00edtida y detallada, ideal para juegos, v\u00eddeos y productividad, ya que equilibra el rendimiento y la claridad visual. <\/p>\n<p class=\"apm-text-center\">\n                                                      <img decoding=\"async\" alt=\"aplus content image\" src=\"https:\/\/images-na.ssl-images-amazon.com\/images\/G\/01\/x-locale\/common\/grey-pixel.gif\" class=\"a-lazy-loaded\" data-src=\"https:\/\/m.media-amazon.com\/images\/S\/aplus-media-library-service-media\/825d493b-4bfb-4378-8c3b-6de3a1883865.__CR0,0,660,660_PT0_SX220_V1___.png\"><img decoding=\"async\" alt=\"aplus content image\" src=\"https:\/\/m.media-amazon.com\/images\/S\/aplus-media-library-service-media\/825d493b-4bfb-4378-8c3b-6de3a1883865.__CR0,0,660,660_PT0_SX220_V1___.png\">  <\/p>\n<p>                                                    Fluidez \u00f3ptima                                     <\/p>\n<p class=\"a-size-small\"> Ideal para el gaming, una frecuencia de 300 Hz ofrece movimientos fluidos y transiciones m\u00e1s naturales. <\/p>\n<p class=\"apm-text-center\">\n                                                      <img decoding=\"async\" alt=\"aplus content image\" src=\"https:\/\/images-na.ssl-images-amazon.com\/images\/G\/01\/x-locale\/common\/grey-pixel.gif\" class=\"a-lazy-loaded\" data-src=\"https:\/\/m.media-amazon.com\/images\/S\/aplus-media-library-service-media\/0cf3118d-5674-4771-bbae-62473b542e64.__CR0,0,660,660_PT0_SX220_V1___.png\"><img decoding=\"async\" alt=\"aplus content image\" src=\"https:\/\/m.media-amazon.com\/images\/S\/aplus-media-library-service-media\/0cf3118d-5674-4771-bbae-62473b542e64.__CR0,0,660,660_PT0_SX220_V1___.png\">  <\/p>\n<p>                                                    Capacidad de respuesta sin concesiones                                     <\/p>\n<p class=\"a-size-small\"> Sum\u00e9rgete en una experiencia de juego ultra-reactiva donde cada movimiento se representa con una precisi\u00f3n incre\u00edble. <\/p>\n<p class=\"apm-text-center\">\n                                                      <img decoding=\"async\" alt=\"aplus content image\" src=\"https:\/\/images-na.ssl-images-amazon.com\/images\/G\/01\/x-locale\/common\/grey-pixel.gif\" class=\"a-lazy-loaded\" data-src=\"https:\/\/m.media-amazon.com\/images\/S\/aplus-media-library-service-media\/f3637307-6305-4308-b3fb-492ea9fd3e10.__CR0,0,220,220_PT0_SX220_V1___.png\"><img decoding=\"async\" alt=\"aplus content image\" src=\"https:\/\/m.media-amazon.com\/images\/S\/aplus-media-library-service-media\/f3637307-6305-4308-b3fb-492ea9fd3e10.__CR0,0,220,220_PT0_SX220_V1___.png\">  <\/p>\n<p>                                                    Colores impresionantes                                     <\/p>\n<p class=\"a-size-small\"> El panel es capaz de mostrar m\u00e1s de 1070 millones de colores y, con una cobertura del 100 % sRGB, es una soluci\u00f3n excepcional para quienes buscan una calidad de imagen superior. <\/p>\n<p class=\"apm-text-center\">\n                                                      <img decoding=\"async\" alt=\"aplus content image\" src=\"https:\/\/images-na.ssl-images-amazon.com\/images\/G\/01\/x-locale\/common\/grey-pixel.gif\" class=\"a-lazy-loaded\" data-src=\"https:\/\/m.media-amazon.com\/images\/S\/aplus-media-library-service-media\/5ff63997-0e51-4f1c-8910-df9cda9aed69.__CR0,0,220,220_PT0_SX220_V1___.png\"><img decoding=\"async\" alt=\"aplus content image\" src=\"https:\/\/m.media-amazon.com\/images\/S\/aplus-media-library-service-media\/5ff63997-0e51-4f1c-8910-df9cda9aed69.__CR0,0,220,220_PT0_SX220_V1___.png\">  <\/p>\n<p>                                                    FreeSync                                     <\/p>\n<p class=\"a-size-small\"> Disfruta de un juego fluido y sin rasgaduras gracias a la compatibilidad con AMD FreeSync, que elimina los rasgu\u00f1os y los tirones. <\/p>\n<p class=\"apm-text-center\">\n                                                      <img decoding=\"async\" alt=\"aplus content image\" src=\"https:\/\/images-na.ssl-images-amazon.com\/images\/G\/01\/x-locale\/common\/grey-pixel.gif\" class=\"a-lazy-loaded\" data-src=\"https:\/\/m.media-amazon.com\/images\/S\/aplus-media-library-service-media\/7f711869-d777-431a-a69b-95c4719dd814.__CR0,0,660,660_PT0_SX220_V1___.png\"><img decoding=\"async\" alt=\"aplus content image\" src=\"https:\/\/m.media-amazon.com\/images\/S\/aplus-media-library-service-media\/7f711869-d777-431a-a69b-95c4719dd814.__CR0,0,660,660_PT0_SX220_V1___.png\">  <\/p>\n<p>                                                    Ajustes ergon\u00f3micos                                     <\/p>\n<p class=\"a-size-small\"> Permite ajustar f\u00e1cilmente la inclinaci\u00f3n del monitor para una comodidad \u00f3ptima, independientemente de tu espacio de trabajo o de juego. <\/p>\n<p class=\"apm-text-center\">\n                                                      <img decoding=\"async\" alt=\"aplus content image\" src=\"https:\/\/images-na.ssl-images-amazon.com\/images\/G\/01\/x-locale\/common\/grey-pixel.gif\" class=\"a-lazy-loaded\" data-src=\"https:\/\/m.media-amazon.com\/images\/S\/aplus-media-library-service-media\/f0a79a50-21cd-4b6a-b3b7-53ebeac9d4e9.__CR0,0,220,220_PT0_SX220_V1___.png\"><img decoding=\"async\" alt=\"aplus content image\" src=\"https:\/\/m.media-amazon.com\/images\/S\/aplus-media-library-service-media\/f0a79a50-21cd-4b6a-b3b7-53ebeac9d4e9.__CR0,0,220,220_PT0_SX220_V1___.png\">  <\/p>\n<p>                                                    HDR                                     <\/p>\n<p class=\"a-size-small\"> La tecnolog\u00eda HDR ofrece contrastes m\u00e1s intensos, colores m\u00e1s vivos y una luminosidad deslumbrante. <\/p>\n<p class=\"apm-text-center\">\n                                                      <img decoding=\"async\" alt=\"aplus content image\" src=\"https:\/\/images-na.ssl-images-amazon.com\/images\/G\/01\/x-locale\/common\/grey-pixel.gif\" class=\"a-lazy-loaded\" data-src=\"https:\/\/m.media-amazon.com\/images\/S\/aplus-media-library-service-media\/5218ccc9-5c3c-44d4-9ab6-50f17b290b9f.__CR0,0,220,220_PT0_SX220_V1___.png\"><img decoding=\"async\" alt=\"aplus content image\" src=\"https:\/\/m.media-amazon.com\/images\/S\/aplus-media-library-service-media\/5218ccc9-5c3c-44d4-9ab6-50f17b290b9f.__CR0,0,220,220_PT0_SX220_V1___.png\">  <\/p>\n<p>                                                    Viene con                                     <\/p>\n<p class=\"a-size-small\">\n<p>Cable HDMICable de alimentaci\u00f3nGu\u00eda de inicio r\u00e1pidoSeparador     <\/p>\n<p>                                                      <img decoding=\"async\" alt=\"5K K5 5 K 5K2K 5120x2880 5120x2880p 5120 x 2880 Pixel WQHD QHD 16:9 16 9 UHD Monitor\" src=\"https:\/\/images-na.ssl-images-amazon.com\/images\/G\/01\/x-locale\/common\/grey-pixel.gif\" class=\"a-spacing-mini a-lazy-loaded\" data-src=\"https:\/\/m.media-amazon.com\/images\/S\/aplus-media-library-service-media\/9ec0e74f-ed68-494a-af50-27458816a57b.__CR0,0,900,1200_PT0_SX300_V1___.png\"><img decoding=\"async\" alt=\"5K K5 5 K 5K2K 5120x2880 5120x2880p 5120 x 2880 Pixel WQHD QHD 16:9 16 9 UHD Monitor\" src=\"https:\/\/m.media-amazon.com\/images\/S\/aplus-media-library-service-media\/9ec0e74f-ed68-494a-af50-27458816a57b.__CR0,0,900,1200_PT0_SX300_V1___.png\">  <\/p>\n<p>                                                              <img decoding=\"async\" alt=\"moniteur moniteurs pc-moniteur moniteur-pc \u00e9crans ecran dalle ips panel usb c usbc usb-c type-c\" src=\"https:\/\/images-na.ssl-images-amazon.com\/images\/G\/01\/x-locale\/common\/grey-pixel.gif\" class=\"a-spacing-mini a-lazy-loaded\" data-src=\"https:\/\/m.media-amazon.com\/images\/S\/aplus-media-library-service-media\/4bf8d819-2909-4b96-9915-2acdb8d1c37c.__CR0,0,1050,525_PT0_SX350_V1___.png\"><img decoding=\"async\" alt=\"moniteur moniteurs pc-moniteur moniteur-pc \u00e9crans ecran dalle ips panel usb c usbc usb-c type-c\" src=\"https:\/\/m.media-amazon.com\/images\/S\/aplus-media-library-service-media\/4bf8d819-2909-4b96-9915-2acdb8d1c37c.__CR0,0,1050,525_PT0_SX350_V1___.png\">                                                                 <\/p>\n<p class=\"a-spacing-small a-size-small a-color-secondary\"> Fundada en 2016 en Tokio por Samuel Becker, un franc\u00e9s enamorado de Jap\u00f3n, JAPANNEXT ha logrado imponerse en el mercado japon\u00e9s en solo unos pocos a\u00f1os. El nombre de la marca JAPANNEXT refleja nuestra fuerte voluntad de lanzar la pr\u00f3xima generaci\u00f3n de fabricantes japoneses. La empresa tiene su sede en Tokio, con oficinas en Akihabara. Nuestros centros de operaciones, desarrollo de productos y log\u00edstica est\u00e1n ubicados en Isumi. <\/p>\n<h3 class=\"a-spacing-mini\"> JAPANNEXT Europa <\/h3>\n<p>                                          Acerca de nosotros                                     <\/p>\n<p class=\"a-spacing-base\"> Seg\u00fan nosotros, la verdadera innovaci\u00f3n, la que realmente te resulta \u00fatil, se esconde en los detalles. No buscas un efecto Wow, nosotros tampoco. Nuestros productos est\u00e1n inspirados en tus usos y necesidades, para que te acompa\u00f1en en tu d\u00eda a d\u00eda. Y porque creemos que todos merecemos calidad, nuestros productos respetan nuestra l\u00f3gica de importe razonables. <\/p>\n<p>                                                          Env\u00edo expr\u00e9s SIN COSTO       Equipos basados en Francia      <\/p>\n<p> Product Dimensions                                            \u200f                                            :                                            \u200e                                            19.5 x 61.4 x 45.8 cm; 4.2 kg   <br \/> Manufacturer                                            \u200f                                            :                                            \u200e                                            JAPANNEXT   <br \/> ASIN                                            \u200f                                            :                                            \u200e                                            B0FCS5LQJC   <br \/> Item model number                                            \u200f                                            :                                            \u200e                                            JN-IPS27G1632UF   <br \/> Guaranteed software updates until                                            \u200f                                            :                                            \u200e                                            unknown   <br \/>  Customer reviews:                                                                                            4.4               4.4 out of 5 stars                                  (9)                                              var dpAcrHasRegisteredArcLinkClickAction;                    P.when(&#8216;A&#8217;, &#8216;ready&#8217;).execute(function(A) {                        if (dpAcrHasRegisteredArcLinkClickAction !== true) {                            dpAcrHasRegisteredArcLinkClickAction = true;                            A.declarative(                                &#8216;acrLink-click-metrics&#8217;, &#8216;click&#8217;,                                { \u00aballowLinkDefault\u00bb: true },                                function (event) {                                    if (window.ue) {                                        ue.count(\u00abacrLinkClickCount\u00bb, (ue.count(\u00abacrLinkClickCount\u00bb) || 0) + 1);                                    }                                }                            );                        }                    });                                             P.when(&#8216;A&#8217;, &#8216;cf&#8217;).execute(function(A) {                A.declarative(&#8216;acrStarsLink-click-metrics&#8217;, &#8216;click&#8217;, { \u00aballowLinkDefault\u00bb : true },  function(event){                    if(window.ue) {                        ue.count(\u00abacrStarsLinkWithPopoverClickCount\u00bb, (ue.count(\u00abacrStarsLinkWithPopoverClickCount\u00bb) || 0) + 1);                    }                });            });                          <\/p>\n<p>GAMING MONITOR 27&#8243; DUAL MODE: Discover the JAPANNEXT JN-IPS27G1632UF, a versatile gaming monitor that offers two modes: 4K UHD (3840&#215;2160) at 160Hz for ultra-detailed images, or Full HD (1920&#215;1080) at 320Hz for extreme fluidity, ideal for gaming tivo and e-sports.<br \/>VISUAL PERFORMANCE AND REACTIVITY: Its IPS panel ensures accurate colors with 100% sRGB coverage and an ultra-fast 0.5ms response time. G-Sync and FreeSync support eliminates image tears for smooth, stable viewing.<br \/>ENHANCED VISUAL EXPERIENCE: HDR support enhances contrast depth and richness of colors for immersive, lifelike gaming sessions, highlighting every detail onscreen.<br \/>Built-in ergonomic sound and adjustable tilt ensures optimal comfort during long hours of gaming. Built-in speakers deliver clear sound, eliminating the need for additional audio equipment.<br \/>QUALITY GUARANTEED: JAPANNEXT is committed to manufacturing very high quality monitors. Our products have 3 years warranty. The withdrawal period is 14 days, in accordance with the applicable legislation on distance selling. If you have any questions, please feel free to contact us at contact@japannext.com.<\/p>\n\n","protected":false},"excerpt":{"rendered":"<p> Product Description Descubra nuestro monitor Dual Mode \u00bfQuieres un monitor gaming ultravers\u00e1til, que combine rendimiento<\/p>","protected":false},"featured_media":34325,"comment_status":"open","ping_status":"closed","template":"","meta":[],"product_brand":[],"product_cat":[53],"product_tag":[2336,9787,704,1804,9788,3145,1801,1802,1805,1803,1799,1807,876,1806,298,617,7193,1813,2258,7192,9789,738,844,1808,1039,1313,1183,1800],"class_list":{"0":"post-34324","1":"product","2":"type-product","3":"status-publish","4":"has-post-thumbnail","6":"product_cat-4k-monitors","7":"product_tag-0-5ms","8":"product_tag-160hz4k","9":"product_tag-1920x1080","10":"product_tag-32-inch-4k-monitor","11":"product_tag-320hzfhd","12":"product_tag-3840x2160","13":"product_tag-3840x2160-monitor","14":"product_tag-4k-gaming-monitor","15":"product_tag-4k-hdr-monitor","16":"product_tag-4k-ips-monitor","17":"product_tag-4k-monitor","18":"product_tag-4k-monitor-price","19":"product_tag-adjustable","20":"product_tag-best-4k-monitor","21":"product_tag-dual","22":"product_tag-gaming","23":"product_tag-gsyncfreesync","24":"product_tag-hdr","25":"product_tag-integrated","26":"product_tag-japannext","27":"product_tag-jnips27g1632uf","28":"product_tag-mode","29":"product_tag-monitor","30":"product_tag-professional-4k-monitor","31":"product_tag-speakers","32":"product_tag-srgb","33":"product_tag-tilt","34":"product_tag-uhd-monitor","36":"first","37":"instock","38":"shipping-taxable","39":"product-type-external"},"_links":{"self":[{"href":"https:\/\/comprasyconsejos.store\/en\/wp-json\/wp\/v2\/product\/34324","targetHints":{"allow":["GET"]}}],"collection":[{"href":"https:\/\/comprasyconsejos.store\/en\/wp-json\/wp\/v2\/product"}],"about":[{"href":"https:\/\/comprasyconsejos.store\/en\/wp-json\/wp\/v2\/types\/product"}],"replies":[{"embeddable":true,"href":"https:\/\/comprasyconsejos.store\/en\/wp-json\/wp\/v2\/comments?post=34324"}],"version-history":[{"count":0,"href":"https:\/\/comprasyconsejos.store\/en\/wp-json\/wp\/v2\/product\/34324\/revisions"}],"wp:featuredmedia":[{"embeddable":true,"href":"https:\/\/comprasyconsejos.store\/en\/wp-json\/wp\/v2\/media\/34325"}],"wp:attachment":[{"href":"https:\/\/comprasyconsejos.store\/en\/wp-json\/wp\/v2\/media?parent=34324"}],"wp:term":[{"taxonomy":"product_brand","embeddable":true,"href":"https:\/\/comprasyconsejos.store\/en\/wp-json\/wp\/v2\/product_brand?post=34324"},{"taxonomy":"product_cat","embeddable":true,"href":"https:\/\/comprasyconsejos.store\/en\/wp-json\/wp\/v2\/product_cat?post=34324"},{"taxonomy":"product_tag","embeddable":true,"href":"https:\/\/comprasyconsejos.store\/en\/wp-json\/wp\/v2\/product_tag?post=34324"}],"curies":[{"name":"wp","href":"https:\/\/api.w.org\/{rel}","templated":true}]}}