{"id":34348,"date":"2026-02-25T05:47:50","date_gmt":"2026-02-25T05:47:50","guid":{"rendered":"https:\/\/comprasyconsejos.store\/product\/hermoso-paisaje-de-nieve-de-navidad-cubierta-magnetica-impermeable-para-lavavajillas-calcomania-magnetica-para-refrigerador-decoracion-de-gabinete-electrodomesticos-para-el-hogar-cocina\/"},"modified":"2026-02-25T05:47:55","modified_gmt":"2026-02-25T05:47:55","slug":"hermoso-paisaje-de-nieve-de-navidad-cubierta-magnetica-impermeable-para-lavavajillas-calcomania-magnetica-para-refrigerador-decoracion-de-gabinete-electrodomesticos-para-el-hogar-cocina","status":"publish","type":"product","link":"https:\/\/comprasyconsejos.store\/en\/product\/hermoso-paisaje-de-nieve-de-navidad-cubierta-magnetica-impermeable-para-lavavajillas-calcomania-magnetica-para-refrigerador-decoracion-de-gabinete-electrodomesticos-para-el-hogar-cocina\/","title":{"rendered":"Hermoso paisaje de nieve de Navidad, cubierta magn\u00e9tica impermeable para lavavajillas, calcoman\u00eda magn\u00e9tica para refrigerador, decoraci\u00f3n de gabinete, electrodom\u00e9sticos para el hogar, cocina,"},"content":{"rendered":"<p>Price: <span style=\"color:#b12704\">\u20ac30.95<\/span><br \/><i><small>(as of Feb 25, 2026 05:47:50 UTC &#8211; <span class=\"wp_automatic_amazon_disclaimer\" title=\"Product prices and availability are accurate as of the date\/time indicated and are subject to change. Any price and availability information displayed on [relevant Amazon Site(s), as applicable] at the time of purchase will apply to the purchase of this product.\">Details<\/span>)<\/small><\/i><\/p>\n<p><a href=\"https:\/\/amazon.es\/dp\/B0DJX7K12J?tag=man008-21\"><img decoding=\"async\" src=\"https:\/\/valvepress.s3.amazonaws.com\/imgs\/buy_now.png\"><\/a><br \/>\n<br \/>\n    <span>\u00bfQuieres hacer que tu viejo lavavajillas o refrigerador se vea nuevo? \u00bfO quieres deshacerte de los electrodom\u00e9sticos obsoletos o incompatibles y actualizar tu cocina sin gastar mucho dinero? <\/p>\n<p>No busques m\u00e1s. \u00a1Tu b\u00fasqueda termina aqu\u00ed! Nuestra funda decorativa para lavavajillas es el complemento perfecto para tu actualizaci\u00f3n de cocina. <\/p>\n<p>Material: superficie de PVC + compuesto magn\u00e9tico. <\/p>\n<p>Tama\u00f1o: 58,42 x 66,24 cm, grosor de 0,5 mm. <\/p>\n<p>Caracter\u00edsticas: <\/p>\n<p>Tiene una excelente atracci\u00f3n magn\u00e9tica. <\/p>\n<p>Resistente al calor, al agua, a los ara\u00f1azos y al desgarro. <\/p>\n<p>Recorta a medida y pega: esta cubierta magn\u00e9tica para lavadora es f\u00e1cil de cortar sin mucho trabajo de preparaci\u00f3n. <\/p>\n<p>Reutilizables: nuestras calcoman\u00edas decorativas para lavavajillas son reutilizables y puedes cambiar el patr\u00f3n que te guste en cualquier momento. <\/p>\n<p>Ocasi\u00f3n: <\/p>\n<p>Adecuado para decoraci\u00f3n del hogar, se puede utilizar para lavavajillas, armarios de cocina, encimeras, estantes, paredes, despensas, encimeras de lavavajillas, cubiertas de horno, refrigeradores, electrodom\u00e9sticos, etc. <\/p>\n<p>Ten en cuenta: <\/p>\n<p>Aseg\u00farate de que tu lavavajillas sea magn\u00e9tico antes de pedir la funda para lavavajillas.<\/span>    <br \/> Product Dimensions                                            \u200f                                            :                                            \u200e                                            0.05 x 58.42 x 66.24 cm   <br \/> Date First Available                                            \u200f                                            :                                            \u200e                                            12 Oct. 2024   <br \/> Manufacturer                                            \u200f                                            :                                            \u200e                                            JUMBEAR   <br \/> ASIN                                            \u200f                                            :                                            \u200e                                            B0DJX7K12J   <br \/> Manufacturer reference                                            \u200f                                            :                                            \u200e                                            g388799600p755c799s1751   <\/p>\n\n","protected":false},"excerpt":{"rendered":"<p> \u00bfQuieres hacer que tu viejo lavavajillas o refrigerador se vea nuevo? \u00bfO quieres deshacerte de<\/p>","protected":false},"featured_media":34349,"comment_status":"open","ping_status":"closed","template":"","meta":[],"product_brand":[],"product_cat":[82],"product_tag":[1838,5543,6378,5540,5545,5547,5546,9790,5549,1839,1830,1833,5542,1831,5539,5541,1836,5538,8494,9791,3954,5544,1835,1832,1837,1834],"class_list":{"0":"post-34348","1":"product","2":"type-product","3":"status-publish","4":"has-post-thumbnail","6":"product_cat-home-appliance","7":"product_tag-air-conditioners","8":"product_tag-calcomania","9":"product_tag-cocina","10":"product_tag-cubierta","11":"product_tag-decoracion","12":"product_tag-electrodomesticos","13":"product_tag-gabinete","14":"product_tag-hermoso","15":"product_tag-hogar","16":"product_tag-home-appliance-deals","17":"product_tag-home-appliances","18":"product_tag-home-electronics","19":"product_tag-impermeable","20":"product_tag-kitchen-appliances","21":"product_tag-lavavajillas","22":"product_tag-magnetica","23":"product_tag-microwave-ovens","24":"product_tag-navidad","25":"product_tag-nieve","26":"product_tag-paisaje","27":"product_tag-para","28":"product_tag-refrigerador","29":"product_tag-refrigerators","30":"product_tag-small-home-appliances","31":"product_tag-vacuum-cleaners","32":"product_tag-washing-machines","34":"first","35":"instock","36":"shipping-taxable","37":"product-type-external"},"_links":{"self":[{"href":"https:\/\/comprasyconsejos.store\/en\/wp-json\/wp\/v2\/product\/34348","targetHints":{"allow":["GET"]}}],"collection":[{"href":"https:\/\/comprasyconsejos.store\/en\/wp-json\/wp\/v2\/product"}],"about":[{"href":"https:\/\/comprasyconsejos.store\/en\/wp-json\/wp\/v2\/types\/product"}],"replies":[{"embeddable":true,"href":"https:\/\/comprasyconsejos.store\/en\/wp-json\/wp\/v2\/comments?post=34348"}],"version-history":[{"count":0,"href":"https:\/\/comprasyconsejos.store\/en\/wp-json\/wp\/v2\/product\/34348\/revisions"}],"wp:featuredmedia":[{"embeddable":true,"href":"https:\/\/comprasyconsejos.store\/en\/wp-json\/wp\/v2\/media\/34349"}],"wp:attachment":[{"href":"https:\/\/comprasyconsejos.store\/en\/wp-json\/wp\/v2\/media?parent=34348"}],"wp:term":[{"taxonomy":"product_brand","embeddable":true,"href":"https:\/\/comprasyconsejos.store\/en\/wp-json\/wp\/v2\/product_brand?post=34348"},{"taxonomy":"product_cat","embeddable":true,"href":"https:\/\/comprasyconsejos.store\/en\/wp-json\/wp\/v2\/product_cat?post=34348"},{"taxonomy":"product_tag","embeddable":true,"href":"https:\/\/comprasyconsejos.store\/en\/wp-json\/wp\/v2\/product_tag?post=34348"}],"curies":[{"name":"wp","href":"https:\/\/api.w.org\/{rel}","templated":true}]}}