{"id":34383,"date":"2026-02-25T07:55:40","date_gmt":"2026-02-25T07:55:40","guid":{"rendered":"https:\/\/comprasyconsejos.store\/product\/lexar-es3-external-ssd-2tb-portable-ssd-usb3-2-gen2-pssd-up-to-1050mb-s-reading-1000mb-s-write-external-solid-state-drive-compatible-with-iphone15-series-mac-ps5-xboxles3xxx002t-rnsng\/"},"modified":"2026-02-25T07:55:42","modified_gmt":"2026-02-25T07:55:42","slug":"lexar-es3-external-ssd-2tb-portable-ssd-usb3-2-gen2-pssd-up-to-1050mb-s-reading-1000mb-s-write-external-solid-state-drive-compatible-with-iphone15-series-mac-ps5-xboxles3xxx002t-rnsng","status":"publish","type":"product","link":"https:\/\/comprasyconsejos.store\/en\/product\/lexar-es3-external-ssd-2tb-portable-ssd-usb3-2-gen2-pssd-up-to-1050mb-s-reading-1000mb-s-write-external-solid-state-drive-compatible-with-iphone15-series-mac-ps5-xboxles3xxx002t-rnsng\/","title":{"rendered":"Lexar ES3 External SSD 2TB, Portable SSD USB3.2 Gen2, PSSD up to 1050MB\/s Reading, 1000MB\/s Write, External Solid State Drive Compatible with iPhone15 Series\/Mac\/PS5\/XBOX(LES3XXX002T-RNSNG)"},"content":{"rendered":"<p>Price: <span style=\"color:#b12704\">\u20ac189.99<\/span><br \/><i><small>(as of Feb 25, 2026 07:55:41 UTC &#8211; <span class=\"wp_automatic_amazon_disclaimer\" title=\"Product prices and availability are accurate as of the date\/time indicated and are subject to change. Any price and availability information displayed on [relevant Amazon Site(s), as applicable] at the time of purchase will apply to the purchase of this product.\">Details<\/span>)<\/small><\/i><\/p>\n<p><a href=\"https:\/\/amazon.es\/dp\/B0DFY6W8KT?tag=man008-21\"><img decoding=\"async\" src=\"https:\/\/valvepress.s3.amazonaws.com\/imgs\/buy_now.png\"><\/a><br \/>\n<\/p>\n<p>                                             Product Description   <\/p>\n<p>                                                                                                       <img decoding=\"async\" alt=\"de la marca Lexar, con texto en espa\u00f1ol que promueve altas velocidades para una productividad superior\" src=\"https:\/\/images-na.ssl-images-amazon.com\/images\/G\/01\/x-locale\/common\/grey-pixel.gif\" class=\"a-lazy-loaded\" data-src=\"https:\/\/m.media-amazon.com\/images\/S\/aplus-media-library-service-media\/20bbc7e3-38be-4f0d-adbf-86924b65d002.__CR0,0,1464,600_PT0_SX1464_V1___.jpg\"><img decoding=\"async\" alt=\"de la marca Lexar, con texto en espa\u00f1ol que promueve altas velocidades para una productividad superior\" src=\"https:\/\/m.media-amazon.com\/images\/S\/aplus-media-library-service-media\/20bbc7e3-38be-4f0d-adbf-86924b65d002.__CR0,0,1464,600_PT0_SX1464_V1___.jpg\">                                               <\/p>\n<p>                                                                                                       <img decoding=\"async\" alt=\"sobre superficie azul. Caracter\u00edsticas del producto enumeradas: velocidad de lectura de 1050 MB\/s, velocidad de escritura de 1000 MB\/s, USB-C 3.2 Gen\" src=\"https:\/\/images-na.ssl-images-amazon.com\/images\/G\/01\/x-locale\/common\/grey-pixel.gif\" class=\"a-lazy-loaded\" data-src=\"https:\/\/m.media-amazon.com\/images\/S\/aplus-media-library-service-media\/c379267c-6fe8-42f5-bb06-b6bec8b1ff4b.__CR0,0,1464,600_PT0_SX1464_V1___.jpg\"><img decoding=\"async\" alt=\"sobre superficie azul. Caracter\u00edsticas del producto enumeradas: velocidad de lectura de 1050 MB\/s, velocidad de escritura de 1000 MB\/s, USB-C 3.2 Gen\" src=\"https:\/\/m.media-amazon.com\/images\/S\/aplus-media-library-service-media\/c379267c-6fe8-42f5-bb06-b6bec8b1ff4b.__CR0,0,1464,600_PT0_SX1464_V1___.jpg\">                                               <\/p>\n<p>                                                                                                       <img decoding=\"async\" alt=\"Gr\u00e1fico informativo para dispositivo electr\u00f3nico. Los aspectos m\u00e1s destacados incluyen 9,5 veces m\u00e1s r\u00e1pido que el disco duro, una velocidad de lectura de 1050 MB\/s, una velocidad de escritura de 1000 MB\/s y la resistencia a las ca\u00eddas\" src=\"https:\/\/images-na.ssl-images-amazon.com\/images\/G\/01\/x-locale\/common\/grey-pixel.gif\" class=\"a-lazy-loaded\" data-src=\"https:\/\/m.media-amazon.com\/images\/S\/aplus-media-library-service-media\/edd92b24-55c5-47e9-8fe2-1c5b90c98347.__CR0,0,1464,600_PT0_SX1464_V1___.jpg\"><img decoding=\"async\" alt=\"Gr\u00e1fico informativo para dispositivo electr\u00f3nico. Los aspectos m\u00e1s destacados incluyen 9,5 veces m\u00e1s r\u00e1pido que el disco duro, una velocidad de lectura de 1050 MB\/s, una velocidad de escritura de 1000 MB\/s y la resistencia a las ca\u00eddas\" src=\"https:\/\/m.media-amazon.com\/images\/S\/aplus-media-library-service-media\/edd92b24-55c5-47e9-8fe2-1c5b90c98347.__CR0,0,1464,600_PT0_SX1464_V1___.jpg\">                                               <\/p>\n<p>                                                                                                                  <img decoding=\"async\" alt=\"Gr\u00e1fico comparativo de dispositivos de almacenamiento que destaca una velocidad 9,5 veces m\u00e1s r\u00e1pida que la de los discos duros y muestra ilustraciones de ordenadores port\u00e1tiles y unidades externas\" src=\"https:\/\/m.media-amazon.com\/images\/S\/aplus-media-library-service-media\/c4688bce-28f3-4994-aa22-334218f349b4.__CR0,0,1464,600_PT0_SX1464_V1___.jpg\">                                                    <img decoding=\"async\" alt=\"Tres paneles que muestran un dispositivo de transferencia de datos conectado a varios dispositivos: una computadora port\u00e1til, un tel\u00e9fono inteligente y una tableta. El texto en espa\u00f1ol indica \u00abcopias de seguridad superr\u00e1pidas\" src=\"https:\/\/m.media-amazon.com\/images\/S\/aplus-media-library-service-media\/07be8cbf-4636-43f7-ac0b-8575290d7d4f.__CR0,0,1464,600_PT0_SX1464_V1___.jpg\">                                                      <img decoding=\"async\" alt=\"PSSD\" src=\"https:\/\/m.media-amazon.com\/images\/S\/aplus-media-library-service-media\/3d5a65d5-235e-4fd6-928a-2ad115c453f3.__CR0,0,1464,600_PT0_SX1464_V1___.jpg\">                                                    <img decoding=\"async\" alt=\"Persona que usa un disco duro externo conectado a una computadora port\u00e1til que muestra la interfaz de seguridad. El texto en espa\u00f1ol indica el mensaje de seguridad del archivo.\" src=\"https:\/\/m.media-amazon.com\/images\/S\/aplus-media-library-service-media\/e9bea86d-4871-4e65-bba2-783e3b1d8782.__CR0,0,1464,600_PT0_SX1464_V1___.jpg\"><br \/>\n                            1 Alta Velocidad <\/p>\n<p>                            2 Muy Activo <\/p>\n<p>                            3 Disipaci\u00f3n de Calor <\/p>\n<p>                            4 Seguridad Ante Todo <\/p>\n<p>                                                                                                                <img decoding=\"async\" alt=\"Dispositivo electr\u00f3nico, posiblemente un tel\u00e9fono inteligente o una tableta, con salpicaduras de agua a su alrededor sobre un fondo oscuro\" src=\"https:\/\/m.media-amazon.com\/images\/S\/aplus-media-library-service-media\/7dbc7d4c-ad28-4dd9-bc8d-5184c29d05be.__CR0,0,1464,600_PT0_SX1464_V1___.jpg\">                                                    <img decoding=\"async\" alt=\"con conector USB-A est\u00e1ndar en un extremo y conector USB-C en el otro, sobre una superficie azul reflectante\" src=\"https:\/\/m.media-amazon.com\/images\/S\/aplus-media-library-service-media\/34ede30a-9736-410d-af21-ea93ab0e60a6.__CR0,0,1464,600_PT0_SX1464_V1___.jpg\">                                                    <img decoding=\"async\" alt=\"Balanza minimalista con un objeto rectangular blanco en un extremo y una peque\u00f1a esfera blanca en el otro, sobre un fondo azul claro.\" src=\"https:\/\/m.media-amazon.com\/images\/S\/aplus-media-library-service-media\/60121114-05f6-4427-a3a8-bc0fc919e390.__CR0,0,1464,600_PT0_SX1464_V1___.jpg\"><br \/>\n                            1 Duradero <\/p>\n<p>                            2 Cable Multipuerto <\/p>\n<p>                            3 Port\u00e1til <\/p>\n<h3 class=\"a-text-center aplus-h1 a-text-bold\">  Lexar Serie SSD Port\u00e1til <\/h3>\n<p>                         Add To Basket  <\/p>\n<p>                         Add To Basket  <\/p>\n<p>                         Add To Basket  <\/p>\n<p>                         Add To Basket  <\/p>\n<p>                         Add To Basket  <\/p>\n<p>                         Add To Basket  <\/p>\n<p>                                     Customer Reviews  <\/p>\n<p>                    4.6 out of 5 stars  1,384  <\/p>\n<p>                    4.5 out of 5 stars  277  <\/p>\n<p>                    4.7 out of 5 stars  171  <\/p>\n<p>                    3.9 out of 5 stars  30  <\/p>\n<p>                    4.5 out of 5 stars  396  <\/p>\n<p>                    4.5 out of 5 stars  664  <\/p>\n<p>                                     Price  <\/p>\n<p>                                                        \u20ac129.99\u20ac129.99     <\/p>\n<p>                                                        \u20ac139.99\u20ac139.99     <\/p>\n<p>                                                        \u20ac159.99\u20ac159.99     <\/p>\n<p>                                                        \u20ac89.99\u20ac89.99     <\/p>\n<p>                                                        \u20ac219.99\u20ac219.99     <\/p>\n<p>                                                        \u20ac150.00\u20ac150.00     <\/p>\n<p>                                     Interfaz USB  <\/p>\n<p>                                                USB 3.2 Gen 2    <\/p>\n<p>                                                USB 3.2 Gen 2    <\/p>\n<p>                                                USB 3.2 Gen 2\u00d72    <\/p>\n<p>                                                USB 3.2 Gen 2\u00d72    <\/p>\n<p>                                                USB 3.2 Gen 2    <\/p>\n<p>                                                USB 3.2 Gen 2\u00d72    <\/p>\n<p>                                     Velocidad de lectura  <\/p>\n<p>                                                1050MB\/S    <\/p>\n<p>                                                1050MB\/S    <\/p>\n<p>                                                2000MB\/S    <\/p>\n<p>                                                450MB\/S    <\/p>\n<p>                                                1050MB\/S    <\/p>\n<p>                                                2000MB\/S    <\/p>\n<p>                                     Velocidad de escritura  <\/p>\n<p>                                                1000MB\/S    <\/p>\n<p>                                                1000MB\/S    <\/p>\n<p>                                                2000MB\/S    <\/p>\n<p>                                                420MB\/S    <\/p>\n<p>                                                1000MB\/S    <\/p>\n<p>                                                2000MB\/S    <\/p>\n<p>                                     Nivel de protecci\u00f3n  <\/p>\n<p>                                                2m de resistencia a ca\u00eddas    <\/p>\n<p>                                                2m de resistencia a ca\u00eddas    <\/p>\n<p>                                                Protecci\u00f3n IP65    <\/p>\n<p>                                                2m de resistencia a ca\u00eddas    <\/p>\n<p>                                                PROTECCI\u00d3N IP65 (solo PSSD)    <\/p>\n<p>                                                IP66resistencia a ca\u00eddas de 3m    <\/p>\n<p>                                     Grabaci\u00f3n ProRes en iPhone  <\/p>\n<p>                                                    \u2718      <\/p>\n<p>                                                    \u2714       <\/p>\n<p>                                                    \u2714       <\/p>\n<p>                                                    \u2714       <\/p>\n<p>                                                    \u2714       <\/p>\n<p>                                                    \u2714       <\/p>\n<p>                                     Caracter\u00edstica especial  <\/p>\n<p>                                                Ligero, f\u00e1cil de transportar    <\/p>\n<p>                                                Magn\u00e9tico y port\u00e1til    <\/p>\n<p>                                                Magn\u00e9tico y port\u00e1til    <\/p>\n<p>                                                Desbloqueo NFC, magn\u00e9tico    <\/p>\n<p>                                                Multi-Function HUB    <\/p>\n<p>                                                Polvo, agua y antica\u00eddas    <\/p>\n<p>                                     Peso  <\/p>\n<p>                                                45g    <\/p>\n<p>                                                95g    <\/p>\n<p>                                                120g    <\/p>\n<p>                                                40g    <\/p>\n<p>                                                36g    <\/p>\n<p>                                                80g    <\/p>\n<p>                                             Disclaimer legal                                         <\/p>\n<p class=\"description\"> (1) Las velocidades se basan en pruebas internas. La velocidad real puede variar seg\u00fan el dispositivo host. <\/p>\n<p class=\"description\"> (2) El SSD port\u00e1til Lexar ES3 est\u00e1 calificado con resistencia a ca\u00eddas de 2 metros seg\u00fan pruebas internas realizadas en condiciones controladas. Las capacidades reales de resistencia al agua, polvo y ca\u00eddas pueden variar. <\/p>\n<p class=\"description\"> Lexar no se responsabiliza de ninguna p\u00e9rdida de datos o im\u00e1genes.La capacidad de memoria \u00fatil real puede variar. 1 GB equivale a 1 mil millones de bytes. <\/p>\n<p> Language                                            \u200f                                            :                                            \u200e                                            English, English, English, English, English   <br \/> Package Dimensions                                            \u200f                                            :                                            \u200e                                            14.9 x 9.8 x 3.7 cm; 110 g   <br \/> Manufacturer                                            \u200f                                            :                                            \u200e                                            Lexar Co., LTD   <br \/> ASIN                                            \u200f                                            :                                            \u200e                                            B0DFY6W8KT   <br \/> Item model number                                            \u200f                                            :                                            \u200e                                            LES3XXX002T-RNSNG   <br \/> Country of origin                                            \u200f                                            :                                            \u200e                                            China   <br \/> Guaranteed software updates until                                            \u200f                                            :                                            \u200e                                            unknown   <br \/>  Customer reviews:                                                                                            4.6               4.6 out of 5 stars                                  (1,384)                                              var dpAcrHasRegisteredArcLinkClickAction;                    P.when(&#8216;A&#8217;, &#8216;ready&#8217;).execute(function(A) {                        if (dpAcrHasRegisteredArcLinkClickAction !== true) {                            dpAcrHasRegisteredArcLinkClickAction = true;                            A.declarative(                                &#8216;acrLink-click-metrics&#8217;, &#8216;click&#8217;,                                { \u00aballowLinkDefault\u00bb: true },                                function (event) {                                    if (window.ue) {                                        ue.count(\u00abacrLinkClickCount\u00bb, (ue.count(\u00abacrLinkClickCount\u00bb) || 0) + 1);                                    }                                }                            );                        }                    });                                             P.when(&#8216;A&#8217;, &#8216;cf&#8217;).execute(function(A) {                A.declarative(&#8216;acrStarsLink-click-metrics&#8217;, &#8216;click&#8217;, { \u00aballowLinkDefault\u00bb : true },  function(event){                    if(window.ue) {                        ue.count(\u00abacrStarsLinkWithPopoverClickCount\u00bb, (ue.count(\u00abacrStarsLinkWithPopoverClickCount\u00bb) || 0) + 1);                    }                });            });                          <\/p>\n<p>HIGH SPEED DATA TRANSFER &#8211; Lexar ES3 external SSD supports USB 3.2 Gen 2 up to 1050MB\/s read and 1000MB\/s write to transfer files quickly and achieve more efficient work. (Performance may be lower if it is not compatible with USB 3.2 Gen 2 on Mac and other systems)<br \/>Wide Compatibility Lexar Portable SSD ES3 is compatible with iPhone 15 series (not compatible with iPhone 14 and earlier models), Android mobile devices, laptops, cameras, Xbox X|S, PS4, PS5, game consoles and more.<br \/>ON THE GO &#8211; The Lexar ES3 external solid state drive has a slim, sleek, and durable plastic design that weighs 42g and is only 10.5mm thick, making it smaller than a card and fits easily in your pocket. Comes with a Type-C cable for plug-and-play convenience.<br \/>Data security comes first: Lexar SSD ES3 includes Lexar DataShieldTM 256-bit AES encryption software to protect files.<br \/>Note: Magsafe is not available in this version<\/p>\n\n","protected":false},"excerpt":{"rendered":"<p> Product Description 1 Alta Velocidad 2 Muy Activo 3 Disipaci\u00f3n de Calor 4 Seguridad Ante<\/p>","protected":false},"featured_media":34384,"comment_status":"open","ping_status":"closed","template":"","meta":[],"product_brand":[],"product_cat":[81],"product_tag":[3989,1471,1455,909,1457,1468,201,795,8684,1476,1461,2796,6647,4374,1459,1452,290,1465,8685,6070,1463,9801,812,513,1466,813,696,3508],"class_list":{"0":"post-34383","1":"product","2":"type-product","3":"status-publish","4":"has-post-thumbnail","6":"product_cat-ssd-drive","7":"product_tag-1000mbs","8":"product_tag-1050mbs","9":"product_tag-1tb-ssd","10":"product_tag-2tb","11":"product_tag-512gb-ssd","12":"product_tag-best-ssd","13":"product_tag-compatible","14":"product_tag-drive","15":"product_tag-es3","16":"product_tag-external","17":"product_tag-gaming-ssd","18":"product_tag-gen2","19":"product_tag-iphone15","20":"product_tag-lexar","21":"product_tag-m-2-ssd","22":"product_tag-nvme-ssd","23":"product_tag-portable","24":"product_tag-portable-ssd","25":"product_tag-pssd","26":"product_tag-reading","27":"product_tag-sata-ssd","28":"product_tag-seriesmacps5xboxles3xxx002trnsng","29":"product_tag-solid","30":"product_tag-ssd","31":"product_tag-ssd-price","32":"product_tag-state","33":"product_tag-usb3-2","34":"product_tag-write","36":"first","37":"instock","38":"shipping-taxable","39":"product-type-external"},"_links":{"self":[{"href":"https:\/\/comprasyconsejos.store\/en\/wp-json\/wp\/v2\/product\/34383","targetHints":{"allow":["GET"]}}],"collection":[{"href":"https:\/\/comprasyconsejos.store\/en\/wp-json\/wp\/v2\/product"}],"about":[{"href":"https:\/\/comprasyconsejos.store\/en\/wp-json\/wp\/v2\/types\/product"}],"replies":[{"embeddable":true,"href":"https:\/\/comprasyconsejos.store\/en\/wp-json\/wp\/v2\/comments?post=34383"}],"version-history":[{"count":0,"href":"https:\/\/comprasyconsejos.store\/en\/wp-json\/wp\/v2\/product\/34383\/revisions"}],"wp:featuredmedia":[{"embeddable":true,"href":"https:\/\/comprasyconsejos.store\/en\/wp-json\/wp\/v2\/media\/34384"}],"wp:attachment":[{"href":"https:\/\/comprasyconsejos.store\/en\/wp-json\/wp\/v2\/media?parent=34383"}],"wp:term":[{"taxonomy":"product_brand","embeddable":true,"href":"https:\/\/comprasyconsejos.store\/en\/wp-json\/wp\/v2\/product_brand?post=34383"},{"taxonomy":"product_cat","embeddable":true,"href":"https:\/\/comprasyconsejos.store\/en\/wp-json\/wp\/v2\/product_cat?post=34383"},{"taxonomy":"product_tag","embeddable":true,"href":"https:\/\/comprasyconsejos.store\/en\/wp-json\/wp\/v2\/product_tag?post=34383"}],"curies":[{"name":"wp","href":"https:\/\/api.w.org\/{rel}","templated":true}]}}