{"id":34388,"date":"2026-02-25T08:57:24","date_gmt":"2026-02-25T08:57:24","guid":{"rendered":"https:\/\/comprasyconsejos.store\/product\/adjustable-power-supply-30v-10a-300w-adjustable-switching-regulated-laboratory-dc-power-supply-with-ocp-ovp-function-output-button-encoder-button\/"},"modified":"2026-02-25T08:57:32","modified_gmt":"2026-02-25T08:57:32","slug":"adjustable-power-supply-30v-10a-300w-adjustable-switching-regulated-laboratory-dc-power-supply-with-ocp-ovp-function-output-button-encoder-button","status":"publish","type":"product","link":"https:\/\/comprasyconsejos.store\/en\/product\/adjustable-power-supply-30v-10a-300w-adjustable-switching-regulated-laboratory-dc-power-supply-with-ocp-ovp-function-output-button-encoder-button\/","title":{"rendered":"Adjustable Power Supply: 30V 10A 300W Adjustable Switching Regulated Laboratory DC Power Supply with OCP &#038; OVP Function, Output Button, Encoder Button"},"content":{"rendered":"<p>Price: <span style=\"color:#b12704\">\u20ac76.96<\/span><br \/><i><small>(as of Feb 25, 2026 08:57:24 UTC &#8211; <span class=\"wp_automatic_amazon_disclaimer\" title=\"Product prices and availability are accurate as of the date\/time indicated and are subject to change. Any price and availability information displayed on [relevant Amazon Site(s), as applicable] at the time of purchase will apply to the purchase of this product.\">Details<\/span>)<\/small><\/i><\/p>\n<p><a href=\"https:\/\/amazon.es\/dp\/B0FKG9HG27?tag=man008-21\"><img decoding=\"async\" src=\"https:\/\/valvepress.s3.amazonaws.com\/imgs\/buy_now.png\"><\/a><br \/>\n<\/p>\n<p>                                             Product Description   <\/p>\n<p>                                                                             <img decoding=\"async\" alt=\"aplus content image\" src=\"https:\/\/images-na.ssl-images-amazon.com\/images\/G\/01\/x-locale\/common\/grey-pixel.gif\" class=\"a-spacing-base a-lazy-loaded\" data-src=\"https:\/\/m.media-amazon.com\/images\/S\/aplus-media-library-service-media\/0eb4bddb-63a1-422e-9da9-f5e50944dc8d.__CR0,0,970,600_PT0_SX970_V1___.jpg\"><img decoding=\"async\" alt=\"aplus content image\" src=\"https:\/\/m.media-amazon.com\/images\/S\/aplus-media-library-service-media\/0eb4bddb-63a1-422e-9da9-f5e50944dc8d.__CR0,0,970,600_PT0_SX970_V1___.jpg\">                                         <\/p>\n<h3 class=\"a-spacing-mini\"> Fuente de alimentaci\u00f3n de CC ajustable de la serie RUZIZAO SPS-S <\/h3>\n<p class=\"a-spacing-base\"> La fuente de alimentaci\u00f3n de la serie RUZIZAO SPS-S se puede utilizar como fuente de alimentaci\u00f3n regulada y como fuente de corriente regulada, especialmente adecuada para carga de bater\u00edas LiFePO4, proyecto arduino, laboratorio, reparaci\u00f3n electr\u00f3nica, mantenimiento de equipos de comunicaci\u00f3n, l\u00ednea de productos, investigaci\u00f3n cient\u00edfica y unidades de ense\u00f1anza. . <\/p>\n<p class=\"a-spacing-base\"> Nuevo dise\u00f1o: cuerpo totalmente met\u00e1lico y tama\u00f1o m\u00e1s compacto, ligero y port\u00e1til, estable. Puede transportar f\u00e1cilmente la variable de fuente de alimentaci\u00f3n de CC. <\/p>\n<p class=\"a-spacing-base\"> Protecci\u00f3n m\u00faltiple: protecci\u00f3n contra sobretensi\u00f3n, protecci\u00f3n contra sobrecorriente, protecci\u00f3n contra sobrecalentamiento, protecci\u00f3n contra sobrecorriente, protecci\u00f3n contra cortocircuitos, protecci\u00f3n contra fugas. <\/p>\n<p class=\"a-spacing-base\"> Ventilador de refrigeraci\u00f3n inteligente: bajo nivel de ruido; bajo consumo; Cuando la temperatura alcance los 50 \u00b0 C, el ventilador se encender\u00e1 autom\u00e1ticamente. <\/p>\n<p class=\"a-spacing-base\"> Puerto USB de 5V \/ 2A: la fuente de alimentaci\u00f3n de CC est\u00e1 equipada con un puerto USB de 5V \/ 2A, puede cargar su tel\u00e9fono m\u00f3vil, tableta u otros dispositivos. <\/p>\n<p>                                                                             <img decoding=\"async\" alt=\"aplus content image\" src=\"https:\/\/images-na.ssl-images-amazon.com\/images\/G\/01\/x-locale\/common\/grey-pixel.gif\" class=\"a-spacing-base a-lazy-loaded\" data-src=\"https:\/\/m.media-amazon.com\/images\/S\/aplus-media-library-service-media\/f763f72d-5813-4440-aa37-33446ad38c7b.__CR0,0,970,600_PT0_SX970_V1___.jpg\"><img decoding=\"async\" alt=\"aplus content image\" src=\"https:\/\/m.media-amazon.com\/images\/S\/aplus-media-library-service-media\/f763f72d-5813-4440-aa37-33446ad38c7b.__CR0,0,970,600_PT0_SX970_V1___.jpg\">                                                                    <\/p>\n<p>                                                                             <img decoding=\"async\" alt=\"aplus content image\" src=\"https:\/\/images-na.ssl-images-amazon.com\/images\/G\/01\/x-locale\/common\/grey-pixel.gif\" class=\"a-spacing-base a-lazy-loaded\" data-src=\"https:\/\/m.media-amazon.com\/images\/S\/aplus-media-library-service-media\/78b608ad-c8d9-4907-ac75-52ba6aa68842.__CR0,0,970,600_PT0_SX970_V1___.jpg\"><img decoding=\"async\" alt=\"aplus content image\" src=\"https:\/\/m.media-amazon.com\/images\/S\/aplus-media-library-service-media\/78b608ad-c8d9-4907-ac75-52ba6aa68842.__CR0,0,970,600_PT0_SX970_V1___.jpg\">                                                                    <\/p>\n<p>                                                                             <img decoding=\"async\" alt=\"aplus content image\" src=\"https:\/\/images-na.ssl-images-amazon.com\/images\/G\/01\/x-locale\/common\/grey-pixel.gif\" class=\"a-spacing-base a-lazy-loaded\" data-src=\"https:\/\/m.media-amazon.com\/images\/S\/aplus-media-library-service-media\/b541a3b1-d77d-4578-8917-035920cff62c.__CR0,0,970,600_PT0_SX970_V1___.jpg\"><img decoding=\"async\" alt=\"aplus content image\" src=\"https:\/\/m.media-amazon.com\/images\/S\/aplus-media-library-service-media\/b541a3b1-d77d-4578-8917-035920cff62c.__CR0,0,970,600_PT0_SX970_V1___.jpg\">                                                                    <\/p>\n<p>                                                                             <img decoding=\"async\" alt=\"aplus content image\" src=\"https:\/\/images-na.ssl-images-amazon.com\/images\/G\/01\/x-locale\/common\/grey-pixel.gif\" class=\"a-spacing-base a-lazy-loaded\" data-src=\"https:\/\/m.media-amazon.com\/images\/S\/aplus-media-library-service-media\/ff627b41-565a-422c-a906-e26206f83486.__CR0,0,970,600_PT0_SX970_V1___.jpg\"><img decoding=\"async\" alt=\"aplus content image\" src=\"https:\/\/m.media-amazon.com\/images\/S\/aplus-media-library-service-media\/ff627b41-565a-422c-a906-e26206f83486.__CR0,0,970,600_PT0_SX970_V1___.jpg\">                                                                    <\/p>\n<p>                                                                             <img decoding=\"async\" alt=\"aplus content image\" src=\"https:\/\/images-na.ssl-images-amazon.com\/images\/G\/01\/x-locale\/common\/grey-pixel.gif\" class=\"a-spacing-base a-lazy-loaded\" data-src=\"https:\/\/m.media-amazon.com\/images\/S\/aplus-media-library-service-media\/b3a1432d-2668-4a35-aebe-574e9c24193f.__CR0,0,970,600_PT0_SX970_V1___.jpg\"><img decoding=\"async\" alt=\"aplus content image\" src=\"https:\/\/m.media-amazon.com\/images\/S\/aplus-media-library-service-media\/b3a1432d-2668-4a35-aebe-574e9c24193f.__CR0,0,970,600_PT0_SX970_V1___.jpg\">                                                                    <\/p>\n<p>                         Add To Basket  <\/p>\n<p>                         Add To Basket  <\/p>\n<p>                         Add To Basket  <\/p>\n<p>                         Add To Basket  <\/p>\n<p>                         Add To Basket  <\/p>\n<p>                             Customer Reviews  <\/p>\n<p>                    4.4 out of 5 stars  353  <\/p>\n<p>                    4.3 out of 5 stars  55  <\/p>\n<p>                    4.6 out of 5 stars  3  <\/p>\n<p>                    4.5 out of 5 stars  37  <\/p>\n<p>                    4.6 out of 5 stars  46  <\/p>\n<p>                    4.4 out of 5 stars  188  <\/p>\n<p>                             Price  <\/p>\n<p>                                    \u20ac54.99\u20ac54.99                  \u20ac69.96\u20ac69.96                  \u20ac84.96\u20ac84.96<br \/>\n                                            \u2014 no data<br \/>\n                                                       \u20ac74.96\u20ac74.96                  \u20ac39.99\u20ac39.99        <\/p>\n<p>                             Modelo<br \/>\n                                30V 5A, 30V 10A, 60V 5A, 120V 3A               30V 10A               30V 10A               200V 1A, 300V 1A               30V 10A               30V 5A        <\/p>\n<p>                             Bot\u00f3n del Codificador<br \/>\n                                  no data<\/p>\n<p>                                              \u2713<\/p>\n<p>                                              \u2713<\/p>\n<p>                                              \u2713<\/p>\n<p>                                              \u2713<br \/>\n                                                          no data<\/p>\n<p>                             Interruptor de Salida<br \/>\n                                  no data<\/p>\n<p>                                              \u2713<\/p>\n<p>                                              \u2713<\/p>\n<p>                                              \u2713<\/p>\n<p>                                              \u2713<br \/>\n                                                          no data<\/p>\n<p>                             Interruptor de encendido  <\/p>\n<p>                                              \u2713<\/p>\n<p>                                              \u2713<\/p>\n<p>                                              \u2713<\/p>\n<p>                                              \u2713<\/p>\n<p>                                              \u2713<\/p>\n<p>                                              \u2713<\/p>\n<p>                             Funciones de OCP<br \/>\n                                  no data<\/p>\n<p>                                              \u2713<\/p>\n<p>                                              \u2713<\/p>\n<p>                                              \u2713<\/p>\n<p>                                              \u2713<br \/>\n                                                          no data<\/p>\n<p>                             Funciones de OVP<br \/>\n                                  no data<\/p>\n<p>                                              \u2713<br \/>\n                                                          no data<br \/>\n                                                              no data<\/p>\n<p>                                              \u2713<br \/>\n                                                          no data<\/p>\n<p>                             Funci\u00f3n de Carga de Bater\u00eda<br \/>\n                                  no data<br \/>\n                                                              no data<\/p>\n<p>                                              \u2713<br \/>\n                                                          no data<br \/>\n                                                              no data<br \/>\n                                                              no data<\/p>\n<p>                             Llave de Bloqueo<br \/>\n                                  no data<br \/>\n                                                              no data<br \/>\n                                                              no data<\/p>\n<p>                                              \u2713<br \/>\n                                                          no data<br \/>\n                                                              no data<\/p>\n<p>                             Memoria<br \/>\n                                  no data<br \/>\n                                                              no data<br \/>\n                                                              no data<\/p>\n<p>                                              \u2713<br \/>\n                                                          no data<br \/>\n                                                              no data<\/p>\n<p>                             Programador<br \/>\n                                  no data<br \/>\n                                                              no data<br \/>\n                                                              no data<\/p>\n<p>                                              \u2713<br \/>\n                                                          no data<br \/>\n                                                              no data<\/p>\n<p> Package Dimensions                                            \u200f                                            :                                            \u200e                                            27 x 22 x 13 cm; 1.8 kg   <br \/> Date First Available                                            \u200f                                            :                                            \u200e                                            30 July 2025   <br \/> Manufacturer                                            \u200f                                            :                                            \u200e                                            RUZIZAO   <br \/> ASIN                                            \u200f                                            :                                            \u200e                                            B0FKG9HG27   <br \/> Item model number                                            \u200f                                            :                                            \u200e                                            SPS3010S   <br \/> Country of origin                                            \u200f                                            :                                            \u200e                                            China   <br \/>       Best Sellers Rank:  16,534 in Industrial &#038; Scientific (See Top 100 in Industrial &#038; Scientific)    27 in Lab Power Supplies      <br \/>  Customer reviews:                                                                                            4.5               4.5 out of 5 stars                                  (63)                                              var dpAcrHasRegisteredArcLinkClickAction;                    P.when(&#8216;A&#8217;, &#8216;ready&#8217;).execute(function(A) {                        if (dpAcrHasRegisteredArcLinkClickAction !== true) {                            dpAcrHasRegisteredArcLinkClickAction = true;                            A.declarative(                                &#8216;acrLink-click-metrics&#8217;, &#8216;click&#8217;,                                { \u00aballowLinkDefault\u00bb: true },                                function (event) {                                    if (window.ue) {                                        ue.count(\u00abacrLinkClickCount\u00bb, (ue.count(\u00abacrLinkClickCount\u00bb) || 0) + 1);                                    }                                }                            );                        }                    });                                             P.when(&#8216;A&#8217;, &#8216;cf&#8217;).execute(function(A) {                A.declarative(&#8216;acrStarsLink-click-metrics&#8217;, &#8216;click&#8217;, { \u00aballowLinkDefault\u00bb : true },  function(event){                    if(window.ue) {                        ue.count(\u00abacrStarsLinkWithPopoverClickCount\u00bb, (ue.count(\u00abacrStarsLinkWithPopoverClickCount\u00bb) || 0) + 1);                    }                });            });                          <\/p>\n<p>OCP &#038; OVP Function: The lab power supply has improved the OCP function by adding the \u00abOCP\u00bb button. When the \u00abOCP\u00bb button is pressed while using the laboratory power supply, the LED display automatically switches to OCP and stops the power output in case of short circuit, further protecting the lab power supply and its equipment and providing a safer user experience<br \/>Encoder Control: Compared with the original two encoder controls, we have upgraded to four high-precision encoder controls. You can accurately set the current and voltage values needed for coarse and fine adjustments. The encoder knob with fine adjustment has a new mute function, turn off the beep when pressed for five seconds. Encoder button replaces potentiometer switch. Pressing the button alternates the digits, and turning it adjusts each digit in the range 0-9 with resolutions up to 0.01V and 0.001A<br \/>Output Switch Button, USB Port: The power supply can directly preset the current and voltage. Sometimes we need to switch between different voltage or current outputs, but we often forget to unplug the instrument, resulting in burning the instrument, a situation that often occurs in maintenance tests. Output switching function can effectively prevent damage to your equipment or load. 5V\/2A USB port provides stable power output to charge your devices<br \/>CE and FCC certification, Wide Applications: 30V 10A laboratory power supplies have passed CE and FCC certification. This tabletop power supply is suitable for laboratories, schools, electronics repair, electrolysis, electroplating, lamp testing, aging testing, DIY, communication equipment maintenance, product line, scientific research and teaching units<br \/>Service Terms: When you buy a DC power supply you get 1* DC power supply, 1 set of output power cables, 1* input power cable, 1* user manual. If you have any questions, you can contact us at any time.<\/p>\n\n","protected":false},"excerpt":{"rendered":"<p> Product Description Fuente de alimentaci\u00f3n de CC ajustable de la serie RUZIZAO SPS-S La fuente<\/p>","protected":false},"featured_media":34389,"comment_status":"open","ping_status":"closed","template":"","meta":[],"product_brand":[],"product_cat":[79],"product_tag":[8099,2969,2774,1488,1490,1495,876,1499,1089,1500,2782,2630,1494,9802,1492,2975,1259,2976,1498,143,1485,824,2970,1505,733],"class_list":{"0":"post-34388","1":"product","2":"type-product","3":"status-publish","4":"has-post-thumbnail","6":"product_cat-pc-power-supply-unit","7":"product_tag-10a","8":"product_tag-300w","9":"product_tag-30v","10":"product_tag-650w-psu","11":"product_tag-750w-psu","12":"product_tag-80-plus-gold-psu","13":"product_tag-adjustable","14":"product_tag-best-psu","15":"product_tag-button","16":"product_tag-computer-power-unit","17":"product_tag-encoder","18":"product_tag-function","19":"product_tag-gaming-power-supply","20":"product_tag-laboratory","21":"product_tag-modular-psu","22":"product_tag-ocp","23":"product_tag-output","24":"product_tag-ovp","25":"product_tag-pc-power-supply-price","26":"product_tag-power","27":"product_tag-power-supply","28":"product_tag-psu","29":"product_tag-regulated","30":"product_tag-supply","31":"product_tag-switching","33":"first","34":"instock","35":"shipping-taxable","36":"product-type-external"},"_links":{"self":[{"href":"https:\/\/comprasyconsejos.store\/en\/wp-json\/wp\/v2\/product\/34388","targetHints":{"allow":["GET"]}}],"collection":[{"href":"https:\/\/comprasyconsejos.store\/en\/wp-json\/wp\/v2\/product"}],"about":[{"href":"https:\/\/comprasyconsejos.store\/en\/wp-json\/wp\/v2\/types\/product"}],"replies":[{"embeddable":true,"href":"https:\/\/comprasyconsejos.store\/en\/wp-json\/wp\/v2\/comments?post=34388"}],"version-history":[{"count":0,"href":"https:\/\/comprasyconsejos.store\/en\/wp-json\/wp\/v2\/product\/34388\/revisions"}],"wp:featuredmedia":[{"embeddable":true,"href":"https:\/\/comprasyconsejos.store\/en\/wp-json\/wp\/v2\/media\/34389"}],"wp:attachment":[{"href":"https:\/\/comprasyconsejos.store\/en\/wp-json\/wp\/v2\/media?parent=34388"}],"wp:term":[{"taxonomy":"product_brand","embeddable":true,"href":"https:\/\/comprasyconsejos.store\/en\/wp-json\/wp\/v2\/product_brand?post=34388"},{"taxonomy":"product_cat","embeddable":true,"href":"https:\/\/comprasyconsejos.store\/en\/wp-json\/wp\/v2\/product_cat?post=34388"},{"taxonomy":"product_tag","embeddable":true,"href":"https:\/\/comprasyconsejos.store\/en\/wp-json\/wp\/v2\/product_tag?post=34388"}],"curies":[{"name":"wp","href":"https:\/\/api.w.org\/{rel}","templated":true}]}}