{"id":34448,"date":"2026-02-25T12:00:14","date_gmt":"2026-02-25T12:00:14","guid":{"rendered":"https:\/\/comprasyconsejos.store\/product\/yunzii-b75-pro-wireless-mechanical-keyboard75-hot-swap-hot-swap-custom-gaming-keyboard-with-knobpre-lubed-switches-rgbbt-type-c-2-4g-keyboard-purple-cocoa-cream-v2-switch\/"},"modified":"2026-02-25T12:00:18","modified_gmt":"2026-02-25T12:00:18","slug":"yunzii-b75-pro-wireless-mechanical-keyboard75-hot-swap-hot-swap-custom-gaming-keyboard-with-knobpre-lubed-switches-rgbbt-type-c-2-4g-keyboard-purple-cocoa-cream-v2-switch","status":"publish","type":"product","link":"https:\/\/comprasyconsejos.store\/en\/product\/yunzii-b75-pro-wireless-mechanical-keyboard75-hot-swap-hot-swap-custom-gaming-keyboard-with-knobpre-lubed-switches-rgbbt-type-c-2-4g-keyboard-purple-cocoa-cream-v2-switch\/","title":{"rendered":"YUNZII B75 Pro Wireless Mechanical Keyboard,75% Hot Swap Hot Swap Custom Gaming Keyboard with Knob,Pre-lubed Switches RGB,BT\/Type-C\/2.4G Keyboard (Purple, Cocoa Cream V2 Switch)"},"content":{"rendered":"<p>Price: <span style=\"color:#b12704\">\u20ac71.19<\/span><br \/><i><small>(as of Feb 25, 2026 12:00:14 UTC &#8211; <span class=\"wp_automatic_amazon_disclaimer\" title=\"Product prices and availability are accurate as of the date\/time indicated and are subject to change. Any price and availability information displayed on [relevant Amazon Site(s), as applicable] at the time of purchase will apply to the purchase of this product.\">Details<\/span>)<\/small><\/i><\/p>\n<p><a href=\"https:\/\/amazon.es\/dp\/B0D17X2Y4D?tag=man008-21\"><img decoding=\"async\" src=\"https:\/\/valvepress.s3.amazonaws.com\/imgs\/buy_now.png\"><\/a><br \/>\n<\/p>\n<p>                                             Product Description   <\/p>\n<p>The video showcases the product in use.The video guides you through product setup.The video compares multiple products.The video shows the product being unpacked. YUNZII B75PRO Keyboard Merchant video<\/p>\n<p>                                                                                  <img decoding=\"async\" alt=\"1\" src=\"https:\/\/m.media-amazon.com\/images\/S\/aplus-media-library-service-media\/4477a691-1a93-4bef-9ac0-25e0cca2eb2a.__CR0,0,1464,600_PT0_SX1464_V1___.jpg\">       <\/p>\n<p>                                                                                  <img decoding=\"async\" alt=\"1\" src=\"https:\/\/m.media-amazon.com\/images\/S\/aplus-media-library-service-media\/3630c302-1381-4216-9b39-32ab4d7517ab.__CR0,0,1464,600_PT0_SX1464_V1___.jpg\">       <\/p>\n<p>                                                                                  <img decoding=\"async\" alt=\"1\" src=\"https:\/\/m.media-amazon.com\/images\/S\/aplus-media-library-service-media\/12588ab5-0f0e-4c72-beb9-af04dece3399.__CR0,0,1464,600_PT0_SX1464_V1___.jpg\">       <\/p>\n<p>                                                                                  <img decoding=\"async\" alt=\"1\" src=\"https:\/\/m.media-amazon.com\/images\/S\/aplus-media-library-service-media\/e2be6098-a04e-4224-aa81-7a88ab7de5f7.__CR0,0,1464,600_PT0_SX1464_V1___.jpg\">       <\/p>\n<p>                                                                                  <img decoding=\"async\" alt=\"1\" src=\"https:\/\/m.media-amazon.com\/images\/S\/aplus-media-library-service-media\/3addeddc-7b08-4e52-966e-d15657e810b8.__CR0,0,1464,600_PT0_SX1464_V1___.jpg\">       <\/p>\n<p>                                                                                                                    <img decoding=\"async\" alt=\"1\" src=\"https:\/\/m.media-amazon.com\/images\/S\/aplus-media-library-service-media\/87db8510-22aa-4383-813c-d0ca5425a822.__CR0,0,1464,600_PT0_SX1464_V1___.jpg\">                                                    <img decoding=\"async\" alt=\"1\" src=\"https:\/\/m.media-amazon.com\/images\/S\/aplus-media-library-service-media\/2dd2bfcd-e12a-4dab-8177-94439cead49f.__CR0,0,1464,600_PT0_SX1464_V1___.jpg\">                                                    <img decoding=\"async\" alt=\"1\" src=\"https:\/\/m.media-amazon.com\/images\/S\/aplus-media-library-service-media\/b7381c20-39a3-4608-aade-75e0dac2fdcd.__CR0,0,1464,600_PT0_SX1464_V1___.jpg\">                                                    <img decoding=\"async\" alt=\"1\" src=\"https:\/\/m.media-amazon.com\/images\/S\/aplus-media-library-service-media\/be27b8d1-c72c-4d20-a3b7-04793d43c92c.__CR0,0,1464,600_PT0_SX1464_V1___.jpg\">                                                    <img decoding=\"async\" alt=\"1\" src=\"https:\/\/m.media-amazon.com\/images\/S\/aplus-media-library-service-media\/24e5ea2d-db3f-40a8-a8a5-7d83b49b37ab.__CR0,0,1464,600_PT0_SX1464_V1___.jpg\"><br \/>\n                            1 BT\/WIRELESS\/WIRED <\/p>\n<p>                            2 AMPLIA COMPATIBILIDAD <\/p>\n<p>                            3 LARGA VIDA \u00daTIL BATER\u00cdA <\/p>\n<p>                            4 QWERTY LAYOUT <\/p>\n<p>                            5 LISTA DE PAQUETE <\/p>\n<p>                                                                                                                    <img decoding=\"async\" alt=\"1\" src=\"https:\/\/m.media-amazon.com\/images\/S\/aplus-media-library-service-media\/ebc6ae35-64b5-45c6-a6f7-884821ced43a.__CR0,0,1464,600_PT0_SX1464_V1___.jpg\">                                                    <img decoding=\"async\" alt=\"1\" src=\"https:\/\/m.media-amazon.com\/images\/S\/aplus-media-library-service-media\/54688565-8651-40dc-b5ac-dadcdf4dd112.__CR0,0,1464,600_PT0_SX1464_V1___.jpg\">                                                    <img decoding=\"async\" alt=\"1\" src=\"https:\/\/m.media-amazon.com\/images\/S\/aplus-media-library-service-media\/47bd0714-d9c3-4474-b34c-2af08ecc02f1.__CR0,0,1464,600_PT0_SX1464_V1___.jpg\">                                                    <img decoding=\"async\" alt=\"1\" src=\"https:\/\/m.media-amazon.com\/images\/S\/aplus-media-library-service-media\/674a2d60-8991-435b-9976-5340c4eafee1.__CR0,0,1464,600_PT0_SX1464_V1___.jpg\">                                                    <img decoding=\"async\" alt=\"1\" src=\"https:\/\/m.media-amazon.com\/images\/S\/aplus-media-library-service-media\/d8d556f6-9af8-4d3d-88ae-bced10ddfb70.__CR0,0,1464,600_PT0_SX1464_V1___.jpg\"><br \/>\n                            1 5 CAPAS AC\u00daSTICAS <\/p>\n<p>                            2 COCOA CREAM V2 SWITCH <\/p>\n<p>                            3 C\u00d3MO CAMBIAR RGB <\/p>\n<p>                            4 GU\u00cdA R\u00c1PIDA DE TECLAS FN <\/p>\n<p>                            5 SOFTWARE PERSONALIZADO <\/p>\n<p>                                                                                                                                                                                                                  Prueba de sonido del B75 Pro                                             MILK SWITCH    <\/p>\n<p class=\"aplus-p2\">\n<p>Interruptor linealPin: fuerza de operaci\u00f3n de 3 pines: 45 \u00b1 10 GF previaje: 2,0 \u00b1 0,6 mmRecorrido total: 4,0 mm nivel de sonido: bajo adecuado: juego \/ OficinaVida \u00fatil: 50m para: juegos \/ lubricaci\u00f3n de oficina: versi\u00f3n lubricada                                                  <\/p>\n<p>The video showcases the product in use.The video guides you through product setup.The video compares multiple products.The video shows the product being unpacked. YUNZII B75PRO Keyboard Merchant video<\/p>\n<p>                                                             Prueba de sonido del B75 Pro                                             Cocoa Cream V2 Switch    <\/p>\n<p class=\"aplus-p2\">\n<p>Tipo: interruptor linealPrelubricaci\u00f3n: s\u00edPin: 5 PinFuerza m\u00e1xima: 55 GF m\u00e1xima \/ Fuerza operativa: 50 \u00b1 10 GF \/ recorrido total: 3,30 mm \/ recorrido previo: 2,00 \u00b1 0,5 mm                                                  <\/p>\n<p>The video showcases the product in use.The video guides you through product setup.The video compares multiple products.The video shows the product being unpacked. YUNZII B75PRO Keyboard Merchant video<\/p>\n<p>                                                                                              <img decoding=\"async\" alt=\"1\" src=\"https:\/\/images-na.ssl-images-amazon.com\/images\/G\/01\/x-locale\/common\/grey-pixel.gif\" class=\"a-lazy-loaded\" data-src=\"https:\/\/m.media-amazon.com\/images\/S\/aplus-media-library-service-media\/741cddd5-f356-430c-b798-7317f0213e42.__CR0,0,300,225_PT0_SX300_V1___.jpg\"><img decoding=\"async\" alt=\"1\" src=\"https:\/\/m.media-amazon.com\/images\/S\/aplus-media-library-service-media\/741cddd5-f356-430c-b798-7317f0213e42.__CR0,0,300,225_PT0_SX300_V1___.jpg\">                                            LED hacia el Sur                                         <\/p>\n<p class=\"aplus-p3\"> El teclado utiliza RGB hacia el Sur para obtener un mejor efecto rgb. <\/p>\n<p>                                           <img decoding=\"async\" alt=\"1\" src=\"https:\/\/images-na.ssl-images-amazon.com\/images\/G\/01\/x-locale\/common\/grey-pixel.gif\" class=\"a-lazy-loaded\" data-src=\"https:\/\/m.media-amazon.com\/images\/S\/aplus-media-library-service-media\/bd95c213-b9bc-418e-997a-ab3c4387e7b8.__CR0,0,300,225_PT0_SX300_V1___.jpg\"><img decoding=\"async\" alt=\"1\" src=\"https:\/\/m.media-amazon.com\/images\/S\/aplus-media-library-service-media\/bd95c213-b9bc-418e-997a-ab3c4387e7b8.__CR0,0,300,225_PT0_SX300_V1___.jpg\">                                            Estabilizador prelubricado                                         <\/p>\n<p class=\"aplus-p3\"> Keyboad utiliza un estabilizador prelubricado finamente calibrado. No es el momento de despedirse del temblor de las teclas. <\/p>\n<p>                                           <img decoding=\"async\" alt=\"1\" src=\"https:\/\/images-na.ssl-images-amazon.com\/images\/G\/01\/x-locale\/common\/grey-pixel.gif\" class=\"a-lazy-loaded\" data-src=\"https:\/\/m.media-amazon.com\/images\/S\/aplus-media-library-service-media\/c84dfd1b-5649-48b1-90dd-92dbf67c05d0.__CR0,0,300,225_PT0_SX300_V1___.jpg\"><img decoding=\"async\" alt=\"1\" src=\"https:\/\/m.media-amazon.com\/images\/S\/aplus-media-library-service-media\/c84dfd1b-5649-48b1-90dd-92dbf67c05d0.__CR0,0,300,225_PT0_SX300_V1___.jpg\">                                            5 capas de espuma insonorizada                                         <\/p>\n<p class=\"aplus-p3\"> Cinco capas de espuma absorbente de sonido garantizan que cada tecla sea muy suave y produzca un sonido agradable de mecanograf\u00eda. <\/p>\n<p>                                           <img decoding=\"async\" alt=\"Soporte o soporte plegable peque\u00f1o de pl\u00e1stico blanco montado en una esquina de superficie rosa y violeta.\" src=\"https:\/\/images-na.ssl-images-amazon.com\/images\/G\/01\/x-locale\/common\/grey-pixel.gif\" class=\"a-lazy-loaded\" data-src=\"https:\/\/m.media-amazon.com\/images\/S\/aplus-media-library-service-media\/e32d6be8-0356-4a1b-b9ac-a727ae72af2c.__CR0,0,300,225_PT0_SX300_V1___.jpg\"><img decoding=\"async\" alt=\"Soporte o soporte plegable peque\u00f1o de pl\u00e1stico blanco montado en una esquina de superficie rosa y violeta.\" src=\"https:\/\/m.media-amazon.com\/images\/S\/aplus-media-library-service-media\/e32d6be8-0356-4a1b-b9ac-a727ae72af2c.__CR0,0,300,225_PT0_SX300_V1___.jpg\">                                            \u00e1ngulo del teclado ajustable                                         <\/p>\n<p class=\"aplus-p3\"> Equipado con 2 teclados ajustables, le ofrece el \u00e1ngulo c\u00f3modo que necesita para jugar un marat\u00f3n. <\/p>\n<p>                                                                                                       <img decoding=\"async\" alt=\"Preguntas frecuentes sobre el dise\u00f1o de las preguntas frecuentes de soporte t\u00e9cnico con preguntas sobre problemas con la iluminaci\u00f3n del teclado. Est\u00e9tica rosa y blanca con elementos decorativos alrededor de las im\u00e1genes del teclado.\" src=\"https:\/\/images-na.ssl-images-amazon.com\/images\/G\/01\/x-locale\/common\/grey-pixel.gif\" class=\"a-lazy-loaded\" data-src=\"https:\/\/m.media-amazon.com\/images\/S\/aplus-media-library-service-media\/29023108-bb60-4e24-b049-69a70252ab9a.__CR0,0,1464,600_PT0_SX1464_V1___.jpg\"><img decoding=\"async\" alt=\"Preguntas frecuentes sobre el dise\u00f1o de las preguntas frecuentes de soporte t\u00e9cnico con preguntas sobre problemas con la iluminaci\u00f3n del teclado. Est\u00e9tica rosa y blanca con elementos decorativos alrededor de las im\u00e1genes del teclado.\" src=\"https:\/\/m.media-amazon.com\/images\/S\/aplus-media-library-service-media\/29023108-bb60-4e24-b049-69a70252ab9a.__CR0,0,1464,600_PT0_SX1464_V1___.jpg\">                                               <\/p>\n<p> Batteries                                            \u200f                                            :                                            \u200e                                            1 D batteries required. (included)   <br \/> Product Dimensions                                            \u200f                                            :                                            \u200e                                            33.44 x 334.4 x 4.21 cm; 900 g   <br \/> Manufacturer                                            \u200f                                            :                                            \u200e                                            YUNZII   <br \/> ASIN                                            \u200f                                            :                                            \u200e                                            B0D17X2Y4D   <br \/> Item model number                                            \u200f                                            :                                            \u200e                                            B75 PRO   <br \/> Country\/Region of Origin                                            \u200f                                            :                                            \u200e                                            China   <br \/> Guaranteed software updates until                                            \u200f                                            :                                            \u200e                                            unknown   <br \/>  Customer reviews:                                                                                            4.6               4.6 out of 5 stars                                  (1,663)                                              var dpAcrHasRegisteredArcLinkClickAction;                    P.when(&#8216;A&#8217;, &#8216;ready&#8217;).execute(function(A) {                        if (dpAcrHasRegisteredArcLinkClickAction !== true) {                            dpAcrHasRegisteredArcLinkClickAction = true;                            A.declarative(                                &#8216;acrLink-click-metrics&#8217;, &#8216;click&#8217;,                                { \u00aballowLinkDefault\u00bb: true },                                function (event) {                                    if (window.ue) {                                        ue.count(\u00abacrLinkClickCount\u00bb, (ue.count(\u00abacrLinkClickCount\u00bb) || 0) + 1);                                    }                                }                            );                        }                    });                                             P.when(&#8216;A&#8217;, &#8216;cf&#8217;).execute(function(A) {                A.declarative(&#8216;acrStarsLink-click-metrics&#8217;, &#8216;click&#8217;, { \u00aballowLinkDefault\u00bb : true },  function(event){                    if(window.ue) {                        ue.count(\u00abacrStarsLinkWithPopoverClickCount\u00bb, (ue.count(\u00abacrStarsLinkWithPopoverClickCount\u00bb) || 0) + 1);                    }                });            });                          <\/p>\n<p>75% Prozent Tastatur mit Knopf: B75 PRO ist eine kompakte Tastatur mit Knopf und 82 Tastenkappen. Die TKL-Tastatur hat Zifferntasten, Funktionstasten und Pfeiltasten gleichzeitig. Mit dem Multifunktionsknopf k\u00f6nnen Sie die Lautst\u00e4rke und die Hintergrundbeleuchtung schnell einstellen. Durch langes Dr\u00fccken des Knopfes k\u00f6nnen Sie zwischen Gaming- und Office-Modus umschalten, durch Drehen des Knopfes k\u00f6nnen Sie die Lautst\u00e4rke der Tastatur und die RGB-Hintergrundbeleuchtung einstellen.<br \/>Dichtungs-Tastatur: Die cremige Tastatur ist mit der fortschrittlichsten Dichtungs-Tastaturstruktur entworfen. Mit 5-lagiger Polsterung, Noise Cancelling Design, Double Shot Keycaps, pr\u00e4zise abgestimmten Stabilisatoren und vorgeschmierten mechanischen Schaltern bietet diese lineare Tastatur ein nahezu cremig klingendes Tastaturerlebnis und ein solide Tippgef\u00fchl.<br \/>Die drahtlose Gaming-Tastatur unterst\u00fctzt Bluetooth, 2.4Ghz drahtlose und stabile kabelgebundene Verbindung. Eingebauter 4000mah Akku mit hoher Kapazit\u00e4t, diese mechanische Tastatur wireless bietet l\u00e4ngere Nutzungszeiten in un\u00fcbersichtlicher drahtloser Einrichtung. Diese gro\u00dfe Akkukapazit\u00e4t sorgt daf\u00fcr, dass die kabellose Bluetooth-Gaming-Tastatur immer bereit f\u00fcr lange Arbeit oder intensiven Gaming-Modus ist.<br \/>Hot Swappable Keyboard: Diese mechanische Tastatur verf\u00fcgt \u00fcber Volltasten-Hot-Swappable-Buchsen und extreaktionsschnelle Low-Latency-Buchsen. Hochwertige Leiterplatte der benutzerdefinierten Tastatur, die mit 3-Pin- oder 5-Pin-Switches kompatibel ist, erf\u00fcllt Ihr gew\u00fcnschtes Schreibgef\u00fchl, egal ob f\u00fcr Spiele, Tippen oder kreative Bem\u00fchungen. Vorgeschmierte lineare und taktile Schalter haben ein einzigartiges Design, soliden Klang und ausgezeichnetes Tastaturgef\u00fchl.<br \/>Programmierbare Dichtungstatur mit Hintergrundbeleuchtung: Die beleuchtete Tastatur verf\u00fcgt \u00fcber mehr als 20 integrierte Hintergrundbeleuchtungsmodi und nach S\u00fcden gerichtete LEDs. Eine Vielzahl von dynamischen RGB-Effekten und programmierbarer Software erm\u00f6glicht es Ihnen, den unbegrenzten Spa\u00df der Anpassung zu erleben. Programmierbare Funktion dieser RGB-Tastatur erm\u00f6glicht die Neudefinition der Taste, Makro-Einstellungen und RGB in Win-System anpassen, kompatibel mit Win und MacOS.<\/p>\n\n","protected":false},"excerpt":{"rendered":"<p> Product Description The video showcases the product in use.The video guides you through product setup.The<\/p>","protected":false},"featured_media":34449,"comment_status":"open","ping_status":"closed","template":"","meta":[],"product_brand":[],"product_cat":[49],"product_tag":[5183,746,743,9815,747,3646,1300,617,740,3154,518,9070,9071,1227,739,744,163,1347,742,9072,745,5184,1062,875,226,741,5182],"class_list":{"0":"post-34448","1":"product","2":"type-product","3":"status-publish","4":"has-post-thumbnail","6":"product_cat-keyboards","7":"product_tag-b75","8":"product_tag-backlit-keyboard","9":"product_tag-bluetooth-keyboard","10":"product_tag-cocoa","11":"product_tag-compact-keyboard","12":"product_tag-cream","13":"product_tag-custom","14":"product_tag-gaming","15":"product_tag-gaming-keyboard","16":"product_tag-hot","17":"product_tag-keyboard","18":"product_tag-keyboard75","19":"product_tag-knobprelubed","20":"product_tag-mechanical","21":"product_tag-mechanical-keyboard","22":"product_tag-office-keyboard","23":"product_tag-pro","24":"product_tag-purple","25":"product_tag-rgb-keyboard","26":"product_tag-rgbbttypec2-4g","27":"product_tag-silent-keyboard","28":"product_tag-swap","29":"product_tag-switch","30":"product_tag-switches","31":"product_tag-wireless","32":"product_tag-wireless-keyboard","33":"product_tag-yunzii","35":"first","36":"instock","37":"shipping-taxable","38":"product-type-external"},"_links":{"self":[{"href":"https:\/\/comprasyconsejos.store\/en\/wp-json\/wp\/v2\/product\/34448","targetHints":{"allow":["GET"]}}],"collection":[{"href":"https:\/\/comprasyconsejos.store\/en\/wp-json\/wp\/v2\/product"}],"about":[{"href":"https:\/\/comprasyconsejos.store\/en\/wp-json\/wp\/v2\/types\/product"}],"replies":[{"embeddable":true,"href":"https:\/\/comprasyconsejos.store\/en\/wp-json\/wp\/v2\/comments?post=34448"}],"version-history":[{"count":0,"href":"https:\/\/comprasyconsejos.store\/en\/wp-json\/wp\/v2\/product\/34448\/revisions"}],"wp:featuredmedia":[{"embeddable":true,"href":"https:\/\/comprasyconsejos.store\/en\/wp-json\/wp\/v2\/media\/34449"}],"wp:attachment":[{"href":"https:\/\/comprasyconsejos.store\/en\/wp-json\/wp\/v2\/media?parent=34448"}],"wp:term":[{"taxonomy":"product_brand","embeddable":true,"href":"https:\/\/comprasyconsejos.store\/en\/wp-json\/wp\/v2\/product_brand?post=34448"},{"taxonomy":"product_cat","embeddable":true,"href":"https:\/\/comprasyconsejos.store\/en\/wp-json\/wp\/v2\/product_cat?post=34448"},{"taxonomy":"product_tag","embeddable":true,"href":"https:\/\/comprasyconsejos.store\/en\/wp-json\/wp\/v2\/product_tag?post=34448"}],"curies":[{"name":"wp","href":"https:\/\/api.w.org\/{rel}","templated":true}]}}