{"id":34454,"date":"2026-02-25T12:41:43","date_gmt":"2026-02-25T12:41:43","guid":{"rendered":"https:\/\/comprasyconsejos.store\/product\/logitech-m110-wired-usb-mouse-silent-buttons-comfortable-full-use-design-ambidextrous-pc-mac-laptop-grey\/"},"modified":"2026-02-25T12:41:45","modified_gmt":"2026-02-25T12:41:45","slug":"logitech-m110-wired-usb-mouse-silent-buttons-comfortable-full-use-design-ambidextrous-pc-mac-laptop-grey","status":"publish","type":"product","link":"https:\/\/comprasyconsejos.store\/en\/product\/logitech-m110-wired-usb-mouse-silent-buttons-comfortable-full-use-design-ambidextrous-pc-mac-laptop-grey\/","title":{"rendered":"Logitech M110 Wired USB Mouse, Silent Buttons, Comfortable Full-Use Design, Ambidextrous PC\/Mac\/Laptop &#8211; Grey"},"content":{"rendered":"<p>Price: <span style=\"color:#b12704\"><del>\u20ac16.99<\/del> - \u20ac13.50<\/span><br \/><i><small>(as of Feb 25, 2026 12:41:43 UTC &#8211; <span class=\"wp_automatic_amazon_disclaimer\" title=\"Product prices and availability are accurate as of the date\/time indicated and are subject to change. Any price and availability information displayed on [relevant Amazon Site(s), as applicable] at the time of purchase will apply to the purchase of this product.\">Details<\/span>)<\/small><\/i><\/p>\n<p><a href=\"https:\/\/amazon.es\/dp\/B07W6HCYV2?tag=man008-21\"><img decoding=\"async\" src=\"https:\/\/valvepress.s3.amazonaws.com\/imgs\/buy_now.png\"><\/a><br \/>\n<\/p>\n<p>                                             From the manufacturer   <\/p>\n<p>                                                         <img decoding=\"async\" alt=\"Logo\" src=\"https:\/\/images-na.ssl-images-amazon.com\/images\/G\/01\/x-locale\/common\/grey-pixel.gif\" class=\"a-lazy-loaded\" data-src=\"https:\/\/m.media-amazon.com\/images\/S\/aplus-media\/sota\/518b8b84-3b84-4763-81a3-ec65fe628280.__CR0,0,600,180_PT0_SX600_V1___.jpg\"><img decoding=\"async\" alt=\"Logo\" src=\"https:\/\/m.media-amazon.com\/images\/S\/aplus-media\/sota\/518b8b84-3b84-4763-81a3-ec65fe628280.__CR0,0,600,180_PT0_SX600_V1___.jpg\">      <\/p>\n<p>                                                  <img decoding=\"async\" alt=\"Empresa\" src=\"https:\/\/images-na.ssl-images-amazon.com\/images\/G\/01\/x-locale\/common\/grey-pixel.gif\" class=\"a-lazy-loaded\" data-src=\"https:\/\/m.media-amazon.com\/images\/S\/aplus-media\/sota\/ffa2f066-5233-43d6-aaf9-fbca6baf703a.__CR265,0,970,300_PT0_SX970_V1___.jpg\"><img decoding=\"async\" alt=\"Empresa\" src=\"https:\/\/m.media-amazon.com\/images\/S\/aplus-media\/sota\/ffa2f066-5233-43d6-aaf9-fbca6baf703a.__CR265,0,970,300_PT0_SX970_V1___.jpg\">  <\/p>\n<h3 class=\"a-spacing-small\"> Categor\u00edas destacadas <\/h3>\n<p class=\"apm-text-center\">\n                                                      <img decoding=\"async\" alt=\"Luces\" src=\"https:\/\/images-na.ssl-images-amazon.com\/images\/G\/01\/x-locale\/common\/grey-pixel.gif\" class=\"a-lazy-loaded\" data-src=\"https:\/\/m.media-amazon.com\/images\/S\/aplus-media\/sota\/d8eee236-0442-406c-ac19-6b02c4bb7e42.__CR63,0,250,250_PT0_SX220_V1___.jpg\"><img decoding=\"async\" alt=\"Luces\" src=\"https:\/\/m.media-amazon.com\/images\/S\/aplus-media\/sota\/d8eee236-0442-406c-ac19-6b02c4bb7e42.__CR63,0,250,250_PT0_SX220_V1___.jpg\">  <\/p>\n<p>                                                    La clave de un aspecto natural y radiante ante la c\u00e1mara                                     <\/p>\n<p class=\"a-size-small\"> Logitech ofrece una amplia variedad de opciones de iluminaci\u00f3n para creadores de contenido: Logitech for creators. <\/p>\n<p class=\"apm-text-center\">\n                                                      <img decoding=\"async\" alt=\"Ratones\" src=\"https:\/\/images-na.ssl-images-amazon.com\/images\/G\/01\/x-locale\/common\/grey-pixel.gif\" class=\"a-lazy-loaded\" data-src=\"https:\/\/m.media-amazon.com\/images\/S\/aplus-media\/sota\/d940c120-75c2-45d2-9c04-087229254f99.__CR63,0,250,250_PT0_SX220_V1___.jpg\"><img decoding=\"async\" alt=\"Ratones\" src=\"https:\/\/m.media-amazon.com\/images\/S\/aplus-media\/sota\/d940c120-75c2-45d2-9c04-087229254f99.__CR63,0,250,250_PT0_SX220_V1___.jpg\">  <\/p>\n<p>                                                    Encuentra la pareja: un rat\u00f3n para cada mano                                     <\/p>\n<p class=\"a-size-small\"> Precisi\u00f3n, rendimiento y dominio son algunas de las prestaciones de los perif\u00e9ricos de la marca. <\/p>\n<p class=\"apm-text-center\">\n                                                      <img decoding=\"async\" alt=\"Auriculares\" src=\"https:\/\/images-na.ssl-images-amazon.com\/images\/G\/01\/x-locale\/common\/grey-pixel.gif\" class=\"a-lazy-loaded\" data-src=\"https:\/\/m.media-amazon.com\/images\/S\/aplus-media\/sota\/b9d4634f-8b57-4b81-881f-3302e8c85786.__CR63,0,250,250_PT0_SX220_V1___.jpg\"><img decoding=\"async\" alt=\"Auriculares\" src=\"https:\/\/m.media-amazon.com\/images\/S\/aplus-media\/sota\/b9d4634f-8b57-4b81-881f-3302e8c85786.__CR63,0,250,250_PT0_SX220_V1___.jpg\">  <\/p>\n<p>                                                    Oye y hazte o\u00edr con claridad: mejora tus llamadas                                      <\/p>\n<p class=\"a-size-small\"> Encuentra opciones con micr\u00f3fonos con supresi\u00f3n de ruido u opciones de audio inmersivo. <\/p>\n<p class=\"apm-text-center\">\n                                                      <img decoding=\"async\" alt=\"C\u00e1maras\" src=\"https:\/\/images-na.ssl-images-amazon.com\/images\/G\/01\/x-locale\/common\/grey-pixel.gif\" class=\"a-lazy-loaded\" data-src=\"https:\/\/m.media-amazon.com\/images\/S\/aplus-media\/sota\/38ffb3bc-42d5-4d10-9c5c-72fca9fe966a.__CR63,0,250,250_PT0_SX220_V1___.jpg\"><img decoding=\"async\" alt=\"C\u00e1maras\" src=\"https:\/\/m.media-amazon.com\/images\/S\/aplus-media\/sota\/38ffb3bc-42d5-4d10-9c5c-72fca9fe966a.__CR63,0,250,250_PT0_SX220_V1___.jpg\">  <\/p>\n<p>                                                    Mejora tu experiencia de video                                     <\/p>\n<p class=\"a-size-small\"> Ofrece tu mejor imagen y sonido: que te vean como t\u00fa quieres. <\/p>\n<p>                                                  <img decoding=\"async\" alt=\"Teclados\" src=\"https:\/\/images-na.ssl-images-amazon.com\/images\/G\/01\/x-locale\/common\/grey-pixel.gif\" class=\"a-lazy-loaded\" data-src=\"https:\/\/m.media-amazon.com\/images\/S\/aplus-media\/sota\/303774b0-854b-4fdc-8902-3555971b1b74.__CR0,0,1500,1500_PT0_SX300_V1___.jpg\"><img decoding=\"async\" alt=\"Teclados\" src=\"https:\/\/m.media-amazon.com\/images\/S\/aplus-media\/sota\/303774b0-854b-4fdc-8902-3555971b1b74.__CR0,0,1500,1500_PT0_SX300_V1___.jpg\">  <\/p>\n<h3 class=\"a-spacing-mini\"> Teclados y combos <\/h3>\n<p> Encuentra tu teclado adecuado seg\u00fan tu tipo de actividad. Elige un teclado solo, adqui\u00e9relo con rat\u00f3n incluido. Con y sin cable. Tambi\u00e9n con mando y reposa manos. Amplia variedad de opciones. <\/p>\n<p>                                                  <img decoding=\"async\" alt=\"Altavoces\" src=\"https:\/\/images-na.ssl-images-amazon.com\/images\/G\/01\/x-locale\/common\/grey-pixel.gif\" class=\"a-lazy-loaded\" data-src=\"https:\/\/m.media-amazon.com\/images\/S\/aplus-media\/sota\/b5606643-151d-4de8-8552-0d73b7443658.__CR0,1,748,748_PT0_SX300_V1___.jpg\"><img decoding=\"async\" alt=\"Altavoces\" src=\"https:\/\/m.media-amazon.com\/images\/S\/aplus-media\/sota\/b5606643-151d-4de8-8552-0d73b7443658.__CR0,1,748,748_PT0_SX300_V1___.jpg\">  <\/p>\n<h3 class=\"a-spacing-mini\"> Altavoces para PC <\/h3>\n<p> Calidad de altavoces que se puede ver adem\u00e1s de o\u00edr. M\u00faltiples opciones para aumentar la fidelidad del sonido de tu ordenador. <\/p>\n<p> Product Dimensions                                            \u200f                                            :                                            \u200e                                            11.29 x 6.17 x 3.84 cm; 85 g   <br \/> Manufacturer                                            \u200f                                            :                                            \u200e                                            Logitech   <br \/> ASIN                                            \u200f                                            :                                            \u200e                                            B07W6HCYV2   <br \/> Item model number                                            \u200f                                            :                                            \u200e                                            910-006760   <br \/> Country of origin                                            \u200f                                            :                                            \u200e                                            China   <br \/> Guaranteed software updates until                                            \u200f                                            :                                            \u200e                                            unknown   <br \/>  Customer reviews:                                                                                            4.5               4.5 out of 5 stars                                  (4,336)                                              var dpAcrHasRegisteredArcLinkClickAction;                    P.when(&#8216;A&#8217;, &#8216;ready&#8217;).execute(function(A) {                        if (dpAcrHasRegisteredArcLinkClickAction !== true) {                            dpAcrHasRegisteredArcLinkClickAction = true;                            A.declarative(                                &#8216;acrLink-click-metrics&#8217;, &#8216;click&#8217;,                                { \u00aballowLinkDefault\u00bb: true },                                function (event) {                                    if (window.ue) {                                        ue.count(\u00abacrLinkClickCount\u00bb, (ue.count(\u00abacrLinkClickCount\u00bb) || 0) + 1);                                    }                                }                            );                        }                    });                                             P.when(&#8216;A&#8217;, &#8216;cf&#8217;).execute(function(A) {                A.declarative(&#8216;acrStarsLink-click-metrics&#8217;, &#8216;click&#8217;, { \u00aballowLinkDefault\u00bb : true },  function(event){                    if(window.ue) {                        ue.count(\u00abacrStarsLinkWithPopoverClickCount\u00bb, (ue.count(\u00abacrStarsLinkWithPopoverClickCount\u00bb) || 0) + 1);                    }                });            });                          <\/p>\n<p>The sound of silence: The Logitech M110 mouse delivers the same click feeling with over 90% noise reduction in click sound. Enjoy a quiet experience for you and your loved ones<br \/>Easy to set up and use: No software is required. Just plug the cable into a USB port and use your new optical computer mouse right away, both on Windows and Mac<br \/>Smooth Control: Smooth and responsive mouse cursor control for PC or laptop offers precise tracking and easy text selection<br \/>Ambidextrous design: Whether you are right-handed or left-handed, the mouse fits comfortably in anyone&#8217;s palm<br \/>Upgrade the Logitech M330 Wireless Silent Mouse to increase comfort: Sculptural shape and soft rubber grips, silent clicks and wireless freedom<\/p>\n\n","protected":false},"excerpt":{"rendered":"<p> From the manufacturer Categor\u00edas destacadas La clave de un aspecto natural y radiante ante la<\/p>","protected":false},"featured_media":34455,"comment_status":"open","ping_status":"closed","template":"","meta":[],"product_brand":[],"product_cat":[50],"product_tag":[893,765,759,771,1146,756,939,761,9817,758,204,748,9816,767,2819,763,760,1010,764,133,762,750,757],"class_list":{"0":"post-34454","1":"product","2":"type-product","3":"status-publish","4":"has-post-thumbnail","6":"product_cat-mouse","7":"product_tag-ambidextrous","8":"product_tag-best-gaming-mouse","9":"product_tag-bluetooth-mouse","10":"product_tag-buttons","11":"product_tag-comfortable","12":"product_tag-computer-mouse","13":"product_tag-design","14":"product_tag-ergonomic-mouse","15":"product_tag-fulluse","16":"product_tag-gaming-mouse","17":"product_tag-grey","18":"product_tag-logitech","19":"product_tag-m110","20":"product_tag-mouse","21":"product_tag-pcmaclaptop","22":"product_tag-rechargeable-mouse","23":"product_tag-rgb-mouse","24":"product_tag-silent","25":"product_tag-silent-mouse","26":"product_tag-usb","27":"product_tag-usb-mouse","28":"product_tag-wired","29":"product_tag-wireless-mouse","31":"first","32":"instock","33":"sale","34":"shipping-taxable","35":"product-type-external"},"_links":{"self":[{"href":"https:\/\/comprasyconsejos.store\/en\/wp-json\/wp\/v2\/product\/34454","targetHints":{"allow":["GET"]}}],"collection":[{"href":"https:\/\/comprasyconsejos.store\/en\/wp-json\/wp\/v2\/product"}],"about":[{"href":"https:\/\/comprasyconsejos.store\/en\/wp-json\/wp\/v2\/types\/product"}],"replies":[{"embeddable":true,"href":"https:\/\/comprasyconsejos.store\/en\/wp-json\/wp\/v2\/comments?post=34454"}],"version-history":[{"count":0,"href":"https:\/\/comprasyconsejos.store\/en\/wp-json\/wp\/v2\/product\/34454\/revisions"}],"wp:featuredmedia":[{"embeddable":true,"href":"https:\/\/comprasyconsejos.store\/en\/wp-json\/wp\/v2\/media\/34455"}],"wp:attachment":[{"href":"https:\/\/comprasyconsejos.store\/en\/wp-json\/wp\/v2\/media?parent=34454"}],"wp:term":[{"taxonomy":"product_brand","embeddable":true,"href":"https:\/\/comprasyconsejos.store\/en\/wp-json\/wp\/v2\/product_brand?post=34454"},{"taxonomy":"product_cat","embeddable":true,"href":"https:\/\/comprasyconsejos.store\/en\/wp-json\/wp\/v2\/product_cat?post=34454"},{"taxonomy":"product_tag","embeddable":true,"href":"https:\/\/comprasyconsejos.store\/en\/wp-json\/wp\/v2\/product_tag?post=34454"}],"curies":[{"name":"wp","href":"https:\/\/api.w.org\/{rel}","templated":true}]}}