{"id":34509,"date":"2026-02-25T16:39:03","date_gmt":"2026-02-25T16:39:03","guid":{"rendered":"https:\/\/comprasyconsejos.store\/product\/lenovo-ideapad-gaming-3-gen-6-laptop-15-6-inch-fullhd-60hz-amd-ryzen-5-5600h-8gb-ram-256gb-ssd-nvidia-geforce-gtx-1650-4gb-gddr6-freedos-black-portuguese-qwerty-keyboard-82k\/"},"modified":"2026-02-25T16:39:14","modified_gmt":"2026-02-25T16:39:14","slug":"lenovo-ideapad-gaming-3-gen-6-laptop-15-6-inch-fullhd-60hz-amd-ryzen-5-5600h-8gb-ram-256gb-ssd-nvidia-geforce-gtx-1650-4gb-gddr6-freedos-black-portuguese-qwerty-keyboard-82k","status":"publish","type":"product","link":"https:\/\/comprasyconsejos.store\/en\/product\/lenovo-ideapad-gaming-3-gen-6-laptop-15-6-inch-fullhd-60hz-amd-ryzen-5-5600h-8gb-ram-256gb-ssd-nvidia-geforce-gtx-1650-4gb-gddr6-freedos-black-portuguese-qwerty-keyboard-82k\/","title":{"rendered":"Lenovo IdeaPad Gaming 3 Gen 6 \u2013 Laptop 15.6 inch FullHD 60Hz (AMD Ryzen 5 5600H, 8GB RAM, 256GB SSD, NVIDIA GeForce GTX 1650 4GB GDDR6, FreeDOS) Black \u2013 Portuguese QWERTY Keyboard (82K201L0PG)"},"content":{"rendered":"<p>Price: <span style=\"color:#b12704\">\u20ac688.61<\/span><br \/><i><small>(as of Feb 25, 2026 16:39:03 UTC &#8211; <span class=\"wp_automatic_amazon_disclaimer\" title=\"Product prices and availability are accurate as of the date\/time indicated and are subject to change. Any price and availability information displayed on [relevant Amazon Site(s), as applicable] at the time of purchase will apply to the purchase of this product.\">Details<\/span>)<\/small><\/i><\/p>\n<p><a href=\"https:\/\/amazon.es\/dp\/B0B2WW81VS?tag=man008-21\"><img decoding=\"async\" src=\"https:\/\/valvepress.s3.amazonaws.com\/imgs\/buy_now.png\"><\/a><br \/>\n<\/p>\n<p>                                             From the manufacturer   <\/p>\n<p>                                                                             <img decoding=\"async\" alt=\" \" src=\"https:\/\/images-na.ssl-images-amazon.com\/images\/G\/01\/x-locale\/common\/grey-pixel.gif\" class=\"a-spacing-base a-lazy-loaded\" data-src=\"https:\/\/m.media-amazon.com\/images\/S\/aplus-media\/sota\/07ee7f54-91b8-4b71-8c93-c73d88c7e4ce.__CR212,167,1036,641_PT0_SX970_V1___.png\"><img decoding=\"async\" alt=\" \" src=\"https:\/\/m.media-amazon.com\/images\/S\/aplus-media\/sota\/07ee7f54-91b8-4b71-8c93-c73d88c7e4ce.__CR212,167,1036,641_PT0_SX970_V1___.png\">                                                                    <\/p>\n<p>                                                                             <img decoding=\"async\" alt=\" \" src=\"https:\/\/images-na.ssl-images-amazon.com\/images\/G\/01\/x-locale\/common\/grey-pixel.gif\" class=\"a-spacing-base a-lazy-loaded\" data-src=\"https:\/\/m.media-amazon.com\/images\/S\/aplus-media\/sota\/1896b106-1a97-4b52-8d1c-8f204de6ec09.__CR203,88,975,603_PT0_SX970_V1___.png\"><img decoding=\"async\" alt=\" \" src=\"https:\/\/m.media-amazon.com\/images\/S\/aplus-media\/sota\/1896b106-1a97-4b52-8d1c-8f204de6ec09.__CR203,88,975,603_PT0_SX970_V1___.png\">                                         <\/p>\n<h3 class=\"a-spacing-mini\"> Nuestra empresa <\/h3>\n<p class=\"a-spacing-base\"> Ofrecemos una cartera completa de ordenadores y tablets, monitores, accesorios, tel\u00e9fonos inteligentes, hogar smart y soluciones de colaboraci\u00f3n smart, realidad aumentada y realidad virtual (AR \/ VR), Internet comercial de las cosas (IoT), software, servicios y soluciones de centros de datos de infraestructura smart en todo el mundo. <\/p>\n<p class=\"a-spacing-base\"> Fabricamos la mayor\u00eda de nuestros productos en nuestras propias instalaciones. Este modelo h\u00edbrido nos ayuda a presentar nuevas innovaciones al mercado de manera eficiente al tiempo que tenemos un mayor control sobre el desarrollo de productos y la cadena de suministro para obtener ventajas en calidad y seguridad. <\/p>\n<p class=\"a-spacing-base\"> A trav\u00e9s de nuestra investigaci\u00f3n, podemos comprender mejor el comportamiento humano y desbloquear conocimientos que contribuyan al desarrollo continuo de productos, soluciones, software y servicios centrados en el cliente. <\/p>\n<p class=\"a-spacing-base\"> Estrategia de Lenovo: La estrategia de las 3S abarca IoT smart, infraestructura smart y verticales smart, y nos ayuda a ofrecer una transformaci\u00f3n basada en los servicios. Resolvemos los desaf\u00edos comerciales convirti\u00e9ndonos en una fuente de confianza en los \u00e1mbitos del hardware, software y los servicios para nuestros clientes. <\/p>\n<p class=\"a-spacing-base\"> Creemos que una tecnolog\u00eda m\u00e1s Smart puede resolver problemas, crear  oportunidades y transformar el modo en que todos vivimos, aprendemos,  trabajamos y nos curamos. Transformamos el mundo de forma inteligente. <\/p>\n<p>                                                  <img decoding=\"async\" alt=\" \" src=\"https:\/\/images-na.ssl-images-amazon.com\/images\/G\/01\/x-locale\/common\/grey-pixel.gif\" class=\"a-lazy-loaded\" data-src=\"https:\/\/m.media-amazon.com\/images\/S\/aplus-media\/sota\/9f21a230-065b-4fa7-95e2-b1f0e4c07131.__CR0,82,1436,444_PT0_SX970_V1___.png\"><img decoding=\"async\" alt=\" \" src=\"https:\/\/m.media-amazon.com\/images\/S\/aplus-media\/sota\/9f21a230-065b-4fa7-95e2-b1f0e4c07131.__CR0,82,1436,444_PT0_SX970_V1___.png\">  <\/p>\n<p>                                                  <img decoding=\"async\" alt=\" \" src=\"https:\/\/images-na.ssl-images-amazon.com\/images\/G\/01\/x-locale\/common\/grey-pixel.gif\" class=\"a-lazy-loaded\" data-src=\"https:\/\/m.media-amazon.com\/images\/S\/aplus-media\/sota\/00cb0103-c821-4b76-af12-5dee2205b6e5.__CR0,83,1530,473_PT0_SX970_V1___.png\"><img decoding=\"async\" alt=\" \" src=\"https:\/\/m.media-amazon.com\/images\/S\/aplus-media\/sota\/00cb0103-c821-4b76-af12-5dee2205b6e5.__CR0,83,1530,473_PT0_SX970_V1___.png\">  <\/p>\n<h3> Gestiona tu tiempo, todo el d\u00eda <\/h3>\n<p>                                                  <img decoding=\"async\" alt=\" \" src=\"https:\/\/images-na.ssl-images-amazon.com\/images\/G\/01\/x-locale\/common\/grey-pixel.gif\" class=\"a-lazy-loaded\" data-src=\"https:\/\/m.media-amazon.com\/images\/S\/aplus-media\/sota\/606a822e-7e4c-41cc-b351-e015d1954a26.__CR275,131,1281,396_PT0_SX970_V1___.jpg\"><img decoding=\"async\" alt=\" \" src=\"https:\/\/m.media-amazon.com\/images\/S\/aplus-media\/sota\/606a822e-7e4c-41cc-b351-e015d1954a26.__CR275,131,1281,396_PT0_SX970_V1___.jpg\">  <\/p>\n<h3> Controla tu iluminaci\u00f3n sin usar las manos y con control de voz <\/h3>\n<p> Product Dimensions                                            \u200f                                            :                                            \u200e                                            35.96 x 2.42 x 25.19 cm; 2.25 kg   <br \/> Manufacturer                                            \u200f                                            :                                            \u200e                                            Lenovo   <br \/> ASIN                                            \u200f                                            :                                            \u200e                                            B0B2WW81VS   <br \/> Item model number                                            \u200f                                            :                                            \u200e                                            15ACH6   <br \/> Country of origin                                            \u200f                                            :                                            \u200e                                            China   <br \/> Guaranteed software updates until                                            \u200f                                            :                                            \u200e                                            unknown   <br \/>  Customer reviews:                                                                                            4.2               4.2 out of 5 stars                                  (206)                                              var dpAcrHasRegisteredArcLinkClickAction;                    P.when(&#8216;A&#8217;, &#8216;ready&#8217;).execute(function(A) {                        if (dpAcrHasRegisteredArcLinkClickAction !== true) {                            dpAcrHasRegisteredArcLinkClickAction = true;                            A.declarative(                                &#8216;acrLink-click-metrics&#8217;, &#8216;click&#8217;,                                { \u00aballowLinkDefault\u00bb: true },                                function (event) {                                    if (window.ue) {                                        ue.count(\u00abacrLinkClickCount\u00bb, (ue.count(\u00abacrLinkClickCount\u00bb) || 0) + 1);                                    }                                }                            );                        }                    });                                             P.when(&#8216;A&#8217;, &#8216;cf&#8217;).execute(function(A) {                A.declarative(&#8216;acrStarsLink-click-metrics&#8217;, &#8216;click&#8217;, { \u00aballowLinkDefault\u00bb : true },  function(event){                    if(window.ue) {                        ue.count(\u00abacrStarsLinkWithPopoverClickCount\u00bb, (ue.count(\u00abacrStarsLinkWithPopoverClickCount\u00bb) || 0) + 1);                    }                });            });                          <\/p>\n<p>15.6 inch screen, FHD 1920&#215;1080 pixels, 60Hz, IPS, 250nits, anti-glare, DC dimmer<br \/>AMD Ryzen 5 5600H Processor (6C\/12T, 3.3\/4.2GHz, 3MB)<br \/>8GB SO-DI mm DDR4-3200 RAM memory expandable up to 16GB<br \/>256GB SSD M.2 2242 PCIe 3.0&#215;4 NVMe Storage Expandable up to 512GB<br \/>NVIDIA GeForce GTX 1650 4GB GDDR6 Graphics Card<br \/>No operating system<br \/>Portuguese QWERTY keyboard<\/p>\n\n","protected":false},"excerpt":{"rendered":"<p> From the manufacturer Nuestra empresa Ofrecemos una cartera completa de ordenadores y tablets, monitores, accesorios,<\/p>","protected":false},"featured_media":34510,"comment_status":"open","ping_status":"closed","template":"","meta":[],"product_brand":[],"product_cat":[86],"product_tag":[526,512,566,5475,1812,9833,622,530,520,307,5816,7231,617,519,524,521,525,522,1435,620,855,1618,523,5930,584,518,159,1054,821,528,7233,858,587,527,531,513],"class_list":{"0":"post-34509","1":"product","2":"type-product","3":"status-publish","4":"has-post-thumbnail","6":"product_cat-gaming-laptop","7":"product_tag-144hz-gaming-laptop","8":"product_tag-256gb","9":"product_tag-4gb","10":"product_tag-5600h","11":"product_tag-60hz","12":"product_tag-82k201l0pg","13":"product_tag-8gb","14":"product_tag-amd","15":"product_tag-best-gaming-laptop","16":"product_tag-black","17":"product_tag-freedos","18":"product_tag-fullhd","19":"product_tag-gaming","20":"product_tag-gaming-laptop","21":"product_tag-gaming-laptop-16gb-ram","22":"product_tag-gaming-laptop-rtx","23":"product_tag-gaming-laptop-ssd","24":"product_tag-gaming-laptop-under-budget","25":"product_tag-gddr6","26":"product_tag-geforce","27":"product_tag-gen","28":"product_tag-gtx","29":"product_tag-high-performance-laptop","30":"product_tag-ideapad","31":"product_tag-inch","32":"product_tag-keyboard","33":"product_tag-laptop","34":"product_tag-lenovo","35":"product_tag-nvidia","36":"product_tag-portable-gaming-laptop","37":"product_tag-portuguese","38":"product_tag-qwerty","39":"product_tag-ram","40":"product_tag-rgb-gaming-laptop","41":"product_tag-ryzen","42":"product_tag-ssd","44":"first","45":"instock","46":"shipping-taxable","47":"product-type-external"},"_links":{"self":[{"href":"https:\/\/comprasyconsejos.store\/en\/wp-json\/wp\/v2\/product\/34509","targetHints":{"allow":["GET"]}}],"collection":[{"href":"https:\/\/comprasyconsejos.store\/en\/wp-json\/wp\/v2\/product"}],"about":[{"href":"https:\/\/comprasyconsejos.store\/en\/wp-json\/wp\/v2\/types\/product"}],"replies":[{"embeddable":true,"href":"https:\/\/comprasyconsejos.store\/en\/wp-json\/wp\/v2\/comments?post=34509"}],"version-history":[{"count":0,"href":"https:\/\/comprasyconsejos.store\/en\/wp-json\/wp\/v2\/product\/34509\/revisions"}],"wp:featuredmedia":[{"embeddable":true,"href":"https:\/\/comprasyconsejos.store\/en\/wp-json\/wp\/v2\/media\/34510"}],"wp:attachment":[{"href":"https:\/\/comprasyconsejos.store\/en\/wp-json\/wp\/v2\/media?parent=34509"}],"wp:term":[{"taxonomy":"product_brand","embeddable":true,"href":"https:\/\/comprasyconsejos.store\/en\/wp-json\/wp\/v2\/product_brand?post=34509"},{"taxonomy":"product_cat","embeddable":true,"href":"https:\/\/comprasyconsejos.store\/en\/wp-json\/wp\/v2\/product_cat?post=34509"},{"taxonomy":"product_tag","embeddable":true,"href":"https:\/\/comprasyconsejos.store\/en\/wp-json\/wp\/v2\/product_tag?post=34509"}],"curies":[{"name":"wp","href":"https:\/\/api.w.org\/{rel}","templated":true}]}}