{"id":34521,"date":"2026-02-25T16:55:35","date_gmt":"2026-02-25T16:55:35","guid":{"rendered":"https:\/\/comprasyconsejos.store\/product\/ruzava-celeron-n5095-laptop-15-6-inch-2-9-ghz-win11-pro-8gb-256gb-ssd-expansion-1tb-5g-wifi-bt4-2-hdml-usb-3-0-portable-with-wireless-mouse-and-spanish-keyboard-membrane-silver-003\/"},"modified":"2026-02-25T16:55:48","modified_gmt":"2026-02-25T16:55:48","slug":"ruzava-celeron-n5095-laptop-15-6-inch-2-9-ghz-win11-pro-8gb-256gb-ssd-expansion-1tb-5g-wifi-bt4-2-hdml-usb-3-0-portable-with-wireless-mouse-and-spanish-keyboard-membrane-silver-003","status":"publish","type":"product","link":"https:\/\/comprasyconsejos.store\/en\/product\/ruzava-celeron-n5095-laptop-15-6-inch-2-9-ghz-win11-pro-8gb-256gb-ssd-expansion-1tb-5g-wifi-bt4-2-hdml-usb-3-0-portable-with-wireless-mouse-and-spanish-keyboard-membrane-silver-003\/","title":{"rendered":"Ruzava Celeron N5095 Laptop 15.6 Inch 2.9 GHz Win11 Pro 8GB 256GB SSD Expansion 1TB 5G WiFi BT4.2 HDMl USB 3.0 Portable with Wireless Mouse and Spanish Keyboard Membrane \u2013 Silver-003"},"content":{"rendered":"<p>Price: <span style=\"color:#b12704\">\u20ac279.99<\/span><br \/><i><small>(as of Feb 25, 2026 16:55:35 UTC &#8211; <span class=\"wp_automatic_amazon_disclaimer\" title=\"Product prices and availability are accurate as of the date\/time indicated and are subject to change. Any price and availability information displayed on [relevant Amazon Site(s), as applicable] at the time of purchase will apply to the purchase of this product.\">Details<\/span>)<\/small><\/i><\/p>\n<p><a href=\"https:\/\/amazon.es\/dp\/B0FW3CWQ3W?tag=man008-21\"><img decoding=\"async\" src=\"https:\/\/valvepress.s3.amazonaws.com\/imgs\/buy_now.png\"><\/a><br \/>\n<\/p>\n<p>                                             Product Description   <\/p>\n<p>The video showcases the product in use.The video guides you through product setup.The video compares multiple products.The video shows the product being unpacked. Ordenador Port\u00e1til 15,6 Pulgadas Merchant video<\/p>\n<p>                                                                                                       <img decoding=\"async\" alt=\"El texto dice \u00abProcesador Celeron N5095\u00bb. Imagen t\u00e9cnica del producto que muestra las especificaciones del procesador del ordenador con efectos de luz azul e indicadores de rendimiento.\" src=\"https:\/\/images-na.ssl-images-amazon.com\/images\/G\/01\/x-locale\/common\/grey-pixel.gif\" class=\"a-lazy-loaded\" data-src=\"https:\/\/m.media-amazon.com\/images\/S\/aplus-media-library-service-media\/928bf685-8154-495b-b63f-71112dcca240.__CR0,0,1464,600_PT0_SX1464_V1___.jpg\"><img decoding=\"async\" alt=\"El texto dice \u00abProcesador Celeron N5095\u00bb. Imagen t\u00e9cnica del producto que muestra las especificaciones del procesador del ordenador con efectos de luz azul e indicadores de rendimiento.\" src=\"https:\/\/m.media-amazon.com\/images\/S\/aplus-media-library-service-media\/928bf685-8154-495b-b63f-71112dcca240.__CR0,0,1464,600_PT0_SX1464_V1___.jpg\">                                               <\/p>\n<p>                                                                                                       <img decoding=\"async\" alt=\"aplus content image\" src=\"https:\/\/images-na.ssl-images-amazon.com\/images\/G\/01\/x-locale\/common\/grey-pixel.gif\" class=\"a-lazy-loaded\" data-src=\"https:\/\/m.media-amazon.com\/images\/S\/aplus-media-library-service-media\/625c9733-1a01-4d57-b7cd-f5e979e6ee76.__CR0,0,1464,600_PT0_SX1464_V1___.jpg\"><img decoding=\"async\" alt=\"aplus content image\" src=\"https:\/\/m.media-amazon.com\/images\/S\/aplus-media-library-service-media\/625c9733-1a01-4d57-b7cd-f5e979e6ee76.__CR0,0,1464,600_PT0_SX1464_V1___.jpg\">                                               <\/p>\n<p>                                                                                                       <img decoding=\"async\" alt=\"aplus content image\" src=\"https:\/\/images-na.ssl-images-amazon.com\/images\/G\/01\/x-locale\/common\/grey-pixel.gif\" class=\"a-lazy-loaded\" data-src=\"https:\/\/m.media-amazon.com\/images\/S\/aplus-media-library-service-media\/54b2d7b2-280a-4b6b-a2e1-928bca08dcc5.__CR0,0,1464,600_PT0_SX1464_V1___.jpg\"><img decoding=\"async\" alt=\"aplus content image\" src=\"https:\/\/m.media-amazon.com\/images\/S\/aplus-media-library-service-media\/54b2d7b2-280a-4b6b-a2e1-928bca08dcc5.__CR0,0,1464,600_PT0_SX1464_V1___.jpg\">                                               <\/p>\n<p>                                                                                                       <img decoding=\"async\" alt=\"El texto dice \u00abTeclado C\u00f3modo y Duradero\u00bb. Varias im\u00e1genes que muestran el uso y las funciones del teclado, incluidas las teclas retroiluminadas.\" src=\"https:\/\/images-na.ssl-images-amazon.com\/images\/G\/01\/x-locale\/common\/grey-pixel.gif\" class=\"a-lazy-loaded\" data-src=\"https:\/\/m.media-amazon.com\/images\/S\/aplus-media-library-service-media\/0006d3da-b570-4629-bba2-ac3e60a6798e.__CR0,0,1464,600_PT0_SX1464_V1___.jpg\"><img decoding=\"async\" alt=\"El texto dice \u00abTeclado C\u00f3modo y Duradero\u00bb. Varias im\u00e1genes que muestran el uso y las funciones del teclado, incluidas las teclas retroiluminadas.\" src=\"https:\/\/m.media-amazon.com\/images\/S\/aplus-media-library-service-media\/0006d3da-b570-4629-bba2-ac3e60a6798e.__CR0,0,1464,600_PT0_SX1464_V1___.jpg\">                                               <\/p>\n<p>                                                                                                       <img decoding=\"async\" alt=\"El texto dice \u00abM\u00faltiples puertos para un f\u00e1cil acceso\u00bb. Base o hub para computadora que muestra varios puertos, incluidas las conexiones USB, HDMI y tipo C.\" src=\"https:\/\/images-na.ssl-images-amazon.com\/images\/G\/01\/x-locale\/common\/grey-pixel.gif\" class=\"a-lazy-loaded\" data-src=\"https:\/\/m.media-amazon.com\/images\/S\/aplus-media-library-service-media\/a41c03c7-e305-4698-9b60-532816fa5147.__CR0,0,1464,600_PT0_SX1464_V1___.jpg\"><img decoding=\"async\" alt=\"El texto dice \u00abM\u00faltiples puertos para un f\u00e1cil acceso\u00bb. Base o hub para computadora que muestra varios puertos, incluidas las conexiones USB, HDMI y tipo C.\" src=\"https:\/\/m.media-amazon.com\/images\/S\/aplus-media-library-service-media\/a41c03c7-e305-4698-9b60-532816fa5147.__CR0,0,1464,600_PT0_SX1464_V1___.jpg\">                                               <\/p>\n<p>                                                                                <img decoding=\"async\" alt=\"con pel\u00edcula protectora y teclado num\u00e9rico independiente. El port\u00e1til se muestra abierto con una escena de la naturaleza en la pantalla. La imagen enfatiza la distribuci\u00f3n del teclado y el teclado num\u00e9rico adicional\" src=\"https:\/\/m.media-amazon.com\/images\/S\/aplus-media-library-service-media\/92f9609f-12b6-4801-a149-e0bdccc8ba1d.__CR0,0,1464,600_PT0_SX1464_V1___.jpg\">                                                    <img decoding=\"async\" alt=\"aplus content image\" src=\"https:\/\/m.media-amazon.com\/images\/S\/aplus-media-library-service-media\/b84ffcbe-56f7-44bf-a9ae-4d5d768eb35b.__CR0,0,1464,600_PT0_SX1464_V1___.jpg\">                                                    <img decoding=\"async\" alt=\"aplus content image\" src=\"https:\/\/m.media-amazon.com\/images\/S\/aplus-media-library-service-media\/0316b996-59bc-4913-ad08-00f7dfbffc1c.__CR0,0,1464,600_PT0_SX1464_V1___.jpg\">                                                    <img decoding=\"async\" alt=\"Imagen compuesta que muestra escenarios de uso de port\u00e1tiles: viajes de negocios, trabajo de oficina y entretenimiento. El port\u00e1til se muestra en tres configuraciones con un texto que describe cada caso de uso\" src=\"https:\/\/m.media-amazon.com\/images\/S\/aplus-media-library-service-media\/4d6089b0-765b-4dc6-9bbb-46bf4a30e446.__CR0,0,1464,600_PT0_SX1464_V1___.jpg\">                   <\/p>\n<p>                       1 Teclado          2 Battery 5000 mAh          3 Tapa de la c\u00e1mara          4 Escenario m\u00faltiple                  <\/p>\n<p> Product Dimensions                                            \u200f                                            :                                            \u200e                                            35.6 x 22.5 x 1.5 cm; 2 kg   <br \/> Manufacturer                                            \u200f                                            :                                            \u200e                                            Ruzava   <br \/> ASIN                                            \u200f                                            :                                            \u200e                                            B0FW3CWQ3W   <br \/> Item model number                                            \u200f                                            :                                            \u200e                                            RK60   <br \/> Guaranteed software updates until                                            \u200f                                            :                                            \u200e                                            unknown   <br \/>  Customer reviews:                                                                                            4.8               4.8 out of 5 stars                                  (9)                                              var dpAcrHasRegisteredArcLinkClickAction;                    P.when(&#8216;A&#8217;, &#8216;ready&#8217;).execute(function(A) {                        if (dpAcrHasRegisteredArcLinkClickAction !== true) {                            dpAcrHasRegisteredArcLinkClickAction = true;                            A.declarative(                                &#8216;acrLink-click-metrics&#8217;, &#8216;click&#8217;,                                { \u00aballowLinkDefault\u00bb: true },                                function (event) {                                    if (window.ue) {                                        ue.count(\u00abacrLinkClickCount\u00bb, (ue.count(\u00abacrLinkClickCount\u00bb) || 0) + 1);                                    }                                }                            );                        }                    });                                             P.when(&#8216;A&#8217;, &#8216;cf&#8217;).execute(function(A) {                A.declarative(&#8216;acrStarsLink-click-metrics&#8217;, &#8216;click&#8217;, { \u00aballowLinkDefault\u00bb : true },  function(event){                    if(window.ue) {                        ue.count(\u00abacrStarsLinkWithPopoverClickCount\u00bb, (ue.count(\u00abacrStarsLinkWithPopoverClickCount\u00bb) || 0) + 1);                    }                });            });                          <\/p>\n<p>Efficient Quad Core Performance + Intelligent Cooling System: Laptop uses a Celeron N5095 quad-core processor (up to 2.9GHz), combined with 8GB DDR4 memory + 256GB solid state drive, which can easily run web browsing, HD video and multitasking. The built-in cooling fan continuously optimizes the temperature of the motherboard to avoid frequency limitation due to overheating and ensure long-term stable operation.<br \/>Integral Interface + Dual Storage Expansion: RK60 laptop is equipped with 3\u00d7USB 3.0, Type-C, HDMI projection port, 3.5mm headphone jack, Micro SD card slot and security lock hole, and can connect to multiple devices such as external monitors, USB flash drives, headphones, etc.256SSD supports dual channel expansion (1TB SSD expansion + card 51 Micro SD 2GB), providing massive storage for photos, videos and documents. (The Type-C interface can only be used to transfer file data)<br \/>LONG BATTERY LIFE + LIGHTNESS AND PORTABILITY: This laptop features a large 5000mAh battery, offering 5-6 hours of continuous video playback or 8 days of standby time. Its ultra-lightweight 1.55 kg body (only 15 mm thick) makes it easy to carry.<br \/>15.6 inch FHD Screen + 180\u00b0 Flexible Open\/Close: 15.6 inch laptop equipped IPS screen with 1920 x 1080 resolution, vivid colors, clear viewing angles, more immersive viewing, design or editing documents. The 180\u00b0 screen opening and closing design is suitable for presentations in conferences, group collaboration or home scenarios. 2MP front camera, support physical slide switch, isolate the risk of prying eyes with one click and double privacy.<br \/>Privacy &#038; Security + Great Value Accessory Bundle: Cheap and good laptops 5G dual-band WiFi (2.4G\/5G) + BT 4.2, stable connection to wireless devices. Intimate accessories: wireless mouse (plug and play) + dustproof Spanish silicone keyboard membrane + standard 12V DC charger. (Note: Our keyboard is an English international QWERTY keyboard layout, you need to use the Spanish keyboard film that comes in our package in order to use the Spanish keyboard, the silicone film keyboard provided in the package is placed on the original keyboard).<br \/>Win 11 Pro pre-installed: Ruzva laptops do not require configuration. We pre-installed Wind 11 Pro for easy setup and activation with an internet connection.<br \/>How to type the letters \u00d1: You need to use a Spanish keyboard and add Spanish (Spanish) from the input method that comes with your computer (Language Preferences). If it is a QWERTY keyboard without keyboard membrane, please directly click \u00ab;\u00bb button (lowercase \u00f1)\/shift+; (uppercase) If you have a Spanish keyboard protector, click: @ (the button next to the letter L on the right) \/ Same for capital letters<\/p>\n\n","protected":false},"excerpt":{"rendered":"<p> Product Description The video showcases the product in use.The video guides you through product setup.The<\/p>","protected":false},"featured_media":34522,"comment_status":"open","ping_status":"closed","template":"","meta":[],"product_brand":[],"product_cat":[85],"product_tag":[602,512,622,575,1267,573,577,563,578,581,1126,818,6535,584,518,159,582,576,3412,767,1779,574,290,163,580,6534,9834,5273,513,133,543,542,579,226],"class_list":{"0":"post-34521","1":"product","2":"type-product","3":"status-publish","4":"has-post-thumbnail","6":"product_cat-business-laptop","7":"product_tag-1tb","8":"product_tag-256gb","9":"product_tag-8gb","10":"product_tag-best-laptop-for-business","11":"product_tag-bt4-2","12":"product_tag-business-laptop","13":"product_tag-business-laptop-with-ssd","14":"product_tag-celeron","15":"product_tag-corporate-laptop","16":"product_tag-durable-business-laptop","17":"product_tag-expansion","18":"product_tag-ghz","19":"product_tag-hdml","20":"product_tag-inch","21":"product_tag-keyboard","22":"product_tag-laptop","23":"product_tag-laptop-for-work","24":"product_tag-lightweight-business-laptop","25":"product_tag-membrane","26":"product_tag-mouse","27":"product_tag-n5095","28":"product_tag-office-laptop","29":"product_tag-portable","30":"product_tag-pro","31":"product_tag-professional-laptop","32":"product_tag-ruzava","33":"product_tag-silver003","34":"product_tag-spanish","35":"product_tag-ssd","36":"product_tag-usb","37":"product_tag-wifi","38":"product_tag-win11","39":"product_tag-windows-business-laptop","40":"product_tag-wireless","42":"first","43":"instock","44":"shipping-taxable","45":"product-type-external"},"_links":{"self":[{"href":"https:\/\/comprasyconsejos.store\/en\/wp-json\/wp\/v2\/product\/34521","targetHints":{"allow":["GET"]}}],"collection":[{"href":"https:\/\/comprasyconsejos.store\/en\/wp-json\/wp\/v2\/product"}],"about":[{"href":"https:\/\/comprasyconsejos.store\/en\/wp-json\/wp\/v2\/types\/product"}],"replies":[{"embeddable":true,"href":"https:\/\/comprasyconsejos.store\/en\/wp-json\/wp\/v2\/comments?post=34521"}],"version-history":[{"count":0,"href":"https:\/\/comprasyconsejos.store\/en\/wp-json\/wp\/v2\/product\/34521\/revisions"}],"wp:featuredmedia":[{"embeddable":true,"href":"https:\/\/comprasyconsejos.store\/en\/wp-json\/wp\/v2\/media\/34522"}],"wp:attachment":[{"href":"https:\/\/comprasyconsejos.store\/en\/wp-json\/wp\/v2\/media?parent=34521"}],"wp:term":[{"taxonomy":"product_brand","embeddable":true,"href":"https:\/\/comprasyconsejos.store\/en\/wp-json\/wp\/v2\/product_brand?post=34521"},{"taxonomy":"product_cat","embeddable":true,"href":"https:\/\/comprasyconsejos.store\/en\/wp-json\/wp\/v2\/product_cat?post=34521"},{"taxonomy":"product_tag","embeddable":true,"href":"https:\/\/comprasyconsejos.store\/en\/wp-json\/wp\/v2\/product_tag?post=34521"}],"curies":[{"name":"wp","href":"https:\/\/api.w.org\/{rel}","templated":true}]}}