{"id":34647,"date":"2026-02-25T20:44:02","date_gmt":"2026-02-25T20:44:02","guid":{"rendered":"https:\/\/comprasyconsejos.store\/product\/msi-mag-275f-27-led-rapid-ips-fullhd-180hz-adaptive-sync\/"},"modified":"2026-02-25T20:44:08","modified_gmt":"2026-02-25T20:44:08","slug":"msi-mag-275f-27-led-rapid-ips-fullhd-180hz-adaptive-sync","status":"publish","type":"product","link":"https:\/\/comprasyconsejos.store\/en\/product\/msi-mag-275f-27-led-rapid-ips-fullhd-180hz-adaptive-sync\/","title":{"rendered":"MSI MAG 275F 27&#8243; LED Rapid IPS FullHD 180Hz Adaptive Sync"},"content":{"rendered":"<p>Price: <span style=\"color:#b12704\">\u20ac139.00<\/span><br \/><i><small>(as of Feb 25, 2026 20:44:02 UTC &#8211; <span class=\"wp_automatic_amazon_disclaimer\" title=\"Product prices and availability are accurate as of the date\/time indicated and are subject to change. Any price and availability information displayed on [relevant Amazon Site(s), as applicable] at the time of purchase will apply to the purchase of this product.\">Details<\/span>)<\/small><\/i><\/p>\n<p><a href=\"https:\/\/amazon.es\/dp\/B0D2NTS18D?tag=man008-21\"><img decoding=\"async\" src=\"https:\/\/valvepress.s3.amazonaws.com\/imgs\/buy_now.png\"><\/a><br \/>\n<\/p>\n<p>                                             From the manufacturer   <\/p>\n<p>                                                  <img decoding=\"async\" alt=\"Unite as One\" src=\"https:\/\/images-na.ssl-images-amazon.com\/images\/G\/01\/x-locale\/common\/grey-pixel.gif\" class=\"a-lazy-loaded\" data-src=\"https:\/\/m.media-amazon.com\/images\/S\/aplus-media\/vc\/8f184e43-30d7-4e6f-8f7c-3e56d6da827e.__CR0,0,1940,600_PT0_SX970_V1___.jpg\"><img decoding=\"async\" alt=\"Unite as One\" src=\"https:\/\/m.media-amazon.com\/images\/S\/aplus-media\/vc\/8f184e43-30d7-4e6f-8f7c-3e56d6da827e.__CR0,0,1940,600_PT0_SX970_V1___.jpg\">  <\/p>\n<p>                                                      <img decoding=\"async\" alt=\"MAG 275F\" src=\"https:\/\/images-na.ssl-images-amazon.com\/images\/G\/01\/x-locale\/common\/grey-pixel.gif\" class=\"a-spacing-mini a-lazy-loaded\" data-src=\"https:\/\/m.media-amazon.com\/images\/S\/aplus-media\/vc\/040771ea-88a1-40f5-b1fb-5e87d5afe96e.__CR0,0,600,800_PT0_SX300_V1___.jpg\"><img decoding=\"async\" alt=\"MAG 275F\" src=\"https:\/\/m.media-amazon.com\/images\/S\/aplus-media\/vc\/040771ea-88a1-40f5-b1fb-5e87d5afe96e.__CR0,0,600,800_PT0_SX300_V1___.jpg\">  <\/p>\n<p>                                                              <img decoding=\"async\" alt=\"MSI: For Gamers &amp;amp; Creators\" src=\"https:\/\/images-na.ssl-images-amazon.com\/images\/G\/01\/x-locale\/common\/grey-pixel.gif\" class=\"a-spacing-mini a-lazy-loaded\" data-src=\"https:\/\/m.media-amazon.com\/images\/S\/aplus-media\/vc\/114fa35d-9063-4a70-a19b-1a84ab6eba49.__CR0,0,350,175_PT0_SX350_V1___.png\"><img decoding=\"async\" alt=\"MSI: For Gamers &amp;amp; Creators\" src=\"https:\/\/m.media-amazon.com\/images\/S\/aplus-media\/vc\/114fa35d-9063-4a70-a19b-1a84ab6eba49.__CR0,0,350,175_PT0_SX350_V1___.png\">                                          MSI: For Gamers &amp; Creators                                 <\/p>\n<p class=\"a-spacing-small a-size-small a-color-secondary\"> MSI is one of the most trusted names in gaming and esports with countless hours and significant resources invested into premier esports leagues and tier-1 gaming teams. By supporting and working with the best of the best, MSI is able to integrate competitive gaming knowledge and aspirations with technological innovation to create new products that shatter today&#8217;s performance limits. <\/p>\n<h3 class=\"a-spacing-mini\"> MAG 275F <\/h3>\n<p>                                          Unite as One                                     <\/p>\n<p class=\"a-spacing-base\"> Equipado con un panel IPS r\u00e1pido FHD (1920 x 1080) de 27&#8243; con una frecuencia de actualizaci\u00f3n de 180 Hz y un tiempo de respuesta de 0,5 ms (GtG, m\u00edn.), el MAG 275F ofrece una ventaja y una calidad de imagen excepcional.  El MAG 275F cuenta con tecnolog\u00eda Adaptive Sync, que combina las frecuencias de actualizaci\u00f3n de la pantalla y la GPU para una experiencia de juego ultra fluida. <\/p>\n<p>                                                          Panel Rapid IPS de 27&#8243; FHD (1920 x 1080)       Alta tasa de actualizaci\u00f3n de 180 Hz y tiempo de respuesta de 0,5 ms (GtG, m\u00edn.) para juegos competitivos de alta velocidad       1.07 mil millones de colores (8 bits + FRC) con una gama crom\u00e1tica incre\u00edble (sRGB 115 %)       HDR Ready       AI Vision y HDMI CEC Profile Sync       Tecnolog\u00edas Less Blue Light &amp; Anti-Flicker       Soporte con inclinaci\u00f3n ajustable       Puertos de pantalla HDMI 2.0b (FHD a 180 Hz), DP 1.4      <\/p>\n<p class=\"apm-text-center\">\n                                                      <img decoding=\"async\" alt=\"Panel Rapid IPS de 27&amp;#34; FHD\" src=\"https:\/\/images-na.ssl-images-amazon.com\/images\/G\/01\/x-locale\/common\/grey-pixel.gif\" class=\"a-lazy-loaded\" data-src=\"https:\/\/m.media-amazon.com\/images\/S\/aplus-media\/vc\/9feab98a-8672-4db7-9d31-41a9916b7c34.__CR0,0,2000,2000_PT0_SX220_V1___.jpg\"><img decoding=\"async\" alt=\"Panel Rapid IPS de 27&amp;#34; FHD\" src=\"https:\/\/m.media-amazon.com\/images\/S\/aplus-media\/vc\/9feab98a-8672-4db7-9d31-41a9916b7c34.__CR0,0,2000,2000_PT0_SX220_V1___.jpg\">  <\/p>\n<p>                                                    Panel Rapid IPS de 27&#8243; FHD                                     <\/p>\n<p class=\"a-size-small\">\n<p>Con un panel Rapid IPS de 27 pulgadas FHD (1929 x 1080) con \u00e1ngulos de visi\u00f3n amplios de 178\u00b0 con un cambio de color m\u00ednimo cuando se ve desde diferentes \u00e1ngulos. La tecnolog\u00eda Rapid IPS del panel ofrece im\u00e1genes claras, con color y brillo optimizados en tiempo real para garantizar que cada escena se presente en su mejor momento.<\/p>\n<p class=\"apm-text-center\">\n                                                      <img decoding=\"async\" alt=\"Tasa de Actualizaci\u00f3n de 180 Hz, Tiempo de Respuesta de 0,5 ms (GtG)\" src=\"https:\/\/images-na.ssl-images-amazon.com\/images\/G\/01\/x-locale\/common\/grey-pixel.gif\" class=\"a-lazy-loaded\" data-src=\"https:\/\/m.media-amazon.com\/images\/S\/aplus-media\/vc\/5567581e-dc8c-4557-b4a2-6b7cdffdf528.__CR0,0,2000,2000_PT0_SX220_V1___.jpg\"><img decoding=\"async\" alt=\"Tasa de Actualizaci\u00f3n de 180 Hz, Tiempo de Respuesta de 0,5 ms (GtG)\" src=\"https:\/\/m.media-amazon.com\/images\/S\/aplus-media\/vc\/5567581e-dc8c-4557-b4a2-6b7cdffdf528.__CR0,0,2000,2000_PT0_SX220_V1___.jpg\">  <\/p>\n<p>                                                    Tasa de Actualizaci\u00f3n de 180 Hz, Tiempo de Respuesta de 0,5 ms (GtG)                                     <\/p>\n<p class=\"a-size-small\">\n<p>Experimente movimientos m\u00e1s fluidos con una alta tasa de actualizaci\u00f3n de 180 Hz y aproveche todo el potencial del hardware de memoria y GPU de primera calidad. Un tiempo de respuesta bajo de 0,5 ms (GtG) reduce dr\u00e1sticamente el desenfoque del monitor y es esencial para juegos de ritmo r\u00e1pido.<\/p>\n<p class=\"apm-text-center\">\n                                                      <img decoding=\"async\" alt=\"HDR Ready\" src=\"https:\/\/images-na.ssl-images-amazon.com\/images\/G\/01\/x-locale\/common\/grey-pixel.gif\" class=\"a-lazy-loaded\" data-src=\"https:\/\/m.media-amazon.com\/images\/S\/aplus-media\/vc\/7853c781-ce03-4416-869d-20995ab3436c.__CR0,0,2000,2000_PT0_SX220_V1___.jpg\"><img decoding=\"async\" alt=\"HDR Ready\" src=\"https:\/\/m.media-amazon.com\/images\/S\/aplus-media\/vc\/7853c781-ce03-4416-869d-20995ab3436c.__CR0,0,2000,2000_PT0_SX220_V1___.jpg\">  <\/p>\n<p>                                                    HDR Ready                                     <\/p>\n<p class=\"a-size-small\">\n<p>Los monitores HDR Ready producen detalles superiores en las regiones m\u00e1s oscuras con un contraste din\u00e1mico realista que imita el ojo humano en el mundo real. Colores de pantalla: 1.070 millones (8 bits + FRC) sRGB*: 115% Relaci\u00f3n de contraste: 1000:1 Relaci\u00f3n de contraste din\u00e1mico: 100000000:1<\/p>\n<p>*sRGB y DCI-P3 siguen el est\u00e1ndar CIE1976<\/p>\n<p class=\"apm-text-center\">\n                                                      <img decoding=\"async\" alt=\"AI Vision y HDMI CEC Profile Sync\" src=\"https:\/\/images-na.ssl-images-amazon.com\/images\/G\/01\/x-locale\/common\/grey-pixel.gif\" class=\"a-lazy-loaded\" data-src=\"https:\/\/m.media-amazon.com\/images\/S\/aplus-media\/vc\/a71d0dc7-e21c-4d8f-816f-813f640353fc.__CR0,0,2000,2000_PT0_SX220_V1___.jpg\"><img decoding=\"async\" alt=\"AI Vision y HDMI CEC Profile Sync\" src=\"https:\/\/m.media-amazon.com\/images\/S\/aplus-media\/vc\/a71d0dc7-e21c-4d8f-816f-813f640353fc.__CR0,0,2000,2000_PT0_SX220_V1___.jpg\">  <\/p>\n<p>                                                    AI Vision y HDMI CEC Profile Sync                                     <\/p>\n<p class=\"a-size-small\">\n<p>MSI AI Vision enriquece los detalles en las \u00e1reas oscuras y optimiza el brillo y los colores. La sincronizaci\u00f3n de perfiles HDMI CEC admite varios dispositivos y puede detectar autom\u00e1ticamente la configuraci\u00f3n de los mismos.<\/p>\n<p class=\"apm-text-center\">\n                                                      <img decoding=\"async\" alt=\"Less Blue Light\" src=\"https:\/\/images-na.ssl-images-amazon.com\/images\/G\/01\/x-locale\/common\/grey-pixel.gif\" class=\"a-lazy-loaded\" data-src=\"https:\/\/m.media-amazon.com\/images\/S\/aplus-media\/vc\/bbc99810-0a8a-491b-bb75-33c1c8803477.__CR0,0,2000,2000_PT0_SX220_V1___.jpg\"><img decoding=\"async\" alt=\"Less Blue Light\" src=\"https:\/\/m.media-amazon.com\/images\/S\/aplus-media\/vc\/bbc99810-0a8a-491b-bb75-33c1c8803477.__CR0,0,2000,2000_PT0_SX220_V1___.jpg\">  <\/p>\n<p>                                                    Less Blue Light                                     <\/p>\n<p class=\"a-size-small\">\n<p>Los monitores MSI est\u00e1n optimizados con la tecnolog\u00eda Less Blue Light* para brindar una experiencia de visualizaci\u00f3n superior.<\/p>\n<p>*Certificado T\u00dcV Rheinland Low Blue Light (soluci\u00f3n de software)<\/p>\n<p class=\"apm-text-center\">\n                                                      <img decoding=\"async\" alt=\"Anti-Flicker\" src=\"https:\/\/images-na.ssl-images-amazon.com\/images\/G\/01\/x-locale\/common\/grey-pixel.gif\" class=\"a-lazy-loaded\" data-src=\"https:\/\/m.media-amazon.com\/images\/S\/aplus-media\/vc\/2f1d8e91-7e87-4fe7-9d04-8a703ace95c5.__CR0,0,2000,2000_PT0_SX220_V1___.jpg\"><img decoding=\"async\" alt=\"Anti-Flicker\" src=\"https:\/\/m.media-amazon.com\/images\/S\/aplus-media\/vc\/2f1d8e91-7e87-4fe7-9d04-8a703ace95c5.__CR0,0,2000,2000_PT0_SX220_V1___.jpg\">  <\/p>\n<p>                                                    Anti-Flicker                                     <\/p>\n<p class=\"a-size-small\">\n<p>La tecnolog\u00eda Anti-Flicker* ofrece una experiencia superior al reducir la cantidad de parpadeo, a diferencia de los monitores gen\u00e9ricos que suelen mostrar una pantalla con una tasa de parpadeo de aproximadamente 200 veces** por segundo.<\/p>\n<p>*Certificado T\u00dcV Rheinland Low Blue Light (soluci\u00f3n de software) **Aunque no se nota a simple vista, puede causar fatiga con el tiempo.<\/p>\n<p class=\"apm-text-center\">\n                                                      <img decoding=\"async\" alt=\"Soporte Ajustable\" src=\"https:\/\/images-na.ssl-images-amazon.com\/images\/G\/01\/x-locale\/common\/grey-pixel.gif\" class=\"a-lazy-loaded\" data-src=\"https:\/\/m.media-amazon.com\/images\/S\/aplus-media\/vc\/b3f850f7-821b-4a94-adfc-6188da37d252.__CR0,0,2000,2000_PT0_SX220_V1___.jpg\"><img decoding=\"async\" alt=\"Soporte Ajustable\" src=\"https:\/\/m.media-amazon.com\/images\/S\/aplus-media\/vc\/b3f850f7-821b-4a94-adfc-6188da37d252.__CR0,0,2000,2000_PT0_SX220_V1___.jpg\">  <\/p>\n<p>                                                    Soporte Ajustable                                     <\/p>\n<p class=\"a-size-small\">\n<p>El soporte del monitor incluye ajuste de inclinaci\u00f3n (-5\u00b0\\~20\u00b0) para una mayor comodidad de visualizaci\u00f3n (compatible con VESA de 100 x 100 mm). El MAG 275F admite un soporte VESA est\u00e1ndar de 100 mm*.<\/p>\n<p>*Disfrute de un escritorio m\u00e1s ordenado y una gesti\u00f3n de cables superior con el brazo VESA MT81 de MSI (no incluido).<\/p>\n<p class=\"apm-text-center\">\n                                                      <img decoding=\"async\" alt=\"Conectividad Completa\" src=\"https:\/\/images-na.ssl-images-amazon.com\/images\/G\/01\/x-locale\/common\/grey-pixel.gif\" class=\"a-lazy-loaded\" data-src=\"https:\/\/m.media-amazon.com\/images\/S\/aplus-media\/vc\/2b491ba8-5d22-4fd2-8e31-ae84e11abc86.__CR0,0,2000,2000_PT0_SX220_V1___.jpg\"><img decoding=\"async\" alt=\"Conectividad Completa\" src=\"https:\/\/m.media-amazon.com\/images\/S\/aplus-media\/vc\/2b491ba8-5d22-4fd2-8e31-ae84e11abc86.__CR0,0,2000,2000_PT0_SX220_V1___.jpg\">  <\/p>\n<p>                                                    Conectividad Completa                                     <\/p>\n<p class=\"a-size-small\">\n<p>Las opciones de interfaz para consola de PC y port\u00e1til incluyen:<\/p>\n<p>  DisplayPort 1.4: 1920 x 1080 (180 Hz m\u00e1x.) 2 x HDMI 2.0b (compatible con 1920 x 1080 a 180 Hz, como se especifica en HDMI 2.0b)      <\/p>\n<p> Product Dimensions                                            \u200f                                            :                                            \u200e                                            56.6 x 61.13 x 45.43 cm; 4 kg   <br \/> Manufacturer                                            \u200f                                            :                                            \u200e                                            MSI   <br \/> ASIN                                            \u200f                                            :                                            \u200e                                            B0D2NTS18D   <br \/> Item model number                                            \u200f                                            :                                            \u200e                                            9S6-3CE21M-001   <br \/> Country of origin                                            \u200f                                            :                                            \u200e                                            Spain   <br \/> Guaranteed software updates until                                            \u200f                                            :                                            \u200e                                            unknown   <br \/>  Customer reviews:                                                                                            4.6               4.6 out of 5 stars                                  (118)                                              var dpAcrHasRegisteredArcLinkClickAction;                    P.when(&#8216;A&#8217;, &#8216;ready&#8217;).execute(function(A) {                        if (dpAcrHasRegisteredArcLinkClickAction !== true) {                            dpAcrHasRegisteredArcLinkClickAction = true;                            A.declarative(                                &#8216;acrLink-click-metrics&#8217;, &#8216;click&#8217;,                                { \u00aballowLinkDefault\u00bb: true },                                function (event) {                                    if (window.ue) {                                        ue.count(\u00abacrLinkClickCount\u00bb, (ue.count(\u00abacrLinkClickCount\u00bb) || 0) + 1);                                    }                                }                            );                        }                    });                                             P.when(&#8216;A&#8217;, &#8216;cf&#8217;).execute(function(A) {                A.declarative(&#8216;acrStarsLink-click-metrics&#8217;, &#8216;click&#8217;, { \u00aballowLinkDefault\u00bb : true },  function(event){                    if(window.ue) {                        ue.count(\u00abacrStarsLinkWithPopoverClickCount\u00bb, (ue.count(\u00abacrStarsLinkWithPopoverClickCount\u00bb) || 0) + 1);                    }                });            });                          <\/p>\n<p>Rapid IPS: Provides a fast response time of 0.5ms (GtG, min. ), optimises the colours and brightness of the screen<br \/>180Hz refresh rate: Respond faster with smoother frames<br \/>0.5ms response time (GtG, min. ): removes screen tearing and choppy frames<br \/>Adaptive-Sync technology: smooth gaming, no interruptions or tugging<br \/>AI Vision: AI Vision technology can not only show details in dark areas, but also improve overall brightness and saturate colors<\/p>\n\n","protected":false},"excerpt":{"rendered":"<p> From the manufacturer MSI: For Gamers &amp; Creators MSI is one of the most trusted<\/p>","protected":false},"featured_media":34648,"comment_status":"open","ping_status":"closed","template":"","meta":[],"product_brand":[],"product_cat":[55],"product_tag":[1934,1778,1936,1935,1939,9866,1802,247,1940,1784,7231,1933,703,1937,428,429,1262,878,1938,200],"class_list":{"0":"post-34647","1":"product","2":"type-product","3":"status-publish","4":"has-post-thumbnail","6":"product_cat-gaming-monitors","7":"product_tag-144hz-gaming-monitor","8":"product_tag-180hz","9":"product_tag-1ms-gaming-monitor","10":"product_tag-240hz-gaming-monitor","11":"product_tag-27-inch-gaming-monitor","12":"product_tag-275f","13":"product_tag-4k-gaming-monitor","14":"product_tag-adaptive","15":"product_tag-best-gaming-monitor","16":"product_tag-curved-gaming-monitor","17":"product_tag-fullhd","18":"product_tag-gaming-monitor","19":"product_tag-ips","20":"product_tag-ips-gaming-monitor","21":"product_tag-led","22":"product_tag-mag","23":"product_tag-msi","24":"product_tag-rapid","25":"product_tag-rgb-gaming-monitor","26":"product_tag-sync","28":"first","29":"instock","30":"shipping-taxable","31":"product-type-external"},"_links":{"self":[{"href":"https:\/\/comprasyconsejos.store\/en\/wp-json\/wp\/v2\/product\/34647","targetHints":{"allow":["GET"]}}],"collection":[{"href":"https:\/\/comprasyconsejos.store\/en\/wp-json\/wp\/v2\/product"}],"about":[{"href":"https:\/\/comprasyconsejos.store\/en\/wp-json\/wp\/v2\/types\/product"}],"replies":[{"embeddable":true,"href":"https:\/\/comprasyconsejos.store\/en\/wp-json\/wp\/v2\/comments?post=34647"}],"version-history":[{"count":0,"href":"https:\/\/comprasyconsejos.store\/en\/wp-json\/wp\/v2\/product\/34647\/revisions"}],"wp:featuredmedia":[{"embeddable":true,"href":"https:\/\/comprasyconsejos.store\/en\/wp-json\/wp\/v2\/media\/34648"}],"wp:attachment":[{"href":"https:\/\/comprasyconsejos.store\/en\/wp-json\/wp\/v2\/media?parent=34647"}],"wp:term":[{"taxonomy":"product_brand","embeddable":true,"href":"https:\/\/comprasyconsejos.store\/en\/wp-json\/wp\/v2\/product_brand?post=34647"},{"taxonomy":"product_cat","embeddable":true,"href":"https:\/\/comprasyconsejos.store\/en\/wp-json\/wp\/v2\/product_cat?post=34647"},{"taxonomy":"product_tag","embeddable":true,"href":"https:\/\/comprasyconsejos.store\/en\/wp-json\/wp\/v2\/product_tag?post=34647"}],"curies":[{"name":"wp","href":"https:\/\/api.w.org\/{rel}","templated":true}]}}