{"id":34662,"date":"2026-02-25T20:48:56","date_gmt":"2026-02-25T20:48:56","guid":{"rendered":"https:\/\/comprasyconsejos.store\/product\/koorui-g2741l-27-gaming-monitor-uhd-2160p-160hz-fhd-1080p-320hz-fast-ips-1ms-adaptive-sync-rotary-tilt-height-adjustable-eye-care-hdr400-10bit-2xhdmi-2-1-dp-1-4\/"},"modified":"2026-02-25T20:49:07","modified_gmt":"2026-02-25T20:49:07","slug":"koorui-g2741l-27-gaming-monitor-uhd-2160p-160hz-fhd-1080p-320hz-fast-ips-1ms-adaptive-sync-rotary-tilt-height-adjustable-eye-care-hdr400-10bit-2xhdmi-2-1-dp-1-4","status":"publish","type":"product","link":"https:\/\/comprasyconsejos.store\/en\/product\/koorui-g2741l-27-gaming-monitor-uhd-2160p-160hz-fhd-1080p-320hz-fast-ips-1ms-adaptive-sync-rotary-tilt-height-adjustable-eye-care-hdr400-10bit-2xhdmi-2-1-dp-1-4\/","title":{"rendered":"KOORUI G2741L 27&#8243; Gaming Monitor, UHD 2160P 160Hz \/ FHD 1080P 320Hz (Fast IPS, 1ms, Adaptive Sync, Rotary, Tilt, Height Adjustable, Eye Care, HDR400, 10Bit, 2xHDMI 2.1, DP 1.4)"},"content":{"rendered":"<p>Price: <span style=\"color:#b12704\">\u20ac269.99<\/span><br \/><i><small>(as of Feb 25, 2026 20:48:56 UTC &#8211; <span class=\"wp_automatic_amazon_disclaimer\" title=\"Product prices and availability are accurate as of the date\/time indicated and are subject to change. Any price and availability information displayed on [relevant Amazon Site(s), as applicable] at the time of purchase will apply to the purchase of this product.\">Details<\/span>)<\/small><\/i><\/p>\n<p><a href=\"https:\/\/amazon.es\/dp\/B0DPHFF6CP?tag=man008-21\"><img decoding=\"async\" src=\"https:\/\/valvepress.s3.amazonaws.com\/imgs\/buy_now.png\"><\/a><br \/>\n<\/p>\n<p>                                             From the manufacturer   <\/p>\n<p>                                                                                                       <img decoding=\"async\" alt=\"G2741L ES\" src=\"https:\/\/images-na.ssl-images-amazon.com\/images\/G\/01\/x-locale\/common\/grey-pixel.gif\" class=\"a-lazy-loaded\" data-src=\"https:\/\/m.media-amazon.com\/images\/S\/aplus-media-library-service-media\/a308a4ba-5f88-4de4-8824-c42a57420af4.__CR0,0,1464,600_PT0_SX1464_V1___.jpg\"><img decoding=\"async\" alt=\"G2741L ES\" src=\"https:\/\/m.media-amazon.com\/images\/S\/aplus-media-library-service-media\/a308a4ba-5f88-4de4-8824-c42a57420af4.__CR0,0,1464,600_PT0_SX1464_V1___.jpg\">                                               <\/p>\n<p>                                                                                  <img decoding=\"async\" alt=\"G2741L ES\" src=\"https:\/\/m.media-amazon.com\/images\/S\/aplus-media-library-service-media\/a93e6101-604b-4b69-868e-d7f0d99f29df.__CR0,0,1464,600_PT0_SX1464_V1___.jpg\">                                                    <img decoding=\"async\" alt=\"G2741L ES\" src=\"https:\/\/m.media-amazon.com\/images\/S\/aplus-media-library-service-media\/8d0d05fe-1e67-4a92-8b10-679fc9aecee0.__CR0,0,1464,600_PT0_SX1464_V1___.jpg\">                                                    <img decoding=\"async\" alt=\"G2741L ES\" src=\"https:\/\/m.media-amazon.com\/images\/S\/aplus-media-library-service-media\/e5840ce3-4052-44c6-8695-efcfed1d074a.__CR0,0,1464,600_PT0_SX1464_V1___.jpg\">                                                    <img decoding=\"async\" alt=\"G2741L ES\" src=\"https:\/\/m.media-amazon.com\/images\/S\/aplus-media-library-service-media\/e709cca8-c20a-4586-be44-994adc86a3ff.__CR0,0,1464,600_PT0_SX1464_V1___.jpg\">                                                    <img decoding=\"async\" alt=\"G2741L ES\" src=\"https:\/\/m.media-amazon.com\/images\/S\/aplus-media-library-service-media\/208853fb-e6f3-498b-9650-9f0dd6e39025.__CR0,0,1464,600_PT0_SX1464_V1___.jpg\">               <\/p>\n<p>                       1 320Hz          2 1ms          3 HDR400          4 PBP          5 PIP             <\/p>\n<p>                                                                                                       <img decoding=\"async\" alt=\"G2741L ES\" src=\"https:\/\/images-na.ssl-images-amazon.com\/images\/G\/01\/x-locale\/common\/grey-pixel.gif\" class=\"a-lazy-loaded\" data-src=\"https:\/\/m.media-amazon.com\/images\/S\/aplus-media-library-service-media\/2e15562c-487c-4ab2-b3b3-70c1f0408ce8.__CR0,0,1464,600_PT0_SX1464_V1___.jpg\"><img decoding=\"async\" alt=\"G2741L ES\" src=\"https:\/\/m.media-amazon.com\/images\/S\/aplus-media-library-service-media\/2e15562c-487c-4ab2-b3b3-70c1f0408ce8.__CR0,0,1464,600_PT0_SX1464_V1___.jpg\">                                               <\/p>\n<p>                                                                                  <img decoding=\"async\" alt=\"G2741L ES\" src=\"https:\/\/m.media-amazon.com\/images\/S\/aplus-media-library-service-media\/3887f644-f34e-4052-8c41-778067ff6698.__CR0,0,1464,600_PT0_SX1464_V1___.jpg\">       <\/p>\n<p>                                                                                  <img decoding=\"async\" alt=\"G2741L ES\" src=\"https:\/\/m.media-amazon.com\/images\/S\/aplus-media-library-service-media\/ec50986d-8921-44c3-b829-350393a8f2af.__CR0,0,1464,600_PT0_SX1464_V1___.jpg\">       <\/p>\n<p>                                                                                  <img decoding=\"async\" alt=\"G2741L ES\" src=\"https:\/\/m.media-amazon.com\/images\/S\/aplus-media-library-service-media\/0dac75eb-cb51-4c76-bb60-5e38afe3ebb2.__CR0,0,1464,600_PT0_SX1464_V1___.jpg\">       <\/p>\n<p>                                                                                                                  <img decoding=\"async\" alt=\"G2741L ES\" src=\"https:\/\/m.media-amazon.com\/images\/S\/aplus-media-library-service-media\/ac13a5fc-5e9d-47ab-9eb9-772f2c9873ce.__CR0,0,1464,600_PT0_SX1464_V1___.jpg\">                                                    <img decoding=\"async\" alt=\"G2741L ES\" src=\"https:\/\/m.media-amazon.com\/images\/S\/aplus-media-library-service-media\/335cbd8f-ed0f-4099-92b3-83a8f8c302b4.__CR0,0,1464,600_PT0_SX1464_V1___.jpg\">                                                    <img decoding=\"async\" alt=\"G2741L ES\" src=\"https:\/\/m.media-amazon.com\/images\/S\/aplus-media-library-service-media\/257ec0b7-9bb7-44ee-9335-432855419ad3.__CR0,0,1464,600_PT0_SX1464_V1___.jpg\">                                                    <img decoding=\"async\" alt=\"G2741L ES\" src=\"https:\/\/m.media-amazon.com\/images\/S\/aplus-media-library-service-media\/42e1910a-e97b-4509-b195-96a4f8dca5dc.__CR0,0,1464,600_PT0_SX1464_V1___.jpg\"><br \/>\n                            1 multifuncional <\/p>\n<p>                            2 Crosshair <\/p>\n<p>                            3 Filtro de luz azul <\/p>\n<p>                            4 Exclusiva Gamer <\/p>\n<h3>\n<p class=\"aplus-question aplus-p1\"> Se puede utilizar el monitor como pantalla de extensi\u00f3n? <\/p>\n<\/h3>\n<p class=\"aplus-answer aplus-p2\"> S\u00ed, basta con conectar el monitor al ordenador mediante un cable HDMI y seleccionar el modo ampliado en la configuraci\u00f3n de pantalla ordenador. <\/p>\n<h3>\n<p class=\"aplus-question aplus-p1\"> Es el monitor compatible con el montaje en pared? <\/p>\n<\/h3>\n<p class=\"aplus-answer aplus-p2\"> S\u00ed, el monitor es compatible con VESA y cuenta con orificios de montaje de 75&#215;75 mm en la parte posterior para montarlo en la pared. <\/p>\n<h3>\n<p class=\"aplus-question aplus-p1\"> El monitor tiene altavoces integrados? <\/p>\n<\/h3>\n<p class=\"aplus-answer aplus-p2\"> No, este monitor no tiene altavoces integrados, pero s\u00ed un puerto de salida de audio. <\/p>\n<h3>\n<p class=\"aplus-question aplus-p1\"> Qu\u00e9 debo hacer si en la pantalla aparece Sin se\u00f1al? <\/p>\n<\/h3>\n<p class=\"aplus-answer aplus-p2\"> Compruebe lo siguiente: <\/p>\n<p class=\"aplus-answer aplus-p2\"> 1.Aseg\u00farese de que el cable de se\u00f1al (HDMI\/DP) est\u00e1 bien conectado. <\/p>\n<p class=\"aplus-answer aplus-p2\"> 2.Compruebe que la fuente de entrada est\u00e1 correctamente seleccionada (ajuste a trav\u00e9s del men\u00fa del monitor). <\/p>\n<p class=\"aplus-answer aplus-p2\"> 3.Pruebe con otro cable de se\u00f1al o puerto. <\/p>\n<h3 class=\"a-text-center aplus-h1 a-text-bold\"> KOORUI Monitor Product <\/h3>\n<p>                         Add To Basket  <\/p>\n<p>                         Add To Basket  <\/p>\n<p>                         Add To Basket  <\/p>\n<p>                         Add To Basket  <\/p>\n<p>                         Add To Basket  <\/p>\n<p>                         Add To Basket  <\/p>\n<p>                                     Customer Reviews  <\/p>\n<p>                    4.3 out of 5 stars  115  <\/p>\n<p>                    4.3 out of 5 stars  115  <\/p>\n<p>                    4.3 out of 5 stars  115  <\/p>\n<p>                    4.5 out of 5 stars  3,580  <\/p>\n<p>                    4.6 out of 5 stars  185  <\/p>\n<p>                    4.5 out of 5 stars  3,580  <\/p>\n<p>                    4.6 out of 5 stars  185  <\/p>\n<p>                                     Price  <\/p>\n<p>                                                        \u20ac269.99\u20ac269.99     <\/p>\n<p>                                                        \u2014    <\/p>\n<p>                                                        \u20ac849.99\u20ac849.99     <\/p>\n<p>                                                        \u20ac159.99\u20ac159.99     <\/p>\n<p>                                                        \u20ac159.99\u20ac159.99     <\/p>\n<p>                                                        \u20ac129.99\u20ac129.99     <\/p>\n<p>                                                        \u20ac159.99\u20ac159.99     <\/p>\n<p>                                     Tama\u00f1o de pantalla  <\/p>\n<p>                                                27    <\/p>\n<p>                                                27    <\/p>\n<p>                                                32    <\/p>\n<p>                                                24    <\/p>\n<p>                                                24    <\/p>\n<p>                                                27    <\/p>\n<p>                                                27    <\/p>\n<p>                                     Tipo de panel  <\/p>\n<p>                                                IPS    <\/p>\n<p>                                                QD-OLED    <\/p>\n<p>                                                QD-OLED    <\/p>\n<p>                                                IPS    <\/p>\n<p>                                                IPS    <\/p>\n<p>                                                IPS    <\/p>\n<p>                                                IPS    <\/p>\n<p>                                     Resoluci\u00f3n  <\/p>\n<p>                                                UHD 3840*2160    <\/p>\n<p>                                                QHD 2560*1440    <\/p>\n<p>                                                UHD 3840*2160    <\/p>\n<p>                                                FHD 1920*1080    <\/p>\n<p>                                                QHD 2560*1440    <\/p>\n<p>                                                FHD 1920*1080    <\/p>\n<p>                                                QHD 2560*1440    <\/p>\n<p>                                     Frecuencia de Actualizaci\u00f3n  <\/p>\n<p>                                                160\/320Hz    <\/p>\n<p>                                                240Hz    <\/p>\n<p>                                                240Hz    <\/p>\n<p>                                                200Hz    <\/p>\n<p>                                                180Hz    <\/p>\n<p>                                                200Hz    <\/p>\n<p>                                                200Hz    <\/p>\n<p>                                     VESA  <\/p>\n<p>                                                75*75mm    <\/p>\n<p>                                                100*100mm    <\/p>\n<p>                                                100*100mm    <\/p>\n<p>                                                75*75mm    <\/p>\n<p>                                                75*75mm    <\/p>\n<p>                                                75*75mm    <\/p>\n<p>                                                75*75mm    <\/p>\n<p> Product Dimensions                                            \u200f                                            :                                            \u200e                                            2 x 30 x 30 cm; 3 kg   <br \/> Manufacturer                                            \u200f                                            :                                            \u200e                                            KOORUI   <br \/> ASIN                                            \u200f                                            :                                            \u200e                                            B0DPHFF6CP   <br \/> Item model number                                            \u200f                                            :                                            \u200e                                            G2741L   <br \/> Country of origin                                            \u200f                                            :                                            \u200e                                            China   <br \/> Guaranteed software updates until                                            \u200f                                            :                                            \u200e                                            unknown   <br \/>  Customer reviews:                                                                                            4.3               4.3 out of 5 stars                                  (115)                                              var dpAcrHasRegisteredArcLinkClickAction;                    P.when(&#8216;A&#8217;, &#8216;ready&#8217;).execute(function(A) {                        if (dpAcrHasRegisteredArcLinkClickAction !== true) {                            dpAcrHasRegisteredArcLinkClickAction = true;                            A.declarative(                                &#8216;acrLink-click-metrics&#8217;, &#8216;click&#8217;,                                { \u00aballowLinkDefault\u00bb: true },                                function (event) {                                    if (window.ue) {                                        ue.count(\u00abacrLinkClickCount\u00bb, (ue.count(\u00abacrLinkClickCount\u00bb) || 0) + 1);                                    }                                }                            );                        }                    });                                             P.when(&#8216;A&#8217;, &#8216;cf&#8217;).execute(function(A) {                A.declarative(&#8216;acrStarsLink-click-metrics&#8217;, &#8216;click&#8217;, { \u00aballowLinkDefault\u00bb : true },  function(event){                    if(window.ue) {                        ue.count(\u00abacrStarsLinkWithPopoverClickCount\u00bb, (ue.count(\u00abacrStarsLinkWithPopoverClickCount\u00bb) || 0) + 1);                    }                });            });                          <\/p>\n<p>[VESA certified DualMode] Monitor 27 pulgadas Fast IPS disfrute de juegos de alta resoluci\u00f3n UHD 3840&#215;2160 a 160 Hz con el modo dual certificado por VESA, y convi\u00e9rtase a 320 Hz en modo FHD 1920&#215;1080 para juegos de ritmo r\u00e1pido. El modo de doble pantalla permite m\u00faltiples entretenimientos<br \/>[COLOR DE 10 BITS] Monitor PC con cobertura de 100%SRGB y muestra 1.070 millones de colores (10 bits, 95% DCI-P3), que reproduce colores con gran precisi\u00f3n. HDR400 muestra tonos de luz y oscuridad con nitidez<br \/>[Experiencia de juego inmersiva] Pantalla Gaming con ajuste de aceleraci\u00f3n OD de 3 velocidades, las transiciones r\u00e1pidas de escenas, 1MS tiempo de respuesta proporciona im\u00e1genes claras y fluidas, Adaptive Sync reduce el lagrimeo y el retraso de la pantalla<br \/>[Eye Care, Brillo medio 400 cd\/m\u00b2] Pantalla Ordenador gracias a la protecci\u00f3n ocular sin parpadeos y contra la luz azul, con un brillo medio de 400 cd\/m\u00b2 para una reproducci\u00f3n precisa del color y una reducci\u00f3n de la fatiga visual<br \/>[Conectividad vers\u00e1til y ergonom\u00eda] Monitores cuenta con ajuste de altura (hasta 100 mm), inclinaci\u00f3n (-5\u00b0 a 20\u00b0), giro (-90\u00b0 a 90\u00b0) y es compatible con VESA 75&#215;75 mm, viene con 2xHDMI 2.1, DP 1.4 y salida de audio<\/p>\n\n","protected":false},"excerpt":{"rendered":"<p> From the manufacturer 1 320Hz 2 1ms 3 HDR400 4 PBP 5 PIP 1 multifuncional<\/p>","protected":false},"featured_media":34663,"comment_status":"open","ping_status":"closed","template":"","meta":[],"product_brand":[],"product_cat":[53],"product_tag":[705,3142,3149,1918,5837,7565,1804,3147,1801,1802,1805,1803,1799,1807,247,876,1806,2183,1796,137,639,9869,617,5533,1569,703,5081,844,1808,8255,200,1183,684,1800],"class_list":{"0":"post-34662","1":"product","2":"type-product","3":"status-publish","4":"has-post-thumbnail","6":"product_cat-4k-monitors","7":"product_tag-1080p","8":"product_tag-10bit","9":"product_tag-160hz","10":"product_tag-1ms","11":"product_tag-2160p","12":"product_tag-2xhdmi","13":"product_tag-32-inch-4k-monitor","14":"product_tag-320hz","15":"product_tag-3840x2160-monitor","16":"product_tag-4k-gaming-monitor","17":"product_tag-4k-hdr-monitor","18":"product_tag-4k-ips-monitor","19":"product_tag-4k-monitor","20":"product_tag-4k-monitor-price","21":"product_tag-adaptive","22":"product_tag-adjustable","23":"product_tag-best-4k-monitor","24":"product_tag-care","25":"product_tag-eye","26":"product_tag-fast","27":"product_tag-fhd","28":"product_tag-g2741l","29":"product_tag-gaming","30":"product_tag-hdr400","31":"product_tag-height","32":"product_tag-ips","33":"product_tag-koorui","34":"product_tag-monitor","35":"product_tag-professional-4k-monitor","36":"product_tag-rotary","37":"product_tag-sync","38":"product_tag-tilt","39":"product_tag-uhd","40":"product_tag-uhd-monitor","42":"first","43":"instock","44":"shipping-taxable","45":"product-type-external"},"_links":{"self":[{"href":"https:\/\/comprasyconsejos.store\/en\/wp-json\/wp\/v2\/product\/34662","targetHints":{"allow":["GET"]}}],"collection":[{"href":"https:\/\/comprasyconsejos.store\/en\/wp-json\/wp\/v2\/product"}],"about":[{"href":"https:\/\/comprasyconsejos.store\/en\/wp-json\/wp\/v2\/types\/product"}],"replies":[{"embeddable":true,"href":"https:\/\/comprasyconsejos.store\/en\/wp-json\/wp\/v2\/comments?post=34662"}],"version-history":[{"count":0,"href":"https:\/\/comprasyconsejos.store\/en\/wp-json\/wp\/v2\/product\/34662\/revisions"}],"wp:featuredmedia":[{"embeddable":true,"href":"https:\/\/comprasyconsejos.store\/en\/wp-json\/wp\/v2\/media\/34663"}],"wp:attachment":[{"href":"https:\/\/comprasyconsejos.store\/en\/wp-json\/wp\/v2\/media?parent=34662"}],"wp:term":[{"taxonomy":"product_brand","embeddable":true,"href":"https:\/\/comprasyconsejos.store\/en\/wp-json\/wp\/v2\/product_brand?post=34662"},{"taxonomy":"product_cat","embeddable":true,"href":"https:\/\/comprasyconsejos.store\/en\/wp-json\/wp\/v2\/product_cat?post=34662"},{"taxonomy":"product_tag","embeddable":true,"href":"https:\/\/comprasyconsejos.store\/en\/wp-json\/wp\/v2\/product_tag?post=34662"}],"curies":[{"name":"wp","href":"https:\/\/api.w.org\/{rel}","templated":true}]}}