{"id":34682,"date":"2026-02-25T21:10:21","date_gmt":"2026-02-25T21:10:21","guid":{"rendered":"https:\/\/comprasyconsejos.store\/product\/beper-bc-261-5-litre-steamer-with-timer-steamer-cooking-steamer-rice-fish-ravioli-vegetables-and-meat-bpa-free\/"},"modified":"2026-02-25T21:10:30","modified_gmt":"2026-02-25T21:10:30","slug":"beper-bc-261-5-litre-steamer-with-timer-steamer-cooking-steamer-rice-fish-ravioli-vegetables-and-meat-bpa-free","status":"publish","type":"product","link":"https:\/\/comprasyconsejos.store\/en\/product\/beper-bc-261-5-litre-steamer-with-timer-steamer-cooking-steamer-rice-fish-ravioli-vegetables-and-meat-bpa-free\/","title":{"rendered":"BEPER BC.261 5 Litre Steamer with Timer \u2013 Steamer Cooking Steamer Rice, Fish, Ravioli, Vegetables and Meat, BPA Free"},"content":{"rendered":"<p>Price: <span style=\"color:#b12704\">\u20ac24.90<\/span><br \/><i><small>(as of Feb 25, 2026 21:10:21 UTC &#8211; <span class=\"wp_automatic_amazon_disclaimer\" title=\"Product prices and availability are accurate as of the date\/time indicated and are subject to change. Any price and availability information displayed on [relevant Amazon Site(s), as applicable] at the time of purchase will apply to the purchase of this product.\">Details<\/span>)<\/small><\/i><\/p>\n<p><a href=\"https:\/\/amazon.es\/dp\/B08485QRVZ?tag=man008-21\"><img decoding=\"async\" src=\"https:\/\/valvepress.s3.amazonaws.com\/imgs\/buy_now.png\"><\/a><br \/>\n<\/p>\n<p>                                             From the brand   <\/p>\n<p>                                              <img decoding=\"async\" alt=\"\" src=\"https:\/\/images-na.ssl-images-amazon.com\/images\/G\/01\/x-locale\/common\/grey-pixel.gif\" class=\"a-lazy-loaded\" data-src=\"https:\/\/m.media-amazon.com\/images\/S\/aplus-media-library-service-media\/ea56eeea-cb05-4fc8-981d-f40eac3b368f.__CR0,0,1464,625_PT0_SX1464_V1___.png\"><img decoding=\"async\" alt=\"\" src=\"https:\/\/m.media-amazon.com\/images\/S\/aplus-media-library-service-media\/ea56eeea-cb05-4fc8-981d-f40eac3b368f.__CR0,0,1464,625_PT0_SX1464_V1___.png\">  <\/p>\n<h3> BEPER <\/h3>\n<p> PEQUE\u00d1OS ELECTRODOM\u00c9STICOS, GRAN PASI\u00d3N <\/p>\n<p>                                              <img decoding=\"async\" alt=\"\" src=\"https:\/\/images-na.ssl-images-amazon.com\/images\/G\/01\/x-locale\/common\/grey-pixel.gif\" class=\"a-lazy-loaded\" data-src=\"https:\/\/m.media-amazon.com\/images\/S\/aplus-media-library-service-media\/c35a7d48-3829-4736-a6fe-8bf252235f05.__CR0,347,3360,1547_PT0_SX315_V1___.jpg\"><img decoding=\"async\" alt=\"\" src=\"https:\/\/m.media-amazon.com\/images\/S\/aplus-media-library-service-media\/c35a7d48-3829-4736-a6fe-8bf252235f05.__CR0,347,3360,1547_PT0_SX315_V1___.jpg\">  <\/p>\n<p> Para nosotros, los peque\u00f1os electrodom\u00e9sticos no son solo herramientas u objetos de mobiliario, sino herramientas preciosas para cultivar nuestras pasiones, cuidarnos y sentirnos mejor en la tranquilidad de nuestro hogar. Productos pensados \u200b\u200bpara facilitar las actividades cotidianas, estar siempre preparados cuando los necesitemos y acompa\u00f1arnos durante mucho tiempo con un excelente rendimiento. Estos son los productos Beper. <\/p>\n<p>                                              <img decoding=\"async\" alt=\"\" src=\"https:\/\/images-na.ssl-images-amazon.com\/images\/G\/01\/x-locale\/common\/grey-pixel.gif\" class=\"a-lazy-loaded\" data-src=\"https:\/\/m.media-amazon.com\/images\/S\/aplus-media-library-service-media\/fdd4357f-7e7d-429a-b3e5-7840b96a8db0.__CR266,0,1790,2240_PT0_SX362_V1___.jpg\"><img decoding=\"async\" alt=\"\" src=\"https:\/\/m.media-amazon.com\/images\/S\/aplus-media-library-service-media\/fdd4357f-7e7d-429a-b3e5-7840b96a8db0.__CR266,0,1790,2240_PT0_SX362_V1___.jpg\">  <\/p>\n<h3> PASI\u00d3N POR LA COCINA <\/h3>\n<p>                                              <img decoding=\"async\" alt=\"\" src=\"https:\/\/images-na.ssl-images-amazon.com\/images\/G\/01\/x-locale\/common\/grey-pixel.gif\" class=\"a-lazy-loaded\" data-src=\"https:\/\/m.media-amazon.com\/images\/S\/aplus-media-library-service-media\/e3f0892a-2cd9-4180-a2f8-2ef6cdef513f.__CR1,0,2238,2800_PT0_SX362_V1___.jpg\"><img decoding=\"async\" alt=\"\" src=\"https:\/\/m.media-amazon.com\/images\/S\/aplus-media-library-service-media\/e3f0892a-2cd9-4180-a2f8-2ef6cdef513f.__CR1,0,2238,2800_PT0_SX362_V1___.jpg\">  <\/p>\n<h3> PARA EL CUIDADO DEL CUERPO <\/h3>\n<p>                                              <img decoding=\"async\" alt=\"\" src=\"https:\/\/images-na.ssl-images-amazon.com\/images\/G\/01\/x-locale\/common\/grey-pixel.gif\" class=\"a-lazy-loaded\" data-src=\"https:\/\/m.media-amazon.com\/images\/S\/aplus-media-library-service-media\/80390b73-31d5-4c2b-ba29-31b5d0caff56.__CR1,0,2238,2800_PT0_SX362_V1___.jpg\"><img decoding=\"async\" alt=\"\" src=\"https:\/\/m.media-amazon.com\/images\/S\/aplus-media-library-service-media\/80390b73-31d5-4c2b-ba29-31b5d0caff56.__CR1,0,2238,2800_PT0_SX362_V1___.jpg\">  <\/p>\n<h3> PARA EL CUIDADO DE LA BARBA <\/h3>\n<p>                                              <img decoding=\"async\" alt=\"\" src=\"https:\/\/images-na.ssl-images-amazon.com\/images\/G\/01\/x-locale\/common\/grey-pixel.gif\" class=\"a-lazy-loaded\" data-src=\"https:\/\/m.media-amazon.com\/images\/S\/aplus-media-library-service-media\/3edfded4-a5f0-4646-8038-f4fe0171f972.__CR296,0,1790,2240_PT0_SX362_V1___.jpg\"><img decoding=\"async\" alt=\"\" src=\"https:\/\/m.media-amazon.com\/images\/S\/aplus-media-library-service-media\/3edfded4-a5f0-4646-8038-f4fe0171f972.__CR296,0,1790,2240_PT0_SX362_V1___.jpg\">  <\/p>\n<h3> PARA EL CUIDADO DEL HOGAR <\/h3>\n<p>                                              <img decoding=\"async\" alt=\"\" src=\"https:\/\/images-na.ssl-images-amazon.com\/images\/G\/01\/x-locale\/common\/grey-pixel.gif\" class=\"a-lazy-loaded\" data-src=\"https:\/\/m.media-amazon.com\/images\/S\/aplus-media-library-service-media\/7e6bfdde-c287-445b-b26b-ae2dfce62864.__CR0,0,2146,2685_PT0_SX362_V1___.jpg\"><img decoding=\"async\" alt=\"\" src=\"https:\/\/m.media-amazon.com\/images\/S\/aplus-media-library-service-media\/7e6bfdde-c287-445b-b26b-ae2dfce62864.__CR0,0,2146,2685_PT0_SX362_V1___.jpg\">  <\/p>\n<h3> POR LA CALIDAD DEL AIRE <\/h3>\n<p> Product Dimensions                                            \u200f                                            :                                            \u200e                                            21 x 21 x 17 cm; 750 g   <br \/> Date First Available                                            \u200f                                            :                                            \u200e                                            27 Jan. 2020   <br \/> Manufacturer                                            \u200f                                            :                                            \u200e                                            BEPER   <br \/> ASIN                                            \u200f                                            :                                            \u200e                                            B08485QRVZ   <br \/> Item model number                                            \u200f                                            :                                            \u200e                                            BC.261   <br \/> Country of origin                                            \u200f                                            :                                            \u200e                                            China   <br \/>       Best Sellers Rank:  83,514 in Home &#038; Kitchen (See Top 100 in Home &#038; Kitchen)    13 in Electric Steamers      <br \/>  Customer reviews:                                                                                            4.1               4.1 out of 5 stars                                  (2,044)                                              var dpAcrHasRegisteredArcLinkClickAction;                    P.when(&#8216;A&#8217;, &#8216;ready&#8217;).execute(function(A) {                        if (dpAcrHasRegisteredArcLinkClickAction !== true) {                            dpAcrHasRegisteredArcLinkClickAction = true;                            A.declarative(                                &#8216;acrLink-click-metrics&#8217;, &#8216;click&#8217;,                                { \u00aballowLinkDefault\u00bb: true },                                function (event) {                                    if (window.ue) {                                        ue.count(\u00abacrLinkClickCount\u00bb, (ue.count(\u00abacrLinkClickCount\u00bb) || 0) + 1);                                    }                                }                            );                        }                    });                                             P.when(&#8216;A&#8217;, &#8216;cf&#8217;).execute(function(A) {                A.declarative(&#8216;acrStarsLink-click-metrics&#8217;, &#8216;click&#8217;, { \u00aballowLinkDefault\u00bb : true },  function(event){                    if(window.ue) {                        ue.count(\u00abacrStarsLinkWithPopoverClickCount\u00bb, (ue.count(\u00abacrStarsLinkWithPopoverClickCount\u00bb) || 0) + 1);                    }                });            });                          <\/p>\n<p>STEAM COOKING: The pot is equipped with two 2.5 liter clear trays each for steaming different dishes at once while maintaining their nutrients and minerals<br \/>Aroma infuser: When cooked, add seasoning spices to get the result you want; the steamer is suitable for cooking fish, meat and vegetables; German plug<br \/>SAFE AND ERGONOMIC: During cooking, if the water runs out, the steamer automatically shuts off preventing damage; plus, the handles and locking hooks allow you to move it without burning yourself<br \/>TIMER AND OPERATING LIGHT: The 60-minute timer allows you to set the cooking you prefer and turn off the steamer automatically<br \/>SPACE AND CLEANING: Stackable for more convenient storage and less space; lid, containers, and grease collection tray are removable and dishwasher safe<\/p>\n\n","protected":false},"excerpt":{"rendered":"<p> From the brand BEPER PEQUE\u00d1OS ELECTRODOM\u00c9STICOS, GRAN PASI\u00d3N Para nosotros, los peque\u00f1os electrodom\u00e9sticos no son<\/p>","protected":false},"featured_media":34683,"comment_status":"open","ping_status":"closed","template":"","meta":[],"product_brand":[],"product_cat":[82],"product_tag":[1838,9872,9871,2536,2168,8784,2537,1839,1830,1833,1831,9873,2655,1836,9875,1835,2164,1832,9874,2174,1837,6270,1834],"class_list":{"0":"post-34682","1":"product","2":"type-product","3":"status-publish","4":"has-post-thumbnail","6":"product_cat-home-appliance","7":"product_tag-air-conditioners","8":"product_tag-bc-261","9":"product_tag-beper","10":"product_tag-bpa","11":"product_tag-cooking","12":"product_tag-fish","13":"product_tag-free","14":"product_tag-home-appliance-deals","15":"product_tag-home-appliances","16":"product_tag-home-electronics","17":"product_tag-kitchen-appliances","18":"product_tag-litre","19":"product_tag-meat","20":"product_tag-microwave-ovens","21":"product_tag-ravioli","22":"product_tag-refrigerators","23":"product_tag-rice","24":"product_tag-small-home-appliances","25":"product_tag-steamer","26":"product_tag-timer","27":"product_tag-vacuum-cleaners","28":"product_tag-vegetables","29":"product_tag-washing-machines","31":"first","32":"instock","33":"shipping-taxable","34":"product-type-external"},"_links":{"self":[{"href":"https:\/\/comprasyconsejos.store\/en\/wp-json\/wp\/v2\/product\/34682","targetHints":{"allow":["GET"]}}],"collection":[{"href":"https:\/\/comprasyconsejos.store\/en\/wp-json\/wp\/v2\/product"}],"about":[{"href":"https:\/\/comprasyconsejos.store\/en\/wp-json\/wp\/v2\/types\/product"}],"replies":[{"embeddable":true,"href":"https:\/\/comprasyconsejos.store\/en\/wp-json\/wp\/v2\/comments?post=34682"}],"version-history":[{"count":0,"href":"https:\/\/comprasyconsejos.store\/en\/wp-json\/wp\/v2\/product\/34682\/revisions"}],"wp:featuredmedia":[{"embeddable":true,"href":"https:\/\/comprasyconsejos.store\/en\/wp-json\/wp\/v2\/media\/34683"}],"wp:attachment":[{"href":"https:\/\/comprasyconsejos.store\/en\/wp-json\/wp\/v2\/media?parent=34682"}],"wp:term":[{"taxonomy":"product_brand","embeddable":true,"href":"https:\/\/comprasyconsejos.store\/en\/wp-json\/wp\/v2\/product_brand?post=34682"},{"taxonomy":"product_cat","embeddable":true,"href":"https:\/\/comprasyconsejos.store\/en\/wp-json\/wp\/v2\/product_cat?post=34682"},{"taxonomy":"product_tag","embeddable":true,"href":"https:\/\/comprasyconsejos.store\/en\/wp-json\/wp\/v2\/product_tag?post=34682"}],"curies":[{"name":"wp","href":"https:\/\/api.w.org\/{rel}","templated":true}]}}