{"id":34699,"date":"2026-02-25T21:51:28","date_gmt":"2026-02-25T21:51:28","guid":{"rendered":"https:\/\/comprasyconsejos.store\/product\/silvergear-consola-de-juegos-portatil-retro-plegable-en-color-rojo-240-juegos-clasicos-consola-de-videojuegos-compacta-para-ninos-y-adultos-pantalla-a-color-de-28-pulgadas\/"},"modified":"2026-02-25T21:51:36","modified_gmt":"2026-02-25T21:51:36","slug":"silvergear-consola-de-juegos-portatil-retro-plegable-en-color-rojo-240-juegos-clasicos-consola-de-videojuegos-compacta-para-ninos-y-adultos-pantalla-a-color-de-28-pulgadas","status":"publish","type":"product","link":"https:\/\/comprasyconsejos.store\/en\/product\/silvergear-consola-de-juegos-portatil-retro-plegable-en-color-rojo-240-juegos-clasicos-consola-de-videojuegos-compacta-para-ninos-y-adultos-pantalla-a-color-de-28-pulgadas\/","title":{"rendered":"Silvergear\u00ae Consola de juegos port\u00e1til retro plegable en color rojo | 240 juegos cl\u00e1sicos | Consola de videojuegos compacta para ni\u00f1os y adultos | Pantalla a color de 2,8 pulgadas"},"content":{"rendered":"<p>Price: <span style=\"color:#b12704\">\u20ac24.99<\/span><br \/><i><small>(as of Feb 25, 2026 21:51:28 UTC &#8211; <span class=\"wp_automatic_amazon_disclaimer\" title=\"Product prices and availability are accurate as of the date\/time indicated and are subject to change. Any price and availability information displayed on [relevant Amazon Site(s), as applicable] at the time of purchase will apply to the purchase of this product.\">Details<\/span>)<\/small><\/i><\/p>\n<p><a href=\"https:\/\/amazon.es\/dp\/B0DLGZYVVL?tag=man008-21\"><img decoding=\"async\" src=\"https:\/\/valvepress.s3.amazonaws.com\/imgs\/buy_now.png\"><\/a><br \/>\n<br \/>\n    <br \/><span>The <\/span><span class=\"a-text-bold\">Silvergear Retro Folding Portable Console<\/span><span> is the dream come true for fans of classic games. With <\/span><span class=\"a-text-bold\">240 built-in games<\/span><span> and a compact, foldable design, this portable console is ideal for bringing retro fun everywhere. Its portable dimensions and sturdy design make it perfect for travel, waiting times or just reliving old-school video game nostalgia.<\/span><\/p>\n<p><span>Thanks to its <\/span><span class=\"a-text-bold\">2.8&#8243; color display<\/span><span>, you&#8217;ll enjoy every game clearly and clearly, while the foldable design makes it easy to store and carry. Powered by a rechargeable lithium-ion battery, this console offers long hours of entertainment without needing to constantly replace batteries. Plus, with its classic <\/span><span class=\"a-text-bold\">retro game console<\/span><span> style, this mini portable game console becomes a must-have accessory for any retrogaming lover.<\/span><br \/> Language                                            \u200f                                            :                                            \u200e                                            English   <br \/> Package Dimensions                                            \u200f                                            :                                            \u200e                                            19 x 12 x 4 cm; 1 kg   <br \/> ASIN                                            \u200f                                            :                                            \u200e                                            B0DLGZYVVL   <br \/> Item model number                                            \u200f                                            :                                            \u200e                                            4660   <br \/> Country of origin                                            \u200f                                            :                                            \u200e                                            China   <br \/>       Best Sellers Rank:  10,533 in Videogames (See Top 100 in Videogames)    3 in PSP Consoles      <br \/>  Customer reviews:                                                                                            3.6               3.6 out of 5 stars                                  (11)                                              var dpAcrHasRegisteredArcLinkClickAction;                    P.when(&#8216;A&#8217;, &#8216;ready&#8217;).execute(function(A) {                        if (dpAcrHasRegisteredArcLinkClickAction !== true) {                            dpAcrHasRegisteredArcLinkClickAction = true;                            A.declarative(                                &#8216;acrLink-click-metrics&#8217;, &#8216;click&#8217;,                                { \u00aballowLinkDefault\u00bb: true },                                function (event) {                                    if (window.ue) {                                        ue.count(\u00abacrLinkClickCount\u00bb, (ue.count(\u00abacrLinkClickCount\u00bb) || 0) + 1);                                    }                                }                            );                        }                    });                                             P.when(&#8216;A&#8217;, &#8216;cf&#8217;).execute(function(A) {                A.declarative(&#8216;acrStarsLink-click-metrics&#8217;, &#8216;click&#8217;, { \u00aballowLinkDefault\u00bb : true },  function(event){                    if(window.ue) {                        ue.count(\u00abacrStarsLinkWithPopoverClickCount\u00bb, (ue.count(\u00abacrStarsLinkWithPopoverClickCount\u00bb) || 0) + 1);                    }                });            });                          <\/p>\n<p>\ud83c\udfae 240 BUILT-IN CLASSIC GAMES &#8211; Experience nostalgia with a selection of 240 retro games, from action and sports to puzzles and adventures, for hours of entertainment in a single d<br \/>\ud83d\udcf1 Foldable &#038; Compact Design: Easily carry it in your pocket or backpack; Great for gamers looking for portable fun. Perfect for playing anywhere!<br \/>\ud83c\udfa8 2.8&#8243; COLOR DISPLAY: Enjoy vibrant graphics on a screen large enough for gaming experience, yet compact for portability<br \/>Long-lasting battery: Powered by a rechargeable lithium-ion battery, it offers long gaming sessions without interruptions<br \/>Game Console Style: This console is perfect for lovers of retro consoles and retrogames<\/p>\n\n","protected":false},"excerpt":{"rendered":"<p> The Silvergear Retro Folding Portable Console is the dream come true for fans of classic<\/p>","protected":false},"featured_media":34700,"comment_status":"open","ping_status":"closed","template":"","meta":[],"product_brand":[],"product_cat":[61],"product_tag":[9881,9879,312,7006,3981,1880,1881,1875,1883,1884,4440,9880,1878,4109,3954,1876,9577,4217,4035,2233,9878,9877,1879,5230,1882,1877],"class_list":{"0":"post-34699","1":"product","2":"type-product","3":"status-publish","4":"has-post-thumbnail","6":"product_cat-games-entertainment","7":"product_tag-adultos","8":"product_tag-clasicos","9":"product_tag-color","10":"product_tag-compacta","11":"product_tag-consola","12":"product_tag-console-games","13":"product_tag-gaming-accessories","14":"product_tag-gaming-consoles","15":"product_tag-gaming-controllers","16":"product_tag-home-gaming-system","17":"product_tag-juegos","18":"product_tag-ninos","19":"product_tag-nintendo-console","20":"product_tag-pantalla","21":"product_tag-para","22":"product_tag-playstation-console","23":"product_tag-plegable","24":"product_tag-portatil","25":"product_tag-pulgadas","26":"product_tag-retro","27":"product_tag-rojo","28":"product_tag-silvergear","29":"product_tag-video-games","30":"product_tag-videojuegos","31":"product_tag-vr-headset","32":"product_tag-xbox-console","34":"first","35":"instock","36":"shipping-taxable","37":"product-type-external"},"_links":{"self":[{"href":"https:\/\/comprasyconsejos.store\/en\/wp-json\/wp\/v2\/product\/34699","targetHints":{"allow":["GET"]}}],"collection":[{"href":"https:\/\/comprasyconsejos.store\/en\/wp-json\/wp\/v2\/product"}],"about":[{"href":"https:\/\/comprasyconsejos.store\/en\/wp-json\/wp\/v2\/types\/product"}],"replies":[{"embeddable":true,"href":"https:\/\/comprasyconsejos.store\/en\/wp-json\/wp\/v2\/comments?post=34699"}],"version-history":[{"count":0,"href":"https:\/\/comprasyconsejos.store\/en\/wp-json\/wp\/v2\/product\/34699\/revisions"}],"wp:featuredmedia":[{"embeddable":true,"href":"https:\/\/comprasyconsejos.store\/en\/wp-json\/wp\/v2\/media\/34700"}],"wp:attachment":[{"href":"https:\/\/comprasyconsejos.store\/en\/wp-json\/wp\/v2\/media?parent=34699"}],"wp:term":[{"taxonomy":"product_brand","embeddable":true,"href":"https:\/\/comprasyconsejos.store\/en\/wp-json\/wp\/v2\/product_brand?post=34699"},{"taxonomy":"product_cat","embeddable":true,"href":"https:\/\/comprasyconsejos.store\/en\/wp-json\/wp\/v2\/product_cat?post=34699"},{"taxonomy":"product_tag","embeddable":true,"href":"https:\/\/comprasyconsejos.store\/en\/wp-json\/wp\/v2\/product_tag?post=34699"}],"curies":[{"name":"wp","href":"https:\/\/api.w.org\/{rel}","templated":true}]}}