{"id":34727,"date":"2026-02-25T23:13:53","date_gmt":"2026-02-25T23:13:53","guid":{"rendered":"https:\/\/comprasyconsejos.store\/product\/thermaltake-toughpower-gt-850w-atx-3-1-pcie-5-1-80-gold-modular\/"},"modified":"2026-02-25T23:13:59","modified_gmt":"2026-02-25T23:13:59","slug":"thermaltake-toughpower-gt-850w-atx-3-1-pcie-5-1-80-gold-modular","status":"publish","type":"product","link":"https:\/\/comprasyconsejos.store\/en\/product\/thermaltake-toughpower-gt-850w-atx-3-1-pcie-5-1-80-gold-modular\/","title":{"rendered":"Thermaltake Toughpower GT 850W | ATX 3.1 | PCIe 5.1 | 80+ Gold | Modular"},"content":{"rendered":"<p>Price: <span style=\"color:#b12704\">\u20ac100.90<\/span><br \/><i><small>(as of Feb 25, 2026 23:13:53 UTC &#8211; <span class=\"wp_automatic_amazon_disclaimer\" title=\"Product prices and availability are accurate as of the date\/time indicated and are subject to change. Any price and availability information displayed on [relevant Amazon Site(s), as applicable] at the time of purchase will apply to the purchase of this product.\">Details<\/span>)<\/small><\/i><\/p>\n<p><a href=\"https:\/\/amazon.es\/dp\/B0DCZJSJ7Z?tag=man008-21\"><img decoding=\"async\" src=\"https:\/\/valvepress.s3.amazonaws.com\/imgs\/buy_now.png\"><\/a><br \/>\n<\/p>\n<p>                                             From the manufacturer   <\/p>\n<p>                                                  <img decoding=\"async\" alt=\"Im\u00e1genes t\u00e9cnicas del producto que muestran la fuente de alimentaci\u00f3n de un ordenador desde varios \u00e1ngulos. Cuenta con m\u00e1s de 80 distintivos de certificaci\u00f3n y muestra las especificaciones de las capacidades de generaci\u00f3n de energ\u00eda y refrigeraci\u00f3n.\" src=\"https:\/\/images-na.ssl-images-amazon.com\/images\/G\/01\/x-locale\/common\/grey-pixel.gif\" class=\"a-lazy-loaded\" data-src=\"https:\/\/m.media-amazon.com\/images\/S\/aplus-media-library-service-media\/cebc65d1-2209-4653-9ffb-266da2650cd2.__CR0,0,970,300_PT0_SX970_V1___.png\"><img decoding=\"async\" alt=\"Im\u00e1genes t\u00e9cnicas del producto que muestran la fuente de alimentaci\u00f3n de un ordenador desde varios \u00e1ngulos. Cuenta con m\u00e1s de 80 distintivos de certificaci\u00f3n y muestra las especificaciones de las capacidades de generaci\u00f3n de energ\u00eda y refrigeraci\u00f3n.\" src=\"https:\/\/m.media-amazon.com\/images\/S\/aplus-media-library-service-media\/cebc65d1-2209-4653-9ffb-266da2650cd2.__CR0,0,970,300_PT0_SX970_V1___.png\">  <\/p>\n<p>                                                  <img decoding=\"async\" alt=\"El texto dice \u00abSMART ZERO FAN - SILENCIO INTELIGENTE\u00bb. Imagen del producto que muestra un ventilador de refrigeraci\u00f3n para ordenador con especificaciones t\u00e9cnicas en espa\u00f1ol.\" src=\"https:\/\/images-na.ssl-images-amazon.com\/images\/G\/01\/x-locale\/common\/grey-pixel.gif\" class=\"a-lazy-loaded\" data-src=\"https:\/\/m.media-amazon.com\/images\/S\/aplus-media-library-service-media\/46f3463d-bf47-4055-a273-3fd777a27d47.__CR0,0,970,300_PT0_SX970_V1___.png\"><img decoding=\"async\" alt=\"El texto dice \u00abSMART ZERO FAN - SILENCIO INTELIGENTE\u00bb. Imagen del producto que muestra un ventilador de refrigeraci\u00f3n para ordenador con especificaciones t\u00e9cnicas en espa\u00f1ol.\" src=\"https:\/\/m.media-amazon.com\/images\/S\/aplus-media-library-service-media\/46f3463d-bf47-4055-a273-3fd777a27d47.__CR0,0,970,300_PT0_SX970_V1___.png\">  <\/p>\n<p>                                                  <img decoding=\"async\" alt=\"Diagrama de especificaciones t\u00e9cnicas que muestra varias medidas y par\u00e1metros en fondo azul oscuro. Contiene m\u00faltiples lecturas t\u00e9cnicas detalladas y valores num\u00e9ricos.\" src=\"https:\/\/images-na.ssl-images-amazon.com\/images\/G\/01\/x-locale\/common\/grey-pixel.gif\" class=\"a-lazy-loaded\" data-src=\"https:\/\/m.media-amazon.com\/images\/S\/aplus-media-library-service-media\/77c764d6-c52a-4b10-add4-f9a6dcd2b04b.__CR0,0,970,300_PT0_SX970_V1___.png\"><img decoding=\"async\" alt=\"Diagrama de especificaciones t\u00e9cnicas que muestra varias medidas y par\u00e1metros en fondo azul oscuro. Contiene m\u00faltiples lecturas t\u00e9cnicas detalladas y valores num\u00e9ricos.\" src=\"https:\/\/m.media-amazon.com\/images\/S\/aplus-media-library-service-media\/77c764d6-c52a-4b10-add4-f9a6dcd2b04b.__CR0,0,970,300_PT0_SX970_V1___.png\">  <\/p>\n<p>                         Add To Basket  <\/p>\n<p>                         Add To Basket  <\/p>\n<p>                         Add To Basket  <\/p>\n<p>                         Add To Basket  <\/p>\n<p>                             Customer Reviews  <\/p>\n<p>                    4.6 out of 5 stars  817  <\/p>\n<p>                    4.6 out of 5 stars  817  <\/p>\n<p>                    4.6 out of 5 stars  817  <\/p>\n<p>                    4.6 out of 5 stars  817  <\/p>\n<p>                             Price  <\/p>\n<p>                                    \u20ac97.03\u20ac97.03                  \u20ac98.52\u20ac98.52                  \u20ac100.90\u20ac100.90                  \u20ac108.90\u20ac108.90              <\/p>\n<p>                             Potencia Nominal<br \/>\n                                750W               750W               850W               850W              <\/p>\n<p>                             Certificaci\u00f3n: 80 Plus Gold  <\/p>\n<p>                                              \u2713<\/p>\n<p>                                              \u2713<\/p>\n<p>                                              \u2713<\/p>\n<p>                                              \u2713<\/p>\n<p>                             ATX 3.1  <\/p>\n<p>                                              \u2713<\/p>\n<p>                                              \u2713<\/p>\n<p>                                              \u2713<\/p>\n<p>                                              \u2713<\/p>\n<p>                             Rail +12V: L\u00ednea \u00danica de Alta Intensidad  <\/p>\n<p>                                              \u2713<\/p>\n<p>                                              \u2713<\/p>\n<p>                                              \u2713<\/p>\n<p>                                              \u2713<\/p>\n<p>                             Color<br \/>\n                                Negro               Blanco               Negro               Blanco              <\/p>\n<p>                             Protecciones: OCP \/ OVP \/ UVP \/ OPP \/ OTP \/ SCP  <\/p>\n<p>                                              \u2713<\/p>\n<p>                                              \u2713<\/p>\n<p>                                              \u2713<\/p>\n<p>                                              \u2713<\/p>\n<p> Batteries                                            \u200f                                            :                                            \u200e                                            1 AAAA batteries required. (included)   <br \/> Language                                            \u200f                                            :                                            \u200e                                            Italian   <br \/> Product Dimensions                                            \u200f                                            :                                            \u200e                                            15 x 14 x 8.6 cm; 2 kg   <br \/> Manufacturer                                            \u200f                                            :                                            \u200e                                            Thermaltake   <br \/> ASIN                                            \u200f                                            :                                            \u200e                                            B0DCZJSJ7Z   <br \/> Item model number                                            \u200f                                            :                                            \u200e                                            PS-TPT-0850FNFAGE-3   <br \/> Country of origin                                            \u200f                                            :                                            \u200e                                            China   <br \/> Guaranteed software updates until                                            \u200f                                            :                                            \u200e                                            unknown   <br \/>  Customer reviews:                                                                                            4.6               4.6 out of 5 stars                                  (817)                                              var dpAcrHasRegisteredArcLinkClickAction;                    P.when(&#8216;A&#8217;, &#8216;ready&#8217;).execute(function(A) {                        if (dpAcrHasRegisteredArcLinkClickAction !== true) {                            dpAcrHasRegisteredArcLinkClickAction = true;                            A.declarative(                                &#8216;acrLink-click-metrics&#8217;, &#8216;click&#8217;,                                { \u00aballowLinkDefault\u00bb: true },                                function (event) {                                    if (window.ue) {                                        ue.count(\u00abacrLinkClickCount\u00bb, (ue.count(\u00abacrLinkClickCount\u00bb) || 0) + 1);                                    }                                }                            );                        }                    });                                             P.when(&#8216;A&#8217;, &#8216;cf&#8217;).execute(function(A) {                A.declarative(&#8216;acrStarsLink-click-metrics&#8217;, &#8216;click&#8217;, { \u00aballowLinkDefault\u00bb : true },  function(event){                    if(window.ue) {                        ue.count(\u00abacrStarsLinkWithPopoverClickCount\u00bb, (ue.count(\u00abacrStarsLinkWithPopoverClickCount\u00bb) || 0) + 1);                    }                });            });                          <\/p>\n<p>\u2714\ufe0f ATX 3.1 &#038; PCIe Gen 5.1: The new Toughpower GT is manufactured to the current ATX 3.1 standard and comes with the PCIe Gen 5.1 12+4 pin connector.<br \/>\u2714\ufe0f HIGH EFFICIENCY &#8211; Toughpower GT has been certified to the 80Plus Gold standard.<br \/>\u2714\ufe0f FULLY MODULAR &#8211; The Toughpower GT is fully modular, making it easy to manage cables and build a clean PC.<br \/>\u2714\ufe0f Smart Zero Fan: When activated, the fan speed is adjusted based on the load of the power supply and the actual need for cooling.<\/p>\n\n","protected":false},"excerpt":{"rendered":"<p> From the manufacturer Add To Basket Add To Basket Add To Basket Add To Basket<\/p>","protected":false},"featured_media":34728,"comment_status":"open","ping_status":"closed","template":"","meta":[],"product_brand":[],"product_cat":[79],"product_tag":[1488,1490,1495,3682,1458,1499,1500,1494,401,1503,1492,1498,624,1485,824,2894,9889],"class_list":{"0":"post-34727","1":"product","2":"type-product","3":"status-publish","4":"has-post-thumbnail","6":"product_cat-pc-power-supply-unit","7":"product_tag-650w-psu","8":"product_tag-750w-psu","9":"product_tag-80-plus-gold-psu","10":"product_tag-850w","11":"product_tag-atx","12":"product_tag-best-psu","13":"product_tag-computer-power-unit","14":"product_tag-gaming-power-supply","15":"product_tag-gold","16":"product_tag-modular","17":"product_tag-modular-psu","18":"product_tag-pc-power-supply-price","19":"product_tag-pcie","20":"product_tag-power-supply","21":"product_tag-psu","22":"product_tag-thermaltake","23":"product_tag-toughpower","25":"first","26":"instock","27":"shipping-taxable","28":"product-type-external"},"_links":{"self":[{"href":"https:\/\/comprasyconsejos.store\/en\/wp-json\/wp\/v2\/product\/34727","targetHints":{"allow":["GET"]}}],"collection":[{"href":"https:\/\/comprasyconsejos.store\/en\/wp-json\/wp\/v2\/product"}],"about":[{"href":"https:\/\/comprasyconsejos.store\/en\/wp-json\/wp\/v2\/types\/product"}],"replies":[{"embeddable":true,"href":"https:\/\/comprasyconsejos.store\/en\/wp-json\/wp\/v2\/comments?post=34727"}],"version-history":[{"count":0,"href":"https:\/\/comprasyconsejos.store\/en\/wp-json\/wp\/v2\/product\/34727\/revisions"}],"wp:featuredmedia":[{"embeddable":true,"href":"https:\/\/comprasyconsejos.store\/en\/wp-json\/wp\/v2\/media\/34728"}],"wp:attachment":[{"href":"https:\/\/comprasyconsejos.store\/en\/wp-json\/wp\/v2\/media?parent=34727"}],"wp:term":[{"taxonomy":"product_brand","embeddable":true,"href":"https:\/\/comprasyconsejos.store\/en\/wp-json\/wp\/v2\/product_brand?post=34727"},{"taxonomy":"product_cat","embeddable":true,"href":"https:\/\/comprasyconsejos.store\/en\/wp-json\/wp\/v2\/product_cat?post=34727"},{"taxonomy":"product_tag","embeddable":true,"href":"https:\/\/comprasyconsejos.store\/en\/wp-json\/wp\/v2\/product_tag?post=34727"}],"curies":[{"name":"wp","href":"https:\/\/api.w.org\/{rel}","templated":true}]}}