{"id":34801,"date":"2026-02-26T02:31:30","date_gmt":"2026-02-26T02:31:30","guid":{"rendered":"https:\/\/comprasyconsejos.store\/product\/logitech-lift-ergonomic-vertical-mouse-wireless-bluetooth-or-logi-bolt-usb-receiver-silent-clicks-4-buttons-compatible-with-windows-macos-ipados-laptop-pc-graphite\/"},"modified":"2026-02-26T02:31:38","modified_gmt":"2026-02-26T02:31:38","slug":"logitech-lift-ergonomic-vertical-mouse-wireless-bluetooth-or-logi-bolt-usb-receiver-silent-clicks-4-buttons-compatible-with-windows-macos-ipados-laptop-pc-graphite","status":"publish","type":"product","link":"https:\/\/comprasyconsejos.store\/en\/product\/logitech-lift-ergonomic-vertical-mouse-wireless-bluetooth-or-logi-bolt-usb-receiver-silent-clicks-4-buttons-compatible-with-windows-macos-ipados-laptop-pc-graphite\/","title":{"rendered":"Logitech Lift Ergonomic Vertical Mouse, Wireless, Bluetooth or Logi Bolt USB Receiver, Silent Clicks, 4 Buttons, Compatible with Windows\/macOS\/iPadOS, Laptop, PC &#8211; Graphite"},"content":{"rendered":"<p>Price: <span style=\"color:#b12704\"><del>\u20ac81.99<\/del> - \u20ac52.90<\/span><br \/><i><small>(as of Feb 26, 2026 02:31:30 UTC &#8211; <span class=\"wp_automatic_amazon_disclaimer\" title=\"Product prices and availability are accurate as of the date\/time indicated and are subject to change. Any price and availability information displayed on [relevant Amazon Site(s), as applicable] at the time of purchase will apply to the purchase of this product.\">Details<\/span>)<\/small><\/i><\/p>\n<p><a href=\"https:\/\/amazon.es\/dp\/B07W4DGC27?tag=man008-21\"><img decoding=\"async\" src=\"https:\/\/valvepress.s3.amazonaws.com\/imgs\/buy_now.png\"><\/a><br \/>\n<\/p>\n<p>                                             From the manufacturer   <\/p>\n<p>The video showcases the product in use.The video guides you through product setup.The video compares multiple products.The video shows the product being unpacked. hero-video Merchant video<\/p>\n<p>                                                                                                                <img decoding=\"async\" alt=\"Lift Vertical Ergonomic Mouse\" src=\"https:\/\/m.media-amazon.com\/images\/S\/aplus-media-library-service-media\/9592129d-cc61-4b42-84e5-49620fcbc4bc.__CR0,0,1464,600_PT0_SX1464_V1___.jpg\">                                                                                           LO VERTICAL EST\u00c1 DE MODA                                       <\/p>\n<p class=\"description aplus-p1\"> Lo escuchaste de nosotros primero. <\/p>\n<p>                                                      <img decoding=\"async\" alt=\"Lift Vertical Ergonomic Mouse\" src=\"https:\/\/m.media-amazon.com\/images\/S\/aplus-media-library-service-media\/bc419b61-c97b-42d1-9c8f-ccb4d2145c8f.__CR0,0,1464,600_PT0_SX1464_V1___.jpg\">                                                                                           COMODIDAD EN LA PALMA DE TU MANO                                       <\/p>\n<p class=\"description aplus-p1\"> Los d\u00edas en el escritorio son estupendos con una \u2018posici\u00f3n de sujeci\u00f3n natural\u2019 elevada. <\/p>\n<p>                                                      <img decoding=\"async\" alt=\"Lift Vertical Ergonomic Mouse\" src=\"https:\/\/m.media-amazon.com\/images\/S\/aplus-media-library-service-media\/833621ea-cfd2-4b49-8aac-77ad30ba055e.__CR0,0,1464,600_PT0_SX1464_V1___.jpg\">                                                                                           L\u00cdNEAS CURVAS Y C\u00d3MODAS                                       <\/p>\n<p class=\"description aplus-p1\"> La forma natural del Lift se adapta perfectamente a la palma de tu mano. <\/p>\n<p>                            1 LO VERTICAL EST\u00c1 DE MODA <\/p>\n<p>                            2 COMODIDAD <\/p>\n<p>                            3 L\u00cdNEAS CURVAS Y C\u00d3MODAS <\/p>\n<p>                                                                                                                <img decoding=\"async\" alt=\"Lift Vertical Ergonomic Mouse\" src=\"https:\/\/m.media-amazon.com\/images\/S\/aplus-media-library-service-media\/1cfc369a-59ea-4f00-a90b-cbc5a8c97d3d.__CR0,0,1464,600_PT0_SX1464_V1___.jpg\">                                                                                           \u00d3ptimo \u00e1ngulo de 57\u00b0 para comodidad prolongada                                       <\/p>\n<p class=\"description aplus-p1\"> Este \u00e1ngulo \u00fanico eleva la mu\u00f1eca para aliviar la presi\u00f3n y alinear el antebrazo c\u00f3modamente. <\/p>\n<p>                                                      <img decoding=\"async\" alt=\"Lift Vertical Ergonomic Mouse\" src=\"https:\/\/m.media-amazon.com\/images\/S\/aplus-media-library-service-media\/7afb2c5d-9936-46aa-92b8-42fe43fd0c8f.__CR0,0,1464,600_PT0_SX1464_V1___.jpg\">                                                                                           SIENTE VOLAR LAS HORAS SIN QUE NADA TE PARE                                       <\/p>\n<p class=\"description aplus-p1\"> Al colocar tu antebrazo y la parte superior de tu cuerpo en una postura m\u00e1s natural y relajada. <\/p>\n<p>                                                      <img decoding=\"async\" alt=\"Lift Vertical Ergonomic Mouse\" src=\"https:\/\/m.media-amazon.com\/images\/S\/aplus-media-library-service-media\/f7d6a7d8-d91b-4dbf-81ed-fab4c8c2c35a.__CR0,0,1464,600_PT0_SX1464_V1___.jpg\">                                                                                           M\u00c1S RELAJANTE                                       <\/p>\n<p class=\"description aplus-p1\"> Menos tensi\u00f3n muscular en el brazo. M\u00e1s caracter\u00edsticas de productividad en tus manos. <\/p>\n<p>                            1 \u00a157\u00ba DE COMODIDAD! <\/p>\n<p>                            2 UNA POSTURA M\u00c1S NATURAL <\/p>\n<p>                            3 M\u00c1S RELAJANTE <\/p>\n<p>                                                                                              <img decoding=\"async\" alt=\"Logitech Lift Vertical Ergonomic Mouse\" src=\"https:\/\/images-na.ssl-images-amazon.com\/images\/G\/01\/x-locale\/common\/grey-pixel.gif\" class=\"a-lazy-loaded\" data-src=\"https:\/\/m.media-amazon.com\/images\/S\/aplus-media-library-service-media\/6b4cf09a-ba8b-4f6d-a922-b94f6520330d.__CR0,0,300,225_PT0_SX300_V1___.jpg\"><img decoding=\"async\" alt=\"Logitech Lift Vertical Ergonomic Mouse\" src=\"https:\/\/m.media-amazon.com\/images\/S\/aplus-media-library-service-media\/6b4cf09a-ba8b-4f6d-a922-b94f6520330d.__CR0,0,300,225_PT0_SX300_V1___.jpg\">                                            SMARTWHEEL                                         <\/p>\n<p class=\"aplus-p3\"> Con modos de desplazamiento de velocidad y precisi\u00f3n. <\/p>\n<p>                                           <img decoding=\"async\" alt=\"Logitech Lift Vertical Ergonomic Mouse\" src=\"https:\/\/images-na.ssl-images-amazon.com\/images\/G\/01\/x-locale\/common\/grey-pixel.gif\" class=\"a-lazy-loaded\" data-src=\"https:\/\/m.media-amazon.com\/images\/S\/aplus-media-library-service-media\/3e6a81f8-04db-4e04-8320-5291d4f1f883.__CR0,0,300,225_PT0_SX300_V1___.jpg\"><img decoding=\"async\" alt=\"Logitech Lift Vertical Ergonomic Mouse\" src=\"https:\/\/m.media-amazon.com\/images\/S\/aplus-media-library-service-media\/3e6a81f8-04db-4e04-8320-5291d4f1f883.__CR0,0,300,225_PT0_SX300_V1___.jpg\">                                            TRABAJA A TU MANERA                                         <\/p>\n<p class=\"aplus-p3\"> Personaliza los cuatro botones de Lift a tus cuatro accesos directos favoritos con el intuitivo software Logi Options+. <\/p>\n<p>                                           <img decoding=\"async\" alt=\"Logitech Lift Vertical Ergonomic Mouse\" src=\"https:\/\/images-na.ssl-images-amazon.com\/images\/G\/01\/x-locale\/common\/grey-pixel.gif\" class=\"a-lazy-loaded\" data-src=\"https:\/\/m.media-amazon.com\/images\/S\/aplus-media-library-service-media\/f5dbb4d5-f16d-47f5-be22-090b26f3af38.__CR0,0,300,225_PT0_SX300_V1___.jpg\"><img decoding=\"async\" alt=\"Logitech Lift Vertical Ergonomic Mouse\" src=\"https:\/\/m.media-amazon.com\/images\/S\/aplus-media-library-service-media\/f5dbb4d5-f16d-47f5-be22-090b26f3af38.__CR0,0,300,225_PT0_SX300_V1___.jpg\">                                            CAMBIA                                         <\/p>\n<p class=\"aplus-p3\"> Conecta Lift hasta a tres dispositivos multisistema operativo, tanto si utilizas un ordenador como una tablet. <\/p>\n<p>                                           <img decoding=\"async\" alt=\"Logitech Lift Vertical Ergonomic Mouse\" src=\"https:\/\/images-na.ssl-images-amazon.com\/images\/G\/01\/x-locale\/common\/grey-pixel.gif\" class=\"a-lazy-loaded\" data-src=\"https:\/\/m.media-amazon.com\/images\/S\/aplus-media-library-service-media\/3e6a81f8-04db-4e04-8320-5291d4f1f883.__CR0,0,300,225_PT0_SX300_V1___.jpg\"><img decoding=\"async\" alt=\"Logitech Lift Vertical Ergonomic Mouse\" src=\"https:\/\/m.media-amazon.com\/images\/S\/aplus-media-library-service-media\/3e6a81f8-04db-4e04-8320-5291d4f1f883.__CR0,0,300,225_PT0_SX300_V1___.jpg\">                                            DOS FORMAS F\u00c1CILES DE CONEXI\u00d3N                                         <\/p>\n<p class=\"aplus-p3\"> Elige entre utilizar Bluetooth de bajo consumo o el receptor USB Logi Bolt incluido, que es ideal para entornos congestionados. <\/p>\n<p>                                                                                                                <img decoding=\"async\" alt=\"Logitech Lift Vertical Ergonomic Mouse\" src=\"https:\/\/m.media-amazon.com\/images\/S\/aplus-media-library-service-media\/c7ac5af4-a00a-4218-8fb5-14837c5d2611.__CR0,0,1464,600_PT0_SX1464_V1___.jpg\">                                                                                           MIDE TU MANO AQU\u00cd                                       <\/p>\n<p class=\"description aplus-p1\"> Lift se adapta perfectamente a las manos peque\u00f1as y medianas. <\/p>\n<p>                                                      <img decoding=\"async\" alt=\"Logitech Lift Vertical Ergonomic Mouse\" src=\"https:\/\/m.media-amazon.com\/images\/S\/aplus-media-library-service-media\/b407d31c-7bd4-4e51-967c-e7550a5c2609.__CR0,0,1464,600_PT0_SX1464_V1___.jpg\">                                                                                           ELIGE EL RAT\u00d3N ADECUADO PARA TU MANO                                       <\/p>\n<p class=\"description aplus-p1\"> Lift se adapta perfectamente a las manos peque\u00f1as y medianas. <\/p>\n<p>                                                      <img decoding=\"async\" alt=\"Logitech Lift Vertical Ergonomic Mouse \" src=\"https:\/\/m.media-amazon.com\/images\/S\/aplus-media-library-service-media\/be8be9ae-a732-4a31-9045-cea4c7b871ac.__CR0,0,1464,600_PT0_SX1464_V1___.jpg\">                                                                                           CONFORT INCLUSIVO, TAMBI\u00c9N PARA ZURDOS                                       <\/p>\n<p class=\"description aplus-p1\"> Tanto si eres usuario zurdo como si quieres darle un descanso a tu mano derecha, prueba Lift Left. <\/p>\n<p>                            1 MIDE TU MANO AQU\u00cd <\/p>\n<p>                            2 PEQUE\u00d1O, MEDIANO O GRANDE <\/p>\n<p>                            3 PARA LA IZQUIERDA <\/p>\n<p>                                                                                                                                                                                                                                                       Escucha las opiniones de Funso    <\/p>\n<p>The video showcases the product in use.The video guides you through product setup.The video compares multiple products.The video shows the product being unpacked. video Merchant video<\/p>\n<p>                                                                                                Escucha las primeras impresiones de Elin    <\/p>\n<p>The video showcases the product in use.The video guides you through product setup.The video compares multiple products.The video shows the product being unpacked. video Merchant video<\/p>\n<p>                                                                                                Descubre lo que piensa Lucy    <\/p>\n<p>The video showcases the product in use.The video guides you through product setup.The video compares multiple products.The video shows the product being unpacked. video Merchant video<\/p>\n<p>                                                                                     <img decoding=\"async\" alt=\"Logitech Lift Vertical Ergonomic Mouse\" src=\"https:\/\/m.media-amazon.com\/images\/S\/aplus-media-library-service-media\/d8a3dfbf-7a82-4fa6-922f-8e9224ba18b4.__CR0,0,1464,600_PT0_SX1464_V1___.jpg\">                                                    Combina comodidad y estilo                                         <\/p>\n<p class=\"aplus-p3\"> Kombinieren Sie Lift mit Wave-Tasten und machen Sie Ihren Schreibtischalltag zu einer Wohlf\u00fchlgeschichte mit einer ergonomischen Tastatur und Maus, die f\u00fcr ganzt\u00e4gigen Komfort abgestimmt sind. <\/p>\n<p>                                                                                     <img decoding=\"async\" alt=\"Logitech Lift Vertical Ergonomic Mouse\" src=\"https:\/\/m.media-amazon.com\/images\/S\/aplus-media-library-service-media\/855964ff-206a-4f00-86a6-010ef93b5d80.__CR0,0,1464,600_PT0_SX1464_V1___.jpg\">                                                    Mejora tu comodidad y rendimiento                                         <\/p>\n<p class=\"aplus-p3\"> Lassen Sie Ihre H\u00e4nde beim Tippen auf nat\u00fcrliche Weise entspannen. Mit seinem wellenf\u00f6rmigen Keyframe-Design f\u00fchlt sich Wave Keys sofort vertraut an. <\/p>\n<p> Batteries                                            \u200f                                            :                                            \u200e                                            1 AA batteries required. (included)   <br \/> Language                                            \u200f                                            :                                            \u200e                                            English   <br \/> Product Dimensions                                            \u200f                                            :                                            \u200e                                            10.8 x 7 x 0.1 cm; 100 g   <br \/> Manufacturer                                            \u200f                                            :                                            \u200e                                            Logitech   <br \/> ASIN                                            \u200f                                            :                                            \u200e                                            B07W4DGC27   <br \/> Item model number                                            \u200f                                            :                                            \u200e                                            910-006473   <br \/> Country of origin                                            \u200f                                            :                                            \u200e                                            China   <br \/> Guaranteed software updates until                                            \u200f                                            :                                            \u200e                                            unknown   <br \/>  Customer reviews:                                                                                            4.5               4.5 out of 5 stars                                  (10,434)                                              var dpAcrHasRegisteredArcLinkClickAction;                    P.when(&#8216;A&#8217;, &#8216;ready&#8217;).execute(function(A) {                        if (dpAcrHasRegisteredArcLinkClickAction !== true) {                            dpAcrHasRegisteredArcLinkClickAction = true;                            A.declarative(                                &#8216;acrLink-click-metrics&#8217;, &#8216;click&#8217;,                                { \u00aballowLinkDefault\u00bb: true },                                function (event) {                                    if (window.ue) {                                        ue.count(\u00abacrLinkClickCount\u00bb, (ue.count(\u00abacrLinkClickCount\u00bb) || 0) + 1);                                    }                                }                            );                        }                    });                                             P.when(&#8216;A&#8217;, &#8216;cf&#8217;).execute(function(A) {                A.declarative(&#8216;acrStarsLink-click-metrics&#8217;, &#8216;click&#8217;, { \u00aballowLinkDefault\u00bb : true },  function(event){                    if(window.ue) {                        ue.count(\u00abacrStarsLinkWithPopoverClickCount\u00bb, (ue.count(\u00abacrStarsLinkWithPopoverClickCount\u00bb) || 0) + 1);                    }                });            });                          <\/p>\n<p>Come up with Lift: Liven up your desk with the Logitech Lift Vertical Ergonomic Mouse. Suitable for small and medium hands<br \/>COMFORT IN THE PALM OF YOUR HAND &#8211; Rest your hand on the Lift vertical mouse all day long, with a soft texture grip and also support your thumb for good comfort<br \/>57 DEGREES OF RELIEF &#8211; Lift&#8217;s vertical shape helps your wrists feel the &#8211; ahhh effect, as well as encouraging a natural forearm posture. Comfort and productivity, all day long<br \/>Get carried away by the most relaxing concentration: Get used to work with a wireless computer mouse with customizable buttons, silent clicks and a SmartWheel for smooth scrolling<br \/>ERGO CERTIFIED: Lift Wireless Vertical Mouse was designed, developed, tested and approved under criteria established by ergonomics specialists<\/p>\n\n","protected":false},"excerpt":{"rendered":"<p> From the manufacturer The video showcases the product in use.The video guides you through product<\/p>","protected":false},"featured_media":34802,"comment_status":"open","ping_status":"closed","template":"","meta":[],"product_brand":[],"product_cat":[50],"product_tag":[765,726,759,9913,771,4675,201,756,1148,761,758,1014,159,5083,9912,748,767,770,763,760,1010,764,133,762,1150,9914,226,757],"class_list":{"0":"post-34801","1":"product","2":"type-product","3":"status-publish","4":"has-post-thumbnail","6":"product_cat-mouse","7":"product_tag-best-gaming-mouse","8":"product_tag-bluetooth","9":"product_tag-bluetooth-mouse","10":"product_tag-bolt","11":"product_tag-buttons","12":"product_tag-clicks","13":"product_tag-compatible","14":"product_tag-computer-mouse","15":"product_tag-ergonomic","16":"product_tag-ergonomic-mouse","17":"product_tag-gaming-mouse","18":"product_tag-graphite","19":"product_tag-laptop","20":"product_tag-lift","21":"product_tag-logi","22":"product_tag-logitech","23":"product_tag-mouse","24":"product_tag-receiver","25":"product_tag-rechargeable-mouse","26":"product_tag-rgb-mouse","27":"product_tag-silent","28":"product_tag-silent-mouse","29":"product_tag-usb","30":"product_tag-usb-mouse","31":"product_tag-vertical","32":"product_tag-windowsmacosipados","33":"product_tag-wireless","34":"product_tag-wireless-mouse","36":"first","37":"instock","38":"sale","39":"shipping-taxable","40":"product-type-external"},"_links":{"self":[{"href":"https:\/\/comprasyconsejos.store\/en\/wp-json\/wp\/v2\/product\/34801","targetHints":{"allow":["GET"]}}],"collection":[{"href":"https:\/\/comprasyconsejos.store\/en\/wp-json\/wp\/v2\/product"}],"about":[{"href":"https:\/\/comprasyconsejos.store\/en\/wp-json\/wp\/v2\/types\/product"}],"replies":[{"embeddable":true,"href":"https:\/\/comprasyconsejos.store\/en\/wp-json\/wp\/v2\/comments?post=34801"}],"version-history":[{"count":0,"href":"https:\/\/comprasyconsejos.store\/en\/wp-json\/wp\/v2\/product\/34801\/revisions"}],"wp:featuredmedia":[{"embeddable":true,"href":"https:\/\/comprasyconsejos.store\/en\/wp-json\/wp\/v2\/media\/34802"}],"wp:attachment":[{"href":"https:\/\/comprasyconsejos.store\/en\/wp-json\/wp\/v2\/media?parent=34801"}],"wp:term":[{"taxonomy":"product_brand","embeddable":true,"href":"https:\/\/comprasyconsejos.store\/en\/wp-json\/wp\/v2\/product_brand?post=34801"},{"taxonomy":"product_cat","embeddable":true,"href":"https:\/\/comprasyconsejos.store\/en\/wp-json\/wp\/v2\/product_cat?post=34801"},{"taxonomy":"product_tag","embeddable":true,"href":"https:\/\/comprasyconsejos.store\/en\/wp-json\/wp\/v2\/product_tag?post=34801"}],"curies":[{"name":"wp","href":"https:\/\/api.w.org\/{rel}","templated":true}]}}