{"id":34820,"date":"2026-02-26T03:04:23","date_gmt":"2026-02-26T03:04:23","guid":{"rendered":"https:\/\/comprasyconsejos.store\/product\/beelink-ser5-mini-pc-amd-ryzen-5-5500u-6c-12t-up-to-4-0ghz-32gb-ram-500gb-ssd-4k60hz-display-support-up-to-3-displays-hdmi-dp-type-c-bt5-2-wi-fi-6-2-5g-lan\/"},"modified":"2026-02-26T03:04:32","modified_gmt":"2026-02-26T03:04:32","slug":"beelink-ser5-mini-pc-amd-ryzen-5-5500u-6c-12t-up-to-4-0ghz-32gb-ram-500gb-ssd-4k60hz-display-support-up-to-3-displays-hdmi-dp-type-c-bt5-2-wi-fi-6-2-5g-lan","status":"publish","type":"product","link":"https:\/\/comprasyconsejos.store\/en\/product\/beelink-ser5-mini-pc-amd-ryzen-5-5500u-6c-12t-up-to-4-0ghz-32gb-ram-500gb-ssd-4k60hz-display-support-up-to-3-displays-hdmi-dp-type-c-bt5-2-wi-fi-6-2-5g-lan\/","title":{"rendered":"Beelink SER5 Mini PC, AMD Ryzen 5 5500U 6C\/12T, up to 4.0GHz, 32GB RAM, 500GB SSD, 4K@60Hz Display, Support up to 3 Displays (HDMI\/DP\/Type C), BT5.2, Wi-Fi 6, 2.5G LAN"},"content":{"rendered":"<p>Price: <span style=\"color:#b12704\">\u20ac499.00<\/span><br \/><i><small>(as of Feb 26, 2026 03:04:23 UTC &#8211; <span class=\"wp_automatic_amazon_disclaimer\" title=\"Product prices and availability are accurate as of the date\/time indicated and are subject to change. Any price and availability information displayed on [relevant Amazon Site(s), as applicable] at the time of purchase will apply to the purchase of this product.\">Details<\/span>)<\/small><\/i><\/p>\n<p><a href=\"https:\/\/amazon.es\/dp\/B0CF8KZRBS?tag=man008-21\"><img decoding=\"async\" src=\"https:\/\/valvepress.s3.amazonaws.com\/imgs\/buy_now.png\"><\/a><br \/>\n<\/p>\n<p>                                             From the brand   <\/p>\n<p>                                              <img decoding=\"async\" alt=\"\" src=\"https:\/\/images-na.ssl-images-amazon.com\/images\/G\/01\/x-locale\/common\/grey-pixel.gif\" class=\"a-lazy-loaded\" data-src=\"https:\/\/m.media-amazon.com\/images\/S\/aplus-media-library-service-media\/28831ccd-995e-49ea-a677-d73ae48bc9bf.__CR0,0,1464,625_PT0_SX1464_V1___.jpg\"><img decoding=\"async\" alt=\"\" src=\"https:\/\/m.media-amazon.com\/images\/S\/aplus-media-library-service-media\/28831ccd-995e-49ea-a677-d73ae48bc9bf.__CR0,0,1464,625_PT0_SX1464_V1___.jpg\">  <\/p>\n<h3> Beelink Mini PC <\/h3>\n<p> Se puede utilizar para entretenimiento en el hogar, oficina, juegos, se\u00f1alizaci\u00f3n digital, centro multimedia, etc. <\/p>\n<p>                                              <img decoding=\"async\" alt=\"\" src=\"https:\/\/images-na.ssl-images-amazon.com\/images\/G\/01\/x-locale\/common\/grey-pixel.gif\" class=\"a-lazy-loaded\" data-src=\"https:\/\/m.media-amazon.com\/images\/S\/aplus-media-library-service-media\/fd4b0391-db42-4968-ba86-c60581da648e.__CR0,0,315,145_PT0_SX315_V1___.jpg\"><img decoding=\"async\" alt=\"\" src=\"https:\/\/m.media-amazon.com\/images\/S\/aplus-media-library-service-media\/fd4b0391-db42-4968-ba86-c60581da648e.__CR0,0,315,145_PT0_SX315_V1___.jpg\">  <\/p>\n<p> Beelink contin\u00faa la innovaci\u00f3n y tiene como objetivo hacer el trabajo m\u00e1s conveniente y eficiente.  Esperamos que nuestro know-how y dedicaci\u00f3n hagan que nuestros productos sean mejores y \u00fanicos. Beelink intenta redefinir el concepto de diferencia mientras intenta ofrecerle un nuevo mundo. <\/p>\n<h3> Beelink Mini PC &#8211; Intel <\/h3>\n<p class=\"apm-brand-story-stores-link\">\n<h3> Beelink Mini PC &#8211; AMD <\/h3>\n<p class=\"apm-brand-story-stores-link\">\n<h3> Beelink &#8211; Mini PC <\/h3>\n<h3> Beelink Mini PC &#8211; SER <\/h3>\n<p class=\"apm-brand-story-stores-link\">\n<p>                                              <img decoding=\"async\" alt=\"\" src=\"https:\/\/images-na.ssl-images-amazon.com\/images\/G\/01\/x-locale\/common\/grey-pixel.gif\" class=\"a-lazy-loaded\" data-src=\"https:\/\/m.media-amazon.com\/images\/S\/aplus-media-library-service-media\/4de3abb5-a0eb-4289-9313-74bc847fd6b2.__CR0,0,362,453_PT0_SX362_V1___.jpg\"><img decoding=\"async\" alt=\"\" src=\"https:\/\/m.media-amazon.com\/images\/S\/aplus-media-library-service-media\/4de3abb5-a0eb-4289-9313-74bc847fd6b2.__CR0,0,362,453_PT0_SX362_V1___.jpg\">  <\/p>\n<p>                                              <img decoding=\"async\" alt=\"con Intel N100, 16 GB de RAM DDR4 y 500 GB de almacenamiento PCIE. Cuenta con doble pantalla, WiFi 6 y Bluetooth 5.2. Funda compacta de color azul oscuro con parte superior texturizada\" src=\"https:\/\/images-na.ssl-images-amazon.com\/images\/G\/01\/x-locale\/common\/grey-pixel.gif\" class=\"a-lazy-loaded\" data-src=\"https:\/\/m.media-amazon.com\/images\/S\/aplus-media-library-service-media\/31d9a9a3-0d1c-417a-9849-d94949f0f777.__CR0,0,362,453_PT0_SX362_V1___.jpg\"><img decoding=\"async\" alt=\"con Intel N100, 16 GB de RAM DDR4 y 500 GB de almacenamiento PCIE. Cuenta con doble pantalla, WiFi 6 y Bluetooth 5.2. Funda compacta de color azul oscuro con parte superior texturizada\" src=\"https:\/\/m.media-amazon.com\/images\/S\/aplus-media-library-service-media\/31d9a9a3-0d1c-417a-9849-d94949f0f777.__CR0,0,362,453_PT0_SX362_V1___.jpg\">  <\/p>\n<p>                                              <img decoding=\"async\" alt=\"SER8\" src=\"https:\/\/images-na.ssl-images-amazon.com\/images\/G\/01\/x-locale\/common\/grey-pixel.gif\" class=\"a-lazy-loaded\" data-src=\"https:\/\/m.media-amazon.com\/images\/S\/aplus-media-library-service-media\/9a9f9aeb-35ca-4bdf-9e18-dafe61a22b9f.__CR0,0,362,453_PT0_SX362_V1___.jpg\"><img decoding=\"async\" alt=\"SER8\" src=\"https:\/\/m.media-amazon.com\/images\/S\/aplus-media-library-service-media\/9a9f9aeb-35ca-4bdf-9e18-dafe61a22b9f.__CR0,0,362,453_PT0_SX362_V1___.jpg\">  <\/p>\n<p>                                              <img decoding=\"async\" alt=\"El texto dice \u00abBUSINESS MINI PC\u00bb, \u00abHOT\u00bb, \u00abBeelink SER5\u00bb. Se muestran las especificaciones del miniPC: AMD Ryzen 5500U, DDR4 de 16 GB, SSD NVMe de 500 GB, triple pantalla, WiFi6, BT5.2.\" src=\"https:\/\/images-na.ssl-images-amazon.com\/images\/G\/01\/x-locale\/common\/grey-pixel.gif\" class=\"a-lazy-loaded\" data-src=\"https:\/\/m.media-amazon.com\/images\/S\/aplus-media-library-service-media\/f610cc30-c40c-4bb0-adf0-3674249b97f2.__CR0,0,362,453_PT0_SX362_V1___.jpg\"><img decoding=\"async\" alt=\"El texto dice \u00abBUSINESS MINI PC\u00bb, \u00abHOT\u00bb, \u00abBeelink SER5\u00bb. Se muestran las especificaciones del miniPC: AMD Ryzen 5500U, DDR4 de 16 GB, SSD NVMe de 500 GB, triple pantalla, WiFi6, BT5.2.\" src=\"https:\/\/m.media-amazon.com\/images\/S\/aplus-media-library-service-media\/f610cc30-c40c-4bb0-adf0-3674249b97f2.__CR0,0,362,453_PT0_SX362_V1___.jpg\">  <\/p>\n<p>                                              <img decoding=\"async\" alt=\"\" src=\"https:\/\/images-na.ssl-images-amazon.com\/images\/G\/01\/x-locale\/common\/grey-pixel.gif\" class=\"a-lazy-loaded\" data-src=\"https:\/\/m.media-amazon.com\/images\/S\/aplus-media-library-service-media\/c98b479f-4086-4512-974d-cf43b5ad7531.__CR0,0,362,453_PT0_SX362_V1___.jpg\"><img decoding=\"async\" alt=\"\" src=\"https:\/\/m.media-amazon.com\/images\/S\/aplus-media-library-service-media\/c98b479f-4086-4512-974d-cf43b5ad7531.__CR0,0,362,453_PT0_SX362_V1___.jpg\">  <\/p>\n<p> La mejor opci\u00f3n para regalar regalos. <\/p>\n<p>                                              <img decoding=\"async\" alt=\"una captura de pantalla del icono del software de Windows\" src=\"https:\/\/images-na.ssl-images-amazon.com\/images\/G\/01\/x-locale\/common\/grey-pixel.gif\" class=\"a-lazy-loaded\" data-src=\"https:\/\/m.media-amazon.com\/images\/S\/aplus-media-library-service-media\/828c0237-557a-4b46-b150-e1dfa3d47261.__CR0,0,362,453_PT0_SX362_V1___.jpg\"><img decoding=\"async\" alt=\"una captura de pantalla del icono del software de Windows\" src=\"https:\/\/m.media-amazon.com\/images\/S\/aplus-media-library-service-media\/828c0237-557a-4b46-b150-e1dfa3d47261.__CR0,0,362,453_PT0_SX362_V1___.jpg\">  <\/p>\n<p>                                              <img decoding=\"async\" alt=\"24 Hours\" src=\"https:\/\/images-na.ssl-images-amazon.com\/images\/G\/01\/x-locale\/common\/grey-pixel.gif\" class=\"a-lazy-loaded\" data-src=\"https:\/\/m.media-amazon.com\/images\/S\/aplus-media-library-service-media\/d27e4d91-85ae-4fdd-8048-bb49fa2447a0.__CR0,0,362,453_PT0_SX362_V1___.jpg\"><img decoding=\"async\" alt=\"24 Hours\" src=\"https:\/\/m.media-amazon.com\/images\/S\/aplus-media-library-service-media\/d27e4d91-85ae-4fdd-8048-bb49fa2447a0.__CR0,0,362,453_PT0_SX362_V1___.jpg\">  <\/p>\n<p> Is discontinued by manufacturer                                            \u200f                                            :                                            \u200e                                            No   <br \/> Product Dimensions                                            \u200f                                            :                                            \u200e                                            11.3 x 4.2 x 12.6 cm; 900 g   <br \/> Manufacturer                                            \u200f                                            :                                            \u200e                                            Beelink   <br \/> ASIN                                            \u200f                                            :                                            \u200e                                            B0C77CWN2P   <br \/> Item model number                                            \u200f                                            :                                            \u200e                                            SER5\/5500U\/32G\/500G   <br \/> Guaranteed software updates until                                            \u200f                                            :                                            \u200e                                            unknown   <br \/>  Customer reviews:                                                                                            4.5               4.5 out of 5 stars                                  (280)                                              var dpAcrHasRegisteredArcLinkClickAction;                    P.when(&#8216;A&#8217;, &#8216;ready&#8217;).execute(function(A) {                        if (dpAcrHasRegisteredArcLinkClickAction !== true) {                            dpAcrHasRegisteredArcLinkClickAction = true;                            A.declarative(                                &#8216;acrLink-click-metrics&#8217;, &#8216;click&#8217;,                                { \u00aballowLinkDefault\u00bb: true },                                function (event) {                                    if (window.ue) {                                        ue.count(\u00abacrLinkClickCount\u00bb, (ue.count(\u00abacrLinkClickCount\u00bb) || 0) + 1);                                    }                                }                            );                        }                    });                                             P.when(&#8216;A&#8217;, &#8216;cf&#8217;).execute(function(A) {                A.declarative(&#8216;acrStarsLink-click-metrics&#8217;, &#8216;click&#8217;, { \u00aballowLinkDefault\u00bb : true },  function(event){                    if(window.ue) {                        ue.count(\u00abacrStarsLinkWithPopoverClickCount\u00bb, (ue.count(\u00abacrStarsLinkWithPopoverClickCount\u00bb) || 0) + 1);                    }                });            });                          <\/p>\n<p>\u2705\u3010Beelink SER5 5500U\u3011The SER5 includes the AMD Ryzen 5 5500U processor, 6 cores and 12 threads, a maximum speed of up to 4.0 GHz and an intelligent cache of 8 MB. It allows you to easily run working software like Pr, Ps, C4D, Keyshot, CAD, ArcGIS, and is also ideal for large games like LOL, PUBG, DOTA 2, Europa Universalis IV and more.<br \/>\u2705\u301032GB RAM + 500GB SSD\u3011SER5 mini computer features two 32GB DDR4 RAM (up to 3200MHz) for smooth transition between tasks. Built-in M.2 NVMe SSD (read and write speeds up to 2350 and 2000MB\/s, respectively) for speed and stability. Storage can also be expanded with an M.2 NVMe interface or a 2.5-inch SSD\/HDD up to 2TB.<br \/>\u2705\u3010Triple Display\u3011SER5 mini PC offers 4K UHD resolution thanks to its integrated Radeon graphics card (7 graphics cores, with a clock speed of up to 1800MHz), making it the ideal choice for home theater and gaming. It also features a DP + HDMI + Type-C interface, perfect for your work needs. Its compact size and VESA mount allow it to be mounted on the wall or on a monitor, saving space.<br \/>\u2705\u3010WIRELESS CONNECTION\u3011Newest wireless technology, Wi-Fi 6, extends the capabilities of Wi-Fi 5 to the 6GHz band, delivering higher concurrency, lower latency and higher bandwidth. Bluetooth 5.2 is faster, with longer transmission distance, better stability and lower power consumption compared to the previous version. In addition, it is equipped with a 2.5G Ethernet interface.<br \/>\u2705\u3010AFTER-SALES SERVICE\u3011We provide hassle-free after-sales service. If you would like to set up the auto power on\/WOL\/PXE function, please contact the seller&#8217;s customer service for help. We promise to respond as soon as possible to any messages related to the Mini PC Beelink.<\/p>\n\n","protected":false},"excerpt":{"rendered":"<p> From the brand Beelink Mini PC Se puede utilizar para entretenimiento en el hogar, oficina,<\/p>","protected":false},"featured_media":34821,"comment_status":"open","ping_status":"closed","template":"","meta":[],"product_brand":[],"product_cat":[91],"product_tag":[2302,902,5707,1220,1348,9917,641,530,3675,1780,803,801,805,800,561,9918,9919,791,215,808,799,806,587,807,531,9916,802,513,1098,543,804],"class_list":{"0":"post-34820","1":"product","2":"type-product","3":"status-publish","4":"has-post-thumbnail","6":"product_cat-office-pcs","7":"product_tag-2-5g","8":"product_tag-32gb","9":"product_tag-4-0ghz","10":"product_tag-4k60hz","11":"product_tag-500gb","12":"product_tag-5500u","13":"product_tag-6c12t","14":"product_tag-amd","15":"product_tag-beelink","16":"product_tag-bt5-2","17":"product_tag-budget-office-pc","18":"product_tag-business-desktop-pc","19":"product_tag-compact-desktop-pc","20":"product_tag-desktop-computer-for-office","21":"product_tag-display","22":"product_tag-displays","23":"product_tag-hdmidptype","24":"product_tag-lan","25":"product_tag-mini","26":"product_tag-office-computer-setup","27":"product_tag-office-pc","28":"product_tag-office-pc-ssd","29":"product_tag-ram","30":"product_tag-reliable-office-pc","31":"product_tag-ryzen","32":"product_tag-ser5","33":"product_tag-small-office-pc","34":"product_tag-ssd","35":"product_tag-support","36":"product_tag-wifi","37":"product_tag-windows-office-pc","39":"first","40":"instock","41":"shipping-taxable","42":"product-type-external"},"_links":{"self":[{"href":"https:\/\/comprasyconsejos.store\/en\/wp-json\/wp\/v2\/product\/34820","targetHints":{"allow":["GET"]}}],"collection":[{"href":"https:\/\/comprasyconsejos.store\/en\/wp-json\/wp\/v2\/product"}],"about":[{"href":"https:\/\/comprasyconsejos.store\/en\/wp-json\/wp\/v2\/types\/product"}],"replies":[{"embeddable":true,"href":"https:\/\/comprasyconsejos.store\/en\/wp-json\/wp\/v2\/comments?post=34820"}],"version-history":[{"count":0,"href":"https:\/\/comprasyconsejos.store\/en\/wp-json\/wp\/v2\/product\/34820\/revisions"}],"wp:featuredmedia":[{"embeddable":true,"href":"https:\/\/comprasyconsejos.store\/en\/wp-json\/wp\/v2\/media\/34821"}],"wp:attachment":[{"href":"https:\/\/comprasyconsejos.store\/en\/wp-json\/wp\/v2\/media?parent=34820"}],"wp:term":[{"taxonomy":"product_brand","embeddable":true,"href":"https:\/\/comprasyconsejos.store\/en\/wp-json\/wp\/v2\/product_brand?post=34820"},{"taxonomy":"product_cat","embeddable":true,"href":"https:\/\/comprasyconsejos.store\/en\/wp-json\/wp\/v2\/product_cat?post=34820"},{"taxonomy":"product_tag","embeddable":true,"href":"https:\/\/comprasyconsejos.store\/en\/wp-json\/wp\/v2\/product_tag?post=34820"}],"curies":[{"name":"wp","href":"https:\/\/api.w.org\/{rel}","templated":true}]}}