{"id":34842,"date":"2026-02-26T03:57:39","date_gmt":"2026-02-26T03:57:39","guid":{"rendered":"https:\/\/comprasyconsejos.store\/product\/w90-11-inch-tablet-android-15-gemini-ai-24gb-ram-256gb-rom2tb-tf-octa-core-t615-widevine-l1-tuv-1920-x-1200-fhd-4g-lte-5g-wifi-8000-mah-camera-16mp8mp-gps-gaming-tablet\/"},"modified":"2026-02-26T03:57:50","modified_gmt":"2026-02-26T03:57:50","slug":"w90-11-inch-tablet-android-15-gemini-ai-24gb-ram-256gb-rom2tb-tf-octa-core-t615-widevine-l1-tuv-1920-x-1200-fhd-4g-lte-5g-wifi-8000-mah-camera-16mp8mp-gps-gaming-tablet","status":"publish","type":"product","link":"https:\/\/comprasyconsejos.store\/en\/product\/w90-11-inch-tablet-android-15-gemini-ai-24gb-ram-256gb-rom2tb-tf-octa-core-t615-widevine-l1-tuv-1920-x-1200-fhd-4g-lte-5g-wifi-8000-mah-camera-16mp8mp-gps-gaming-tablet\/","title":{"rendered":"W90 11 Inch Tablet Android 15 \u2013 Gemini Ai, 24GB RAM+ 256GB ROM(2TB TF) Octa-Core T615, Widevine L1, T\u00dcV, 1920 x 1200 FHD, 4G LTE\/5G WiFi, 8000 mAh, Camera 16MP+8MP, GPS, Gaming Tablet"},"content":{"rendered":"<p>Price: <span style=\"color:#b12704\">\u20ac169.99<\/span><br \/><i><small>(as of Feb 26, 2026 03:57:39 UTC &#8211; <span class=\"wp_automatic_amazon_disclaimer\" title=\"Product prices and availability are accurate as of the date\/time indicated and are subject to change. Any price and availability information displayed on [relevant Amazon Site(s), as applicable] at the time of purchase will apply to the purchase of this product.\">Details<\/span>)<\/small><\/i><\/p>\n<p><a href=\"https:\/\/amazon.es\/dp\/B0FMDXHVP5?tag=man008-21\"><img decoding=\"async\" src=\"https:\/\/valvepress.s3.amazonaws.com\/imgs\/buy_now.png\"><\/a><br \/>\n<\/p>\n<p>                                             From the brand   <\/p>\n<p>                                              <img decoding=\"async\" alt=\"El texto dice \u00abBESTTAB\u00bb y \u00abDise\u00f1ado para la eficiencia, creado para dar color a tu vida\u00bb. Escena de silueta de puesta de sol con figuras caminando contra un cielo naranja.\" src=\"https:\/\/images-na.ssl-images-amazon.com\/images\/G\/01\/x-locale\/common\/grey-pixel.gif\" class=\"a-lazy-loaded\" data-src=\"https:\/\/m.media-amazon.com\/images\/S\/aplus-media-library-service-media\/095941c0-d2c2-416b-921d-476782b86431.__CR0,0,1464,625_PT0_SX1464_V1___.png\"><img decoding=\"async\" alt=\"El texto dice \u00abBESTTAB\u00bb y \u00abDise\u00f1ado para la eficiencia, creado para dar color a tu vida\u00bb. Escena de silueta de puesta de sol con figuras caminando contra un cielo naranja.\" src=\"https:\/\/m.media-amazon.com\/images\/S\/aplus-media-library-service-media\/095941c0-d2c2-416b-921d-476782b86431.__CR0,0,1464,625_PT0_SX1464_V1___.png\">  <\/p>\n<p>                                              <img decoding=\"async\" alt=\"Serie de fotos que muestran las manos usando un iPad o una tableta con teclado conectado en varias posiciones y \u00e1ngulos.\" src=\"https:\/\/images-na.ssl-images-amazon.com\/images\/G\/01\/x-locale\/common\/grey-pixel.gif\" class=\"a-lazy-loaded\" data-src=\"https:\/\/m.media-amazon.com\/images\/S\/aplus-media-library-service-media\/edacc8aa-9ca4-4e19-b137-a75f3f2e911c.__CR0,0,362,453_PT0_SX362_V1___.jpg\"><img decoding=\"async\" alt=\"Serie de fotos que muestran las manos usando un iPad o una tableta con teclado conectado en varias posiciones y \u00e1ngulos.\" src=\"https:\/\/m.media-amazon.com\/images\/S\/aplus-media-library-service-media\/edacc8aa-9ca4-4e19-b137-a75f3f2e911c.__CR0,0,362,453_PT0_SX362_V1___.jpg\">  <\/p>\n<p>                                              <img decoding=\"async\" alt=\"Dos personas al aire libre mirando su tableta mientras gesticulan con entusiasmo, vistiendo atuendos casuales y gafas de sol en un contexto urbano.\" src=\"https:\/\/images-na.ssl-images-amazon.com\/images\/G\/01\/x-locale\/common\/grey-pixel.gif\" class=\"a-lazy-loaded\" data-src=\"https:\/\/m.media-amazon.com\/images\/S\/aplus-media-library-service-media\/6b5f9945-1ff3-49d9-b064-4f281899e10c.__CR0,0,362,453_PT0_SX362_V1___.jpg\"><img decoding=\"async\" alt=\"Dos personas al aire libre mirando su tableta mientras gesticulan con entusiasmo, vistiendo atuendos casuales y gafas de sol en un contexto urbano.\" src=\"https:\/\/m.media-amazon.com\/images\/S\/aplus-media-library-service-media\/6b5f9945-1ff3-49d9-b064-4f281899e10c.__CR0,0,362,453_PT0_SX362_V1___.jpg\">  <\/p>\n<p>                                              <img decoding=\"async\" alt=\"aplus content image\" src=\"https:\/\/images-na.ssl-images-amazon.com\/images\/G\/01\/x-locale\/common\/grey-pixel.gif\" class=\"a-lazy-loaded\" data-src=\"https:\/\/m.media-amazon.com\/images\/S\/aplus-media-library-service-media\/f87b6be6-f88a-4ed1-bdea-ddc27f9fec0c.__CR0,0,362,453_PT0_SX362_V1___.jpg\"><img decoding=\"async\" alt=\"aplus content image\" src=\"https:\/\/m.media-amazon.com\/images\/S\/aplus-media-library-service-media\/f87b6be6-f88a-4ed1-bdea-ddc27f9fec0c.__CR0,0,362,453_PT0_SX362_V1___.jpg\">  <\/p>\n<p>                                              <img decoding=\"async\" alt=\"aplus content image\" src=\"https:\/\/images-na.ssl-images-amazon.com\/images\/G\/01\/x-locale\/common\/grey-pixel.gif\" class=\"a-lazy-loaded\" data-src=\"https:\/\/m.media-amazon.com\/images\/S\/aplus-media-library-service-media\/5e0a388e-b837-489a-9608-b1019f60b376.__CR0,0,362,453_PT0_SX362_V1___.jpg\"><img decoding=\"async\" alt=\"aplus content image\" src=\"https:\/\/m.media-amazon.com\/images\/S\/aplus-media-library-service-media\/5e0a388e-b837-489a-9608-b1019f60b376.__CR0,0,362,453_PT0_SX362_V1___.jpg\">  <\/p>\n<p>                                              <img decoding=\"async\" alt=\"Secuencia fotogr\u00e1fica de estilo de vida que muestra a una persona usando una billetera negra mientras est\u00e1 sentada en una mesa de madera en condiciones de iluminaci\u00f3n c\u00e1lida.\" src=\"https:\/\/images-na.ssl-images-amazon.com\/images\/G\/01\/x-locale\/common\/grey-pixel.gif\" class=\"a-lazy-loaded\" data-src=\"https:\/\/m.media-amazon.com\/images\/S\/aplus-media-library-service-media\/ba1129c8-585a-4b75-8e96-0e23cfb1672e.__CR0,0,362,453_PT0_SX362_V1___.jpg\"><img decoding=\"async\" alt=\"Secuencia fotogr\u00e1fica de estilo de vida que muestra a una persona usando una billetera negra mientras est\u00e1 sentada en una mesa de madera en condiciones de iluminaci\u00f3n c\u00e1lida.\" src=\"https:\/\/m.media-amazon.com\/images\/S\/aplus-media-library-service-media\/ba1129c8-585a-4b75-8e96-0e23cfb1672e.__CR0,0,362,453_PT0_SX362_V1___.jpg\">  <\/p>\n<p> Batteries                                            \u200f                                            :                                            \u200e                                            1 Lithium Polymer batteries required. (included)   <br \/> Product Dimensions                                            \u200f                                            :                                            \u200e                                            1 x 2 x 10 cm; 520 g   <br \/> Manufacturer                                            \u200f                                            :                                            \u200e                                            BESTTAB   <br \/> ASIN                                            \u200f                                            :                                            \u200e                                            B0FMDXHVP5   <br \/> Item model number                                            \u200f                                            :                                            \u200e                                            ZENVA   <br \/> Country of origin                                            \u200f                                            :                                            \u200e                                            Hong Kong   <br \/> Guaranteed software updates until                                            \u200f                                            :                                            \u200e                                            unknown   <br \/>  Customer reviews:                                                                                            4.1               4.1 out of 5 stars                                  (26)                                              var dpAcrHasRegisteredArcLinkClickAction;                    P.when(&#8216;A&#8217;, &#8216;ready&#8217;).execute(function(A) {                        if (dpAcrHasRegisteredArcLinkClickAction !== true) {                            dpAcrHasRegisteredArcLinkClickAction = true;                            A.declarative(                                &#8216;acrLink-click-metrics&#8217;, &#8216;click&#8217;,                                { \u00aballowLinkDefault\u00bb: true },                                function (event) {                                    if (window.ue) {                                        ue.count(\u00abacrLinkClickCount\u00bb, (ue.count(\u00abacrLinkClickCount\u00bb) || 0) + 1);                                    }                                }                            );                        }                    });                                             P.when(&#8216;A&#8217;, &#8216;cf&#8217;).execute(function(A) {                A.declarative(&#8216;acrStarsLink-click-metrics&#8217;, &#8216;click&#8217;, { \u00aballowLinkDefault\u00bb : true },  function(event){                    if(window.ue) {                        ue.count(\u00abacrStarsLinkWithPopoverClickCount\u00bb, (ue.count(\u00abacrStarsLinkWithPopoverClickCount\u00bb) || 0) + 1);                    }                });            });                          <\/p>\n<p>\u3010Android 15 + T615 Octa-Core Tablet\u3011Experience the revolutionary Android 15 privacy vaults (app lock\/biometrics) and cross-device collaboration (sync with phones\/PC). Google Gemini AI 2.0 command to optimize resources: \u00abEnable Meeting Mode\u00bb automatically mutes notifications and increases CPU. Unisoc T615 octa core chip delivers 50% faster application switching than standard chips, compared to 30% faster photo exports and 25% smoother 4K video editing.<br \/>\u301011-inch FHD display + T\u00dcV Eye Certified\u3011Provides studio-level clarity on the 11-inch FHD IPS panel (1920&#215;1200) with a maximum brightness of 380nit &#8211; readable in direct sunlight (tested to 50,000 lux). Widevine L1 certification delivers Netflix\/Disney+\/Prime video streaming in 1080P without degradation. Revolutionary T\u00dcV certified blue light reduction (blocks 45% harmful wavelengths) and flicker-free DC dimming &#8211; lab tested to reduce eye strain by 52% during 3-hour movie marathons.<br \/>\u301024GB RAM+256GB ROM+2TB TF\u3011The 11-inch tablet is equipped with 24GB RAM (8GB physical expansion + 16GB virtual expansion) and 256GB ROM, which supports the expansion of 2TB TF card, eliminating storage limitations. It can effortlessly save extensive libraries of videos and documents while running more than 15 applications simultaneously without delay, fully meeting the demands of multitasking for work and entertainment. To enable memory expansion: Settings > About tablet > Running memory > Swipe expansion bar to the right > Restart device<br \/>\u30108000mAh Battery + 18W Fast Charging\u3011Android 15 tablet features a high density 8000mAh battery, which offers 12 hours of video playback and 8 hours of intensive gaming tablet (laboratory tested at 50% brightness), ensuring uninterrupted productivity during extended trips. With the included 18W PD fast charger, achieve 50% charge within 38 minutes, eliminating power issues. Smart PowerLock technology extends wait to 35 days for emergency access<br \/>\u3010High Speed Connectivity\u3011BESTTAB W90 Tablet 5G WiFi The powerful T615 octa core processor has been developed for speed and increases performance by 30% compared to previous models. Combined with fast and stable 5G dual-band Wi-Fi, the SIM card tablet allows you to search for downloads, video calls, streaming and more, whether at home or on the go.<br \/>\u3010Premium Gift + 2 Year Warranty\u3011Premium Gift + 2 Year Warranty This android tablet 256GB combines elegant design with robust performance, making it an ideal gift for Valentine&#8217;s Day, Christmas or birthday. Once activated, 11 inch tablet in flash offer enjoys a full 2-year warranty and a 30-day hassle-free return policy. For assistance, please contact us via Amazon Messages or official channels \u2013 all queries are resolved within 12 hours.<\/p>\n\n","protected":false},"excerpt":{"rendered":"<p> From the brand Batteries \u200f : \u200e 1 Lithium Polymer batteries required. (included) Product Dimensions<\/p>","protected":false},"featured_media":34843,"comment_status":"open","ping_status":"closed","template":"","meta":[],"product_brand":[],"product_cat":[93],"product_tag":[651,5824,601,512,391,646,648,650,681,639,617,655,912,1113,584,9926,2231,659,587,2425,647,4043,157,652,653,649,654,8813,9925,916,543],"class_list":{"0":"post-34842","1":"product","2":"type-product","3":"status-publish","4":"has-post-thumbnail","6":"product_cat-android-tablets","7":"product_tag-10-inch-tablet","8":"product_tag-16mp8mp","9":"product_tag-24gb","10":"product_tag-256gb","11":"product_tag-android","12":"product_tag-android-tablet","13":"product_tag-best-android-tablet","14":"product_tag-budget-android-tablet","15":"product_tag-camera","16":"product_tag-fhd","17":"product_tag-gaming","18":"product_tag-gaming-tablet","19":"product_tag-gemini","20":"product_tag-gps","21":"product_tag-inch","22":"product_tag-lte5g","23":"product_tag-mah","24":"product_tag-octacore","25":"product_tag-ram","26":"product_tag-rom2tb","27":"product_tag-samsung-android-tablet","28":"product_tag-t615","29":"product_tag-tablet","30":"product_tag-tablet-for-kids","31":"product_tag-tablet-for-study","32":"product_tag-tablet-with-sim","33":"product_tag-tablet-with-stylus","34":"product_tag-tuv","35":"product_tag-w90","36":"product_tag-widevine","37":"product_tag-wifi","39":"first","40":"instock","41":"shipping-taxable","42":"product-type-external"},"_links":{"self":[{"href":"https:\/\/comprasyconsejos.store\/en\/wp-json\/wp\/v2\/product\/34842","targetHints":{"allow":["GET"]}}],"collection":[{"href":"https:\/\/comprasyconsejos.store\/en\/wp-json\/wp\/v2\/product"}],"about":[{"href":"https:\/\/comprasyconsejos.store\/en\/wp-json\/wp\/v2\/types\/product"}],"replies":[{"embeddable":true,"href":"https:\/\/comprasyconsejos.store\/en\/wp-json\/wp\/v2\/comments?post=34842"}],"version-history":[{"count":0,"href":"https:\/\/comprasyconsejos.store\/en\/wp-json\/wp\/v2\/product\/34842\/revisions"}],"wp:featuredmedia":[{"embeddable":true,"href":"https:\/\/comprasyconsejos.store\/en\/wp-json\/wp\/v2\/media\/34843"}],"wp:attachment":[{"href":"https:\/\/comprasyconsejos.store\/en\/wp-json\/wp\/v2\/media?parent=34842"}],"wp:term":[{"taxonomy":"product_brand","embeddable":true,"href":"https:\/\/comprasyconsejos.store\/en\/wp-json\/wp\/v2\/product_brand?post=34842"},{"taxonomy":"product_cat","embeddable":true,"href":"https:\/\/comprasyconsejos.store\/en\/wp-json\/wp\/v2\/product_cat?post=34842"},{"taxonomy":"product_tag","embeddable":true,"href":"https:\/\/comprasyconsejos.store\/en\/wp-json\/wp\/v2\/product_tag?post=34842"}],"curies":[{"name":"wp","href":"https:\/\/api.w.org\/{rel}","templated":true}]}}