{"id":34863,"date":"2026-02-26T04:22:59","date_gmt":"2026-02-26T04:22:59","guid":{"rendered":"https:\/\/comprasyconsejos.store\/product\/lenovo-ideapad-gaming-3-gen-6-laptop-15-6-fullhd-60hz-intel-core-i5-11320h-16gb-ram-512gb-ssd-nvidia-geforce-gtx-1650-4gb-without-operating-system-black-spanish-qwerty-keybo\/"},"modified":"2026-02-26T04:23:16","modified_gmt":"2026-02-26T04:23:16","slug":"lenovo-ideapad-gaming-3-gen-6-laptop-15-6-fullhd-60hz-intel-core-i5-11320h-16gb-ram-512gb-ssd-nvidia-geforce-gtx-1650-4gb-without-operating-system-black-spanish-qwerty-keybo","status":"publish","type":"product","link":"https:\/\/comprasyconsejos.store\/en\/product\/lenovo-ideapad-gaming-3-gen-6-laptop-15-6-fullhd-60hz-intel-core-i5-11320h-16gb-ram-512gb-ssd-nvidia-geforce-gtx-1650-4gb-without-operating-system-black-spanish-qwerty-keybo\/","title":{"rendered":"Lenovo IdeaPad Gaming 3 Gen 6 \u2013 Laptop 15.6&#8243; FullHD 60Hz (Intel Core i5-11320H, 16GB RAM, 512GB SSD, NVIDIA GeForce GTX 1650-4GB, Without Operating System) Black \u2013 Spanish QWERTY Keyboard"},"content":{"rendered":"<p>Price: <span style=\"color:#b12704\">\u20ac849.00<\/span><br \/><i><small>(as of Feb 26, 2026 04:22:59 UTC &#8211; <span class=\"wp_automatic_amazon_disclaimer\" title=\"Product prices and availability are accurate as of the date\/time indicated and are subject to change. Any price and availability information displayed on [relevant Amazon Site(s), as applicable] at the time of purchase will apply to the purchase of this product.\">Details<\/span>)<\/small><\/i><\/p>\n<p><a href=\"https:\/\/amazon.es\/dp\/B09YVJP9SW?tag=man008-21\"><img decoding=\"async\" src=\"https:\/\/valvepress.s3.amazonaws.com\/imgs\/buy_now.png\"><\/a><br \/>\n<\/p>\n<p>                                             From the manufacturer   <\/p>\n<p>                                                                                                       <img decoding=\"async\" alt=\"lenovo\" src=\"https:\/\/images-na.ssl-images-amazon.com\/images\/G\/01\/x-locale\/common\/grey-pixel.gif\" class=\"a-lazy-loaded\" data-src=\"https:\/\/m.media-amazon.com\/images\/S\/aplus-media-library-service-media\/d530346f-b3d5-4a50-8014-658c986c318e.__CR5,0,1464,600_PT0_SX1464_V1___.png\"><img decoding=\"async\" alt=\"lenovo\" src=\"https:\/\/m.media-amazon.com\/images\/S\/aplus-media-library-service-media\/d530346f-b3d5-4a50-8014-658c986c318e.__CR5,0,1464,600_PT0_SX1464_V1___.png\">                                               <\/p>\n<p>                                                                                                                     <img decoding=\"async\" alt=\"lenovo\" src=\"https:\/\/images-na.ssl-images-amazon.com\/images\/G\/01\/x-locale\/common\/grey-pixel.gif\" class=\"a-lazy-loaded\" data-src=\"https:\/\/m.media-amazon.com\/images\/S\/aplus-media-library-service-media\/77553a66-d74c-43b7-a3c7-f7718cc40082.__CR0,9,1464,600_PT0_SX1464_V1___.png\"><img decoding=\"async\" alt=\"lenovo\" src=\"https:\/\/m.media-amazon.com\/images\/S\/aplus-media-library-service-media\/77553a66-d74c-43b7-a3c7-f7718cc40082.__CR0,9,1464,600_PT0_SX1464_V1___.png\">                                               <\/p>\n<p>                                                                                                                      <img decoding=\"async\" alt=\"lenovo\" src=\"https:\/\/images-na.ssl-images-amazon.com\/images\/G\/01\/x-locale\/common\/grey-pixel.gif\" class=\"a-lazy-loaded\" data-src=\"https:\/\/m.media-amazon.com\/images\/S\/aplus-media-library-service-media\/562dc71f-a047-4f70-990f-a844346715a3.__CR188,0,1693,694_PT0_SX1464_V1___.png\"><img decoding=\"async\" alt=\"lenovo\" src=\"https:\/\/m.media-amazon.com\/images\/S\/aplus-media-library-service-media\/562dc71f-a047-4f70-990f-a844346715a3.__CR188,0,1693,694_PT0_SX1464_V1___.png\">                                               <\/p>\n<p>                                                                                                                              <img decoding=\"async\" alt=\"lenovo\" src=\"https:\/\/images-na.ssl-images-amazon.com\/images\/G\/01\/x-locale\/common\/grey-pixel.gif\" class=\"a-lazy-loaded\" data-src=\"https:\/\/m.media-amazon.com\/images\/S\/aplus-media-library-service-media\/032b30a8-4a75-4165-b092-3509330208dd.__CR13,0,1893,776_PT0_SX1464_V1___.png\"><img decoding=\"async\" alt=\"lenovo\" src=\"https:\/\/m.media-amazon.com\/images\/S\/aplus-media-library-service-media\/032b30a8-4a75-4165-b092-3509330208dd.__CR13,0,1893,776_PT0_SX1464_V1___.png\">                                               <\/p>\n<p>                                                                                                                    <img decoding=\"async\" alt=\"lenovo\" src=\"https:\/\/images-na.ssl-images-amazon.com\/images\/G\/01\/x-locale\/common\/grey-pixel.gif\" class=\"a-lazy-loaded\" data-src=\"https:\/\/m.media-amazon.com\/images\/S\/aplus-media-library-service-media\/d63ab0d5-da59-4064-b5a8-ea321a0642bb.__CR0,8,1845,756_PT0_SX1464_V1___.png\"><img decoding=\"async\" alt=\"lenovo\" src=\"https:\/\/m.media-amazon.com\/images\/S\/aplus-media-library-service-media\/d63ab0d5-da59-4064-b5a8-ea321a0642bb.__CR0,8,1845,756_PT0_SX1464_V1___.png\">                                               <\/p>\n<p>                                                                                                           <img decoding=\"async\" alt=\"lenovo\" src=\"https:\/\/images-na.ssl-images-amazon.com\/images\/G\/01\/x-locale\/common\/grey-pixel.gif\" class=\"a-lazy-loaded\" data-src=\"https:\/\/m.media-amazon.com\/images\/S\/aplus-media-library-service-media\/0770892c-2ca0-4f57-9679-e95514779f59.__CR539,172,1333,718_PT0_SX650_V1___.png\"><img decoding=\"async\" alt=\"lenovo\" src=\"https:\/\/m.media-amazon.com\/images\/S\/aplus-media-library-service-media\/0770892c-2ca0-4f57-9679-e95514779f59.__CR539,172,1333,718_PT0_SX650_V1___.png\">                                            Calibrado para ofrecer las m\u00e1ximas ventajas                                         <\/p>\n<p class=\"aplus-p3\"> Disfruta de  Nahimic Audio para videojuegos, con un sonido envolvente de 7.1 canales  que act\u00faa como un radar para identificar tus objetivos en el campo de  batalla. <\/p>\n<p>                                           <img decoding=\"async\" alt=\"lenovo\" src=\"https:\/\/images-na.ssl-images-amazon.com\/images\/G\/01\/x-locale\/common\/grey-pixel.gif\" class=\"a-lazy-loaded\" data-src=\"https:\/\/m.media-amazon.com\/images\/S\/aplus-media-library-service-media\/0dd56778-14c1-4c47-b659-01bf3b8d9a31.__CR0,180,1716,924_PT0_SX650_V1___.png\"><img decoding=\"async\" alt=\"lenovo\" src=\"https:\/\/m.media-amazon.com\/images\/S\/aplus-media-library-service-media\/0dd56778-14c1-4c47-b659-01bf3b8d9a31.__CR0,180,1716,924_PT0_SX650_V1___.png\">                                            M\u00e1s r\u00e1pido, m\u00e1s refrigerado, m\u00e1s silencioso                                         <\/p>\n<p class=\"aplus-p3\"> Este port\u00e1til funciona m\u00e1s r\u00e1pido y est\u00e1 m\u00e1s refrigerado que en las  generaciones anteriores, con un l\u00edmite t\u00e9rmico elevado que disipa un  41 % m\u00e1s de calor (120 W). Su sistema t\u00e9rmico de vanguardia supera el  doble del flujo de aire, con el doble de salidas de aire y hasta cuatro  tubos t\u00e9rmicos. <\/p>\n<p>                                                                     Puertos y ranuras                                            <img decoding=\"async\" alt=\"lenovo\" src=\"https:\/\/images-na.ssl-images-amazon.com\/images\/G\/01\/x-locale\/common\/grey-pixel.gif\" class=\"a-lazy-loaded\" data-src=\"https:\/\/m.media-amazon.com\/images\/S\/aplus-media-library-service-media\/605b2462-3087-423e-972e-981416a5575d.__CR0,140,1699,696_PT0_SX1464_V1___.png\"><img decoding=\"async\" alt=\"lenovo\" src=\"https:\/\/m.media-amazon.com\/images\/S\/aplus-media-library-service-media\/605b2462-3087-423e-972e-981416a5575d.__CR0,140,1699,696_PT0_SX1464_V1___.png\">                                                  <\/p>\n<p> Product Dimensions                                            \u200f                                            :                                            \u200e                                            35.96 x 2.42 x 25.19 cm; 2.25 kg   <br \/> Manufacturer                                            \u200f                                            :                                            \u200e                                            Lenovo   <br \/> ASIN                                            \u200f                                            :                                            \u200e                                            B09YVJP9SW   <br \/> Item model number                                            \u200f                                            :                                            \u200e                                            82K1019DSP   <br \/> Country of origin                                            \u200f                                            :                                            \u200e                                            China   <br \/> Guaranteed software updates until                                            \u200f                                            :                                            \u200e                                            unknown   <br \/>  Customer reviews:                                                                                            4.2               4.2 out of 5 stars                                  (91)                                              var dpAcrHasRegisteredArcLinkClickAction;                    P.when(&#8216;A&#8217;, &#8216;ready&#8217;).execute(function(A) {                        if (dpAcrHasRegisteredArcLinkClickAction !== true) {                            dpAcrHasRegisteredArcLinkClickAction = true;                            A.declarative(                                &#8216;acrLink-click-metrics&#8217;, &#8216;click&#8217;,                                { \u00aballowLinkDefault\u00bb: true },                                function (event) {                                    if (window.ue) {                                        ue.count(\u00abacrLinkClickCount\u00bb, (ue.count(\u00abacrLinkClickCount\u00bb) || 0) + 1);                                    }                                }                            );                        }                    });                                             P.when(&#8216;A&#8217;, &#8216;cf&#8217;).execute(function(A) {                A.declarative(&#8216;acrStarsLink-click-metrics&#8217;, &#8216;click&#8217;, { \u00aballowLinkDefault\u00bb : true },  function(event){                    if(window.ue) {                        ue.count(\u00abacrStarsLinkWithPopoverClickCount\u00bb, (ue.count(\u00abacrStarsLinkWithPopoverClickCount\u00bb) || 0) + 1);                    }                });            });                          <\/p>\n<p>15.6 inch screen, FullHD, 1920 x 1080 pixels, IPS, 250 nits, Anti-glare, 60 Hz, DC di mmer<br \/>Intel Core i5-11320H Processor<br \/>16GB RAM (2x 8GB SO-DI mm DDR4-3200)<br \/>512GB SSD Storage<br \/>NVIDIA GeForce GTX 1650 4GB GDDR6 Graphics Card<br \/>No operating system<\/p>\n\n","protected":false},"excerpt":{"rendered":"<p> From the manufacturer Calibrado para ofrecer las m\u00e1ximas ventajas Disfruta de Nahimic Audio para videojuegos,<\/p>","protected":false},"featured_media":34864,"comment_status":"open","ping_status":"closed","template":"","meta":[],"product_brand":[],"product_cat":[86],"product_tag":[526,9928,509,536,1812,520,307,698,7231,617,519,524,521,525,522,620,855,1618,523,9927,5930,562,518,159,1054,821,4444,528,858,587,527,5273,513,1578],"class_list":{"0":"post-34863","1":"product","2":"type-product","3":"status-publish","4":"has-post-thumbnail","6":"product_cat-gaming-laptop","7":"product_tag-144hz-gaming-laptop","8":"product_tag-16504gb","9":"product_tag-16gb","10":"product_tag-512gb","11":"product_tag-60hz","12":"product_tag-best-gaming-laptop","13":"product_tag-black","14":"product_tag-core","15":"product_tag-fullhd","16":"product_tag-gaming","17":"product_tag-gaming-laptop","18":"product_tag-gaming-laptop-16gb-ram","19":"product_tag-gaming-laptop-rtx","20":"product_tag-gaming-laptop-ssd","21":"product_tag-gaming-laptop-under-budget","22":"product_tag-geforce","23":"product_tag-gen","24":"product_tag-gtx","25":"product_tag-high-performance-laptop","26":"product_tag-i511320h","27":"product_tag-ideapad","28":"product_tag-intel","29":"product_tag-keyboard","30":"product_tag-laptop","31":"product_tag-lenovo","32":"product_tag-nvidia","33":"product_tag-operating","34":"product_tag-portable-gaming-laptop","35":"product_tag-qwerty","36":"product_tag-ram","37":"product_tag-rgb-gaming-laptop","38":"product_tag-spanish","39":"product_tag-ssd","40":"product_tag-system","42":"first","43":"instock","44":"shipping-taxable","45":"product-type-external"},"_links":{"self":[{"href":"https:\/\/comprasyconsejos.store\/en\/wp-json\/wp\/v2\/product\/34863","targetHints":{"allow":["GET"]}}],"collection":[{"href":"https:\/\/comprasyconsejos.store\/en\/wp-json\/wp\/v2\/product"}],"about":[{"href":"https:\/\/comprasyconsejos.store\/en\/wp-json\/wp\/v2\/types\/product"}],"replies":[{"embeddable":true,"href":"https:\/\/comprasyconsejos.store\/en\/wp-json\/wp\/v2\/comments?post=34863"}],"version-history":[{"count":0,"href":"https:\/\/comprasyconsejos.store\/en\/wp-json\/wp\/v2\/product\/34863\/revisions"}],"wp:featuredmedia":[{"embeddable":true,"href":"https:\/\/comprasyconsejos.store\/en\/wp-json\/wp\/v2\/media\/34864"}],"wp:attachment":[{"href":"https:\/\/comprasyconsejos.store\/en\/wp-json\/wp\/v2\/media?parent=34863"}],"wp:term":[{"taxonomy":"product_brand","embeddable":true,"href":"https:\/\/comprasyconsejos.store\/en\/wp-json\/wp\/v2\/product_brand?post=34863"},{"taxonomy":"product_cat","embeddable":true,"href":"https:\/\/comprasyconsejos.store\/en\/wp-json\/wp\/v2\/product_cat?post=34863"},{"taxonomy":"product_tag","embeddable":true,"href":"https:\/\/comprasyconsejos.store\/en\/wp-json\/wp\/v2\/product_tag?post=34863"}],"curies":[{"name":"wp","href":"https:\/\/api.w.org\/{rel}","templated":true}]}}