{"id":34894,"date":"2026-02-26T05:54:06","date_gmt":"2026-02-26T05:54:06","guid":{"rendered":"https:\/\/comprasyconsejos.store\/product\/7artisans-18mm-f6-3-ultra-thin-aps-c-lens-for-mft-m4-3-mirrorless-compact-cameras-for-panasonic-gf1-gf2-gf3-gf5-gf6-gf7-gf8-gf9-g1-g2-g3-g4-g5-g6-g85-gh1-gh4-gh5\/"},"modified":"2026-02-26T05:54:10","modified_gmt":"2026-02-26T05:54:10","slug":"7artisans-18mm-f6-3-ultra-thin-aps-c-lens-for-mft-m4-3-mirrorless-compact-cameras-for-panasonic-gf1-gf2-gf3-gf5-gf6-gf7-gf8-gf9-g1-g2-g3-g4-g5-g6-g85-gh1-gh4-gh5","status":"publish","type":"product","link":"https:\/\/comprasyconsejos.store\/en\/product\/7artisans-18mm-f6-3-ultra-thin-aps-c-lens-for-mft-m4-3-mirrorless-compact-cameras-for-panasonic-gf1-gf2-gf3-gf5-gf6-gf7-gf8-gf9-g1-g2-g3-g4-g5-g6-g85-gh1-gh4-gh5\/","title":{"rendered":"7artisans 18mm F6.3 Ultra Thin APS-C Lens for MFT M4\/3 Mirrorless Compact Cameras for Panasonic GF1 GF2 GF3 GF5 GF6 GF7 GF8 GF9 G1 G2 G3 G4 G5 G6 G85 GH1 GH4 GH5"},"content":{"rendered":"<p>Price: <span style=\"color:#b12704\">\u20ac68.00<\/span><br \/><i><small>(as of Feb 26, 2026 05:54:06 UTC &#8211; <span class=\"wp_automatic_amazon_disclaimer\" title=\"Product prices and availability are accurate as of the date\/time indicated and are subject to change. Any price and availability information displayed on [relevant Amazon Site(s), as applicable] at the time of purchase will apply to the purchase of this product.\">Details<\/span>)<\/small><\/i><\/p>\n<p><a href=\"https:\/\/amazon.es\/dp\/B08LPS3YLD?tag=man008-21\"><img decoding=\"async\" src=\"https:\/\/valvepress.s3.amazonaws.com\/imgs\/buy_now.png\"><\/a><br \/>\n<\/p>\n<p>                                             From the brand   <\/p>\n<p>                                              <img decoding=\"async\" alt=\"aplus content image\" src=\"https:\/\/images-na.ssl-images-amazon.com\/images\/G\/01\/x-locale\/common\/grey-pixel.gif\" class=\"a-lazy-loaded\" data-src=\"https:\/\/m.media-amazon.com\/images\/S\/aplus-media-library-service-media\/5c1bc082-a501-4880-aabe-e230234a43ec.__CR0,110,3000,1281_PT0_SX1464_V1___.jpg\"><img decoding=\"async\" alt=\"aplus content image\" src=\"https:\/\/m.media-amazon.com\/images\/S\/aplus-media-library-service-media\/5c1bc082-a501-4880-aabe-e230234a43ec.__CR0,110,3000,1281_PT0_SX1464_V1___.jpg\">  <\/p>\n<p>                                              <img decoding=\"async\" alt=\"\" src=\"https:\/\/images-na.ssl-images-amazon.com\/images\/G\/01\/x-locale\/common\/grey-pixel.gif\" class=\"a-lazy-loaded\" data-src=\"https:\/\/m.media-amazon.com\/images\/S\/aplus-media-library-service-media\/6b1810bf-f37f-455a-90ea-083e67edaf2c.__CR0,9,630,290_PT0_SX315_V1___.jpg\"><img decoding=\"async\" alt=\"\" src=\"https:\/\/m.media-amazon.com\/images\/S\/aplus-media-library-service-media\/6b1810bf-f37f-455a-90ea-083e67edaf2c.__CR0,9,630,290_PT0_SX315_V1___.jpg\">  <\/p>\n<p> Sobre nosotros <\/p>\n<p> 7Artisans se estableci\u00f3 en marzo de 2016. Es una empresa integral que integra dise\u00f1o, desarrollo, producci\u00f3n y fabricaci\u00f3n. Con sede en Shenzhen, provincia de Guangdong. Hemos desarrollado lentes de gran apertura de la serie Firefly, lentes de cine APS-C de la serie Vision, lentes de cine de fotograma completo,lentes macro, lentes ojo de pez, filtros y muchos otros productos que ganaron el reconocimiento de los consumidores. <\/p>\n<h3>  7artisans 10mm F2.8 II Lens <\/h3>\n<p class=\"apm-brand-story-stores-link\">\n<h3> Lente ojo de pez 7artisans <\/h3>\n<p class=\"apm-brand-story-stores-link\">\n<p>                                              <img decoding=\"async\" alt=\"4mm F2.8\" src=\"https:\/\/images-na.ssl-images-amazon.com\/images\/G\/01\/x-locale\/common\/grey-pixel.gif\" class=\"a-lazy-loaded\" data-src=\"https:\/\/m.media-amazon.com\/images\/S\/aplus-media-library-service-media\/92503a4b-68c6-4ecc-8b1e-9bf7af8b5bf3.__CR11,0,724,906_PT0_SX362_V1___.jpg\"><img decoding=\"async\" alt=\"4mm F2.8\" src=\"https:\/\/m.media-amazon.com\/images\/S\/aplus-media-library-service-media\/92503a4b-68c6-4ecc-8b1e-9bf7af8b5bf3.__CR11,0,724,906_PT0_SX362_V1___.jpg\">  <\/p>\n<p>                                              <img decoding=\"async\" alt=\"7.5mm F2.8 II\" src=\"https:\/\/images-na.ssl-images-amazon.com\/images\/G\/01\/x-locale\/common\/grey-pixel.gif\" class=\"a-lazy-loaded\" data-src=\"https:\/\/m.media-amazon.com\/images\/S\/aplus-media-library-service-media\/efc58be1-a23f-4386-9d08-98170071bb7f.__CR11,0,724,906_PT0_SX362_V1___.jpg\"><img decoding=\"async\" alt=\"7.5mm F2.8 II\" src=\"https:\/\/m.media-amazon.com\/images\/S\/aplus-media-library-service-media\/efc58be1-a23f-4386-9d08-98170071bb7f.__CR11,0,724,906_PT0_SX362_V1___.jpg\">  <\/p>\n<p>                                              <img decoding=\"async\" alt=\"7.5mm F3.5\" src=\"https:\/\/images-na.ssl-images-amazon.com\/images\/G\/01\/x-locale\/common\/grey-pixel.gif\" class=\"a-lazy-loaded\" data-src=\"https:\/\/m.media-amazon.com\/images\/S\/aplus-media-library-service-media\/aae78e26-33a4-470c-bb42-8b83073cc9b9.__CR11,0,724,906_PT0_SX362_V1___.jpg\"><img decoding=\"async\" alt=\"7.5mm F3.5\" src=\"https:\/\/m.media-amazon.com\/images\/S\/aplus-media-library-service-media\/aae78e26-33a4-470c-bb42-8b83073cc9b9.__CR11,0,724,906_PT0_SX362_V1___.jpg\">  <\/p>\n<p>                                              <img decoding=\"async\" alt=\"10mm F2.8\" src=\"https:\/\/images-na.ssl-images-amazon.com\/images\/G\/01\/x-locale\/common\/grey-pixel.gif\" class=\"a-lazy-loaded\" data-src=\"https:\/\/m.media-amazon.com\/images\/S\/aplus-media-library-service-media\/12708239-3993-4271-9e37-93bf56100aa4.__CR11,0,724,906_PT0_SX362_V1___.jpg\"><img decoding=\"async\" alt=\"10mm F2.8\" src=\"https:\/\/m.media-amazon.com\/images\/S\/aplus-media-library-service-media\/12708239-3993-4271-9e37-93bf56100aa4.__CR11,0,724,906_PT0_SX362_V1___.jpg\">  <\/p>\n<p>                                              <img decoding=\"async\" alt=\"10mm F2.8ii\" src=\"https:\/\/images-na.ssl-images-amazon.com\/images\/G\/01\/x-locale\/common\/grey-pixel.gif\" class=\"a-lazy-loaded\" data-src=\"https:\/\/m.media-amazon.com\/images\/S\/aplus-media-library-service-media\/2ab806c7-676c-4aeb-a625-c08f1c2e3cb0.__CR11,0,724,906_PT0_SX362_V1___.jpg\"><img decoding=\"async\" alt=\"10mm F2.8ii\" src=\"https:\/\/m.media-amazon.com\/images\/S\/aplus-media-library-service-media\/2ab806c7-676c-4aeb-a625-c08f1c2e3cb0.__CR11,0,724,906_PT0_SX362_V1___.jpg\">  <\/p>\n<h3> Lente gran angular de7artisans <\/h3>\n<p class=\"apm-brand-story-stores-link\">\n<h3> 7artisans 9mm F5.6 Lens <\/h3>\n<p class=\"apm-brand-story-stores-link\">\n<p>                                              <img decoding=\"async\" alt=\"9mm F5.6\" src=\"https:\/\/images-na.ssl-images-amazon.com\/images\/G\/01\/x-locale\/common\/grey-pixel.gif\" class=\"a-lazy-loaded\" data-src=\"https:\/\/m.media-amazon.com\/images\/S\/aplus-media-library-service-media\/8f2ea592-ec3f-458f-b88f-c05f2c148930.__CR11,0,724,906_PT0_SX362_V1___.jpg\"><img decoding=\"async\" alt=\"9mm F5.6\" src=\"https:\/\/m.media-amazon.com\/images\/S\/aplus-media-library-service-media\/8f2ea592-ec3f-458f-b88f-c05f2c148930.__CR11,0,724,906_PT0_SX362_V1___.jpg\">  <\/p>\n<p>                                              <img decoding=\"async\" alt=\"12mm F2.8 \u2161\" src=\"https:\/\/images-na.ssl-images-amazon.com\/images\/G\/01\/x-locale\/common\/grey-pixel.gif\" class=\"a-lazy-loaded\" data-src=\"https:\/\/m.media-amazon.com\/images\/S\/aplus-media-library-service-media\/3b73678e-212a-4c50-a4f4-d112c85ed228.__CR11,0,724,906_PT0_SX362_V1___.jpg\"><img decoding=\"async\" alt=\"12mm F2.8 \u2161\" src=\"https:\/\/m.media-amazon.com\/images\/S\/aplus-media-library-service-media\/3b73678e-212a-4c50-a4f4-d112c85ed228.__CR11,0,724,906_PT0_SX362_V1___.jpg\">  <\/p>\n<p>                                              <img decoding=\"async\" alt=\"15mm F4\" src=\"https:\/\/images-na.ssl-images-amazon.com\/images\/G\/01\/x-locale\/common\/grey-pixel.gif\" class=\"a-lazy-loaded\" data-src=\"https:\/\/m.media-amazon.com\/images\/S\/aplus-media-library-service-media\/9de2fbc2-a20f-4715-87de-82d47f5383a2.__CR11,0,724,906_PT0_SX362_V1___.jpg\"><img decoding=\"async\" alt=\"15mm F4\" src=\"https:\/\/m.media-amazon.com\/images\/S\/aplus-media-library-service-media\/9de2fbc2-a20f-4715-87de-82d47f5383a2.__CR11,0,724,906_PT0_SX362_V1___.jpg\">  <\/p>\n<p>                                              <img decoding=\"async\" alt=\"24mm F1.4\" src=\"https:\/\/images-na.ssl-images-amazon.com\/images\/G\/01\/x-locale\/common\/grey-pixel.gif\" class=\"a-lazy-loaded\" data-src=\"https:\/\/m.media-amazon.com\/images\/S\/aplus-media-library-service-media\/7d0377dc-cb5d-4ff7-a76c-7586af1c016c.__CR11,0,724,906_PT0_SX362_V1___.jpg\"><img decoding=\"async\" alt=\"24mm F1.4\" src=\"https:\/\/m.media-amazon.com\/images\/S\/aplus-media-library-service-media\/7d0377dc-cb5d-4ff7-a76c-7586af1c016c.__CR11,0,724,906_PT0_SX362_V1___.jpg\">  <\/p>\n<h3> Lente est\u00e1ndar 7artisans <\/h3>\n<p class=\"apm-brand-story-stores-link\">\n<p>                                              <img decoding=\"async\" alt=\"18mm F6.3\" src=\"https:\/\/images-na.ssl-images-amazon.com\/images\/G\/01\/x-locale\/common\/grey-pixel.gif\" class=\"a-lazy-loaded\" data-src=\"https:\/\/m.media-amazon.com\/images\/S\/aplus-media-library-service-media\/3a377b58-fcf2-452a-9a8f-e90fcd3646f3.__CR11,0,724,906_PT0_SX362_V1___.jpg\"><img decoding=\"async\" alt=\"18mm F6.3\" src=\"https:\/\/m.media-amazon.com\/images\/S\/aplus-media-library-service-media\/3a377b58-fcf2-452a-9a8f-e90fcd3646f3.__CR11,0,724,906_PT0_SX362_V1___.jpg\">  <\/p>\n<p>                                              <img decoding=\"async\" alt=\"25mm F1.8\" src=\"https:\/\/images-na.ssl-images-amazon.com\/images\/G\/01\/x-locale\/common\/grey-pixel.gif\" class=\"a-lazy-loaded\" data-src=\"https:\/\/m.media-amazon.com\/images\/S\/aplus-media-library-service-media\/b28b1a09-cce0-47f0-b48d-7cd493393290.__CR11,0,724,906_PT0_SX362_V1___.jpg\"><img decoding=\"async\" alt=\"25mm F1.8\" src=\"https:\/\/m.media-amazon.com\/images\/S\/aplus-media-library-service-media\/b28b1a09-cce0-47f0-b48d-7cd493393290.__CR11,0,724,906_PT0_SX362_V1___.jpg\">  <\/p>\n<p>                                              <img decoding=\"async\" alt=\"35mm F1.2.\" src=\"https:\/\/images-na.ssl-images-amazon.com\/images\/G\/01\/x-locale\/common\/grey-pixel.gif\" class=\"a-lazy-loaded\" data-src=\"https:\/\/m.media-amazon.com\/images\/S\/aplus-media-library-service-media\/c5076c47-a6e6-409b-ad80-7d3abd7d6ef1.__CR11,0,724,906_PT0_SX362_V1___.jpg\"><img decoding=\"async\" alt=\"35mm F1.2.\" src=\"https:\/\/m.media-amazon.com\/images\/S\/aplus-media-library-service-media\/c5076c47-a6e6-409b-ad80-7d3abd7d6ef1.__CR11,0,724,906_PT0_SX362_V1___.jpg\">  <\/p>\n<p>                                              <img decoding=\"async\" alt=\"35mm F1.4\" src=\"https:\/\/images-na.ssl-images-amazon.com\/images\/G\/01\/x-locale\/common\/grey-pixel.gif\" class=\"a-lazy-loaded\" data-src=\"https:\/\/m.media-amazon.com\/images\/S\/aplus-media-library-service-media\/07f85654-096d-4810-ab9e-5d4967922d9a.__CR11,0,724,906_PT0_SX362_V1___.jpg\"><img decoding=\"async\" alt=\"35mm F1.4\" src=\"https:\/\/m.media-amazon.com\/images\/S\/aplus-media-library-service-media\/07f85654-096d-4810-ab9e-5d4967922d9a.__CR11,0,724,906_PT0_SX362_V1___.jpg\">  <\/p>\n<p> Is discontinued by manufacturer                                            \u200f                                            :                                            \u200e                                            No   <br \/> Product Dimensions                                            \u200f                                            :                                            \u200e                                            1.52 x 5.59 x 5.59 cm; 90 g   <br \/> Date First Available                                            \u200f                                            :                                            \u200e                                            23 Oct. 2020   <br \/> Manufacturer                                            \u200f                                            :                                            \u200e                                            7artisans   <br \/> ASIN                                            \u200f                                            :                                            \u200e                                            B08LPS3YLD   <br \/> Item model number                                            \u200f                                            :                                            \u200e                                            18mm F6.3 MFT M4\/3   <br \/> Country of origin                                            \u200f                                            :                                            \u200e                                            China   <br \/> Guaranteed software updates until                                            \u200f                                            :                                            \u200e                                            unknown   <br \/>       Best Sellers Rank:  38,601 in Electronics (See Top 100 in Electronics)    87 in Mirrorless Camera Lenses      <br \/>  Customer reviews:                                                                                            4.0               4.0 out of 5 stars                                  (100)                                              var dpAcrHasRegisteredArcLinkClickAction;                    P.when(&#8216;A&#8217;, &#8216;ready&#8217;).execute(function(A) {                        if (dpAcrHasRegisteredArcLinkClickAction !== true) {                            dpAcrHasRegisteredArcLinkClickAction = true;                            A.declarative(                                &#8216;acrLink-click-metrics&#8217;, &#8216;click&#8217;,                                { \u00aballowLinkDefault\u00bb: true },                                function (event) {                                    if (window.ue) {                                        ue.count(\u00abacrLinkClickCount\u00bb, (ue.count(\u00abacrLinkClickCount\u00bb) || 0) + 1);                                    }                                }                            );                        }                    });                                             P.when(&#8216;A&#8217;, &#8216;cf&#8217;).execute(function(A) {                A.declarative(&#8216;acrStarsLink-click-metrics&#8217;, &#8216;click&#8217;, { \u00aballowLinkDefault\u00bb : true },  function(event){                    if(window.ue) {                        ue.count(\u00abacrStarsLinkWithPopoverClickCount\u00bb, (ue.count(\u00abacrStarsLinkWithPopoverClickCount\u00bb) || 0) + 1);                    }                });            });                          <\/p>\n<p>Focus Mode: Manual Focal Range: 18mm<br \/>Number of items: 6 elements in 4 groups.<br \/>Maximum aperture: f6.3. Minimum Focal Length: 0.35m The equivalent focal length of 18mm is around 27mm<br \/>Wide Compatibility &#8211; Compatible with Panasonic GF1 GF2 GF3 GF5 GF6 GF7 GF8 GF9 G1 G2 G3 G4 G5 G6 G85 GH1 GH4 GH5<\/p>\n\n","protected":false},"excerpt":{"rendered":"<p> From the brand Sobre nosotros 7Artisans se estableci\u00f3 en marzo de 2016. Es una empresa<\/p>","protected":false},"featured_media":34895,"comment_status":"open","ping_status":"closed","template":"","meta":[],"product_brand":[],"product_cat":[99],"product_tag":[9934,3028,5277,2158,1621,3020,1004,3030,3025,9935,3022,2760,9937,9938,9939,9940,9941,9942,9943,9944,9945,2761,9946,2160,3027,9936,6882,3023,2161,3032,3018,3033,3029,1856,3024,3035,3034,3021,1237,3026,3019,1263,3031,222],"class_list":{"0":"post-34894","1":"product","2":"type-product","3":"status-publish","4":"has-post-thumbnail","6":"product_cat-mirrorless","7":"product_tag-18mm","8":"product_tag-24-70mm-mirrorless","9":"product_tag-7artisans","10":"product_tag-apsc","11":"product_tag-cameras","12":"product_tag-canon-mirrorless","13":"product_tag-compact","14":"product_tag-compact-mirrorless","15":"product_tag-e-mount-lens","16":"product_tag-f6-3","17":"product_tag-fujifilm-mirrorless","18":"product_tag-g85","19":"product_tag-gf1","20":"product_tag-gf2","21":"product_tag-gf3","22":"product_tag-gf5","23":"product_tag-gf6","24":"product_tag-gf7","25":"product_tag-gf8","26":"product_tag-gf9","27":"product_tag-gh1","28":"product_tag-gh4","29":"product_tag-gh5","30":"product_tag-lens","31":"product_tag-lumix-lens","32":"product_tag-m43","33":"product_tag-mft","34":"product_tag-micro-four-thirds-lens","35":"product_tag-mirrorless","36":"product_tag-mirrorless-body-only","37":"product_tag-mirrorless-camera","38":"product_tag-mirrorless-camera-accessories","39":"product_tag-mirrorless-camera-bundle","40":"product_tag-mirrorless-cameras","41":"product_tag-mirrorless-lens","42":"product_tag-mirrorless-stabilizer","43":"product_tag-mirrorless-tripod","44":"product_tag-nikon-mirrorless","45":"product_tag-panasonic","46":"product_tag-sony-a6000-lens","47":"product_tag-sony-mirrorless","48":"product_tag-thin","49":"product_tag-travel-mirrorless","50":"product_tag-ultra","52":"first","53":"instock","54":"shipping-taxable","55":"product-type-external"},"_links":{"self":[{"href":"https:\/\/comprasyconsejos.store\/en\/wp-json\/wp\/v2\/product\/34894","targetHints":{"allow":["GET"]}}],"collection":[{"href":"https:\/\/comprasyconsejos.store\/en\/wp-json\/wp\/v2\/product"}],"about":[{"href":"https:\/\/comprasyconsejos.store\/en\/wp-json\/wp\/v2\/types\/product"}],"replies":[{"embeddable":true,"href":"https:\/\/comprasyconsejos.store\/en\/wp-json\/wp\/v2\/comments?post=34894"}],"version-history":[{"count":0,"href":"https:\/\/comprasyconsejos.store\/en\/wp-json\/wp\/v2\/product\/34894\/revisions"}],"wp:featuredmedia":[{"embeddable":true,"href":"https:\/\/comprasyconsejos.store\/en\/wp-json\/wp\/v2\/media\/34895"}],"wp:attachment":[{"href":"https:\/\/comprasyconsejos.store\/en\/wp-json\/wp\/v2\/media?parent=34894"}],"wp:term":[{"taxonomy":"product_brand","embeddable":true,"href":"https:\/\/comprasyconsejos.store\/en\/wp-json\/wp\/v2\/product_brand?post=34894"},{"taxonomy":"product_cat","embeddable":true,"href":"https:\/\/comprasyconsejos.store\/en\/wp-json\/wp\/v2\/product_cat?post=34894"},{"taxonomy":"product_tag","embeddable":true,"href":"https:\/\/comprasyconsejos.store\/en\/wp-json\/wp\/v2\/product_tag?post=34894"}],"curies":[{"name":"wp","href":"https:\/\/api.w.org\/{rel}","templated":true}]}}