{"id":34950,"date":"2026-02-26T07:09:23","date_gmt":"2026-02-26T07:09:23","guid":{"rendered":"https:\/\/comprasyconsejos.store\/product\/tr-tl-m12qr-cpu-120mm-clomber-fan-pwm-connector-silent-computer-cooling-with-s-fdb-bearing-pc-fan-with-argb-mirror-luminous-effect-low-noise\/"},"modified":"2026-02-26T07:09:30","modified_gmt":"2026-02-26T07:09:30","slug":"tr-tl-m12qr-cpu-120mm-clomber-fan-pwm-connector-silent-computer-cooling-with-s-fdb-bearing-pc-fan-with-argb-mirror-luminous-effect-low-noise","status":"publish","type":"product","link":"https:\/\/comprasyconsejos.store\/en\/product\/tr-tl-m12qr-cpu-120mm-clomber-fan-pwm-connector-silent-computer-cooling-with-s-fdb-bearing-pc-fan-with-argb-mirror-luminous-effect-low-noise\/","title":{"rendered":"TR -TL-M12QR CPU 120mm Clomber Fan, PWM Connector Silent Computer Cooling with S-FDB Bearing, PC Fan with Argb Mirror Luminous Effect, Low Noise"},"content":{"rendered":"<p>Price: <span style=\"color:#b12704\">\u20ac13.37<\/span><br \/><i><small>(as of Feb 26, 2026 07:09:24 UTC &#8211; <span class=\"wp_automatic_amazon_disclaimer\" title=\"Product prices and availability are accurate as of the date\/time indicated and are subject to change. Any price and availability information displayed on [relevant Amazon Site(s), as applicable] at the time of purchase will apply to the purchase of this product.\">Details<\/span>)<\/small><\/i><\/p>\n<p><a href=\"https:\/\/amazon.es\/dp\/B0F93SBV2B?tag=man008-21\"><img decoding=\"async\" src=\"https:\/\/valvepress.s3.amazonaws.com\/imgs\/buy_now.png\"><\/a><br \/>\n<\/p>\n<p>                                             Product Description   <\/p>\n<p>                                                                             <img decoding=\"async\" alt=\"El ventilador negro de refrigeraci\u00f3n de la computadora se muestra desde varios \u00e1ngulos sobre un fondo morado, con el texto de las especificaciones t\u00e9cnicas visible.\" src=\"https:\/\/images-na.ssl-images-amazon.com\/images\/G\/01\/x-locale\/common\/grey-pixel.gif\" class=\"a-spacing-base a-lazy-loaded\" data-src=\"https:\/\/m.media-amazon.com\/images\/S\/aplus-media-library-service-media\/58e0580c-39fb-4b8d-aedd-d20f848a8c27.__CR0,0,970,600_PT0_SX970_V1___.jpg\"><img decoding=\"async\" alt=\"El ventilador negro de refrigeraci\u00f3n de la computadora se muestra desde varios \u00e1ngulos sobre un fondo morado, con el texto de las especificaciones t\u00e9cnicas visible.\" src=\"https:\/\/m.media-amazon.com\/images\/S\/aplus-media-library-service-media\/58e0580c-39fb-4b8d-aedd-d20f848a8c27.__CR0,0,970,600_PT0_SX970_V1___.jpg\">                                                                    <\/p>\n<p>                                                                             <img decoding=\"async\" alt=\"aplus content image\" src=\"https:\/\/images-na.ssl-images-amazon.com\/images\/G\/01\/x-locale\/common\/grey-pixel.gif\" class=\"a-spacing-base a-lazy-loaded\" data-src=\"https:\/\/m.media-amazon.com\/images\/S\/aplus-media-library-service-media\/4d8a3e97-f5f8-4cb9-a58f-60a4dcd11eb4.__CR0,0,970,600_PT0_SX970_V1___.jpg\"><img decoding=\"async\" alt=\"aplus content image\" src=\"https:\/\/m.media-amazon.com\/images\/S\/aplus-media-library-service-media\/4d8a3e97-f5f8-4cb9-a58f-60a4dcd11eb4.__CR0,0,970,600_PT0_SX970_V1___.jpg\">                                                                    <\/p>\n<p>                                                                             <img decoding=\"async\" alt=\"El texto dice \u00abPODER DESDE EL DISE\u00d1O\u00bb. Foto del producto que muestra un componente negro del hardware del ordenador con efectos de iluminaci\u00f3n RGB visibles en el borde.\" src=\"https:\/\/images-na.ssl-images-amazon.com\/images\/G\/01\/x-locale\/common\/grey-pixel.gif\" class=\"a-spacing-base a-lazy-loaded\" data-src=\"https:\/\/m.media-amazon.com\/images\/S\/aplus-media-library-service-media\/37842df5-c4cb-4e6f-b930-aaac5cc32f07.__CR0,0,970,600_PT0_SX970_V1___.jpg\"><img decoding=\"async\" alt=\"El texto dice \u00abPODER DESDE EL DISE\u00d1O\u00bb. Foto del producto que muestra un componente negro del hardware del ordenador con efectos de iluminaci\u00f3n RGB visibles en el borde.\" src=\"https:\/\/m.media-amazon.com\/images\/S\/aplus-media-library-service-media\/37842df5-c4cb-4e6f-b930-aaac5cc32f07.__CR0,0,970,600_PT0_SX970_V1___.jpg\">                                                                    <\/p>\n<p>                                                                             <img decoding=\"async\" alt=\"El texto dice \u00abToma de aire\u00bb y \u00abEvacuaci\u00f3n de escape\u00bb. Diagrama t\u00e9cnico que muestra el ventilador de refrigeraci\u00f3n de la computadora con indicadores de direcci\u00f3n del flujo de aire etiquetados.\" src=\"https:\/\/images-na.ssl-images-amazon.com\/images\/G\/01\/x-locale\/common\/grey-pixel.gif\" class=\"a-spacing-base a-lazy-loaded\" data-src=\"https:\/\/m.media-amazon.com\/images\/S\/aplus-media-library-service-media\/8870f71f-4618-403c-bea6-89f5e568fd24.__CR0,0,970,600_PT0_SX970_V1___.jpg\"><img decoding=\"async\" alt=\"El texto dice \u00abToma de aire\u00bb y \u00abEvacuaci\u00f3n de escape\u00bb. Diagrama t\u00e9cnico que muestra el ventilador de refrigeraci\u00f3n de la computadora con indicadores de direcci\u00f3n del flujo de aire etiquetados.\" src=\"https:\/\/m.media-amazon.com\/images\/S\/aplus-media-library-service-media\/8870f71f-4618-403c-bea6-89f5e568fd24.__CR0,0,970,600_PT0_SX970_V1___.jpg\">                                                                    <\/p>\n<p>                                                                             <img decoding=\"async\" alt=\"aplus content image\" src=\"https:\/\/images-na.ssl-images-amazon.com\/images\/G\/01\/x-locale\/common\/grey-pixel.gif\" class=\"a-spacing-base a-lazy-loaded\" data-src=\"https:\/\/m.media-amazon.com\/images\/S\/aplus-media-library-service-media\/e7e72d6b-4bc2-48a5-baa7-dbb09e822cc6.__CR0,0,970,600_PT0_SX970_V1___.jpg\"><img decoding=\"async\" alt=\"aplus content image\" src=\"https:\/\/m.media-amazon.com\/images\/S\/aplus-media-library-service-media\/e7e72d6b-4bc2-48a5-baa7-dbb09e822cc6.__CR0,0,970,600_PT0_SX970_V1___.jpg\">                                                                    <\/p>\n<p>                                                                             <img decoding=\"async\" alt=\"aplus content image\" src=\"https:\/\/images-na.ssl-images-amazon.com\/images\/G\/01\/x-locale\/common\/grey-pixel.gif\" class=\"a-spacing-base a-lazy-loaded\" data-src=\"https:\/\/m.media-amazon.com\/images\/S\/aplus-media-library-service-media\/951bd67d-81cd-4a33-bdb3-1d3309a07543.__CR0,0,970,600_PT0_SX970_V1___.jpg\"><img decoding=\"async\" alt=\"aplus content image\" src=\"https:\/\/m.media-amazon.com\/images\/S\/aplus-media-library-service-media\/951bd67d-81cd-4a33-bdb3-1d3309a07543.__CR0,0,970,600_PT0_SX970_V1___.jpg\">                                                                    <\/p>\n<p>                                                                             <img decoding=\"async\" alt=\"El texto dice \u00abRODAMIENTO S-FDB DE LARGA DURACI\u00d3N\u00bb. Diagrama t\u00e9cnico que muestra los componentes y el ensamblaje de los rodamientos de bolas en formato ilustrativo en blanco y negro.\" src=\"https:\/\/images-na.ssl-images-amazon.com\/images\/G\/01\/x-locale\/common\/grey-pixel.gif\" class=\"a-spacing-base a-lazy-loaded\" data-src=\"https:\/\/m.media-amazon.com\/images\/S\/aplus-media-library-service-media\/a2dd46e7-9dc4-4b3f-87a2-f73354c5f18c.__CR0,0,970,600_PT0_SX970_V1___.jpg\"><img decoding=\"async\" alt=\"El texto dice \u00abRODAMIENTO S-FDB DE LARGA DURACI\u00d3N\u00bb. Diagrama t\u00e9cnico que muestra los componentes y el ensamblaje de los rodamientos de bolas en formato ilustrativo en blanco y negro.\" src=\"https:\/\/m.media-amazon.com\/images\/S\/aplus-media-library-service-media\/a2dd46e7-9dc4-4b3f-87a2-f73354c5f18c.__CR0,0,970,600_PT0_SX970_V1___.jpg\">                                                                    <\/p>\n<p> Package Dimensions                                            \u200f                                            :                                            \u200e                                            14.48 x 12.7 x 3 cm; 199.58 g   <br \/> Date First Available                                            \u200f                                            :                                            \u200e                                            19 May 2025   <br \/> Manufacturer                                            \u200f                                            :                                            \u200e                                            TR   <br \/> ASIN                                            \u200f                                            :                                            \u200e                                            B0F93SBV2B   <br \/> Manufacturer reference                                            \u200f                                            :                                            \u200e                                            TL-M12QR -f   <br \/> Country of origin                                            \u200f                                            :                                            \u200e                                            China   <br \/>       Best Sellers Rank:  66,117 in Computers (See Top 100 in Computers)    2,910 in CPU Fans      <br \/>  Customer reviews:                                                                                            4.0               4.0 out of 5 stars                                  (1)                                              var dpAcrHasRegisteredArcLinkClickAction;                    P.when(&#8216;A&#8217;, &#8216;ready&#8217;).execute(function(A) {                        if (dpAcrHasRegisteredArcLinkClickAction !== true) {                            dpAcrHasRegisteredArcLinkClickAction = true;                            A.declarative(                                &#8216;acrLink-click-metrics&#8217;, &#8216;click&#8217;,                                { \u00aballowLinkDefault\u00bb: true },                                function (event) {                                    if (window.ue) {                                        ue.count(\u00abacrLinkClickCount\u00bb, (ue.count(\u00abacrLinkClickCount\u00bb) || 0) + 1);                                    }                                }                            );                        }                    });                                             P.when(&#8216;A&#8217;, &#8216;cf&#8217;).execute(function(A) {                A.declarative(&#8216;acrStarsLink-click-metrics&#8217;, &#8216;click&#8217;, { \u00aballowLinkDefault\u00bb : true },  function(event){                    if(window.ue) {                        ue.count(\u00abacrStarsLinkWithPopoverClickCount\u00bb, (ue.count(\u00abacrStarsLinkWithPopoverClickCount\u00bb) || 0) + 1);                    }                });            });                          <\/p>\n<p>[Anti-fan design] M12QR series housing fan blades rotate counterclockwise, and the surface of the fan blade is the direction of the air outlet, which can provide a rotation speed of 1500rpm, and can be used as air intake fan for the chassis.<br \/>[High Performance for Heat Dissipation] The 7-blade design of the noise reduction type can reach 1500rpm, the noise \u2264 is 23.2dB(A), and the four corners of the fan come with soft silicone corner pads, so that the fan can reach the performance of high heat dissipation and low noise.<br \/>[Argb Infinity Mirror] Both sides of the fan are the infinity frame structure, with a faulty light effect design and a defect-style LED light strip on both sides of the fan frame, so that the fan has rich Argb lighting effects.<br \/>[Wireless Splicing] The new power chip module cable simplifies cable management, reduces bulky internal chassis wires, and provides powerful power for the fan, and the signal and power supply are transmitted between the fans through the contacts (note: the control cable must be connected to the side of the fan with pins, without connecting to the other side)<br \/>[Perfect Match] The CPU fan can not only be used as a case fan, but also suitable for pairing with a CPU cooler to create a cooling effect, taking the temperature inside the case and processor for maximum cooling<\/p>\n\n","protected":false},"excerpt":{"rendered":"<p> Product Description Package Dimensions \u200f : \u200e 14.48 x 12.7 x 3 cm; 199.58 g<\/p>","protected":false},"featured_media":34951,"comment_status":"open","ping_status":"closed","template":"","meta":[],"product_brand":[],"product_cat":[65],"product_tag":[1381,2003,2005,1568,2026,2013,1998,9961,539,2015,314,989,2009,598,4294,910,2011,9962,3306,933,2000,2023,2007,2001,2025,1010,9960],"class_list":{"0":"post-34950","1":"product","2":"type-product","3":"status-publish","4":"has-post-thumbnail","6":"product_cat-case-fan","7":"product_tag-120mm","8":"product_tag-120mm-case-fan","9":"product_tag-140mm-case-fan","10":"product_tag-argb","11":"product_tag-bearing","12":"product_tag-best-case-fan","13":"product_tag-case-fan","14":"product_tag-clomber","15":"product_tag-computer","16":"product_tag-computer-cooling-fan","17":"product_tag-connector","18":"product_tag-cooling","19":"product_tag-cooling-fan-for-pc","20":"product_tag-cpu","21":"product_tag-effect","22":"product_tag-fan","23":"product_tag-high-airflow-case-fan","24":"product_tag-luminous","25":"product_tag-mirror","26":"product_tag-noise","27":"product_tag-pc-case-fan","28":"product_tag-pwm","29":"product_tag-quiet-case-fan","30":"product_tag-rgb-case-fan","31":"product_tag-sfdb","32":"product_tag-silent","33":"product_tag-tlm12qr","35":"first","36":"instock","37":"shipping-taxable","38":"product-type-external"},"_links":{"self":[{"href":"https:\/\/comprasyconsejos.store\/en\/wp-json\/wp\/v2\/product\/34950","targetHints":{"allow":["GET"]}}],"collection":[{"href":"https:\/\/comprasyconsejos.store\/en\/wp-json\/wp\/v2\/product"}],"about":[{"href":"https:\/\/comprasyconsejos.store\/en\/wp-json\/wp\/v2\/types\/product"}],"replies":[{"embeddable":true,"href":"https:\/\/comprasyconsejos.store\/en\/wp-json\/wp\/v2\/comments?post=34950"}],"version-history":[{"count":0,"href":"https:\/\/comprasyconsejos.store\/en\/wp-json\/wp\/v2\/product\/34950\/revisions"}],"wp:featuredmedia":[{"embeddable":true,"href":"https:\/\/comprasyconsejos.store\/en\/wp-json\/wp\/v2\/media\/34951"}],"wp:attachment":[{"href":"https:\/\/comprasyconsejos.store\/en\/wp-json\/wp\/v2\/media?parent=34950"}],"wp:term":[{"taxonomy":"product_brand","embeddable":true,"href":"https:\/\/comprasyconsejos.store\/en\/wp-json\/wp\/v2\/product_brand?post=34950"},{"taxonomy":"product_cat","embeddable":true,"href":"https:\/\/comprasyconsejos.store\/en\/wp-json\/wp\/v2\/product_cat?post=34950"},{"taxonomy":"product_tag","embeddable":true,"href":"https:\/\/comprasyconsejos.store\/en\/wp-json\/wp\/v2\/product_tag?post=34950"}],"curies":[{"name":"wp","href":"https:\/\/api.w.org\/{rel}","templated":true}]}}