{"id":34964,"date":"2026-02-26T08:06:14","date_gmt":"2026-02-26T08:06:14","guid":{"rendered":"https:\/\/comprasyconsejos.store\/product\/escaner-superior-s21escaner-de-documentos-a2-alta-resolucion-de-23-mpreconocimiento-de-texto-ocrtecnologias-de-aplanamiento-automatico-para-documentos-y-libros-de-gran-formato\/"},"modified":"2026-02-26T08:06:25","modified_gmt":"2026-02-26T08:06:25","slug":"escaner-superior-s21escaner-de-documentos-a2-alta-resolucion-de-23-mpreconocimiento-de-texto-ocrtecnologias-de-aplanamiento-automatico-para-documentos-y-libros-de-gran-formato","status":"publish","type":"product","link":"https:\/\/comprasyconsejos.store\/en\/product\/escaner-superior-s21escaner-de-documentos-a2-alta-resolucion-de-23-mpreconocimiento-de-texto-ocrtecnologias-de-aplanamiento-automatico-para-documentos-y-libros-de-gran-formato\/","title":{"rendered":"Esc\u00e1ner Superior S21,Esc\u00e1ner De Documentos A2, Alta Resoluci\u00f3n De 23 MP,Reconocimiento De Texto Ocr,Tecnolog\u00edas De Aplanamiento Autom\u00e1tico para Documentos Y Libros De Gran Formato"},"content":{"rendered":"<p>Price: <span style=\"color:#b12704\">\u20ac402.99<\/span><br \/><i><small>(as of Feb 26, 2026 08:06:14 UTC &#8211; <span class=\"wp_automatic_amazon_disclaimer\" title=\"Product prices and availability are accurate as of the date\/time indicated and are subject to change. Any price and availability information displayed on [relevant Amazon Site(s), as applicable] at the time of purchase will apply to the purchase of this product.\">Details<\/span>)<\/small><\/i><\/p>\n<p><a href=\"https:\/\/amazon.es\/dp\/B0GF1XL4M4?tag=man008-21\"><img decoding=\"async\" src=\"https:\/\/valvepress.s3.amazonaws.com\/imgs\/buy_now.png\"><\/a><br \/>\n<br \/>\n    <span>Cada vez que escanea un documento, debe esperar a que la impresora se caliente y alinee el papel. Si hay una m\u00ednima desviaci\u00f3n, debe volver a escanearlo. \u00bfNo le gustar\u00eda simplemente tomar una foto del documento con su esc\u00e1ner y obtener un escaneo n\u00edtido y preciso al instante?<\/p>\n<p>Esc\u00e1ner superior A2: \u00a1su amplia cobertura satisface todas sus necesidades de digitalizaci\u00f3n! Especialmente dise\u00f1ado para escanear documentos de gran formato como peri\u00f3dicos, mapas, revistas y libros gruesos.<\/p>\n<p>Funciones:<br \/>&#8211; Tecnolog\u00eda de nivelaci\u00f3n lateral curvada.<br \/>&#8211; Velocidad de escaneo r\u00e1pida: hasta 1,5 s por p\u00e1gina.<br \/>&#8211; Dise\u00f1o de altura ajustable (A2\/A3) con bisagra plegable de 90 grados.<br \/>&#8211; Excelente calidad de imagen con una resoluci\u00f3n ultraalta de 23 MP (5504 x 4128 p\u00edxeles).<br \/>&#8211; La luz LED integrada de alto brillo le permite tomar fotos n\u00edtidas incluso en la oscuridad.<\/p>\n<p>Especificaciones:<br \/>Nombre: Esc\u00e1ner de documentos con c\u00e1mara<br \/>P\u00edxeles de la c\u00e1mara: 1800 W<br \/>P\u00edxeles de grabaci\u00f3n: 23 MP<br \/>Resoluci\u00f3n m\u00e1xima: 4898 x 3672<br \/>\u00c1rea m\u00e1xima de escaneo: 420 x 297 mm<br \/>M\u00e9todo de enfoque: enfoque fijo<br \/>Alimentaci\u00f3n por USB<br \/>Formato de escaneo: A2<br \/>Resoluci\u00f3n \u00f3ptica: 300 lp\/mm<br \/>Color de la imagen: 24 bits<br \/>Velocidad de disparo: 1 segundo, compatible con previsualizaci\u00f3n en tiempo real<br \/>Modo de control de luz de relleno: atenuaci\u00f3n t\u00e1ctil de tres etapas<br \/>Software del controlador: Compatible con el est\u00e1ndar UVC; no requiere controlador<br \/>Compatibilidad con SDK: Compatible con SDK, DLL y OCX<br \/>Dispositivo operativo: Windows XP, Windows 7\/8\/10, macOS<\/p>\n<p>Contenido del paquete:<br \/>1 * esc\u00e1ner de documentos<br \/>1 * cable USB<br \/>1 * panel t\u00e1ctil<\/p>\n<p>Nota:<br \/>1. No se recomienda utilizar los LED integrados del esc\u00e1ner de libros con luz intensa.<br \/>2. No se recomienda utilizar papel muy brillante.<\/span>    <br \/> Package Dimensions                                            \u200f                                            :                                            \u200e                                            10 x 10 x 10 cm; 2 kg   <br \/> Manufacturer                                            \u200f                                            :                                            \u200e                                            ZenSeFarin   <br \/> ASIN                                            \u200f                                            :                                            \u200e                                            B0GF1XL4M4   <br \/> Item model number                                            \u200f                                            :                                            \u200e                                            pl25vwt-998628   <br \/> Country\/Region of Origin                                            \u200f                                            :                                            \u200e                                            China   <br \/> Guaranteed software updates until                                            \u200f                                            :                                            \u200e                                            unknown   <\/p>\n<p>\u2714\u3010Esc\u00e1ner Multifuncional\u3011Escanea autom\u00e1ticamente al detectar un cambio de p\u00e1gina; tambi\u00e9n puede aplanar p\u00e1ginas deformadas, borrar huellas dactilares de fotos escaneadas y reparar bordes da\u00f1ados.<br \/>\u2714\u3010Escaneo Eficiente\u3011La funci\u00f3n de escaneo continuo autom\u00e1tico permite escanear documentos de forma eficiente; permite escanear y cortar varias tarjetas a la vez; el motor de procesamiento de im\u00e1genes con IA integrado hace que el procesamiento de im\u00e1genes posterior al escaneo sea m\u00e1s inteligente y satisfaga plenamente diversas necesidades.<br \/>\u2714\u3010Esc\u00e1ner con C\u00e1mara Inteligente\u3011Alta resoluci\u00f3n de 23 MP (5504 x 4128 p\u00edxeles), escaneo en tama\u00f1o A2, luz LED integrada de alta luminosidad, ideal para escanear revistas, manuscritos, peri\u00f3dicos y mapas de gran formato.<br \/>\u2714\u3010Funci\u00f3n OCR\u3011El Reconocimiento \u00d3ptico de Caracteres (OCR) integrado convierte las im\u00e1genes escaneadas en PDF con capacidad de b\u00fasqueda y en formatos editables de Word, Excel y texto, compatible con m\u00e1s de 100 idiomas.<br \/>\u2714\u3010Ayuda did\u00e1ctica experta\u3011Con la innovadora funci\u00f3n de visualizaci\u00f3n, el esc\u00e1ner puede grabar f\u00e1cilmente los videos de ense\u00f1anza y usar la pizarra; con la innovadora funci\u00f3n de compartir, puede escanear y transferir directamente al tel\u00e9fono inteligente.<\/p>\n\n","protected":false},"excerpt":{"rendered":"<p> Cada vez que escanea un documento, debe esperar a que la impresora se caliente y<\/p>","protected":false},"featured_media":34965,"comment_status":"open","ping_status":"closed","template":"","meta":[],"product_brand":[],"product_cat":[60],"product_tag":[4658,9969,5346,1990,1982,7716,7551,1989,1983,8309,9970,1986,7715,9966,9968,1987,3954,1984,1985,8303,9965,1991,5590,9967,1988],"class_list":{"0":"post-34964","1":"product","2":"type-product","3":"status-publish","4":"has-post-thumbnail","6":"product_cat-scanners","7":"product_tag-alta","8":"product_tag-aplanamiento","9":"product_tag-automatico","10":"product_tag-best-scanner","11":"product_tag-document-scanner","12":"product_tag-documentos","13":"product_tag-escaner","14":"product_tag-fast-document-scanner","15":"product_tag-flatbed-scanner","16":"product_tag-formato","17":"product_tag-gran","18":"product_tag-high-resolution-scanner","19":"product_tag-libros","20":"product_tag-mpreconocimiento","21":"product_tag-ocrtecnologias","22":"product_tag-office-scanner","23":"product_tag-para","24":"product_tag-photo-scanner","25":"product_tag-portable-scanner","26":"product_tag-resolucion","27":"product_tag-s21escaner","28":"product_tag-scanner-price","29":"product_tag-superior","30":"product_tag-texto","31":"product_tag-usb-scanner","33":"first","34":"instock","35":"shipping-taxable","36":"product-type-external"},"_links":{"self":[{"href":"https:\/\/comprasyconsejos.store\/en\/wp-json\/wp\/v2\/product\/34964","targetHints":{"allow":["GET"]}}],"collection":[{"href":"https:\/\/comprasyconsejos.store\/en\/wp-json\/wp\/v2\/product"}],"about":[{"href":"https:\/\/comprasyconsejos.store\/en\/wp-json\/wp\/v2\/types\/product"}],"replies":[{"embeddable":true,"href":"https:\/\/comprasyconsejos.store\/en\/wp-json\/wp\/v2\/comments?post=34964"}],"version-history":[{"count":0,"href":"https:\/\/comprasyconsejos.store\/en\/wp-json\/wp\/v2\/product\/34964\/revisions"}],"wp:featuredmedia":[{"embeddable":true,"href":"https:\/\/comprasyconsejos.store\/en\/wp-json\/wp\/v2\/media\/34965"}],"wp:attachment":[{"href":"https:\/\/comprasyconsejos.store\/en\/wp-json\/wp\/v2\/media?parent=34964"}],"wp:term":[{"taxonomy":"product_brand","embeddable":true,"href":"https:\/\/comprasyconsejos.store\/en\/wp-json\/wp\/v2\/product_brand?post=34964"},{"taxonomy":"product_cat","embeddable":true,"href":"https:\/\/comprasyconsejos.store\/en\/wp-json\/wp\/v2\/product_cat?post=34964"},{"taxonomy":"product_tag","embeddable":true,"href":"https:\/\/comprasyconsejos.store\/en\/wp-json\/wp\/v2\/product_tag?post=34964"}],"curies":[{"name":"wp","href":"https:\/\/api.w.org\/{rel}","templated":true}]}}