{"id":34976,"date":"2026-02-26T09:08:15","date_gmt":"2026-02-26T09:08:15","guid":{"rendered":"https:\/\/comprasyconsejos.store\/product\/hychika-gato-hidraulico-de-15-t-gato-hidraulico-con-bomba-de-piston-hidraulico-elevador-hidraulico-135-320-mm-para-berlina-suv-cambio-de-neumaticos\/"},"modified":"2026-02-26T09:08:15","modified_gmt":"2026-02-26T09:08:15","slug":"hychika-gato-hidraulico-de-15-t-gato-hidraulico-con-bomba-de-piston-hidraulico-elevador-hidraulico-135-320-mm-para-berlina-suv-cambio-de-neumaticos","status":"publish","type":"product","link":"https:\/\/comprasyconsejos.store\/en\/product\/hychika-gato-hidraulico-de-15-t-gato-hidraulico-con-bomba-de-piston-hidraulico-elevador-hidraulico-135-320-mm-para-berlina-suv-cambio-de-neumaticos\/","title":{"rendered":"Hychika, gato hidr\u00e1ulico de 1,5 T, gato hidr\u00e1ulico con bomba de pist\u00f3n hidr\u00e1ulico, elevador hidr\u00e1ulico, 135 \u2013 320 mm, para berlina, SUV, cambio de neum\u00e1ticos"},"content":{"rendered":"<p>&#8211; Gato hidr\u00e1ulico: los gatos hidr\u00e1ulicos HYCHIKA est\u00e1n dise\u00f1ados para las necesidades de elevaci\u00f3n de autom\u00f3viles peque\u00f1os. Con una capacidad de carga de 1500 kg, son ligeros y pr\u00e1cticos, ocupan poco espacio y cuentan con un mango ergon\u00f3mico de goma que ofrece un agarre firme.<br \/>\n&#8211; Amplia zona de elevaci\u00f3n: con un rango de elevaci\u00f3n de 135-320 mm, nuestros gatos hidr\u00e1ulicos pueden satisfacer una amplia gama de requisitos de elevaci\u00f3n. La altura ajustable libremente lo convierte en el accesorio perfecto para cambiar un neum\u00e1tico o resolver un problema con el chasis de tu coche.<br \/>\n&#8211; Fiable y seguro: la unidad hidr\u00e1ulica del gato garantiza una elevaci\u00f3n r\u00e1pida, el excelente sellado evita que el aceite se escape y la v\u00e1lvula de seguridad proporciona protecci\u00f3n autom\u00e1tica contra sobrecarga. Puede proporcionar amortiguaci\u00f3n adicional y rendimiento antipresi\u00f3n durante el proceso de elevaci\u00f3n, proteger el marco de ara\u00f1azos o da\u00f1os, y mejorar la seguridad general y la estabilidad durante el uso.<br \/>\n&#8211; F\u00e1cil de mover: este gato hidr\u00e1ulico ofrece un soporte confiable. Para un posicionamiento preciso. Equipado con un asa de transporte, 2 ruedas met\u00e1licas fijas y 2 ruedas met\u00e1licas giratorias 360\u00b0 para una f\u00e1cil movilidad, lo ayuda a transportarlo f\u00e1cilmente, maniobrar sin problemas y trabajar de manera eficiente.<br \/>\n&#8211; Vers\u00e1til: los gatos HYCHIKA est\u00e1n construidos con un marco de acero resistente y duradero para un f\u00e1cil manejo y almacenamiento, ideales para entusiastas de los autom\u00f3viles, y se pueden utilizar para el mantenimiento regular del autom\u00f3vil, el cambio de neum\u00e1ticos o las reparaciones en talleres, garajes y reparaciones automotrices.<\/p>","protected":false},"excerpt":{"rendered":"<p>&#8211; Gato hidr\u00e1ulico: los gatos hidr\u00e1ulicos HYCHIKA est\u00e1n dise\u00f1ados para las necesidades de elevaci\u00f3n de autom\u00f3viles peque\u00f1os. Con una capacidad<\/p>","protected":false},"featured_media":34975,"comment_status":"open","ping_status":"closed","template":"","meta":[],"product_brand":[],"product_cat":[101],"product_tag":[],"class_list":{"0":"post-34976","1":"product","2":"type-product","3":"status-publish","4":"has-post-thumbnail","6":"product_cat-accessories","8":"first","9":"instock","10":"shipping-taxable","11":"product-type-external"},"_links":{"self":[{"href":"https:\/\/comprasyconsejos.store\/en\/wp-json\/wp\/v2\/product\/34976","targetHints":{"allow":["GET"]}}],"collection":[{"href":"https:\/\/comprasyconsejos.store\/en\/wp-json\/wp\/v2\/product"}],"about":[{"href":"https:\/\/comprasyconsejos.store\/en\/wp-json\/wp\/v2\/types\/product"}],"replies":[{"embeddable":true,"href":"https:\/\/comprasyconsejos.store\/en\/wp-json\/wp\/v2\/comments?post=34976"}],"version-history":[{"count":0,"href":"https:\/\/comprasyconsejos.store\/en\/wp-json\/wp\/v2\/product\/34976\/revisions"}],"wp:featuredmedia":[{"embeddable":true,"href":"https:\/\/comprasyconsejos.store\/en\/wp-json\/wp\/v2\/media\/34975"}],"wp:attachment":[{"href":"https:\/\/comprasyconsejos.store\/en\/wp-json\/wp\/v2\/media?parent=34976"}],"wp:term":[{"taxonomy":"product_brand","embeddable":true,"href":"https:\/\/comprasyconsejos.store\/en\/wp-json\/wp\/v2\/product_brand?post=34976"},{"taxonomy":"product_cat","embeddable":true,"href":"https:\/\/comprasyconsejos.store\/en\/wp-json\/wp\/v2\/product_cat?post=34976"},{"taxonomy":"product_tag","embeddable":true,"href":"https:\/\/comprasyconsejos.store\/en\/wp-json\/wp\/v2\/product_tag?post=34976"}],"curies":[{"name":"wp","href":"https:\/\/api.w.org\/{rel}","templated":true}]}}