{"id":35005,"date":"2026-02-26T09:21:45","date_gmt":"2026-02-26T09:21:45","guid":{"rendered":"https:\/\/comprasyconsejos.store\/product\/hychika-crimpadora-kit-pelacables-automatico-3-en-1-juego-de-alicates-de-corte-con-1200-piezas-025-10mm%c2%b2awg-24-8-terminales-crimpadora-punteras-alicates-de-crimpado\/"},"modified":"2026-02-26T09:21:45","modified_gmt":"2026-02-26T09:21:45","slug":"hychika-crimpadora-kit-pelacables-automatico-3-en-1-juego-de-alicates-de-corte-con-1200-piezas-025-10mm%c2%b2awg-24-8-terminales-crimpadora-punteras-alicates-de-crimpado","status":"publish","type":"product","link":"https:\/\/comprasyconsejos.store\/en\/product\/hychika-crimpadora-kit-pelacables-automatico-3-en-1-juego-de-alicates-de-corte-con-1200-piezas-025-10mm%c2%b2awg-24-8-terminales-crimpadora-punteras-alicates-de-crimpado\/","title":{"rendered":"HYCHIKA Crimpadora Kit, Pelacables autom\u00e1tico 3 en 1, Juego de alicates de corte con 1200 piezas 0,25-10mm\u00b2(AWG 24-8) Terminales, Crimpadora Punteras, Alicates de Crimpado"},"content":{"rendered":"<p>&#8211; Carraca Autoajustable: Esta herramienta de crimpado de terminales est\u00e1 equipada con un trinquete autoajustable, que puede adaptarse r\u00e1pidamente al di\u00e1metro de los terminales, mejorar la precisi\u00f3n del crimpado y evitar el desperdicio de terminales. La interfaz de prensa cuadrada produce una presi\u00f3n de alta calidad que une firmemente el terminal al cable<br \/>\n&#8211; Dise\u00f1o Ergon\u00f3mico del Mango: El mango de los alicates de engaste est\u00e1 hecho de material PP y TPR, antideslizante y c\u00f3modo. El mango est\u00e1 dise\u00f1ado con principio de palanca, lo que facilita la operaci\u00f3n, reduce la fatiga de la mano y mejora la eficiencia del trabajo<br \/>\n&#8211; Material de Alta Calidad: El kit de casquillo est\u00e1 hecho de cobre esta\u00f1ado de alta calidad y funda aislante de nylon con una excelente conductividad el\u00e9ctrica y alta resistencia a la corrosi\u00f3n.La funda de nylon se caracteriza por el aislamiento y retardante de llama, seguro y fiable<br \/>\n&#8211; Kit Funcional 3 en 1: El paquete incluye un alicate para crimpar terminales, un pelacables autom\u00e1tico 3 en 1 y 1200 terminales de 0,25-10 mm\u00b2 (AWG 24-8). La combinaci\u00f3n perfecta de herramientas facilita pelar, cortar y prensar el cable. Es adecuada para trabajos de mantenimiento el\u00e9ctrico en talleres, electricistas de coches, maquinaria, autom\u00f3viles y hogares<br \/>\n&#8211; Juego Port\u00e1til: Esta herramienta de crimpado de cables viene con un estuche de almacenamiento port\u00e1til, f\u00e1cil de transportar y organizar, para garantizar que las herramientas est\u00e9n ordenadas y sean de f\u00e1cil acceso, ideal para t\u00e9cnicos profesionales y entusiastas del bricolaje dom\u00e9stico<\/p>","protected":false},"excerpt":{"rendered":"<p>&#8211; Carraca Autoajustable: Esta herramienta de crimpado de terminales est\u00e1 equipada con un trinquete autoajustable, que puede adaptarse r\u00e1pidamente al<\/p>","protected":false},"featured_media":35004,"comment_status":"open","ping_status":"closed","template":"","meta":[],"product_brand":[],"product_cat":[101],"product_tag":[],"class_list":{"0":"post-35005","1":"product","2":"type-product","3":"status-publish","4":"has-post-thumbnail","6":"product_cat-accessories","8":"first","9":"instock","10":"shipping-taxable","11":"product-type-external"},"_links":{"self":[{"href":"https:\/\/comprasyconsejos.store\/en\/wp-json\/wp\/v2\/product\/35005","targetHints":{"allow":["GET"]}}],"collection":[{"href":"https:\/\/comprasyconsejos.store\/en\/wp-json\/wp\/v2\/product"}],"about":[{"href":"https:\/\/comprasyconsejos.store\/en\/wp-json\/wp\/v2\/types\/product"}],"replies":[{"embeddable":true,"href":"https:\/\/comprasyconsejos.store\/en\/wp-json\/wp\/v2\/comments?post=35005"}],"version-history":[{"count":0,"href":"https:\/\/comprasyconsejos.store\/en\/wp-json\/wp\/v2\/product\/35005\/revisions"}],"wp:featuredmedia":[{"embeddable":true,"href":"https:\/\/comprasyconsejos.store\/en\/wp-json\/wp\/v2\/media\/35004"}],"wp:attachment":[{"href":"https:\/\/comprasyconsejos.store\/en\/wp-json\/wp\/v2\/media?parent=35005"}],"wp:term":[{"taxonomy":"product_brand","embeddable":true,"href":"https:\/\/comprasyconsejos.store\/en\/wp-json\/wp\/v2\/product_brand?post=35005"},{"taxonomy":"product_cat","embeddable":true,"href":"https:\/\/comprasyconsejos.store\/en\/wp-json\/wp\/v2\/product_cat?post=35005"},{"taxonomy":"product_tag","embeddable":true,"href":"https:\/\/comprasyconsejos.store\/en\/wp-json\/wp\/v2\/product_tag?post=35005"}],"curies":[{"name":"wp","href":"https:\/\/api.w.org\/{rel}","templated":true}]}}