{"id":35006,"date":"2026-02-26T09:21:51","date_gmt":"2026-02-26T09:21:51","guid":{"rendered":"https:\/\/comprasyconsejos.store\/product\/samsung-ls32d392gauxen-curved-monitor-32-1500r-fhd-100hz-refresh-rate\/"},"modified":"2026-02-26T09:21:54","modified_gmt":"2026-02-26T09:21:54","slug":"samsung-ls32d392gauxen-curved-monitor-32-1500r-fhd-100hz-refresh-rate","status":"publish","type":"product","link":"https:\/\/comprasyconsejos.store\/en\/product\/samsung-ls32d392gauxen-curved-monitor-32-1500r-fhd-100hz-refresh-rate\/","title":{"rendered":"Samsung LS32D392GAUXEN &#8211; Curved Monitor &#8211; 32&#8243; &#8211; 1500R &#8211; FHD &#8211; 100HZ Refresh Rate"},"content":{"rendered":"<p>Price: <span style=\"color:#b12704\">\u20ac169.00<\/span><br \/><i><small>(as of Feb 26, 2026 09:21:51 UTC &#8211; <span class=\"wp_automatic_amazon_disclaimer\" title=\"Product prices and availability are accurate as of the date\/time indicated and are subject to change. Any price and availability information displayed on [relevant Amazon Site(s), as applicable] at the time of purchase will apply to the purchase of this product.\">Details<\/span>)<\/small><\/i><\/p>\n<p><a href=\"https:\/\/amazon.es\/dp\/B0DSG56NQ7?tag=man008-21\"><img decoding=\"async\" src=\"https:\/\/valvepress.s3.amazonaws.com\/imgs\/buy_now.png\"><\/a><br \/>\n<\/p>\n<p>                                             From the manufacturer   <\/p>\n<p>                                                                     Curvatura de pantalla 1500R: Disfruta de una mayor inmersi\u00f3n                                            <img decoding=\"async\" alt=\"monitor samsung, samsung monitor\" src=\"https:\/\/images-na.ssl-images-amazon.com\/images\/G\/01\/x-locale\/common\/grey-pixel.gif\" class=\"a-lazy-loaded\" data-src=\"https:\/\/m.media-amazon.com\/images\/S\/aplus-media-library-service-media\/ef972f7a-4133-4691-9616-612645405680.__CR0,0,1464,600_PT0_SX1464_V1___.jpg\"><img decoding=\"async\" alt=\"monitor samsung, samsung monitor\" src=\"https:\/\/m.media-amazon.com\/images\/S\/aplus-media-library-service-media\/ef972f7a-4133-4691-9616-612645405680.__CR0,0,1464,600_PT0_SX1464_V1___.jpg\">                                         <\/p>\n<p class=\"aplus-description aplus-container-3 aplus-p1\"> Una experiencia visual m\u00e1s envolvente. El monitor curvo envuelve m\u00e1s estrechamente tu campo de visi\u00f3n para crear una vista m\u00e1s amplia que mejora la percepci\u00f3n de la profundidad y minimiza las distracciones perif\u00e9ricas, ayudando a mantenerse m\u00e1s concentrado en lo que hay en pantalla. <\/p>\n<p>                                                                     Rendimiento fluido para tu contenido: Tasa de Refresco de 100Hz                                            <img decoding=\"async\" alt=\"monitor samsung, samsung monitor\" src=\"https:\/\/images-na.ssl-images-amazon.com\/images\/G\/01\/x-locale\/common\/grey-pixel.gif\" class=\"a-lazy-loaded\" data-src=\"https:\/\/m.media-amazon.com\/images\/S\/aplus-media-library-service-media\/ff3945fd-6c3a-45cf-b519-b3e793218516.__CR0,0,1464,600_PT0_SX1464_V1___.jpg\"><img decoding=\"async\" alt=\"monitor samsung, samsung monitor\" src=\"https:\/\/m.media-amazon.com\/images\/S\/aplus-media-library-service-media\/ff3945fd-6c3a-45cf-b519-b3e793218516.__CR0,0,1464,600_PT0_SX1464_V1___.jpg\">                                         <\/p>\n<p class=\"aplus-description aplus-container-3 aplus-p1\"> Mantente en la acci\u00f3n cuando juegues, veas v\u00eddeos o trabajes en proyectos creativos. La frecuencia de refresco de 100 Hz reduce el retardo y el desenfoque de movimiento para que no te pierdas nada en los momentos de ritmo trepidante \u00b9. <\/p>\n<p>                                                                                              <img decoding=\"async\" alt=\"monitor samsung, samsung monitor\" src=\"https:\/\/images-na.ssl-images-amazon.com\/images\/G\/01\/x-locale\/common\/grey-pixel.gif\" class=\"a-lazy-loaded\" data-src=\"https:\/\/m.media-amazon.com\/images\/S\/aplus-media-library-service-media\/4823a94a-ee61-4a94-861d-1760f4880646.__CR0,0,650,350_PT0_SX650_V1___.jpg\"><img decoding=\"async\" alt=\"monitor samsung, samsung monitor\" src=\"https:\/\/m.media-amazon.com\/images\/S\/aplus-media-library-service-media\/4823a94a-ee61-4a94-861d-1760f4880646.__CR0,0,650,350_PT0_SX650_V1___.jpg\">                                            Mayor potencia de juego: Modo Juego                                         <\/p>\n<p class=\"aplus-p3\"> Consigue una ventaja competitiva con los ajustes de juego optimizables. El color y el contraste de la imagen se pueden ajustar para ver las escenas con m\u00e1s claridad y detectar a los enemigos en la oscuridad, mientras que el Modo Juego llena la pantalla con todos los detalles a la vista \u00b2. <\/p>\n<p>                                           <img decoding=\"async\" alt=\"monitor samsung, samsung monitor\" src=\"https:\/\/images-na.ssl-images-amazon.com\/images\/G\/01\/x-locale\/common\/grey-pixel.gif\" class=\"a-lazy-loaded\" data-src=\"https:\/\/m.media-amazon.com\/images\/S\/aplus-media-library-service-media\/79845856-3ade-4926-baba-16cf13e21f7e.__CR0,0,650,350_PT0_SX650_V1___.jpg\"><img decoding=\"async\" alt=\"monitor samsung, samsung monitor\" src=\"https:\/\/m.media-amazon.com\/images\/S\/aplus-media-library-service-media\/79845856-3ade-4926-baba-16cf13e21f7e.__CR0,0,650,350_PT0_SX650_V1___.jpg\">                                            Modo de cuidado ocular y menor parpadeo                                         <\/p>\n<p class=\"aplus-p3\"> Cuida tus ojos y mantente c\u00f3modo, incluso durante largas sesiones. La avanzada tecnolog\u00eda de confort ocular certificada por T\u00dcV reduce la fatiga ocular minimizando la luz azul y reduciendo el irritante parpadeo de la pantalla \u00b2. <\/p>\n<p>                                                                     Con\u00e9ctate a m\u00e1s: Conectividad m\u00faltiple                                            <img decoding=\"async\" alt=\"monitor samsung, samsung monitor\" src=\"https:\/\/images-na.ssl-images-amazon.com\/images\/G\/01\/x-locale\/common\/grey-pixel.gif\" class=\"a-lazy-loaded\" data-src=\"https:\/\/m.media-amazon.com\/images\/S\/aplus-media-library-service-media\/7e427ccc-a215-4059-b704-dc8fe4e9c39f.__CR0,0,1464,600_PT0_SX1464_V1___.jpg\"><img decoding=\"async\" alt=\"monitor samsung, samsung monitor\" src=\"https:\/\/m.media-amazon.com\/images\/S\/aplus-media-library-service-media\/7e427ccc-a215-4059-b704-dc8fe4e9c39f.__CR0,0,1464,600_PT0_SX1464_V1___.jpg\">                                         <\/p>\n<p class=\"aplus-description aplus-container-3 aplus-p1\"> Conecta los dispositivos directamente al monitor para aumentar la flexibilidad y hacer que tu entorno inform\u00e1tico sea a\u00fan m\u00e1s c\u00f3modo. <\/p>\n<h3 class=\"a-text-center aplus-h1 a-text-bold\"> Elige tu monitor <\/h3>\n<p>                         Add To Basket  <\/p>\n<p>                         Add To Basket  <\/p>\n<p>                         Add To Basket  <\/p>\n<p>                         Add To Basket  <\/p>\n<p>                         Add To Basket  <\/p>\n<p>                                     Customer Reviews  <\/p>\n<p>                    3.8 out of 5 stars  9  <\/p>\n<p>                    4.3 out of 5 stars  533  <\/p>\n<p>                    3.8 out of 5 stars  154  <\/p>\n<p>                    4.4 out of 5 stars  54  <\/p>\n<p>                    4.3 out of 5 stars  225  <\/p>\n<p>                    4.3 out of 5 stars  213  <\/p>\n<p>                    4.6 out of 5 stars  53  <\/p>\n<p>                                     Price  <\/p>\n<p>                                                        \u20ac169.00\u20ac169.00     <\/p>\n<p>                                                        \u20ac203.98\u20ac203.98     <\/p>\n<p>                                                        \u20ac799.00\u20ac799.00     <\/p>\n<p>                                                        \u2014    <\/p>\n<p>                                                        \u20ac702.65\u20ac702.65     <\/p>\n<p>                                                        \u20ac806.57\u20ac806.57     <\/p>\n<p>                                                        \u2014    <\/p>\n<p>                                     Pulgadas  <\/p>\n<p>                                                32&#8243;    <\/p>\n<p>                                                27&#8243;    <\/p>\n<p>                                                49&#8243;    <\/p>\n<p>                                                32&#8243;    <\/p>\n<p>                                                32&#8243;    <\/p>\n<p>                                                49\u2033    <\/p>\n<p>                                                27&#8243;    <\/p>\n<p>                                     Resoluci\u00f3n  <\/p>\n<p>                                                1080p Full HD    <\/p>\n<p>                                                4K (3840 x 2160)    <\/p>\n<p>                                                DQHD (5120 x 1440)    <\/p>\n<p>                                                FHD (1920 x 1080)    <\/p>\n<p>                                                4K (3840 x 2160)    <\/p>\n<p>                                                DQHD (5120 x 1440)    <\/p>\n<p>                                                FHD (1920 x 1080)    <\/p>\n<p>                                     Curvatura  <\/p>\n<p>                                                1500R    <\/p>\n<p>                                                &#8211;    <\/p>\n<p>                                                1000R    <\/p>\n<p>                                                &#8211;    <\/p>\n<p>                                                &#8211;    <\/p>\n<p>                                                1000R    <\/p>\n<p>                                                1000R    <\/p>\n<p>                                     Tasa de refresco  <\/p>\n<p>                                                100 Hz    <\/p>\n<p>                                                60 Hz    <\/p>\n<p>                                                120 Hz    <\/p>\n<p>                                                60 Hz    <\/p>\n<p>                                                240 Hz    <\/p>\n<p>                                                240 Hz    <\/p>\n<p>                                                165 Hz    <\/p>\n<p>                                     Tiempo de respuesta  <\/p>\n<p>                                                1 ms    <\/p>\n<p>                                                5 ms    <\/p>\n<p>                                                5 ms (GtG)    <\/p>\n<p>                                                4 ms (GtG)    <\/p>\n<p>                                                0,03 ms (GtG)    <\/p>\n<p>                                                0,03 ms    <\/p>\n<p>                                                1 ms    <\/p>\n<h3>\n<p class=\"aplus-question aplus-p1\"> \u00bfCu\u00e1l es el tama\u00f1o de pantalla de este monitor? <\/p>\n<\/h3>\n<p class=\"aplus-answer aplus-p2\"> Este monitor de 32&#8243; tiene un tama\u00f1o de 716,11 x 525,3 mm. <\/p>\n<h3>\n<p class=\"aplus-question aplus-p1\"> \u00bfQu\u00e9 tipo de panel tiene este monitor? <\/p>\n<\/h3>\n<p class=\"aplus-answer aplus-p2\"> Cuenta con panel IPS. <\/p>\n<h3>\n<p class=\"aplus-question aplus-p1\"> \u00bfEn qu\u00e9 consiste el Modo Eye Saver? <\/p>\n<\/h3>\n<p class=\"aplus-answer aplus-p2\"> El modo Eye Saver minimiza la luz azul para que tus ojos se mantengan relajados incluso cuando juegas durante mucho tiempo. <\/p>\n<h3>\n<p class=\"aplus-question aplus-p1\"> \u00bfEn qu\u00e9 consiste el Modo Juego? <\/p>\n<\/h3>\n<p class=\"aplus-answer aplus-p2\"> El Modo Juego te ayuda a detectar a tus enemigos en las zonas m\u00e1s oscuras gracias al ajuste autom\u00e1tico de color y contraste. <\/p>\n<p class=\"description\"> \u00b9 La frecuencia de actualizaci\u00f3n predeterminada es de 60 Hz, pero puede ajustarse a 100 Hz en la configuraci\u00f3n del monitor. \u00b2 Imagen simulada con fines ilustrativos. <\/p>\n<p> Product Dimensions                                            \u200f                                            :                                            \u200e                                            71.61 x 26.09 x 52.53 cm; 5.1 kg   <br \/> Manufacturer                                            \u200f                                            :                                            \u200e                                            SAMSUNG   <br \/> ASIN                                            \u200f                                            :                                            \u200e                                            B0DSG56NQ7   <br \/> Item model number                                            \u200f                                            :                                            \u200e                                            LS32D392GAUXEN   <br \/> Country of origin                                            \u200f                                            :                                            \u200e                                            Spain   <br \/> Guaranteed software updates until                                            \u200f                                            :                                            \u200e                                            unknown   <br \/>  Customer reviews:                                                                                            3.8               3.8 out of 5 stars                                  (9)                                              var dpAcrHasRegisteredArcLinkClickAction;                    P.when(&#8216;A&#8217;, &#8216;ready&#8217;).execute(function(A) {                        if (dpAcrHasRegisteredArcLinkClickAction !== true) {                            dpAcrHasRegisteredArcLinkClickAction = true;                            A.declarative(                                &#8216;acrLink-click-metrics&#8217;, &#8216;click&#8217;,                                { \u00aballowLinkDefault\u00bb: true },                                function (event) {                                    if (window.ue) {                                        ue.count(\u00abacrLinkClickCount\u00bb, (ue.count(\u00abacrLinkClickCount\u00bb) || 0) + 1);                                    }                                }                            );                        }                    });                                             P.when(&#8216;A&#8217;, &#8216;cf&#8217;).execute(function(A) {                A.declarative(&#8216;acrStarsLink-click-metrics&#8217;, &#8216;click&#8217;, { \u00aballowLinkDefault\u00bb : true },  function(event){                    if(window.ue) {                        ue.count(\u00abacrStarsLinkWithPopoverClickCount\u00bb, (ue.count(\u00abacrStarsLinkWithPopoverClickCount\u00bb) || 0) + 1);                    }                });            });                          <\/p>\n<p>IPS panel: clarity in every detail with true-to-life colors and a 178\u00b0 viewing angle.<br \/>100Hz &#038; 1ms Response: Get ahead of all your enemies with extreme speed and 1ms response time.<br \/>Game Mode: Make the most of your enemies differentiated in the darkest areas with automatic color and contrast adjustment<br \/>Eye Saver Mode &#8211; Minimizes blue light enough to keep your eyes relaxed even when playing for a lot of timepo.<\/p>\n\n","protected":false},"excerpt":{"rendered":"<p> From the manufacturer Curvatura de pantalla 1500R: Disfruta de una mayor inmersi\u00f3n Una experiencia visual<\/p>","protected":false},"featured_media":35007,"comment_status":"open","ping_status":"closed","template":"","meta":[],"product_brand":[],"product_cat":[54],"product_tag":[2330,1791,2337,1789,754,1787,1788,1792,1784,1786,1783,1790,639,9981,844,1794,1793,249,1785],"class_list":{"0":"post-35006","1":"product","2":"type-product","3":"status-publish","4":"has-post-thumbnail","6":"product_cat-curved-monitors","7":"product_tag-100hz","8":"product_tag-144hz-curved-monitor","9":"product_tag-1500r","10":"product_tag-best-curved-monitor","11":"product_tag-curved","12":"product_tag-curved-27-inch-monitor","13":"product_tag-curved-32-inch-monitor","14":"product_tag-curved-computer-monitor","15":"product_tag-curved-gaming-monitor","16":"product_tag-curved-led-monitor","17":"product_tag-curved-monitor","18":"product_tag-curved-monitor-price","19":"product_tag-fhd","20":"product_tag-ls32d392gauxen","21":"product_tag-monitor","22":"product_tag-rate","23":"product_tag-refresh","24":"product_tag-samsung","25":"product_tag-ultrawide-curved-monitor","27":"first","28":"instock","29":"shipping-taxable","30":"product-type-external"},"_links":{"self":[{"href":"https:\/\/comprasyconsejos.store\/en\/wp-json\/wp\/v2\/product\/35006","targetHints":{"allow":["GET"]}}],"collection":[{"href":"https:\/\/comprasyconsejos.store\/en\/wp-json\/wp\/v2\/product"}],"about":[{"href":"https:\/\/comprasyconsejos.store\/en\/wp-json\/wp\/v2\/types\/product"}],"replies":[{"embeddable":true,"href":"https:\/\/comprasyconsejos.store\/en\/wp-json\/wp\/v2\/comments?post=35006"}],"version-history":[{"count":0,"href":"https:\/\/comprasyconsejos.store\/en\/wp-json\/wp\/v2\/product\/35006\/revisions"}],"wp:featuredmedia":[{"embeddable":true,"href":"https:\/\/comprasyconsejos.store\/en\/wp-json\/wp\/v2\/media\/35007"}],"wp:attachment":[{"href":"https:\/\/comprasyconsejos.store\/en\/wp-json\/wp\/v2\/media?parent=35006"}],"wp:term":[{"taxonomy":"product_brand","embeddable":true,"href":"https:\/\/comprasyconsejos.store\/en\/wp-json\/wp\/v2\/product_brand?post=35006"},{"taxonomy":"product_cat","embeddable":true,"href":"https:\/\/comprasyconsejos.store\/en\/wp-json\/wp\/v2\/product_cat?post=35006"},{"taxonomy":"product_tag","embeddable":true,"href":"https:\/\/comprasyconsejos.store\/en\/wp-json\/wp\/v2\/product_tag?post=35006"}],"curies":[{"name":"wp","href":"https:\/\/api.w.org\/{rel}","templated":true}]}}