{"id":35012,"date":"2026-02-26T09:22:05","date_gmt":"2026-02-26T09:22:05","guid":{"rendered":"https:\/\/comprasyconsejos.store\/product\/hychika-sierra-de-calar-110mm-800w-800-3000spm-velocidad-ajustable-1-6-4-modos-de-corte-corte-45o-a-45o-caja-magnetica-de-hoja-cortar-madera-metal-plastico\/"},"modified":"2026-02-26T09:22:05","modified_gmt":"2026-02-26T09:22:05","slug":"hychika-sierra-de-calar-110mm-800w-800-3000spm-velocidad-ajustable-1-6-4-modos-de-corte-corte-45o-a-45o-caja-magnetica-de-hoja-cortar-madera-metal-plastico","status":"publish","type":"product","link":"https:\/\/comprasyconsejos.store\/en\/product\/hychika-sierra-de-calar-110mm-800w-800-3000spm-velocidad-ajustable-1-6-4-modos-de-corte-corte-45o-a-45o-caja-magnetica-de-hoja-cortar-madera-metal-plastico\/","title":{"rendered":"HYCHIKA Sierra de Calar, 110mm, 800W 800-3000SPM, Velocidad Ajustable (1-6), 4 Modos de Corte, Corte -45\u00ba a 45\u00ba, Caja Magn\u00e9tica de Hoja, Cortar Madera Metal Pl\u00e1stico"},"content":{"rendered":"<p>&#8211; 800W MOTOR Y 6 VELOCIDAD AJUSTABLE: El motor de cobre puro de 800 W tiene una gran potencia de 800-3000SPM, y con 6 velocidad adjustable; Con hojas de 6 piezas, puede elegir diferentes hojas de sierra seg\u00fan el material (2 para metal y aluminio, 4 para madera y placa de pl\u00e1stico).La placa inferior debe estar cerca del corte al cortar<br \/>\n&#8211; AJUSTA \u00c1NGULO DE CORTE Y 4 MODOS DE CORTE: El \u00e1ngulo de corte m\u00e1ximo ajustable es de -45 \u00b0 a 45 \u00b0, y la profundidad de corte m\u00e1xima en la madera es de 110 mm, en el metal de 10 mm, de modo que se pueden establecer diferentes \u00e1ngulos de corte. Esta sierra de calar permite l\u00ednea de corte, inclinaci\u00f3n de cortes biselados a 45\u00ba (0-22mm), curva de corte; La distancia de movimiento alternativo es 22mm, puede cortar r\u00e1pidamente y aumenta la eficiencia de trabajo<br \/>\n&#8211; CAJA MAGNETICA DE HOJA: A ambos lados de la sierra de calar se encuentra la caja de almacenamiento de la hoja magn\u00e9tica, son convenientes para el almacenamiento de hojas de sierra<br \/>\n&#8211; GU\u00cdA L\u00c1SER Y REGLA DE ESCALA: Construido en gu\u00eda l\u00e1ser para la direcci\u00f3n de corte y hacer la precisi\u00f3n de corte; con regla gu\u00eda para guiar y controlar el ancho de corte; con bot\u00f3n de bloqueo mantiene el gatillo en su lugar para evitar mantener el dedo enganchado durante trabajos largos<br \/>\n&#8211; CONTENIDO DEL PAQUETE: 1 x HYCHIKA Sierra de calar; 6 x Hojas; 1 x Regla de escala; 1 x Manual de Usario<br \/>\n&#8211; 01. Si no se puede utilizar el l\u00e1ser. Puede ser que la bater\u00eda est\u00e9 agotada o que los polos positivo y negativo de la bater\u00eda est\u00e9n instalados al rev\u00e9s. Se recomienda reemplazar la bater\u00eda. El m\u00e9todo de instalaci\u00f3n de la bater\u00eda se puede operar comprobando los s\u00edmbolos de identificaci\u00f3n en la m\u00e1quina<br \/>\n&#8211; 02. Debe haber un cable conductor antes de que la m\u00e1quina corte, y el corte se realiza de acuerdo con el cable conductor. Si est\u00e1 cortando tablones paralelos, se recomienda instalar una regla gu\u00eda. Esto corta mejor la madera para lograr el efecto que necesitas<\/p>","protected":false},"excerpt":{"rendered":"<p>&#8211; 800W MOTOR Y 6 VELOCIDAD AJUSTABLE: El motor de cobre puro de 800 W tiene una gran potencia de<\/p>","protected":false},"featured_media":35011,"comment_status":"open","ping_status":"closed","template":"","meta":[],"product_brand":[],"product_cat":[101],"product_tag":[],"class_list":{"0":"post-35012","1":"product","2":"type-product","3":"status-publish","4":"has-post-thumbnail","6":"product_cat-accessories","8":"first","9":"instock","10":"shipping-taxable","11":"product-type-external"},"_links":{"self":[{"href":"https:\/\/comprasyconsejos.store\/en\/wp-json\/wp\/v2\/product\/35012","targetHints":{"allow":["GET"]}}],"collection":[{"href":"https:\/\/comprasyconsejos.store\/en\/wp-json\/wp\/v2\/product"}],"about":[{"href":"https:\/\/comprasyconsejos.store\/en\/wp-json\/wp\/v2\/types\/product"}],"replies":[{"embeddable":true,"href":"https:\/\/comprasyconsejos.store\/en\/wp-json\/wp\/v2\/comments?post=35012"}],"version-history":[{"count":0,"href":"https:\/\/comprasyconsejos.store\/en\/wp-json\/wp\/v2\/product\/35012\/revisions"}],"wp:featuredmedia":[{"embeddable":true,"href":"https:\/\/comprasyconsejos.store\/en\/wp-json\/wp\/v2\/media\/35011"}],"wp:attachment":[{"href":"https:\/\/comprasyconsejos.store\/en\/wp-json\/wp\/v2\/media?parent=35012"}],"wp:term":[{"taxonomy":"product_brand","embeddable":true,"href":"https:\/\/comprasyconsejos.store\/en\/wp-json\/wp\/v2\/product_brand?post=35012"},{"taxonomy":"product_cat","embeddable":true,"href":"https:\/\/comprasyconsejos.store\/en\/wp-json\/wp\/v2\/product_cat?post=35012"},{"taxonomy":"product_tag","embeddable":true,"href":"https:\/\/comprasyconsejos.store\/en\/wp-json\/wp\/v2\/product_tag?post=35012"}],"curies":[{"name":"wp","href":"https:\/\/api.w.org\/{rel}","templated":true}]}}