{"id":35020,"date":"2026-02-26T09:43:41","date_gmt":"2026-02-26T09:43:41","guid":{"rendered":"https:\/\/comprasyconsejos.store\/product\/ktc-320hz-gaming-monitor-27-inches-300hz240hz-qhd-monitor-white-fast-ips-1ms-2k-2560-x-1440p-freesync-g-sync-144-srgb-hdr400-low-blue-light-vesa-100x100-dp1-4-hdmi-2-1\/"},"modified":"2026-02-26T09:43:51","modified_gmt":"2026-02-26T09:43:51","slug":"ktc-320hz-gaming-monitor-27-inches-300hz240hz-qhd-monitor-white-fast-ips-1ms-2k-2560-x-1440p-freesync-g-sync-144-srgb-hdr400-low-blue-light-vesa-100x100-dp1-4-hdmi-2-1","status":"publish","type":"product","link":"https:\/\/comprasyconsejos.store\/en\/product\/ktc-320hz-gaming-monitor-27-inches-300hz240hz-qhd-monitor-white-fast-ips-1ms-2k-2560-x-1440p-freesync-g-sync-144-srgb-hdr400-low-blue-light-vesa-100x100-dp1-4-hdmi-2-1\/","title":{"rendered":"KTC 320hz Gaming Monitor 27 Inches, 300Hz240hz, QHD Monitor White, Fast IPS, 1ms, 2K 2560 x 1440P, Freesync &#038; G-Sync, 144% sRGB, HDR400, Low Blue Light, VESA 100&#215;100, DP1.4\/HDMI 2.1"},"content":{"rendered":"<p>Price: <span style=\"color:#b12704\"><del>\u20ac249.99<\/del> - \u20ac237.49<\/span><br \/><i><small>(as of Feb 26, 2026 09:43:42 UTC &#8211; <span class=\"wp_automatic_amazon_disclaimer\" title=\"Product prices and availability are accurate as of the date\/time indicated and are subject to change. Any price and availability information displayed on [relevant Amazon Site(s), as applicable] at the time of purchase will apply to the purchase of this product.\">Details<\/span>)<\/small><\/i><\/p>\n<p><a href=\"https:\/\/amazon.es\/dp\/B0GBT8S3W2?tag=man008-21\"><img decoding=\"async\" src=\"https:\/\/valvepress.s3.amazonaws.com\/imgs\/buy_now.png\"><\/a><br \/>\n<\/p>\n<p>                                             Product Description   <\/p>\n<p>                                                                                                       <img decoding=\"async\" alt=\"El texto dice \u00abH27E6\u00bb, \u00abQHD\u00bb, \u00ab320 Hz\u00bb, \u00ab1 ms\u00bb, \u00ab450 nit\u00bb, \u00abAdaptive-Sync\u00bb, \u00abHDR400\u00bb, \u00abEspecificaciones potentes, totalmente equipado\u00bb. Pantalla de monitor para videojuegos con especificaciones t\u00e9cnicas.\" src=\"https:\/\/images-na.ssl-images-amazon.com\/images\/G\/01\/x-locale\/common\/grey-pixel.gif\" class=\"a-lazy-loaded\" data-src=\"https:\/\/m.media-amazon.com\/images\/S\/aplus-media-library-service-media\/9c8f3950-6127-4771-aebe-5d6e292e54da.__CR0,0,1464,600_PT0_SX1464_V1___.jpg\"><img decoding=\"async\" alt=\"El texto dice \u00abH27E6\u00bb, \u00abQHD\u00bb, \u00ab320 Hz\u00bb, \u00ab1 ms\u00bb, \u00ab450 nit\u00bb, \u00abAdaptive-Sync\u00bb, \u00abHDR400\u00bb, \u00abEspecificaciones potentes, totalmente equipado\u00bb. Pantalla de monitor para videojuegos con especificaciones t\u00e9cnicas.\" src=\"https:\/\/m.media-amazon.com\/images\/S\/aplus-media-library-service-media\/9c8f3950-6127-4771-aebe-5d6e292e54da.__CR0,0,1464,600_PT0_SX1464_V1___.jpg\">                                               <\/p>\n<p>                                                                                  <img decoding=\"async\" alt=\"El texto dice \u00abFrecuencia de imagen ultraalta de 320 Hz\u00bb. Se muestra un auto deportivo amarillo sobre un fondo oscuro con efectos de desenfoque de movimiento.\" src=\"https:\/\/m.media-amazon.com\/images\/S\/aplus-media-library-service-media\/9b346f3a-f7f4-4126-8e53-fc1cff658c81.__CR0,0,1464,600_PT0_SX1464_V1___.jpg\">       <\/p>\n<p>                                                                                  <img decoding=\"async\" alt=\"El texto dice \u00abTecnolog\u00eda de reducci\u00f3n din\u00e1mica del desenfoque\u00bb. Demostraci\u00f3n t\u00e9cnica relacionada con videojuegos en la que se muestra una comparaci\u00f3n en pantalla dividida de la tecnolog\u00eda de reducci\u00f3n del desenfoque por movimiento.\" src=\"https:\/\/m.media-amazon.com\/images\/S\/aplus-media-library-service-media\/5afee95d-26e4-4662-bd22-34b34d0733ba.__CR0,0,1464,600_PT0_SX1464_V1___.jpg\">       <\/p>\n<p>                                                                                  <img decoding=\"async\" alt=\"aplus content image\" src=\"https:\/\/m.media-amazon.com\/images\/S\/aplus-media-library-service-media\/357ef8f3-0423-41da-821e-eb64116fe79c.__CR0,0,1464,600_PT0_SX1464_V1___.jpg\">       <\/p>\n<p>                                                                                  <img decoding=\"async\" alt=\"El texto dice: \u00abFast IPS para juegos. Pantalla grande de alta resoluci\u00f3n 2K. &amp;#39; Imagen promocional de un monitor para videojuegos con iconos de resoluci\u00f3n IPS y 2K, con un car\u00e1cter digital rojo sobre fondo azul.\" src=\"https:\/\/m.media-amazon.com\/images\/S\/aplus-media-library-service-media\/9f26848c-8408-45d0-8436-a13b5c94fd40.__CR0,0,1464,600_PT0_SX1464_V1___.jpg\">       <\/p>\n<p>                                                                                  <img decoding=\"async\" alt=\"El texto dice \u00abAmplia gama de colores de calidad cinematogr\u00e1fica profesional\u00bb. Coloridos dise\u00f1os abstractos degradados que muestran varias combinaciones de colores vibrantes.\" src=\"https:\/\/m.media-amazon.com\/images\/S\/aplus-media-library-service-media\/3cedd65b-9ec0-4741-b3e3-29143a19de6d.__CR0,0,1464,600_PT0_SX1464_V1___.jpg\">       <\/p>\n<p>                                                                                                       <img decoding=\"async\" alt=\"El texto dice \u00abHDR400.\u00bb y \u00abAn\u00e1lisis de alto rango din\u00e1mico\u00bb. Demostraci\u00f3n de la tecnolog\u00eda de visualizaci\u00f3n que muestra colores vibrantes y capacidades de rango din\u00e1mico en todas las pantallas.\" src=\"https:\/\/images-na.ssl-images-amazon.com\/images\/G\/01\/x-locale\/common\/grey-pixel.gif\" class=\"a-lazy-loaded\" data-src=\"https:\/\/m.media-amazon.com\/images\/S\/aplus-media-library-service-media\/864f76ec-4120-40a0-a636-014401a88689.__CR0,0,1464,600_PT0_SX1464_V1___.jpg\"><img decoding=\"async\" alt=\"El texto dice \u00abHDR400.\u00bb y \u00abAn\u00e1lisis de alto rango din\u00e1mico\u00bb. Demostraci\u00f3n de la tecnolog\u00eda de visualizaci\u00f3n que muestra colores vibrantes y capacidades de rango din\u00e1mico en todas las pantallas.\" src=\"https:\/\/m.media-amazon.com\/images\/S\/aplus-media-library-service-media\/864f76ec-4120-40a0-a636-014401a88689.__CR0,0,1464,600_PT0_SX1464_V1___.jpg\">                                               <\/p>\n<p>                                                                                  <img decoding=\"async\" alt=\"Banner con tem\u00e1tica de videojuegos con un coche deportivo amarillo, elementos de interfaz digital azules y un fondo oscuro con superposiciones t\u00e9cnicas.\" src=\"https:\/\/m.media-amazon.com\/images\/S\/aplus-media-library-service-media\/3d48086a-e289-44e4-8918-a31276575ee8.__CR0,0,1464,600_PT0_SX1464_V1___.jpg\">       <\/p>\n<p>                                                                                  <img decoding=\"async\" alt=\"El texto dice: \u00abEquilibrio oscuro. Al activar esta funci\u00f3n, la pantalla se optimiza autom\u00e1ticamente mediante algoritmos espec\u00edficos. &amp;#39; Muestra una comparaci\u00f3n de escenas oscuras de juegos con los estados \u00abAPAGADO\u00bb y \u00abENCENDIDO\u00bb.\" src=\"https:\/\/m.media-amazon.com\/images\/S\/aplus-media-library-service-media\/306169c8-3d9c-46e4-bdfa-dbf5fe1bc74a.__CR0,0,1464,600_PT0_SX1464_V1___.jpg\">       <\/p>\n<p>                                                                                  <img decoding=\"async\" alt=\"El texto dice \u00abConnexions multiples de dispositivos\u00bb. Interfaces completas. &amp;#39; Pantalla de interfaz oscura que muestra varios puertos e iconos de conexi\u00f3n.\" src=\"https:\/\/m.media-amazon.com\/images\/S\/aplus-media-library-service-media\/dd0b8280-efef-4328-97e4-e38f6a4f553d.__CR0,0,1464,600_PT0_SX1464_V1___.jpg\">       <\/p>\n<p>                                                                                  <img decoding=\"async\" alt=\"El texto dice \u00abSoporte giratorio y regular\u00bb. Diagrama t\u00e9cnico o interfaz que muestra las especificaciones ajustables del soporte del monitor con un fondo oscuro y gr\u00e1ficos blancos.\" src=\"https:\/\/m.media-amazon.com\/images\/S\/aplus-media-library-service-media\/8a0ba8c9-44e0-4cbb-b2eb-49356f65e6fa.__CR0,0,1464,600_PT0_SX1464_V1___.jpg\">       <\/p>\n<p> Product Dimensions                                            \u200f                                            :                                            \u200e                                            61.6 x 5.98 x 36.43 cm   <br \/> Manufacturer                                            \u200f                                            :                                            \u200e                                            KTC   <br \/> ASIN                                            \u200f                                            :                                            \u200e                                            B0GBT8S3W2   <br \/> Item model number                                            \u200f                                            :                                            \u200e                                            H27E6   <br \/> Country\/Region of Origin                                            \u200f                                            :                                            \u200e                                            China   <br \/> Guaranteed software updates until                                            \u200f                                            :                                            \u200e                                            unknown   <br \/>  Customer reviews:                                                                                            4.5               4.5 out of 5 stars                                  (680)                                              var dpAcrHasRegisteredArcLinkClickAction;                    P.when(&#8216;A&#8217;, &#8216;ready&#8217;).execute(function(A) {                        if (dpAcrHasRegisteredArcLinkClickAction !== true) {                            dpAcrHasRegisteredArcLinkClickAction = true;                            A.declarative(                                &#8216;acrLink-click-metrics&#8217;, &#8216;click&#8217;,                                { \u00aballowLinkDefault\u00bb: true },                                function (event) {                                    if (window.ue) {                                        ue.count(\u00abacrLinkClickCount\u00bb, (ue.count(\u00abacrLinkClickCount\u00bb) || 0) + 1);                                    }                                }                            );                        }                    });                                             P.when(&#8216;A&#8217;, &#8216;cf&#8217;).execute(function(A) {                A.declarative(&#8216;acrStarsLink-click-metrics&#8217;, &#8216;click&#8217;, { \u00aballowLinkDefault\u00bb : true },  function(event){                    if(window.ue) {                        ue.count(\u00abacrStarsLinkWithPopoverClickCount\u00bb, (ue.count(\u00abacrStarsLinkWithPopoverClickCount\u00bb) || 0) + 1);                    }                });            });                          <\/p>\n<p>\u3010320Hz Refresh Rate &#038; 1ms Response Time\u3011This monitor is specifically designed for esports and competitive games, with an ultra-fast refresh rate of 320Hz and a response time of 1ms to ensure smooth images without motion blur. FreeSync and G-Sync support offers seamless sync, making it ideal for high-speed FPS, racing and action gaming.<br \/>\u301027&#8243; Fast IPS Panel for Exceptional Clarity &#038; Speed\u3011 The 27&#8243; fast IPS panel delivers fast pixel transitions without sacrificing color accuracy, providing crisp, vibrant images from all angles. Fast response times make it perfect for competitive games, while the wide color gamut ensures an impressive level of detail for content creators and designers. Its combination of speed and clarity makes it a powerful tool for gaming, streaming and creative work.<br \/>\u30102K QHD &#038; HDR 400 Resolution for Stunning Images\u3011With a resolution of 2560 x 1440, this gaming monitor ensures crisp, detailed images, perfect for gaming and professional applications. Its 144% coverage of the sRGB color gamut offers realistic and vibrant color reproduction for photo editing, video production and graphic design. HDR 400 certification significantly improves contrast and image depth, providing a more immersive visual experience for games and cinematic content.<br \/>\u3010Advanced Eye Comfort for Extended Wear\u3011Protect your eyes during extended sessions with Low Blue Light technology and flicker-free backlight, which help reduce eye strain during gaming marathons or long working days. The DC dimming system ensures stable brightness control without sharp fluctuations, while the anti-glare panel maintains clear visibility in bright lighting conditions.<br \/>\u3010Sleek White Aesthetic with Versatile Connectivity\u3011 The sleek white finish adds a clean, modern aesthetic, making it the perfect choice for minimalist gaming stations, professional workspaces, and stylish home offices. Equipped with dual HDMI 2.1 and DisplayPort 1.4, the H27E6 is fully compatible with 1440p at 320Hz, allowing you to harness the full potential of high-end gaming computers, PlayStation 5, Xbox Series X and gaming laptops. Additional USB 2.0 and headphone ports ensure seamless audio and peripheral connections, improving both gaming setup and productivity.<\/p>\n\n","protected":false},"excerpt":{"rendered":"<p> Product Description Product Dimensions \u200f : \u200e 61.6 x 5.98 x 36.43 cm Manufacturer \u200f<\/p>","protected":false},"featured_media":35021,"comment_status":"open","ping_status":"closed","template":"","meta":[],"product_brand":[],"product_cat":[52,54],"product_tag":[8419,1295,1817,1822,1918,1819,1821,1816,1824,9983,3147,1823,367,1825,9984,137,1922,617,1304,5533,1611,703,1820,3341,248,844,1243,1818,1313,2342,205],"class_list":{"0":"post-35020","1":"product","2":"type-product","3":"status-publish","4":"has-post-thumbnail","6":"product_cat-2k-monitors","7":"product_cat-curved-monitors","8":"product_tag-100x100","9":"product_tag-1440p","10":"product_tag-1440p-monitor","11":"product_tag-144hz-2k-monitor","12":"product_tag-1ms","13":"product_tag-27-inch-2k-monitor","14":"product_tag-2k-gaming-monitor","15":"product_tag-2k-monitor","16":"product_tag-2k-monitor-price","17":"product_tag-300hz240hz","18":"product_tag-320hz","19":"product_tag-best-2k-monitor","20":"product_tag-blue","21":"product_tag-curved-2k-monitor","22":"product_tag-dp1-4hdmi","23":"product_tag-fast","24":"product_tag-freesync","25":"product_tag-gaming","26":"product_tag-gsync","27":"product_tag-hdr400","28":"product_tag-inches","29":"product_tag-ips","30":"product_tag-ips-2k-monitor","31":"product_tag-ktc","32":"product_tag-light","33":"product_tag-monitor","34":"product_tag-qhd","35":"product_tag-qhd-monitor","36":"product_tag-srgb","37":"product_tag-vesa","38":"product_tag-white","40":"first","41":"instock","42":"sale","43":"shipping-taxable","44":"product-type-external"},"_links":{"self":[{"href":"https:\/\/comprasyconsejos.store\/en\/wp-json\/wp\/v2\/product\/35020","targetHints":{"allow":["GET"]}}],"collection":[{"href":"https:\/\/comprasyconsejos.store\/en\/wp-json\/wp\/v2\/product"}],"about":[{"href":"https:\/\/comprasyconsejos.store\/en\/wp-json\/wp\/v2\/types\/product"}],"replies":[{"embeddable":true,"href":"https:\/\/comprasyconsejos.store\/en\/wp-json\/wp\/v2\/comments?post=35020"}],"version-history":[{"count":0,"href":"https:\/\/comprasyconsejos.store\/en\/wp-json\/wp\/v2\/product\/35020\/revisions"}],"wp:featuredmedia":[{"embeddable":true,"href":"https:\/\/comprasyconsejos.store\/en\/wp-json\/wp\/v2\/media\/35021"}],"wp:attachment":[{"href":"https:\/\/comprasyconsejos.store\/en\/wp-json\/wp\/v2\/media?parent=35020"}],"wp:term":[{"taxonomy":"product_brand","embeddable":true,"href":"https:\/\/comprasyconsejos.store\/en\/wp-json\/wp\/v2\/product_brand?post=35020"},{"taxonomy":"product_cat","embeddable":true,"href":"https:\/\/comprasyconsejos.store\/en\/wp-json\/wp\/v2\/product_cat?post=35020"},{"taxonomy":"product_tag","embeddable":true,"href":"https:\/\/comprasyconsejos.store\/en\/wp-json\/wp\/v2\/product_tag?post=35020"}],"curies":[{"name":"wp","href":"https:\/\/api.w.org\/{rel}","templated":true}]}}