{"id":35040,"date":"2026-02-26T10:01:33","date_gmt":"2026-02-26T10:01:33","guid":{"rendered":"https:\/\/comprasyconsejos.store\/product\/wolfang-ga420-sports-camera-dual-screen-4k-60fps-24mp-10m-body-40m-waterproof-wifi-webcam-underwater-camcorder-dual-microphone-remote-control-eis-2x1350mah-batteries-accessories\/"},"modified":"2026-02-26T10:01:40","modified_gmt":"2026-02-26T10:01:40","slug":"wolfang-ga420-sports-camera-dual-screen-4k-60fps-24mp-10m-body-40m-waterproof-wifi-webcam-underwater-camcorder-dual-microphone-remote-control-eis-2x1350mah-batteries-accessories","status":"publish","type":"product","link":"https:\/\/comprasyconsejos.store\/en\/product\/wolfang-ga420-sports-camera-dual-screen-4k-60fps-24mp-10m-body-40m-waterproof-wifi-webcam-underwater-camcorder-dual-microphone-remote-control-eis-2x1350mah-batteries-accessories\/","title":{"rendered":"WOLFANG GA420 Sports Camera Dual Screen 4K 60FPS 24MP, 10M Body\/40M Waterproof, WiFi Webcam Underwater Camcorder, Dual Microphone, Remote Control, EIS, 2x1350mAh Batteries, Accessories"},"content":{"rendered":"<p>Price: <span style=\"color:#b12704\"><del>\u20ac149.99<\/del> - \u20ac97.59<\/span><br \/><i><small>(as of Feb 26, 2026 10:01:34 UTC &#8211; <span class=\"wp_automatic_amazon_disclaimer\" title=\"Product prices and availability are accurate as of the date\/time indicated and are subject to change. Any price and availability information displayed on [relevant Amazon Site(s), as applicable] at the time of purchase will apply to the purchase of this product.\">Details<\/span>)<\/small><\/i><\/p>\n<p><a href=\"https:\/\/amazon.es\/dp\/B09J4RH7WF?tag=man008-21\"><img decoding=\"async\" src=\"https:\/\/valvepress.s3.amazonaws.com\/imgs\/buy_now.png\"><\/a><br \/>\n<\/p>\n<p>                                             Product Description   <\/p>\n<p>                                                                                                       <img decoding=\"async\" alt=\"se muestra sumergida en el agua, con detalles en azul y una peque\u00f1a\" src=\"https:\/\/images-na.ssl-images-amazon.com\/images\/G\/01\/x-locale\/common\/grey-pixel.gif\" class=\"a-lazy-loaded\" data-src=\"https:\/\/m.media-amazon.com\/images\/S\/aplus-media-library-service-media\/2e9998ce-1e1c-4007-9fcd-1ae840dca514.__CR0,0,2928,1200_PT0_SX1464_V1___.png\"><img decoding=\"async\" alt=\"se muestra sumergida en el agua, con detalles en azul y una peque\u00f1a\" src=\"https:\/\/m.media-amazon.com\/images\/S\/aplus-media-library-service-media\/2e9998ce-1e1c-4007-9fcd-1ae840dca514.__CR0,0,2928,1200_PT0_SX1464_V1___.png\">                                               <\/p>\n<p>                                                                                                                <img decoding=\"async\" alt=\"que muestra capacidades fotogr\u00e1ficas en 4K, 60 FPS y 24 MP, con paracaidistas contra el cielo azul\" src=\"https:\/\/m.media-amazon.com\/images\/S\/aplus-media-library-service-media\/5366700b-d927-4953-9b56-7b6c5bcd63da.__CR0,0,2928,1200_PT0_SX1464_V1___.png\">                                                    <img decoding=\"async\" alt=\"con dise\u00f1o de doble pantalla que se muestra en condiciones de nieve, con una carcasa resistente a la intemperie y una pantalla de visualizaci\u00f3n visible\" src=\"https:\/\/m.media-amazon.com\/images\/S\/aplus-media-library-service-media\/ca74b3be-28d8-403f-b224-24d0765c7f34.__CR0,0,2928,1200_PT0_SX1464_V1___.png\">                                                    <img decoding=\"async\" alt=\"de un veh\u00edculo todo terreno en un terreno des\u00e9rtico, en la que se muestra la tecnolog\u00eda de estabilizaci\u00f3n de 6 ejes con vistas comparativas de im\u00e1genes estabilizadas y no estabilizadas.\" src=\"https:\/\/m.media-amazon.com\/images\/S\/aplus-media-library-service-media\/69cdf8cc-fa25-4d59-b7c4-3adbbf5c97f8.__CR0,0,2928,1200_PT0_SX1464_V1___.png\"><br \/>\n                            1 4K\/60fps &amp; 24MP <\/p>\n<p>                            2 Impermeable <\/p>\n<p>                            3 Estabilizador de imagen <\/p>\n<p>                                                                                     <img decoding=\"async\" alt=\"5\" src=\"https:\/\/m.media-amazon.com\/images\/S\/aplus-media-library-service-media\/012ad27c-b5e0-4365-bd07-e713ff890ee2.__CR0,0,2928,1200_PT0_SX1464_V1___.png\">                                                    C\u00e1mara deportiva impermeable                                         <\/p>\n<p class=\"aplus-p3\"> Captura momentos maravillosos en actividades acu\u00e1ticas poco profundas como el surf <\/p>\n<p>                                                                                     <img decoding=\"async\" alt=\"6\" src=\"https:\/\/m.media-amazon.com\/images\/S\/aplus-media-library-service-media\/69bb6f2e-06e8-49c2-aabf-1241508dee98.__CR0,0,2928,1200_PT0_SX1464_V1___.png\">                                                    Explorar el mundo submarino                                         <\/p>\n<p class=\"aplus-p3\"> Despu\u00e9s de instalar la carcasa impermeable, usted puede explorar el mundo submarino con una profundidad de hasta 40 metros <\/p>\n<p>                                                                                     <img decoding=\"async\" alt=\"7\" src=\"https:\/\/m.media-amazon.com\/images\/S\/aplus-media-library-service-media\/1b9af949-9fb6-40c4-9422-6373d062cd99.__CR0,0,2928,1200_PT0_SX1464_V1___.png\">                                                    Su ayudante de bicicleta                                         <\/p>\n<p class=\"aplus-p3\"> Capture el emocionante y r\u00e1pido paseo en bicicleta. <\/p>\n<p>                                                                                                       <img decoding=\"async\" alt=\"de accesorios para ciclismo: dispositivo montado en el manillar, ciclista que usa el dispositivo mientras conduce y primer plano del dispositivo que se utiliza en una bicicleta\" src=\"https:\/\/images-na.ssl-images-amazon.com\/images\/G\/01\/x-locale\/common\/grey-pixel.gif\" class=\"a-lazy-loaded\" data-src=\"https:\/\/m.media-amazon.com\/images\/S\/aplus-media-library-service-media\/b7a210e2-0bec-4838-a8b9-1adba497849f.__CR0,0,2928,1200_PT0_SX1464_V1___.png\"><img decoding=\"async\" alt=\"de accesorios para ciclismo: dispositivo montado en el manillar, ciclista que usa el dispositivo mientras conduce y primer plano del dispositivo que se utiliza en una bicicleta\" src=\"https:\/\/m.media-amazon.com\/images\/S\/aplus-media-library-service-media\/b7a210e2-0bec-4838-a8b9-1adba497849f.__CR0,0,2928,1200_PT0_SX1464_V1___.png\">                                               <\/p>\n<p>                                                                                                       <img decoding=\"async\" alt=\"Cuatro pantallas de tel\u00e9fonos inteligentes que muestran los pasos de la interfaz de conexi\u00f3n Wi-Fi, con indicadores numerados en azul que muestran el proceso de configuraci\u00f3n para vincular dispositivos.\" src=\"https:\/\/images-na.ssl-images-amazon.com\/images\/G\/01\/x-locale\/common\/grey-pixel.gif\" class=\"a-lazy-loaded\" data-src=\"https:\/\/m.media-amazon.com\/images\/S\/aplus-media-library-service-media\/0ad118d3-1803-472b-8a6d-0fa21557f4e5.__CR0,0,2928,1200_PT0_SX1464_V1___.png\"><img decoding=\"async\" alt=\"Cuatro pantallas de tel\u00e9fonos inteligentes que muestran los pasos de la interfaz de conexi\u00f3n Wi-Fi, con indicadores numerados en azul que muestran el proceso de configuraci\u00f3n para vincular dispositivos.\" src=\"https:\/\/m.media-amazon.com\/images\/S\/aplus-media-library-service-media\/0ad118d3-1803-472b-8a6d-0fa21557f4e5.__CR0,0,2928,1200_PT0_SX1464_V1___.png\">                                               <\/p>\n<h3 class=\"a-text-center aplus-h1 a-text-bold\"> WOLFANG Serie de c\u00e1maras deportivas <\/h3>\n<p>                         Add To Basket  <\/p>\n<p>                         Add To Basket  <\/p>\n<p>                         Add To Basket  <\/p>\n<p>                         Add To Basket  <\/p>\n<p>                                     Customer Reviews  <\/p>\n<p>                    4.0 out of 5 stars  95  <\/p>\n<p>                    4.3 out of 5 stars  6,269  <\/p>\n<p>                    4.0 out of 5 stars  353  <\/p>\n<p>                    4.2 out of 5 stars  1,832  <\/p>\n<p>                    4.2 out of 5 stars  184  <\/p>\n<p>                                     Price  <\/p>\n<p>                                                        \u2014    <\/p>\n<p>                                                        \u20ac64.50\u20ac64.50     <\/p>\n<p>                                                        \u20ac69.92\u20ac69.92     <\/p>\n<p>                                                        \u20ac94.99\u20ac94.99     <\/p>\n<p>                                                        \u20ac99.99\u20ac99.99     <\/p>\n<p>                                     Resoluci\u00f3n  <\/p>\n<p>                                                4K\/60fps &amp; 24MP    <\/p>\n<p>                                                4K\/30fps &amp; 20MP    <\/p>\n<p>                                                4K\/30fps &amp; 20MP    <\/p>\n<p>                                                4K\/30fps &amp; 24MP    <\/p>\n<p>                                                4K\/60fps &amp; 24MP    <\/p>\n<p>                                     Profundidad impermeable   <\/p>\n<p>                                                10 metros,40 metros en concha    <\/p>\n<p>                                                40 metros en concha    <\/p>\n<p>                                                40 metros en concha    <\/p>\n<p>                                                40 metros en concha    <\/p>\n<p>                                                40 metros en concha    <\/p>\n<p>                                     Estabilizador EIS  <\/p>\n<p>                                                Estabilizador EIS 6-AXIS    <\/p>\n<p>                                                Estabilizador EIS 3-AXIS    <\/p>\n<p>                                                Estabilizador EIS 3-AXIS    <\/p>\n<p>                                                Estabilizador EIS 3-AXIS    <\/p>\n<p>                                                Estabilizador EIS 6-AXIS    <\/p>\n<p>                                     \u00c1ngulo de c\u00e1mara  <\/p>\n<p>                                                Ancho\/Mediano\/Estrecho    <\/p>\n<p>                                                \u00c1ngulo de visi\u00f3n de 170    <\/p>\n<p>                                                \u00c1ngulo de visi\u00f3n de 170    <\/p>\n<p>                                                Ancho\/Mediano\/Estrecho    <\/p>\n<p>                                                Ancho\/Mediano\/Estrecho    <\/p>\n<p>                                     Pantallas t\u00e1ctiles  <\/p>\n<p>                                                    \u2714       <\/p>\n<p>                                                    \u2718      <\/p>\n<p>                                                    \u2718      <\/p>\n<p>                                                    \u2714       <\/p>\n<p>                                                    \u2714       <\/p>\n<p>                                     Micr\u00f3fono externo  <\/p>\n<p>                                                    \u2714       <\/p>\n<p>                                                    \u2714       <\/p>\n<p>                                                    \u2714       <\/p>\n<p>                                                    \u2714       <\/p>\n<p>                                                    \u2714       <\/p>\n<p>                                     Bater\u00eda  <\/p>\n<p>                                                2*1350mAh    <\/p>\n<p>                                                2*1050mAh    <\/p>\n<p>                                                2*1050mAh    <\/p>\n<p>                                                2*1350mAh    <\/p>\n<p>                                                2*1350mAh    <\/p>\n<p>                                     Aplicaci\u00f3n  <\/p>\n<p>                                                iSmart DV2    <\/p>\n<p>                                                IBK CAM    <\/p>\n<p>                                                IBK CAM    <\/p>\n<p>                                                iSmart DV2    <\/p>\n<p>                                                iSmart DV2    <\/p>\n<p>                                     Tarjeta de memoria  <\/p>\n<p>                                                    \u2718      <\/p>\n<p>                                                    \u2714       <\/p>\n<p>                                                    \u2718      <\/p>\n<p>                                                    \u2718      <\/p>\n<p>                                                    \u2718      <\/p>\n<p> Batteries                                            \u200f                                            :                                            \u200e                                            2 Lithium Metal batteries required. (included)   <br \/> Is discontinued by manufacturer                                            \u200f                                            :                                            \u200e                                            No   <br \/> Product Dimensions                                            \u200f                                            :                                            \u200e                                            6.3 x 4.5 x 3.3 cm; 132 g   <br \/> Date First Available                                            \u200f                                            :                                            \u200e                                            11 Oct. 2021   <br \/> Manufacturer                                            \u200f                                            :                                            \u200e                                            WOLFANG   <br \/> ASIN                                            \u200f                                            :                                            \u200e                                            B09J4RH7WF   <br \/> Item model number                                            \u200f                                            :                                            \u200e                                            GA420   <br \/> Country of origin                                            \u200f                                            :                                            \u200e                                            China   <br \/> Guaranteed software updates until                                            \u200f                                            :                                            \u200e                                            unknown   <br \/>       Best Sellers Rank:  5,055 in Electronics (See Top 100 in Electronics)    10 in Underwater Cameras   59 in Action Cameras      <br \/>  Customer reviews:                                                                                            3.9               3.9 out of 5 stars                                  (1,463)                                              var dpAcrHasRegisteredArcLinkClickAction;                    P.when(&#8216;A&#8217;, &#8216;ready&#8217;).execute(function(A) {                        if (dpAcrHasRegisteredArcLinkClickAction !== true) {                            dpAcrHasRegisteredArcLinkClickAction = true;                            A.declarative(                                &#8216;acrLink-click-metrics&#8217;, &#8216;click&#8217;,                                { \u00aballowLinkDefault\u00bb: true },                                function (event) {                                    if (window.ue) {                                        ue.count(\u00abacrLinkClickCount\u00bb, (ue.count(\u00abacrLinkClickCount\u00bb) || 0) + 1);                                    }                                }                            );                        }                    });                                             P.when(&#8216;A&#8217;, &#8216;cf&#8217;).execute(function(A) {                A.declarative(&#8216;acrStarsLink-click-metrics&#8217;, &#8216;click&#8217;, { \u00aballowLinkDefault\u00bb : true },  function(event){                    if(window.ue) {                        ue.count(\u00abacrStarsLinkWithPopoverClickCount\u00bb, (ue.count(\u00abacrStarsLinkWithPopoverClickCount\u00bb) || 0) + 1);                    }                });            });                          <\/p>\n<p>\ud83c\udf84\u3010Dual Sided Sports Camera\u3011The GA420 sports camera features a double-sided color LCD screen with a touch rear screen. The screens can be switched to each other by holding the MODE button. Support three viewing angle adjustment modes, narrow, medium and wide, to see the world from different angles.<br \/>\ud83d\ude99\u3010Waterproof Sports Camera\u3011The GA420 underwater camera has a sealed hatch made of mixed metal to ensure the camera is waterproof up to 10 meters underwater. With the waterproof housing installed, the camera is waterproof to a depth of 40 meters.<br \/>\ud83d\ude99\u3010Versatile Sports Camera\u3011The GA420 sports camera has a video resolution of 4k\/60fps 4k\/30fps 2.7k\/30fps 1080p\/120fps 1080p\/60fps 720p\/240fps photos at 24MP. The sports camera also has loop recording, time-lapse recording, fast\/slow movie and remote control.<br \/>\u241e\u3010Anti-shake Sports Camera\u3011The GA420 sports camera features advanced 6-axis stabilization to enhance photo and video recording. Even in 4k mode stabilization can be activated.<br \/>\u241e\u3010WiFi Sports Camera\u3011The GA420 sports camera has a wifi transfer function, so you can download iSmart DV2 software on your phone to connect the camera to your phone to transfer files and control the camera.<\/p>\n\n","protected":false},"excerpt":{"rendered":"<p> Product Description 1 4K\/60fps &amp; 24MP 2 Impermeable 3 Estabilizador de imagen C\u00e1mara deportiva impermeable<\/p>","protected":false},"featured_media":35041,"comment_status":"open","ping_status":"closed","template":"","meta":[],"product_brand":[],"product_cat":[96],"product_tag":[7449,5391,9993,5392,2681,1858,1254,9992,3495,681,1859,1861,1124,1854,1855,298,3087,9991,1071,1856,1863,1860,2515,842,3969,1862,7574,1857,1078,545,543,9990],"class_list":{"0":"post-35040","1":"product","2":"type-product","3":"status-publish","4":"has-post-thumbnail","6":"product_cat-photo-video","7":"product_tag-10m","8":"product_tag-24mp","9":"product_tag-2x1350mah","10":"product_tag-60fps","11":"product_tag-accessories","12":"product_tag-action-cameras","13":"product_tag-batteries","14":"product_tag-body40m","15":"product_tag-camcorder","16":"product_tag-camera","17":"product_tag-camera-accessories","18":"product_tag-camera-lenses","19":"product_tag-control","20":"product_tag-digital-cameras","21":"product_tag-dslr-cameras","22":"product_tag-dual","23":"product_tag-eis","24":"product_tag-ga420","25":"product_tag-microphone","26":"product_tag-mirrorless-cameras","27":"product_tag-photo-equipment","28":"product_tag-professional-camera","29":"product_tag-remote","30":"product_tag-screen","31":"product_tag-sports","32":"product_tag-tripods","33":"product_tag-underwater","34":"product_tag-video-cameras","35":"product_tag-waterproof","36":"product_tag-webcam","37":"product_tag-wifi","38":"product_tag-wolfang","40":"first","41":"instock","42":"sale","43":"shipping-taxable","44":"product-type-external"},"_links":{"self":[{"href":"https:\/\/comprasyconsejos.store\/en\/wp-json\/wp\/v2\/product\/35040","targetHints":{"allow":["GET"]}}],"collection":[{"href":"https:\/\/comprasyconsejos.store\/en\/wp-json\/wp\/v2\/product"}],"about":[{"href":"https:\/\/comprasyconsejos.store\/en\/wp-json\/wp\/v2\/types\/product"}],"replies":[{"embeddable":true,"href":"https:\/\/comprasyconsejos.store\/en\/wp-json\/wp\/v2\/comments?post=35040"}],"version-history":[{"count":0,"href":"https:\/\/comprasyconsejos.store\/en\/wp-json\/wp\/v2\/product\/35040\/revisions"}],"wp:featuredmedia":[{"embeddable":true,"href":"https:\/\/comprasyconsejos.store\/en\/wp-json\/wp\/v2\/media\/35041"}],"wp:attachment":[{"href":"https:\/\/comprasyconsejos.store\/en\/wp-json\/wp\/v2\/media?parent=35040"}],"wp:term":[{"taxonomy":"product_brand","embeddable":true,"href":"https:\/\/comprasyconsejos.store\/en\/wp-json\/wp\/v2\/product_brand?post=35040"},{"taxonomy":"product_cat","embeddable":true,"href":"https:\/\/comprasyconsejos.store\/en\/wp-json\/wp\/v2\/product_cat?post=35040"},{"taxonomy":"product_tag","embeddable":true,"href":"https:\/\/comprasyconsejos.store\/en\/wp-json\/wp\/v2\/product_tag?post=35040"}],"curies":[{"name":"wp","href":"https:\/\/api.w.org\/{rel}","templated":true}]}}