{"id":35059,"date":"2026-02-26T10:19:25","date_gmt":"2026-02-26T10:19:25","guid":{"rendered":"https:\/\/comprasyconsejos.store\/product\/samsung-galaxy-a16-4g-lte-android-mobile-phone-6-7-super-amoled-display-multiple-cameras-128gb-storage-black-spanish-version-manufacturer-warranty-3-years-1-year-extra\/"},"modified":"2026-02-26T10:19:27","modified_gmt":"2026-02-26T10:19:27","slug":"samsung-galaxy-a16-4g-lte-android-mobile-phone-6-7-super-amoled-display-multiple-cameras-128gb-storage-black-spanish-version-manufacturer-warranty-3-years-1-year-extra","status":"publish","type":"product","link":"https:\/\/comprasyconsejos.store\/en\/product\/samsung-galaxy-a16-4g-lte-android-mobile-phone-6-7-super-amoled-display-multiple-cameras-128gb-storage-black-spanish-version-manufacturer-warranty-3-years-1-year-extra\/","title":{"rendered":"Samsung Galaxy A16 4G LTE, Android Mobile Phone, 6.7&#8243; Super AMOLED Display, Multiple Cameras, 128GB Storage, Black (Spanish Version), Manufacturer Warranty 3 Years + 1 Year Extra"},"content":{"rendered":"<p>Price: <span style=\"color:#b12704\"><del>\u20ac199.00<\/del> - \u20ac159.00<\/span><br \/><i><small>(as of Feb 26, 2026 10:19:25 UTC &#8211; <span class=\"wp_automatic_amazon_disclaimer\" title=\"Product prices and availability are accurate as of the date\/time indicated and are subject to change. Any price and availability information displayed on [relevant Amazon Site(s), as applicable] at the time of purchase will apply to the purchase of this product.\">Details<\/span>)<\/small><\/i><\/p>\n<p><a href=\"https:\/\/amazon.es\/dp\/B0DNK43C2P?tag=man008-21\"><img decoding=\"async\" src=\"https:\/\/valvepress.s3.amazonaws.com\/imgs\/buy_now.png\"><\/a><br \/>\n<\/p>\n<p>                                             From the brand   <\/p>\n<p>                                              <img decoding=\"async\" alt=\"Captura de primer plano de un smartphone con bordes curvos y acabado azul oscuro brillante, probablemente de la serie Galaxy de Samsung, que se muestra en \u00e1ngulo sobre un fondo oscuro.\" src=\"https:\/\/images-na.ssl-images-amazon.com\/images\/G\/01\/x-locale\/common\/grey-pixel.gif\" class=\"a-lazy-loaded\" data-src=\"https:\/\/m.media-amazon.com\/images\/S\/aplus-media-library-service-media\/07e6ae75-c49a-4996-a686-7fc9a69c1971.__CR0,0,1464,625_PT0_SX1464_V1___.jpg\"><img decoding=\"async\" alt=\"Captura de primer plano de un smartphone con bordes curvos y acabado azul oscuro brillante, probablemente de la serie Galaxy de Samsung, que se muestra en \u00e1ngulo sobre un fondo oscuro.\" src=\"https:\/\/m.media-amazon.com\/images\/S\/aplus-media-library-service-media\/07e6ae75-c49a-4996-a686-7fc9a69c1971.__CR0,0,1464,625_PT0_SX1464_V1___.jpg\">  <\/p>\n<p>                                              <img decoding=\"async\" alt=\"El texto dice \u00abGalaxy S23 ultra\u00bb y \u00abGalaxy AI\u00bb. Se muestran varios smartphones Samsung en acabado gris metalizado, destacando el conjunto de c\u00e1maras traseras con m\u00faltiples lentes dispuestas en cascada.\" src=\"https:\/\/images-na.ssl-images-amazon.com\/images\/G\/01\/x-locale\/common\/grey-pixel.gif\" class=\"a-lazy-loaded\" data-src=\"https:\/\/m.media-amazon.com\/images\/S\/aplus-media-library-service-media\/8f79e1d7-8c16-4786-9767-0080289bbb70.__CR0,0,362,453_PT0_SX362_V1___.jpg\"><img decoding=\"async\" alt=\"El texto dice \u00abGalaxy S23 ultra\u00bb y \u00abGalaxy AI\u00bb. Se muestran varios smartphones Samsung en acabado gris metalizado, destacando el conjunto de c\u00e1maras traseras con m\u00faltiples lentes dispuestas en cascada.\" src=\"https:\/\/m.media-amazon.com\/images\/S\/aplus-media-library-service-media\/8f79e1d7-8c16-4786-9767-0080289bbb70.__CR0,0,362,453_PT0_SX362_V1___.jpg\">  <\/p>\n<h3> Mucho m\u00e1s que un smartphone <\/h3>\n<p class=\"apm-brand-story-stores-link\">\n<p>                                              <img decoding=\"async\" alt=\"aplus content image\" src=\"https:\/\/images-na.ssl-images-amazon.com\/images\/G\/01\/x-locale\/common\/grey-pixel.gif\" class=\"a-lazy-loaded\" data-src=\"https:\/\/m.media-amazon.com\/images\/S\/aplus-media-library-service-media\/48df3c9e-6477-49b1-a62d-23258d306141.__CR0,0,362,453_PT0_SX362_V1___.jpg\"><img decoding=\"async\" alt=\"aplus content image\" src=\"https:\/\/m.media-amazon.com\/images\/S\/aplus-media-library-service-media\/48df3c9e-6477-49b1-a62d-23258d306141.__CR0,0,362,453_PT0_SX362_V1___.jpg\">  <\/p>\n<h3> Con el poder de Galaxy AI <\/h3>\n<p class=\"apm-brand-story-stores-link\">\n<p>                                              <img decoding=\"async\" alt=\"El texto dice \u00abGalaxy Buds4 | Buds4 Pro\u00bb. Auriculares inal\u00e1mbricos blancos con v\u00e1stagos alargados sobre un fondo degradado de color p\u00farpura.\" src=\"https:\/\/images-na.ssl-images-amazon.com\/images\/G\/01\/x-locale\/common\/grey-pixel.gif\" class=\"a-lazy-loaded\" data-src=\"https:\/\/m.media-amazon.com\/images\/S\/aplus-media-library-service-media\/5a037094-f0ac-43a5-9c2f-e8409bbcb14a.__CR0,0,362,453_PT0_SX362_V1___.jpg\"><img decoding=\"async\" alt=\"El texto dice \u00abGalaxy Buds4 | Buds4 Pro\u00bb. Auriculares inal\u00e1mbricos blancos con v\u00e1stagos alargados sobre un fondo degradado de color p\u00farpura.\" src=\"https:\/\/m.media-amazon.com\/images\/S\/aplus-media-library-service-media\/5a037094-f0ac-43a5-9c2f-e8409bbcb14a.__CR0,0,362,453_PT0_SX362_V1___.jpg\">  <\/p>\n<h3> Sonido de Alta Fidelidad <\/h3>\n<p class=\"apm-brand-story-stores-link\">\n<p>                                              <img decoding=\"async\" alt=\"El texto dice \u00abGalaxy S26 Bundles\u00bb. La presentaci\u00f3n del producto incluye un smartphone con sistema de doble c\u00e1mara sobre un fondo degradado de color p\u00farpura.\" src=\"https:\/\/images-na.ssl-images-amazon.com\/images\/G\/01\/x-locale\/common\/grey-pixel.gif\" class=\"a-lazy-loaded\" data-src=\"https:\/\/m.media-amazon.com\/images\/S\/aplus-media-library-service-media\/61b9a80e-0431-4b84-aed3-2af0130075c6.__CR0,0,362,453_PT0_SX362_V1___.jpg\"><img decoding=\"async\" alt=\"El texto dice \u00abGalaxy S26 Bundles\u00bb. La presentaci\u00f3n del producto incluye un smartphone con sistema de doble c\u00e1mara sobre un fondo degradado de color p\u00farpura.\" src=\"https:\/\/m.media-amazon.com\/images\/S\/aplus-media-library-service-media\/61b9a80e-0431-4b84-aed3-2af0130075c6.__CR0,0,362,453_PT0_SX362_V1___.jpg\">  <\/p>\n<h3> Mejor juntos <\/h3>\n<p class=\"apm-brand-story-stores-link\">\n<p> Batteries                                            \u200f                                            :                                            \u200e                                            1 C batteries required. (included)   <br \/> Package Dimensions                                            \u200f                                            :                                            \u200e                                            19.5 x 9.6 x 5.4 cm; 360 g   <br \/> Date First Available                                            \u200f                                            :                                            \u200e                                            19 Nov. 2024   <br \/> Manufacturer                                            \u200f                                            :                                            \u200e                                            SAMSUNG   <br \/> ASIN                                            \u200f                                            :                                            \u200e                                            B0DNK43C2P   <br \/> Item model number                                            \u200f                                            :                                            \u200e                                            SM-A165FZKCEUB   <br \/> Country of origin                                            \u200f                                            :                                            \u200e                                            Vietnam   <br \/>       Best Sellers Rank:  405 in Electronics (See Top 100 in Electronics)    45 in SIM-Free &#038; Unlocked Mobile Phones   1,043 in Climate Pledge Friendly: Shop all      <br \/>  Customer reviews:                                                                                            4.4               4.4 out of 5 stars                                  (132)                                              var dpAcrHasRegisteredArcLinkClickAction;                    P.when(&#8216;A&#8217;, &#8216;ready&#8217;).execute(function(A) {                        if (dpAcrHasRegisteredArcLinkClickAction !== true) {                            dpAcrHasRegisteredArcLinkClickAction = true;                            A.declarative(                                &#8216;acrLink-click-metrics&#8217;, &#8216;click&#8217;,                                { \u00aballowLinkDefault\u00bb: true },                                function (event) {                                    if (window.ue) {                                        ue.count(\u00abacrLinkClickCount\u00bb, (ue.count(\u00abacrLinkClickCount\u00bb) || 0) + 1);                                    }                                }                            );                        }                    });                                             P.when(&#8216;A&#8217;, &#8216;cf&#8217;).execute(function(A) {                A.declarative(&#8216;acrStarsLink-click-metrics&#8217;, &#8216;click&#8217;, { \u00aballowLinkDefault\u00bb : true },  function(event){                    if(window.ue) {                        ue.count(\u00abacrStarsLinkWithPopoverClickCount\u00bb, (ue.count(\u00abacrStarsLinkWithPopoverClickCount\u00bb) || 0) + 1);                    }                });            });                          <\/p>\n<p>Super AMOLED display: Bright colors come to life on the 6.7&#8243; display, Enjoy vivid colors and crisp details for an immersive viewing experience and enhanced videos, photos and games<br \/>Multiple cameras: Capture reality with the 50MP main camera, 5MP Ultra Wide Angle camera for landscapes, 2MP Macro camera for close-ups and 13MP front camera for selfies<br \/>Powerful Performance: Enjoy blazing-fast performance thanks to the enhanced 2.4GHz CPU, smooth streaming and gameplay effortlessly and without lag, all enhanced with 4G connectivity<br \/>MADE TO LAST &#8211; Benefit from at least 6 years of OS updates that keep your device safe and up to date with the latest features for long-lasting performance<br \/>For worry-free use: SAMSUNG 3-year manufacturer&#8217;s warranty plus 1 additional year extended warranty<br \/>Contents: 1 x SAMSUNG Galaxy A16 4G 128GB Smartphone, includes 1 x USB Type-C charging cable and 1 x SIM tray eject pin, colour: black<\/p>\n\n","protected":false},"excerpt":{"rendered":"<p> From the brand Mucho m\u00e1s que un smartphone Con el poder de Galaxy AI Sonido<\/p>","protected":false},"featured_media":35060,"comment_status":"open","ping_status":"closed","template":"","meta":[],"product_brand":[],"product_cat":[100],"product_tag":[700,1890,675,2227,391,1891,1896,307,1893,1621,561,299,165,1892,1889,1043,1190,1275,1888,241,230,249,1894,1895,1588,5273,514,256,724,725,1128,2277],"class_list":{"0":"post-35059","1":"product","2":"type-product","3":"status-publish","4":"has-post-thumbnail","6":"product_cat-smartphones","7":"product_tag-128gb","8":"product_tag-5g-smartphones","9":"product_tag-a16","10":"product_tag-amoled","11":"product_tag-android","12":"product_tag-android-phones","13":"product_tag-best-smartphones","14":"product_tag-black","15":"product_tag-budget-smartphones","16":"product_tag-cameras","17":"product_tag-display","18":"product_tag-extra","19":"product_tag-galaxy","20":"product_tag-iphone-smartphones","21":"product_tag-latest-smartphones","22":"product_tag-lte","23":"product_tag-manufacturer","24":"product_tag-mobile","25":"product_tag-mobile-phones","26":"product_tag-multiple","27":"product_tag-phone","28":"product_tag-samsung","29":"product_tag-smartphone-deals","30":"product_tag-smartphone-price","31":"product_tag-smartphones","32":"product_tag-spanish","33":"product_tag-storage","34":"product_tag-super","35":"product_tag-version","36":"product_tag-warranty","37":"product_tag-year","38":"product_tag-years","40":"first","41":"instock","42":"sale","43":"shipping-taxable","44":"product-type-external"},"_links":{"self":[{"href":"https:\/\/comprasyconsejos.store\/en\/wp-json\/wp\/v2\/product\/35059","targetHints":{"allow":["GET"]}}],"collection":[{"href":"https:\/\/comprasyconsejos.store\/en\/wp-json\/wp\/v2\/product"}],"about":[{"href":"https:\/\/comprasyconsejos.store\/en\/wp-json\/wp\/v2\/types\/product"}],"replies":[{"embeddable":true,"href":"https:\/\/comprasyconsejos.store\/en\/wp-json\/wp\/v2\/comments?post=35059"}],"version-history":[{"count":0,"href":"https:\/\/comprasyconsejos.store\/en\/wp-json\/wp\/v2\/product\/35059\/revisions"}],"wp:featuredmedia":[{"embeddable":true,"href":"https:\/\/comprasyconsejos.store\/en\/wp-json\/wp\/v2\/media\/35060"}],"wp:attachment":[{"href":"https:\/\/comprasyconsejos.store\/en\/wp-json\/wp\/v2\/media?parent=35059"}],"wp:term":[{"taxonomy":"product_brand","embeddable":true,"href":"https:\/\/comprasyconsejos.store\/en\/wp-json\/wp\/v2\/product_brand?post=35059"},{"taxonomy":"product_cat","embeddable":true,"href":"https:\/\/comprasyconsejos.store\/en\/wp-json\/wp\/v2\/product_cat?post=35059"},{"taxonomy":"product_tag","embeddable":true,"href":"https:\/\/comprasyconsejos.store\/en\/wp-json\/wp\/v2\/product_tag?post=35059"}],"curies":[{"name":"wp","href":"https:\/\/api.w.org\/{rel}","templated":true}]}}