{"id":35071,"date":"2026-02-26T10:49:22","date_gmt":"2026-02-26T10:49:22","guid":{"rendered":"https:\/\/comprasyconsejos.store\/product\/msi-spatium-m570-pro-pcie-5-0-nvme-m-2-ssd-2tb-frozr\/"},"modified":"2026-02-26T10:49:27","modified_gmt":"2026-02-26T10:49:27","slug":"msi-spatium-m570-pro-pcie-5-0-nvme-m-2-ssd-2tb-frozr","status":"publish","type":"product","link":"https:\/\/comprasyconsejos.store\/en\/product\/msi-spatium-m570-pro-pcie-5-0-nvme-m-2-ssd-2tb-frozr\/","title":{"rendered":"MSI SPATIUM M570 Pro PCIe 5.0 NVMe M.2 SSD 2TB FROZR"},"content":{"rendered":"<p>Price: <span style=\"color:#b12704\"><del>\u20ac349.00<\/del> - \u20ac259.99<\/span><br \/><i><small>(as of Feb 26, 2026 10:49:22 UTC &#8211; <span class=\"wp_automatic_amazon_disclaimer\" title=\"Product prices and availability are accurate as of the date\/time indicated and are subject to change. Any price and availability information displayed on [relevant Amazon Site(s), as applicable] at the time of purchase will apply to the purchase of this product.\">Details<\/span>)<\/small><\/i><\/p>\n<p><a href=\"https:\/\/amazon.es\/dp\/B0CR9BH5Y5?tag=man008-21\"><img decoding=\"async\" src=\"https:\/\/valvepress.s3.amazonaws.com\/imgs\/buy_now.png\"><\/a><br \/>\n<\/p>\n<p>                                             From the manufacturer   <\/p>\n<p>                                                  <img decoding=\"async\" alt=\"Carga AHEAD WITH SPEED\" src=\"https:\/\/images-na.ssl-images-amazon.com\/images\/G\/01\/x-locale\/common\/grey-pixel.gif\" class=\"a-lazy-loaded\" data-src=\"https:\/\/m.media-amazon.com\/images\/S\/aplus-media-library-service-media\/5a237a7c-e5b7-4de5-aec2-30999b4e1330.__CR0,0,1940,600_PT0_SX970_V1___.jpg\"><img decoding=\"async\" alt=\"Carga AHEAD WITH SPEED\" src=\"https:\/\/m.media-amazon.com\/images\/S\/aplus-media-library-service-media\/5a237a7c-e5b7-4de5-aec2-30999b4e1330.__CR0,0,1940,600_PT0_SX970_V1___.jpg\">  <\/p>\n<p>                                                      <img decoding=\"async\" alt=\"SPATIUM M570 PCIe 5.0 NVMe M.2 FROZR\" src=\"https:\/\/images-na.ssl-images-amazon.com\/images\/G\/01\/x-locale\/common\/grey-pixel.gif\" class=\"a-spacing-mini a-lazy-loaded\" data-src=\"https:\/\/m.media-amazon.com\/images\/S\/aplus-media-library-service-media\/acb0b220-9a6f-4f74-b17b-50246c2fde40.__CR0,0,600,800_PT0_SX300_V1___.png\"><img decoding=\"async\" alt=\"SPATIUM M570 PCIe 5.0 NVMe M.2 FROZR\" src=\"https:\/\/m.media-amazon.com\/images\/S\/aplus-media-library-service-media\/acb0b220-9a6f-4f74-b17b-50246c2fde40.__CR0,0,600,800_PT0_SX300_V1___.png\">  <\/p>\n<p>                                                              <img decoding=\"async\" alt=\"MSI: For Gamers &amp;amp; Creators\" src=\"https:\/\/images-na.ssl-images-amazon.com\/images\/G\/01\/x-locale\/common\/grey-pixel.gif\" class=\"a-spacing-mini a-lazy-loaded\" data-src=\"https:\/\/m.media-amazon.com\/images\/S\/aplus-media\/vc\/114fa35d-9063-4a70-a19b-1a84ab6eba49.__CR0,0,350,175_PT0_SX350_V1___.png\"><img decoding=\"async\" alt=\"MSI: For Gamers &amp;amp; Creators\" src=\"https:\/\/m.media-amazon.com\/images\/S\/aplus-media\/vc\/114fa35d-9063-4a70-a19b-1a84ab6eba49.__CR0,0,350,175_PT0_SX350_V1___.png\">                                          MSI: For Gamers &amp; Creators                                 <\/p>\n<p class=\"a-spacing-small a-size-small a-color-secondary\"> MSI es una de las marcas m\u00e1s reconocidas en el mundo del juego y los deportes electr\u00f3nicos. Hemos invertido innumerables horas y recursos para asistir a las mayores ligas de eSport y equipos de nivel 1. Al trabajar con los mejores, MSI puede combinar sus conocimientos de competici\u00f3n de juegos con sus aspiraciones para crear nuevos productos que puedan llevar el rendimiento a niveles nunca antes alcanzados. <\/p>\n<h3 class=\"a-spacing-mini\"> SPATIUM M570 PRO PCIe 5.0 NVMe M.2 FROZR <\/h3>\n<p>                                          Carga AHEAD WITH SPEED                                     <\/p>\n<p class=\"a-spacing-base\"> La serie SPATIUM est\u00e1 dise\u00f1ada para satisfacer las necesidades de almacenamiento de alto rendimiento. Construido con memoria 3D NAND Flash de alta densidad y alta calidad, los SSD SPATIUM ofrecen un equilibrio entre rendimiento y durabilidad para profesionales, creadores de contenido y jugadores. <\/p>\n<p>                                                          Radiador de torre FROZR: un sofisticado radiador con tubos de calor bien distribuidos silenciosamente reduce las temperaturas hasta 20 \u00b0C bajo un elegante revestimiento para un m\u00e1ximo rendimiento de almacenamiento.       Potencia extraordinaria con Gen 5: optimizada para la interfaz PCIe Gen5, ofrece velocidades de lectura de hasta 12.400 MB\/s y velocidades de escritura de hasta 11.800 MB\/s.       3D NAND Flash &#8211; La tecnolog\u00eda 3D NAND Flash ofrece almacenamiento denso en un formato compacto.       Seguridad y fiabilidad &#8211; Las funciones integradas de correcci\u00f3n de errores y seguridad de datos ampl\u00edan la duraci\u00f3n del almacenamiento flash NAND.       MSI Center &#8211; Migre sus datos y supervise el estado y el rendimiento de sus unidades en tiempo real.      <\/p>\n<p class=\"apm-text-center\">\n                                                      <img decoding=\"async\" alt=\"PODER EXTRAORDINARIO CON GEN 5\" src=\"https:\/\/images-na.ssl-images-amazon.com\/images\/G\/01\/x-locale\/common\/grey-pixel.gif\" class=\"a-lazy-loaded\" data-src=\"https:\/\/m.media-amazon.com\/images\/S\/aplus-media\/vc\/ef9dc63b-6241-4177-a9fd-eb7ee2bc9784.__CR0,0,2000,2000_PT0_SX220_V1___.jpg\"><img decoding=\"async\" alt=\"PODER EXTRAORDINARIO CON GEN 5\" src=\"https:\/\/m.media-amazon.com\/images\/S\/aplus-media\/vc\/ef9dc63b-6241-4177-a9fd-eb7ee2bc9784.__CR0,0,2000,2000_PT0_SX220_V1___.jpg\">  <\/p>\n<p>                                                    PODER EXTRAORDINARIO CON GEN 5                                     <\/p>\n<p class=\"a-size-small\"> La controladora PCIe Gen 5 ofrece velocidades de transferencia de almacenamiento de primer nivel hasta el doble de r\u00e1pidas que las SSD de la generaci\u00f3n anterior. <\/p>\n<p class=\"apm-text-center\">\n                                                      <img decoding=\"async\" alt=\"PEQUE\u00d1O FORMATO, AMPLIO ESPACIO DE ALMACENAMIEN\" src=\"https:\/\/images-na.ssl-images-amazon.com\/images\/G\/01\/x-locale\/common\/grey-pixel.gif\" class=\"a-lazy-loaded\" data-src=\"https:\/\/m.media-amazon.com\/images\/S\/aplus-media\/vc\/c8afa69e-fae5-4905-863b-143f1cdafd2e.__CR0,0,2000,2000_PT0_SX220_V1___.jpg\"><img decoding=\"async\" alt=\"PEQUE\u00d1O FORMATO, AMPLIO ESPACIO DE ALMACENAMIEN\" src=\"https:\/\/m.media-amazon.com\/images\/S\/aplus-media\/vc\/c8afa69e-fae5-4905-863b-143f1cdafd2e.__CR0,0,2000,2000_PT0_SX220_V1___.jpg\">  <\/p>\n<p>                                                    PEQUE\u00d1O FORMATO, AMPLIO ESPACIO DE ALMACENAMIEN                                     <\/p>\n<p class=\"a-size-small\"> La tecnolog\u00eda 3D NAND Flash de \u00faltima generaci\u00f3n permite aumentar la capacidad de almacenamiento en una forma compacta. <\/p>\n<p class=\"apm-text-center\">\n                                                      <img decoding=\"async\" alt=\"RADIADOR FROZR\" src=\"https:\/\/images-na.ssl-images-amazon.com\/images\/G\/01\/x-locale\/common\/grey-pixel.gif\" class=\"a-lazy-loaded\" data-src=\"https:\/\/m.media-amazon.com\/images\/S\/aplus-media\/vc\/ae766ea4-e433-47de-a477-4af6b12e213a.__CR0,0,2000,2000_PT0_SX220_V1___.jpg\"><img decoding=\"async\" alt=\"RADIADOR FROZR\" src=\"https:\/\/m.media-amazon.com\/images\/S\/aplus-media\/vc\/ae766ea4-e433-47de-a477-4af6b12e213a.__CR0,0,2000,2000_PT0_SX220_V1___.jpg\">  <\/p>\n<p>                                                    RADIADOR FROZR                                     <\/p>\n<p class=\"a-size-small\"> Un disipador de calor especial equipado con tubos de calor bien protegidos reduce las temperaturas hasta 20 \u00b0C sin ruido bajo una elegante tapa para garantizar un rendimiento de almacenamiento \u00f3ptimo. <\/p>\n<p class=\"apm-text-center\">\n                                                      <img decoding=\"async\" alt=\"SEGURIDAD Y FIABILIDAD\" src=\"https:\/\/images-na.ssl-images-amazon.com\/images\/G\/01\/x-locale\/common\/grey-pixel.gif\" class=\"a-lazy-loaded\" data-src=\"https:\/\/m.media-amazon.com\/images\/S\/aplus-media\/vc\/87d988b1-7a05-467a-b46d-91204faec837.__CR0,0,2000,2000_PT0_SX220_V1___.jpg\"><img decoding=\"async\" alt=\"SEGURIDAD Y FIABILIDAD\" src=\"https:\/\/m.media-amazon.com\/images\/S\/aplus-media\/vc\/87d988b1-7a05-467a-b46d-91204faec837.__CR0,0,2000,2000_PT0_SX220_V1___.jpg\">  <\/p>\n<p>                                                    SEGURIDAD Y FIABILIDAD                                     <\/p>\n<p class=\"a-size-small\"> Las funciones integradas de seguridad de datos y correcci\u00f3n de errores ampl\u00edan la resistencia y la longevidad del almacenamiento NAND Flash. <\/p>\n<p class=\"apm-text-center\">\n                                                      <img decoding=\"async\" alt=\"JUEGO DE BAJA LATENCIA\" src=\"https:\/\/images-na.ssl-images-amazon.com\/images\/G\/01\/x-locale\/common\/grey-pixel.gif\" class=\"a-lazy-loaded\" data-src=\"https:\/\/m.media-amazon.com\/images\/S\/aplus-media\/vc\/2efe128d-5353-4f90-a25c-72024fb28348.__CR0,0,2000,2000_PT0_SX220_V1___.jpg\"><img decoding=\"async\" alt=\"JUEGO DE BAJA LATENCIA\" src=\"https:\/\/m.media-amazon.com\/images\/S\/aplus-media\/vc\/2efe128d-5353-4f90-a25c-72024fb28348.__CR0,0,2000,2000_PT0_SX220_V1___.jpg\">  <\/p>\n<p>                                                    JUEGO DE BAJA LATENCIA                                     <\/p>\n<p class=\"a-size-small\"> Disfrute de una latencia m\u00ednima para disfrutar de una jugabilidad fluida y cargar juegos con un ancho de banda y rendimiento optimizados y de alto rendimiento. <\/p>\n<p class=\"apm-text-center\">\n                                                      <img decoding=\"async\" alt=\"BOOSTER DE CREATIVIDAD NO ESPADA\" src=\"https:\/\/images-na.ssl-images-amazon.com\/images\/G\/01\/x-locale\/common\/grey-pixel.gif\" class=\"a-lazy-loaded\" data-src=\"https:\/\/m.media-amazon.com\/images\/S\/aplus-media\/vc\/75bbcd53-8839-4988-9274-28fd5475fd83.__CR0,0,2000,2000_PT0_SX220_V1___.jpg\"><img decoding=\"async\" alt=\"BOOSTER DE CREATIVIDAD NO ESPADA\" src=\"https:\/\/m.media-amazon.com\/images\/S\/aplus-media\/vc\/75bbcd53-8839-4988-9274-28fd5475fd83.__CR0,0,2000,2000_PT0_SX220_V1___.jpg\">  <\/p>\n<p>                                                    BOOSTER DE CREATIVIDAD NO ESPADA                                     <\/p>\n<p class=\"a-size-small\"> Mantenga la productividad constante al abrir im\u00e1genes, pel\u00edculas, documentos y aplicaciones exigentes a la velocidad del rayo. <\/p>\n<p class=\"apm-text-center\">\n                                                      <img decoding=\"async\" alt=\"MSI CENTER &amp;amp; ACTIPHY\" src=\"https:\/\/images-na.ssl-images-amazon.com\/images\/G\/01\/x-locale\/common\/grey-pixel.gif\" class=\"a-lazy-loaded\" data-src=\"https:\/\/m.media-amazon.com\/images\/S\/aplus-media\/vc\/32321fa8-42be-4b71-bfcb-b8706c7c814b.__CR0,0,2000,2000_PT0_SX220_V1___.jpg\"><img decoding=\"async\" alt=\"MSI CENTER &amp;amp; ACTIPHY\" src=\"https:\/\/m.media-amazon.com\/images\/S\/aplus-media\/vc\/32321fa8-42be-4b71-bfcb-b8706c7c814b.__CR0,0,2000,2000_PT0_SX220_V1___.jpg\">  <\/p>\n<p>                                                    MSI CENTER &amp; ACTIPHY                                     <\/p>\n<p class=\"a-size-small\"> Migre los datos y supervise el estado y el rendimiento de las unidades en tiempo real con MSI Center. Los usuarios pueden evitar la p\u00e9rdida accidental de datos utilizando la soluci\u00f3n de software Actiphy proporcionada, que incluye funciones de copia de seguridad y restauraci\u00f3n. <\/p>\n<p class=\"apm-text-center\">\n                                                      <img decoding=\"async\" alt=\"FORMATO SSD M.2 OPTIMAL\" src=\"https:\/\/images-na.ssl-images-amazon.com\/images\/G\/01\/x-locale\/common\/grey-pixel.gif\" class=\"a-lazy-loaded\" data-src=\"https:\/\/m.media-amazon.com\/images\/S\/aplus-media\/vc\/03b139a5-b9c4-4a76-bbdd-2b0f261b5c21.__CR0,0,2000,2000_PT0_SX220_V1___.jpg\"><img decoding=\"async\" alt=\"FORMATO SSD M.2 OPTIMAL\" src=\"https:\/\/m.media-amazon.com\/images\/S\/aplus-media\/vc\/03b139a5-b9c4-4a76-bbdd-2b0f261b5c21.__CR0,0,2000,2000_PT0_SX220_V1___.jpg\">  <\/p>\n<p>                                                    FORMATO SSD M.2 OPTIMAL                                     <\/p>\n<p class=\"a-size-small\"> Dise\u00f1adas en M.2 2280, las unidades SSD de MSI son f\u00e1ciles de instalar en ordenadores de sobremesa <\/p>\n<p> Product Dimensions                                            \u200f                                            :                                            \u200e                                            10 x 5 x 1.27 cm; 200 g   <br \/> Manufacturer                                            \u200f                                            :                                            \u200e                                            MSI   <br \/> ASIN                                            \u200f                                            :                                            \u200e                                            B0CR9BH5Y5   <br \/> Item model number                                            \u200f                                            :                                            \u200e                                            SPATIUMM570PROPCIe50FROZR   <br \/> Country of origin                                            \u200f                                            :                                            \u200e                                            China   <br \/> Guaranteed software updates until                                            \u200f                                            :                                            \u200e                                            unknown   <br \/>  Customer reviews:                                                                                            4.9               4.9 out of 5 stars                                  (19)                                              var dpAcrHasRegisteredArcLinkClickAction;                    P.when(&#8216;A&#8217;, &#8216;ready&#8217;).execute(function(A) {                        if (dpAcrHasRegisteredArcLinkClickAction !== true) {                            dpAcrHasRegisteredArcLinkClickAction = true;                            A.declarative(                                &#8216;acrLink-click-metrics&#8217;, &#8216;click&#8217;,                                { \u00aballowLinkDefault\u00bb: true },                                function (event) {                                    if (window.ue) {                                        ue.count(\u00abacrLinkClickCount\u00bb, (ue.count(\u00abacrLinkClickCount\u00bb) || 0) + 1);                                    }                                }                            );                        }                    });                                             P.when(&#8216;A&#8217;, &#8216;cf&#8217;).execute(function(A) {                A.declarative(&#8216;acrStarsLink-click-metrics&#8217;, &#8216;click&#8217;, { \u00aballowLinkDefault\u00bb : true },  function(event){                    if(window.ue) {                        ue.count(\u00abacrStarsLinkWithPopoverClickCount\u00bb, (ue.count(\u00abacrStarsLinkWithPopoverClickCount\u00bb) || 0) + 1);                    }                });            });                          <\/p>\n<p>OPTIMAL SPEED AND ALUMINUM RADIATOR: The M570&#8217;s PCIe Gen5 interface enables optimal data transfers and load times with read speeds of 12400MB\/s and 11800MB\/s write; an aluminum radiator effectively dissipates heat and ensures optimal performance under high loads<br \/>2TB STORAGE CAPACITY, M.2 2280 FORMAT: Compact M.2 2280 format with 3D NAND technology and 2TB of storage space; High-performance PHISON E26 controller: NVMe 2.0 compatible; for optimal transfer speeds via PCI Express<br \/>SECURITY AND RELIABILITY: Integrated data protection and error correction features extend SSD longevity; also includes: performance optimization, self-control, E2E data protection, and TCG Pyrite encryption<br \/>DATA CARE: MSI Center software to easily migrate data and monitor drive state\/performance; Actiphy software: included, to prevent key data loss with backup and restore functions<\/p>\n\n","protected":false},"excerpt":{"rendered":"<p> From the manufacturer MSI: For Gamers &amp; Creators MSI es una de las marcas m\u00e1s<\/p>","protected":false},"featured_media":35072,"comment_status":"open","ping_status":"closed","template":"","meta":[],"product_brand":[],"product_cat":[81],"product_tag":[1455,909,1457,1468,9998,1461,1119,1459,9997,1262,822,1452,624,1465,163,1463,9996,513,1466],"class_list":{"0":"post-35071","1":"product","2":"type-product","3":"status-publish","4":"has-post-thumbnail","6":"product_cat-ssd-drive","7":"product_tag-1tb-ssd","8":"product_tag-2tb","9":"product_tag-512gb-ssd","10":"product_tag-best-ssd","11":"product_tag-frozr","12":"product_tag-gaming-ssd","13":"product_tag-m-2","14":"product_tag-m-2-ssd","15":"product_tag-m570","16":"product_tag-msi","17":"product_tag-nvme","18":"product_tag-nvme-ssd","19":"product_tag-pcie","20":"product_tag-portable-ssd","21":"product_tag-pro","22":"product_tag-sata-ssd","23":"product_tag-spatium","24":"product_tag-ssd","25":"product_tag-ssd-price","27":"first","28":"instock","29":"sale","30":"shipping-taxable","31":"product-type-external"},"_links":{"self":[{"href":"https:\/\/comprasyconsejos.store\/en\/wp-json\/wp\/v2\/product\/35071","targetHints":{"allow":["GET"]}}],"collection":[{"href":"https:\/\/comprasyconsejos.store\/en\/wp-json\/wp\/v2\/product"}],"about":[{"href":"https:\/\/comprasyconsejos.store\/en\/wp-json\/wp\/v2\/types\/product"}],"replies":[{"embeddable":true,"href":"https:\/\/comprasyconsejos.store\/en\/wp-json\/wp\/v2\/comments?post=35071"}],"version-history":[{"count":0,"href":"https:\/\/comprasyconsejos.store\/en\/wp-json\/wp\/v2\/product\/35071\/revisions"}],"wp:featuredmedia":[{"embeddable":true,"href":"https:\/\/comprasyconsejos.store\/en\/wp-json\/wp\/v2\/media\/35072"}],"wp:attachment":[{"href":"https:\/\/comprasyconsejos.store\/en\/wp-json\/wp\/v2\/media?parent=35071"}],"wp:term":[{"taxonomy":"product_brand","embeddable":true,"href":"https:\/\/comprasyconsejos.store\/en\/wp-json\/wp\/v2\/product_brand?post=35071"},{"taxonomy":"product_cat","embeddable":true,"href":"https:\/\/comprasyconsejos.store\/en\/wp-json\/wp\/v2\/product_cat?post=35071"},{"taxonomy":"product_tag","embeddable":true,"href":"https:\/\/comprasyconsejos.store\/en\/wp-json\/wp\/v2\/product_tag?post=35071"}],"curies":[{"name":"wp","href":"https:\/\/api.w.org\/{rel}","templated":true}]}}