{"id":35086,"date":"2026-02-26T11:12:50","date_gmt":"2026-02-26T11:12:50","guid":{"rendered":"https:\/\/comprasyconsejos.store\/product\/memoire-ram-corsair-vengeance-ddr5-16gb-2x8gb-dimm-5200mt-s-intel-xmp-1-25v-black-cmk16gx5m2b5200c40\/"},"modified":"2026-02-26T11:12:52","modified_gmt":"2026-02-26T11:12:52","slug":"memoire-ram-corsair-vengeance-ddr5-16gb-2x8gb-dimm-5200mt-s-intel-xmp-1-25v-black-cmk16gx5m2b5200c40","status":"publish","type":"product","link":"https:\/\/comprasyconsejos.store\/en\/product\/memoire-ram-corsair-vengeance-ddr5-16gb-2x8gb-dimm-5200mt-s-intel-xmp-1-25v-black-cmk16gx5m2b5200c40\/","title":{"rendered":"M\u00e9moire RAM &#8211; CORSAIR &#8211; Vengeance DDR5 &#8211; 16GB 2x8GB DIMM -5200MT\/s &#8211; Intel XMP &#8211; 1.25V &#8211; Black (CMK16GX5M2B5200C40)"},"content":{"rendered":"<p>Price: <span style=\"color:#b12704\">\u20ac274.90<\/span><br \/><i><small>(as of Feb 26, 2026 11:12:51 UTC &#8211; <span class=\"wp_automatic_amazon_disclaimer\" title=\"Product prices and availability are accurate as of the date\/time indicated and are subject to change. Any price and availability information displayed on [relevant Amazon Site(s), as applicable] at the time of purchase will apply to the purchase of this product.\">Details<\/span>)<\/small><\/i><\/p>\n<p><a href=\"https:\/\/amazon.es\/dp\/B0BZHXGYWS?tag=man008-21\"><img decoding=\"async\" src=\"https:\/\/valvepress.s3.amazonaws.com\/imgs\/buy_now.png\"><\/a><br \/>\n<\/p>\n<p>                                             From the manufacturer   <\/p>\n<p>The video showcases the product in use.The video guides you through product setup.The video compares multiple products.The video shows the product being unpacked. hero-video Merchant video<\/p>\n<p>                                                                                                       <img decoding=\"async\" alt=\"H\u00e1galo todo, y m\u00e1s r\u00e1pido:\" src=\"https:\/\/images-na.ssl-images-amazon.com\/images\/G\/01\/x-locale\/common\/grey-pixel.gif\" class=\"a-lazy-loaded\" data-src=\"https:\/\/m.media-amazon.com\/images\/S\/aplus-media-library-service-media\/37050434-3c36-475d-941d-100bba6a1e97.__CR0,0,1464,600_PT0_SX1464_V1___.jpg\"><img decoding=\"async\" alt=\"H\u00e1galo todo, y m\u00e1s r\u00e1pido:\" src=\"https:\/\/m.media-amazon.com\/images\/S\/aplus-media-library-service-media\/37050434-3c36-475d-941d-100bba6a1e97.__CR0,0,1464,600_PT0_SX1464_V1___.jpg\">                                               <\/p>\n<p>                                                                                                       <img decoding=\"async\" alt=\"Regulaci\u00f3n del voltaje integrada\" src=\"https:\/\/images-na.ssl-images-amazon.com\/images\/G\/01\/x-locale\/common\/grey-pixel.gif\" class=\"a-lazy-loaded\" data-src=\"https:\/\/m.media-amazon.com\/images\/S\/aplus-media-library-service-media\/e878c52b-9510-4b7c-8e0e-0934bc931a43.__CR0,0,1464,600_PT0_SX1464_V1___.jpg\"><img decoding=\"async\" alt=\"Regulaci\u00f3n del voltaje integrada\" src=\"https:\/\/m.media-amazon.com\/images\/S\/aplus-media-library-service-media\/e878c52b-9510-4b7c-8e0e-0934bc931a43.__CR0,0,1464,600_PT0_SX1464_V1___.jpg\">                                               <\/p>\n<p>                                                                                                       <img decoding=\"async\" alt=\"Perfiles Intel XMP 3.0 personalizados:\" src=\"https:\/\/images-na.ssl-images-amazon.com\/images\/G\/01\/x-locale\/common\/grey-pixel.gif\" class=\"a-lazy-loaded\" data-src=\"https:\/\/m.media-amazon.com\/images\/S\/aplus-media-library-service-media\/99efbf51-caad-441b-ad14-1ae2ba7ef081.__CR0,0,1464,600_PT0_SX1464_V1___.jpg\"><img decoding=\"async\" alt=\"Perfiles Intel XMP 3.0 personalizados:\" src=\"https:\/\/m.media-amazon.com\/images\/S\/aplus-media-library-service-media\/99efbf51-caad-441b-ad14-1ae2ba7ef081.__CR0,0,1464,600_PT0_SX1464_V1___.jpg\">                                               <\/p>\n<p>                                                                <img decoding=\"async\" alt=\"\" src=\"https:\/\/images-na.ssl-images-amazon.com\/images\/G\/01\/x-locale\/common\/grey-pixel.gif\" class=\"a-lazy-loaded\" data-src=\"https:\/\/m.media-amazon.com\/images\/S\/aplus-media-library-service-media\/7db6efb5-1445-4838-b222-e0d467928e03.__CR0,0,1464,600_PT0_SX1464_V1___.jpg\"><img decoding=\"async\" alt=\"\" src=\"https:\/\/m.media-amazon.com\/images\/S\/aplus-media-library-service-media\/7db6efb5-1445-4838-b222-e0d467928e03.__CR0,0,1464,600_PT0_SX1464_V1___.jpg\">        <\/p>\n<p>                                                                                                       <img decoding=\"async\" alt=\"Formato compacto\" src=\"https:\/\/images-na.ssl-images-amazon.com\/images\/G\/01\/x-locale\/common\/grey-pixel.gif\" class=\"a-lazy-loaded\" data-src=\"https:\/\/m.media-amazon.com\/images\/S\/aplus-media-library-service-media\/93f0c38b-5513-4b07-8c25-707c7b2094b6.__CR0,0,1464,600_PT0_SX1464_V1___.jpg\"><img decoding=\"async\" alt=\"Formato compacto\" src=\"https:\/\/m.media-amazon.com\/images\/S\/aplus-media-library-service-media\/93f0c38b-5513-4b07-8c25-707c7b2094b6.__CR0,0,1464,600_PT0_SX1464_V1___.jpg\">                                               <\/p>\n<p> Product Dimensions                                            \u200f                                            :                                            \u200e                                            13.49 x 0.71 x 3.51 cm; 36.29 g   <br \/> Manufacturer                                            \u200f                                            :                                            \u200e                                            CORSAIR   <br \/> ASIN                                            \u200f                                            :                                            \u200e                                            B0BZHXGYWS   <br \/> Item model number                                            \u200f                                            :                                            \u200e                                            CMK16GX5M2B5200C40   <br \/> Guaranteed software updates until                                            \u200f                                            :                                            \u200e                                            unknown   <br \/>  Customer reviews:                                                                                            4.7               4.7 out of 5 stars                                  (3,324)                                              var dpAcrHasRegisteredArcLinkClickAction;                    P.when(&#8216;A&#8217;, &#8216;ready&#8217;).execute(function(A) {                        if (dpAcrHasRegisteredArcLinkClickAction !== true) {                            dpAcrHasRegisteredArcLinkClickAction = true;                            A.declarative(                                &#8216;acrLink-click-metrics&#8217;, &#8216;click&#8217;,                                { \u00aballowLinkDefault\u00bb: true },                                function (event) {                                    if (window.ue) {                                        ue.count(\u00abacrLinkClickCount\u00bb, (ue.count(\u00abacrLinkClickCount\u00bb) || 0) + 1);                                    }                                }                            );                        }                    });                                             P.when(&#8216;A&#8217;, &#8216;cf&#8217;).execute(function(A) {                A.declarative(&#8216;acrStarsLink-click-metrics&#8217;, &#8216;click&#8217;, { \u00aballowLinkDefault\u00bb : true },  function(event){                    if(window.ue) {                        ue.count(\u00abacrStarsLinkWithPopoverClickCount\u00bb, (ue.count(\u00abacrStarsLinkWithPopoverClickCount\u00bb) || 0) + 1);                    }                });            });                          <\/p>\n<p>Do it all and do it faster: As modern CPUs feature more and more cores, DDR5&#8217;s unprecedented speed ensures your high-end CPU gets data quickly, allowing faster processing, rendering, and buffering than ever before. Built-in voltage regulation: makes it easier, finely tuned and more stable through CORSAIR iCUE software than previous generation board control.RPAD 20232023 Intel XMP 3 Custom Profiles.<br \/>Powerful CORSAIR iCUE software: enables real-time frequency readings, built-in voltage regulation, and custom XMP profiles.<br \/>3. Compact form factor: Low clearance ensures broad compatibility with almost any DDR5 construction.<\/p>\n\n","protected":false},"excerpt":{"rendered":"<p> From the manufacturer The video showcases the product in use.The video guides you through product<\/p>","protected":false},"featured_media":35087,"comment_status":"open","ping_status":"closed","template":"","meta":[],"product_brand":[],"product_cat":[77],"product_tag":[9565,509,1480,4582,1481,4583,307,10001,1372,1478,623,1479,1484,3887,1482,562,1483,10000,587,1487,1486,1489,1657],"class_list":{"0":"post-35086","1":"product","2":"type-product","3":"status-publish","4":"has-post-thumbnail","6":"product_cat-memory-ram","7":"product_tag-1-25v","8":"product_tag-16gb","9":"product_tag-16gb-ram","10":"product_tag-2x8gb","11":"product_tag-32gb-ram","12":"product_tag-5200mts","13":"product_tag-black","14":"product_tag-cmk16gx5m2b5200c40","15":"product_tag-corsair","16":"product_tag-ddr4-ram","17":"product_tag-ddr5","18":"product_tag-ddr5-ram","19":"product_tag-desktop-ram","20":"product_tag-dimm","21":"product_tag-gaming-ram","22":"product_tag-intel","23":"product_tag-laptop-ram","24":"product_tag-memoire","25":"product_tag-ram","26":"product_tag-ram-price","27":"product_tag-rgb-ram","28":"product_tag-vengeance","29":"product_tag-xmp","31":"first","32":"instock","33":"shipping-taxable","34":"product-type-external"},"_links":{"self":[{"href":"https:\/\/comprasyconsejos.store\/en\/wp-json\/wp\/v2\/product\/35086","targetHints":{"allow":["GET"]}}],"collection":[{"href":"https:\/\/comprasyconsejos.store\/en\/wp-json\/wp\/v2\/product"}],"about":[{"href":"https:\/\/comprasyconsejos.store\/en\/wp-json\/wp\/v2\/types\/product"}],"replies":[{"embeddable":true,"href":"https:\/\/comprasyconsejos.store\/en\/wp-json\/wp\/v2\/comments?post=35086"}],"version-history":[{"count":0,"href":"https:\/\/comprasyconsejos.store\/en\/wp-json\/wp\/v2\/product\/35086\/revisions"}],"wp:featuredmedia":[{"embeddable":true,"href":"https:\/\/comprasyconsejos.store\/en\/wp-json\/wp\/v2\/media\/35087"}],"wp:attachment":[{"href":"https:\/\/comprasyconsejos.store\/en\/wp-json\/wp\/v2\/media?parent=35086"}],"wp:term":[{"taxonomy":"product_brand","embeddable":true,"href":"https:\/\/comprasyconsejos.store\/en\/wp-json\/wp\/v2\/product_brand?post=35086"},{"taxonomy":"product_cat","embeddable":true,"href":"https:\/\/comprasyconsejos.store\/en\/wp-json\/wp\/v2\/product_cat?post=35086"},{"taxonomy":"product_tag","embeddable":true,"href":"https:\/\/comprasyconsejos.store\/en\/wp-json\/wp\/v2\/product_tag?post=35086"}],"curies":[{"name":"wp","href":"https:\/\/api.w.org\/{rel}","templated":true}]}}