{"id":35090,"date":"2026-02-26T11:20:34","date_gmt":"2026-02-26T11:20:34","guid":{"rendered":"https:\/\/comprasyconsejos.store\/product\/asus-rog-strix-x870-a-gaming-wifi-amd-atx-motherboard-1622-power-stages-ddr5-4x-m-2-pcie-5-0-next-gen-gpu-support-wifi-7-usb-20gbps-with-pd-3-0-up-to-30w\/"},"modified":"2026-02-26T11:21:00","modified_gmt":"2026-02-26T11:21:00","slug":"asus-rog-strix-x870-a-gaming-wifi-amd-atx-motherboard-1622-power-stages-ddr5-4x-m-2-pcie-5-0-next-gen-gpu-support-wifi-7-usb-20gbps-with-pd-3-0-up-to-30w","status":"publish","type":"product","link":"https:\/\/comprasyconsejos.store\/en\/product\/asus-rog-strix-x870-a-gaming-wifi-amd-atx-motherboard-1622-power-stages-ddr5-4x-m-2-pcie-5-0-next-gen-gpu-support-wifi-7-usb-20gbps-with-pd-3-0-up-to-30w\/","title":{"rendered":"ASUS ROG Strix X870-A Gaming WiFi &#8211; AMD ATX Motherboard, 16+2+2 Power Stages, DDR5, 4X M.2, PCIe 5.0 Next-Gen GPU Support, WiFi 7, USB 20Gbps with PD 3.0 up to 30W"},"content":{"rendered":"<p>Price: <span style=\"color:#b12704\"><del>\u20ac359.90<\/del> - \u20ac338.91<\/span><br \/><i><small>(as of Feb 26, 2026 11:20:34 UTC &#8211; <span class=\"wp_automatic_amazon_disclaimer\" title=\"Product prices and availability are accurate as of the date\/time indicated and are subject to change. Any price and availability information displayed on [relevant Amazon Site(s), as applicable] at the time of purchase will apply to the purchase of this product.\">Details<\/span>)<\/small><\/i><\/p>\n<p><a href=\"https:\/\/amazon.es\/dp\/B0DGQ9PL3G?tag=man008-21\"><img decoding=\"async\" src=\"https:\/\/valvepress.s3.amazonaws.com\/imgs\/buy_now.png\"><\/a><br \/>\n<\/p>\n<p>                                             From the manufacturer   <\/p>\n<p>                                                      <img decoding=\"async\" alt=\"\u3000\" src=\"https:\/\/images-na.ssl-images-amazon.com\/images\/G\/01\/x-locale\/common\/grey-pixel.gif\" class=\"a-spacing-mini a-lazy-loaded\" data-src=\"https:\/\/m.media-amazon.com\/images\/S\/aplus-media-library-service-media\/6784015f-995c-43cb-a0f2-df38478aabe2.__CR0,0,300,400_PT0_SX300_V1___.png\"><img decoding=\"async\" alt=\"\u3000\" src=\"https:\/\/m.media-amazon.com\/images\/S\/aplus-media-library-service-media\/6784015f-995c-43cb-a0f2-df38478aabe2.__CR0,0,300,400_PT0_SX300_V1___.png\">  <\/p>\n<p>                                                              <img decoding=\"async\" alt=\"\u3000\" src=\"https:\/\/images-na.ssl-images-amazon.com\/images\/G\/01\/x-locale\/common\/grey-pixel.gif\" class=\"a-spacing-mini a-lazy-loaded\" data-src=\"https:\/\/m.media-amazon.com\/images\/S\/aplus-media-library-service-media\/b9d349e7-b2df-41dd-bcd8-f3d7567bcda8.__CR0,0,350,175_PT0_SX350_V1___.jpg\"><img decoding=\"async\" alt=\"\u3000\" src=\"https:\/\/m.media-amazon.com\/images\/S\/aplus-media-library-service-media\/b9d349e7-b2df-41dd-bcd8-f3d7567bcda8.__CR0,0,350,175_PT0_SX350_V1___.jpg\">                                                                 <\/p>\n<p class=\"a-spacing-small a-size-small a-color-secondary\"> ASUS es una empresa multinacional establecida en Taiw\u00e1n desde 1989 que dise\u00f1a y fabrica hardware de inform\u00e1tica y electr\u00f3nica de consumo. Dedicada a crear soluciones que proporcionan una vida m\u00e1s inteligente. En ASUS somos unos verdaderos apasionados de la innovaci\u00f3n tecnol\u00f3gica. So\u00f1amos con crear una vida digital sencilla y completa para todos, por eso siempre andamos en busca de nuevas ideas que nos permitan ofrecer las experiencias m\u00e1s incre\u00edbles. <\/p>\n<h3 class=\"a-spacing-mini\"> ROG STRIX X870-A GAMING WIFI <\/h3>\n<p class=\"a-spacing-base\"> ASUS ROG Strix X870-A Gaming WiFi &#8211; placa base AMD ATX, 16+2+2 etapas de potencia, ranuras DDR5, cuatro ranuras M.2, PCIe 5.0 con compatibilidad total con GPU de pr\u00f3xima generaci\u00f3n, WiFi 7 <\/p>\n<p>                                                          Preparado para PC de IA avanzada: Dise\u00f1ados para el futuro de la inform\u00e1tica de IA, con la potencia y la conectividad necesarias para las exigentes aplicaciones de IA.       Z\u00f3calo AMD AM5: Preparado para los procesadores de sobremesa AMD Ryzen series 9000, 8000 y 7000.       Control inteligente: AI Overclocking, AI Cooling II, AI Networking II y AEMP de ASUS para simplificar la configuraci\u00f3n y mejorar el rendimiento.       Tecnolog\u00edas de overclocking ROG Strix: Dynamic OC Switcher, Core Flex, Asynchnorous Clock y PBO Enhancement.       Soluci\u00f3n de alimentaci\u00f3n robusta: Soluci\u00f3n de alimentaci\u00f3n 16+2+2 nominal de 90 A por etapa con conectores de alimentaci\u00f3n dobles ProCool II, bobinas de aleaci\u00f3n y condensadores duraderos.       Dise\u00f1o t\u00e9rmico optimizado: Disipadores masivos puenteados a los VRM con almohadillas t\u00e9rmicas de alta conductividad y una cubierta de E\/S integrada.       Compatible con M.2 de \u00faltima generaci\u00f3n: Dos ranuras M.2 PCIe 5.0 integradas y dos ranuras M.2 PCIe 4.0, todas ellas con importantes soluciones de refrigeraci\u00f3n.       Amplia conectividad: Dos USB Tipo-C a 4 Gbps, conector USB Tipo-C de 20 Gbps frontal, E\/S trasero USB Tipo-C a 10 Gbps y USB Wattage Watcher, cinco USB a 10 Gbps, PCIe 5.0 x16 SafeSlot, puerto HDMI.      <\/p>\n<p class=\"apm-text-center\">\n                                                      <img decoding=\"async\" alt=\"\u3000\" src=\"https:\/\/images-na.ssl-images-amazon.com\/images\/G\/01\/x-locale\/common\/grey-pixel.gif\" class=\"a-spacing-mini a-lazy-loaded\" data-src=\"https:\/\/m.media-amazon.com\/images\/S\/aplus-media-library-service-media\/84d2b9f8-34c5-49ec-85e7-85cab649e5b7.__CR0,0,300,300_PT0_SX300_V1___.png\"><img decoding=\"async\" alt=\"\u3000\" src=\"https:\/\/m.media-amazon.com\/images\/S\/aplus-media-library-service-media\/84d2b9f8-34c5-49ec-85e7-85cab649e5b7.__CR0,0,300,300_PT0_SX300_V1___.png\">  <\/p>\n<p>                                                    AI OVERCLOCKING                                       <\/p>\n<p> ASUS AI Overclocking perfila la CPU y la refrigeraci\u00f3n para predecir la configuraci\u00f3n \u00f3ptima y llevar el sistema al l\u00edmite. Los valores predichos pueden activarse autom\u00e1ticamente o usarse como punto de partida para seguir experimentando. <\/p>\n<p class=\"apm-text-center\">\n                                                      <img decoding=\"async\" alt=\"\u3000\" src=\"https:\/\/images-na.ssl-images-amazon.com\/images\/G\/01\/x-locale\/common\/grey-pixel.gif\" class=\"a-spacing-mini a-lazy-loaded\" data-src=\"https:\/\/m.media-amazon.com\/images\/S\/aplus-media-library-service-media\/43684308-a23e-4a95-991e-0aeca7e49399.__CR0,0,300,300_PT0_SX300_V1___.png\"><img decoding=\"async\" alt=\"\u3000\" src=\"https:\/\/m.media-amazon.com\/images\/S\/aplus-media-library-service-media\/43684308-a23e-4a95-991e-0aeca7e49399.__CR0,0,300,300_PT0_SX300_V1___.png\">  <\/p>\n<p>                                                    AI COOLING II                                       <\/p>\n<p> Equilibra la t\u00e9rmica y la ac\u00fastica de cualquier equipo con un solo clic. Un algoritmo propio de ASUS reduce el ruido innecesario mientras ejecuta una r\u00e1pida prueba de estr\u00e9s y, a continuaci\u00f3n, monitoriza las temperaturas de la CPU para ajustar din\u00e1micamente los ventiladores a las velocidades \u00f3ptimas. <\/p>\n<p class=\"apm-text-center\">\n                                                      <img decoding=\"async\" alt=\"\u3000\" src=\"https:\/\/images-na.ssl-images-amazon.com\/images\/G\/01\/x-locale\/common\/grey-pixel.gif\" class=\"a-spacing-mini a-lazy-loaded\" data-src=\"https:\/\/m.media-amazon.com\/images\/S\/aplus-media-library-service-media\/933f33c7-6f45-410b-8275-e4ce0aa9b187.__CR0,0,300,300_PT0_SX300_V1___.png\"><img decoding=\"async\" alt=\"\u3000\" src=\"https:\/\/m.media-amazon.com\/images\/S\/aplus-media-library-service-media\/933f33c7-6f45-410b-8275-e4ce0aa9b187.__CR0,0,300,300_PT0_SX300_V1___.png\">  <\/p>\n<p>                                                    Traffic Monitor                                       <\/p>\n<p> El Traffic Monitor de Armoury Crate monitoriza el uso actual de tu canal WiFi. Mu\u00e9vete a un canal menos congestionado haciendo clic en el bot\u00f3n \u00abChannel Switch\u00bb* para mejorar el rendimiento de la red. <\/p>\n<p> *La funci\u00f3n \u00abChannel Switch\u00bb requiere el emparejamiento con un router ASUS. Si no est\u00e1 emparejado con un router ASUS, el proceso de cambio de canal se puede realizar en la secci\u00f3n \u00abIP del router\u00bb del Traffic Monitor. <\/p>\n<p class=\"apm-text-center\">\n                                                      <img decoding=\"async\" alt=\"\u3000\" src=\"https:\/\/images-na.ssl-images-amazon.com\/images\/G\/01\/x-locale\/common\/grey-pixel.gif\" class=\"a-spacing-mini a-lazy-loaded\" data-src=\"https:\/\/m.media-amazon.com\/images\/S\/aplus-media-library-service-media\/cf225ec8-7c83-4eb9-a844-c12214e7964a.__CR0,0,300,300_PT0_SX300_V1___.png\"><img decoding=\"async\" alt=\"\u3000\" src=\"https:\/\/m.media-amazon.com\/images\/S\/aplus-media-library-service-media\/cf225ec8-7c83-4eb9-a844-c12214e7964a.__CR0,0,300,300_PT0_SX300_V1___.png\">  <\/p>\n<p>                                                    Fast Check                                       <\/p>\n<p> Fast Check de Armoury Crate permite a los usuarios detectar r\u00e1pidamente la intensidad de la se\u00f1al WiFi. <\/p>\n<p class=\"apm-text-center\">\n                                                      <img decoding=\"async\" alt=\"\u3000\" src=\"https:\/\/images-na.ssl-images-amazon.com\/images\/G\/01\/x-locale\/common\/grey-pixel.gif\" class=\"a-spacing-mini a-lazy-loaded\" data-src=\"https:\/\/m.media-amazon.com\/images\/S\/aplus-media-library-service-media\/9a164c49-96fa-4e1e-89fa-630f70a823ce.__CR0,0,300,300_PT0_SX300_V1___.png\"><img decoding=\"async\" alt=\"\u3000\" src=\"https:\/\/m.media-amazon.com\/images\/S\/aplus-media-library-service-media\/9a164c49-96fa-4e1e-89fa-630f70a823ce.__CR0,0,300,300_PT0_SX300_V1___.png\">  <\/p>\n<p>                                                    EZ PC DIY                                       <\/p>\n<p> RANURA PCIE Q-RELEASE SLIM <\/p>\n<p> Con PCIe Slot Q-Release Slim, basta con inclinar la tarjeta hacia el mecanismo de bloqueo para desbloquearla autom\u00e1ticamente de la ranura PCIe. Esto hace que las actualizaciones y el mantenimiento sean m\u00e1s f\u00e1ciles que nunca. <\/p>\n<p> M.2 Q-Release <\/p>\n<p> El disipador M.2 cuenta con un c\u00f3modo interruptor* para extraerlo r\u00e1pidamente, lo que elimina la necesidad de utilizar peque\u00f1os tornillos durante la instalaci\u00f3n de la SSD. Su fuerte mecanismo de bloqueo tambi\u00e9n proporciona una superficie de contacto ajustada, ayudando a garantizar una disipaci\u00f3n de calor fiable para su SSD. <\/p>\n<p> *El interruptor puede ser una palanca o un bot\u00f3n, seg\u00fan el modelo de placa base. <\/p>\n<p> Nuevo Q-LATCH M.2 <\/p>\n<p> El nuevo dise\u00f1o Q-Latch permite instalar o extraer las unidades SSD M.2 sin necesidad de herramientas con una sola pulsaci\u00f3n. <\/p>\n<p> M.2 Q-Slide <\/p>\n<p> Este nuevo dise\u00f1o de pestillo deslizante M.2 admite los tama\u00f1os 2242, 2260 y 2280 para facilitar la instalaci\u00f3n del dispositivo. <\/p>\n<p class=\"apm-text-center\">\n                                                      <img decoding=\"async\" alt=\"\u3000\" src=\"https:\/\/images-na.ssl-images-amazon.com\/images\/G\/01\/x-locale\/common\/grey-pixel.gif\" class=\"a-spacing-mini a-lazy-loaded\" data-src=\"https:\/\/m.media-amazon.com\/images\/S\/aplus-media-library-service-media\/4da88272-bcb7-46b5-b5e9-7e6dbb1595d5.__CR0,0,300,300_PT0_SX300_V1___.png\"><img decoding=\"async\" alt=\"\u3000\" src=\"https:\/\/m.media-amazon.com\/images\/S\/aplus-media-library-service-media\/4da88272-bcb7-46b5-b5e9-7e6dbb1595d5.__CR0,0,300,300_PT0_SX300_V1___.png\">  <\/p>\n<p>                                                    PCIE 5.0                                       <\/p>\n<p> La Strix X870-A es totalmente compatible con PCIe 5.0. La ranura de expansi\u00f3n x16 superior est\u00e1 preparada para Gen 5 y est\u00e1 protegida con un soporte de retenci\u00f3n SafeSlot para soportar el rodamiento de las tarjetas gr\u00e1ficas m\u00e1s recientes. Dos de las ranuras M.2 de la placa est\u00e1n preparadas para velocidades de lectura y escritura de 16 GB\/s gracias a su interfaz PCIe 5.0, mientras que el resto puede proporcionar transferencias de 8 GB\/s, todav\u00eda impresionantes. Todas las ranuras M.2 est\u00e1n cubiertas con disipadores de calor para disipar el calor de las unidades de pr\u00f3xima generaci\u00f3n. <\/p>\n<p class=\"apm-text-center\">\n                                                      <img decoding=\"async\" alt=\"\u3000\" src=\"https:\/\/images-na.ssl-images-amazon.com\/images\/G\/01\/x-locale\/common\/grey-pixel.gif\" class=\"a-spacing-mini a-lazy-loaded\" data-src=\"https:\/\/m.media-amazon.com\/images\/S\/aplus-media-library-service-media\/174b8d98-a802-4368-8c51-ebc28fa73bba.__CR0,0,300,300_PT0_SX300_V1___.png\"><img decoding=\"async\" alt=\"\u3000\" src=\"https:\/\/m.media-amazon.com\/images\/S\/aplus-media-library-service-media\/174b8d98-a802-4368-8c51-ebc28fa73bba.__CR0,0,300,300_PT0_SX300_V1___.png\">  <\/p>\n<p>                                                    Dise\u00f1o de alimentaci\u00f3n                                       <\/p>\n<p>ARQUITECTURA DE POTENCIA: El VRM dispone de 16+2+2 etapas de potencia, cada una de ellas capaz de manejar hasta 90 amperios.CHOQUES DE ALEACI\u00d3N Y CONDENSADORES DURADEROS: Los choques de alta gama y los condensadores duraderos est\u00e1n dise\u00f1ados para resistir temperaturas extremas, lo que permite un rendimiento que supera los est\u00e1ndares de la industria.CHOQUES DE ALEACI\u00d3N Y CONDENSADORES DURADEROS: Los choques de alta gama y los condensadores duraderos est\u00e1n dise\u00f1ados para resistir temperaturas extremas, lo que permite un rendimiento que supera los est\u00e1ndares de la industria.PCB DE OCHO CAPAS: Un dise\u00f1o de placa de circuito impreso de varias capas disipa r\u00e1pidamente el calor alrededor de los reguladores de voltaje para mejorar la estabilidad general del sistema y proporcionar a la CPU m\u00e1s margen de overclocking.     <\/p>\n<p class=\"apm-text-center\">\n                                                      <img decoding=\"async\" alt=\"\u3000\" src=\"https:\/\/images-na.ssl-images-amazon.com\/images\/G\/01\/x-locale\/common\/grey-pixel.gif\" class=\"a-spacing-mini a-lazy-loaded\" data-src=\"https:\/\/m.media-amazon.com\/images\/S\/aplus-media-library-service-media\/d5c5b93a-5cb0-4a7e-be28-a39a6fff82ae.__CR0,0,300,300_PT0_SX300_V1___.png\"><img decoding=\"async\" alt=\"\u3000\" src=\"https:\/\/m.media-amazon.com\/images\/S\/aplus-media-library-service-media\/d5c5b93a-5cb0-4a7e-be28-a39a6fff82ae.__CR0,0,300,300_PT0_SX300_V1___.png\">  <\/p>\n<p>                                                    REFRIGERACI\u00d3N                                       <\/p>\n<p>Disipador t\u00e9rmico VRM: Dos gruesos disipadores t\u00e9rmicos VRM est\u00e1n conectados por un tubo de calor, compartiendo la capacidad de enfriamiento entre los VRM y proporcionando una amplia \u00e1rea de superficie y masa para manejar las necesidades de energ\u00eda de los procesadores AMD Ryzen Serie 9000 de alto rendimiento.Almohadillas t\u00e9rmicas de alta conductividad: Se utilizan almohadillas t\u00e9rmicas de alta calidad entre las etapas de potencia y los disipadores, lo que ayuda a mejorar la transferencia de calor y reducir las temperaturas de funcionamiento del VRM.PLACA POSTERIOR M.2: Una placa posterior integrada ayuda a garantizar que las unidades de alto rendimiento puedan ofrecer el m\u00e1ximo rendimiento, incluso cuando el flujo de aire est\u00e1 restringido.DISIPADORES M.2: Los disipadores t\u00e9rmicos cubren cada ranura para ayudar a mantener las SSD NVME integradas a temperaturas \u00f3ptimas para un rendimiento y fiabilidad constantes.     <\/p>\n<p class=\"apm-text-center\">\n                                                      <img decoding=\"async\" alt=\"\u3000\" src=\"https:\/\/images-na.ssl-images-amazon.com\/images\/G\/01\/x-locale\/common\/grey-pixel.gif\" class=\"a-spacing-mini a-lazy-loaded\" data-src=\"https:\/\/m.media-amazon.com\/images\/S\/aplus-media-library-service-media\/98c3bebe-e8cb-40c7-bfc4-2235e6e0f4ec.__CR0,0,300,300_PT0_SX300_V1___.png\"><img decoding=\"async\" alt=\"\u3000\" src=\"https:\/\/m.media-amazon.com\/images\/S\/aplus-media-library-service-media\/98c3bebe-e8cb-40c7-bfc4-2235e6e0f4ec.__CR0,0,300,300_PT0_SX300_V1___.png\">  <\/p>\n<p>                                                    RED                                       <\/p>\n<p>WiFi 7: la revolucionaria WiFi 7 es hasta 4,8 veces m\u00e1s r\u00e1pida que la WiFi 6*, gracias a tecnolog\u00edas como canales de 320 MHz** en la banda de 6 GHz y 4K QAM*. Multi-Link Operation (MLO) proporciona una conexi\u00f3n WiFi m\u00e1s estable y una latencia m\u00e1s baja, desbloqueando los reinos de lo desconocido en juegos, streaming e IoT industrial.Ethernet Intel de 2,5 Gb: La Ethernet Intel de 2,5 Gb integrada da un impulso a tu conexi\u00f3n por cable, con velocidades 2,5 veces superiores a las de las conexiones Ethernet est\u00e1ndar para transferencias de archivos r\u00e1pidas, juegos de baja latencia y streaming de v\u00eddeo de alta resoluci\u00f3n.* Las funciones WiFi 7 requieren chipset WiFi integrado, punto de acceso WiFi y sistemas operativos compatibles con WiFi 7 para admitir las funciones correspondientes. Los canales de 320 MHz en la banda de 6 GHz pueden no estar disponibles en algunas regiones\/pa\u00edses debido a restricciones normativas. ** Las especificaciones var\u00edan seg\u00fan el modelo.     <\/p>\n<p> Product Dimensions                                            \u200f                                            :                                            \u200e                                            35.3 x 27.3 x 6.8 cm; 1.8 kg   <br \/> Manufacturer                                            \u200f                                            :                                            \u200e                                            ASUS   <br \/> ASIN                                            \u200f                                            :                                            \u200e                                            B0DGQ9PL3G   <br \/> Item model number                                            \u200f                                            :                                            \u200e                                            90MB1IF0-M0EAY0   <br \/> Guaranteed software updates until                                            \u200f                                            :                                            \u200e                                            unknown   <br \/>  Customer reviews:                                                                                            4.0               4.0 out of 5 stars                                  (489)                                              var dpAcrHasRegisteredArcLinkClickAction;                    P.when(&#8216;A&#8217;, &#8216;ready&#8217;).execute(function(A) {                        if (dpAcrHasRegisteredArcLinkClickAction !== true) {                            dpAcrHasRegisteredArcLinkClickAction = true;                            A.declarative(                                &#8216;acrLink-click-metrics&#8217;, &#8216;click&#8217;,                                { \u00aballowLinkDefault\u00bb: true },                                function (event) {                                    if (window.ue) {                                        ue.count(\u00abacrLinkClickCount\u00bb, (ue.count(\u00abacrLinkClickCount\u00bb) || 0) + 1);                                    }                                }                            );                        }                    });                                             P.when(&#8216;A&#8217;, &#8216;cf&#8217;).execute(function(A) {                A.declarative(&#8216;acrStarsLink-click-metrics&#8217;, &#8216;click&#8217;, { \u00aballowLinkDefault\u00bb : true },  function(event){                    if(window.ue) {                        ue.count(\u00abacrStarsLinkWithPopoverClickCount\u00bb, (ue.count(\u00abacrStarsLinkWithPopoverClickCount\u00bb) || 0) + 1);                    }                });            });                          <\/p>\n<p>Ready for advanced AI computing: Designed for the future of AI computing, with the power and connectivity needed for the most demanding AI applications<br \/>AMD AM5 Socket: Ready for AMD Ryzen 9000, 8000 and 7000 series desktop processors<br \/>Intelligent control: ASUS exclusive AI Overclocking, AI Cooling II, AI Networking II, and AEMP to simplify setup and improve performance<br \/>ROG Strix Overclocking Technologies: Dynamic OC Switcher, Core Flex, Asynchnorous Clock and PBO Enhancement<br \/>Robust Power Solution: 16+2+2 power solution rated at 90A per stage with dual ProCool II power connectors, high-quality alloy coils and durable capacitors compatible with multi-core processors.<\/p>\n\n","protected":false},"excerpt":{"rendered":"<p> From the manufacturer ASUS es una empresa multinacional establecida en Taiw\u00e1n desde 1989 que dise\u00f1a<\/p>","protected":false},"featured_media":35091,"comment_status":"open","ping_status":"closed","template":"","meta":[],"product_brand":[],"product_cat":[78],"product_tag":[5248,7094,530,1447,850,1458,1444,1445,1451,623,1449,617,1443,599,1448,1119,1442,3110,624,143,1293,1462,1294,1098,133,543,1450,1744,1446],"class_list":{"0":"post-35090","1":"product","2":"type-product","3":"status-publish","4":"has-post-thumbnail","6":"product_cat-motherboards","7":"product_tag-20gbps","8":"product_tag-30w","9":"product_tag-amd","10":"product_tag-amd-motherboard","11":"product_tag-asus","12":"product_tag-atx","13":"product_tag-atx-motherboard","14":"product_tag-b550-motherboard","15":"product_tag-best-motherboard","16":"product_tag-ddr5","17":"product_tag-ddr5-motherboard","18":"product_tag-gaming","19":"product_tag-gaming-motherboard","20":"product_tag-gpu","21":"product_tag-intel-motherboard","22":"product_tag-m-2","23":"product_tag-motherboard","24":"product_tag-nextgen","25":"product_tag-pcie","26":"product_tag-power","27":"product_tag-rog","28":"product_tag-stages","29":"product_tag-strix","30":"product_tag-support","31":"product_tag-usb","32":"product_tag-wifi","33":"product_tag-wifi-motherboard","34":"product_tag-x870a","35":"product_tag-z790-motherboard","37":"first","38":"instock","39":"sale","40":"shipping-taxable","41":"product-type-external"},"_links":{"self":[{"href":"https:\/\/comprasyconsejos.store\/en\/wp-json\/wp\/v2\/product\/35090","targetHints":{"allow":["GET"]}}],"collection":[{"href":"https:\/\/comprasyconsejos.store\/en\/wp-json\/wp\/v2\/product"}],"about":[{"href":"https:\/\/comprasyconsejos.store\/en\/wp-json\/wp\/v2\/types\/product"}],"replies":[{"embeddable":true,"href":"https:\/\/comprasyconsejos.store\/en\/wp-json\/wp\/v2\/comments?post=35090"}],"version-history":[{"count":0,"href":"https:\/\/comprasyconsejos.store\/en\/wp-json\/wp\/v2\/product\/35090\/revisions"}],"wp:featuredmedia":[{"embeddable":true,"href":"https:\/\/comprasyconsejos.store\/en\/wp-json\/wp\/v2\/media\/35091"}],"wp:attachment":[{"href":"https:\/\/comprasyconsejos.store\/en\/wp-json\/wp\/v2\/media?parent=35090"}],"wp:term":[{"taxonomy":"product_brand","embeddable":true,"href":"https:\/\/comprasyconsejos.store\/en\/wp-json\/wp\/v2\/product_brand?post=35090"},{"taxonomy":"product_cat","embeddable":true,"href":"https:\/\/comprasyconsejos.store\/en\/wp-json\/wp\/v2\/product_cat?post=35090"},{"taxonomy":"product_tag","embeddable":true,"href":"https:\/\/comprasyconsejos.store\/en\/wp-json\/wp\/v2\/product_tag?post=35090"}],"curies":[{"name":"wp","href":"https:\/\/api.w.org\/{rel}","templated":true}]}}