{"id":35111,"date":"2026-02-26T11:44:08","date_gmt":"2026-02-26T11:44:08","guid":{"rendered":"https:\/\/comprasyconsejos.store\/product\/corsair-pcie-5-x-180-12v-2x6-gpu-power-bridge-for-nvidia-geforce-rtx-series-40-and-50-graphics-cards-optimize-cable-management-model-a-white\/"},"modified":"2026-02-26T11:44:14","modified_gmt":"2026-02-26T11:44:14","slug":"corsair-pcie-5-x-180-12v-2x6-gpu-power-bridge-for-nvidia-geforce-rtx-series-40-and-50-graphics-cards-optimize-cable-management-model-a-white","status":"publish","type":"product","link":"https:\/\/comprasyconsejos.store\/en\/product\/corsair-pcie-5-x-180-12v-2x6-gpu-power-bridge-for-nvidia-geforce-rtx-series-40-and-50-graphics-cards-optimize-cable-management-model-a-white\/","title":{"rendered":"Corsair PCIe 5.x 180\u00b0 12V-2&#215;6 GPU Power Bridge \u2013 for NVIDIA GeForce RTX Series 40 and 50 Graphics Cards \u2013 Optimize Cable Management \u2013 Model A \u2013 White"},"content":{"rendered":"<p>Price: <span style=\"color:#b12704\">\u20ac16.90<\/span><br \/><i><small>(as of Feb 26, 2026 11:44:08 UTC &#8211; <span class=\"wp_automatic_amazon_disclaimer\" title=\"Product prices and availability are accurate as of the date\/time indicated and are subject to change. Any price and availability information displayed on [relevant Amazon Site(s), as applicable] at the time of purchase will apply to the purchase of this product.\">Details<\/span>)<\/small><\/i><\/p>\n<p><a href=\"https:\/\/amazon.es\/dp\/B0F6VM3YTP?tag=man008-21\"><img decoding=\"async\" src=\"https:\/\/valvepress.s3.amazonaws.com\/imgs\/buy_now.png\"><\/a><br \/>\n<\/p>\n<p>                                             From the manufacturer   <\/p>\n<p>                                                                                                       <img decoding=\"async\" alt=\"El texto dice \u00abCORSAIR\u00bb, \u00abPCIe 5.1 180\u00b0\u00bb, \u00ab12V-2x8\u00bb, \u00abFUENTE DE ALIMENTACI\u00d3N GPU\u00bb. Diagrama t\u00e9cnico del producto que muestra los dise\u00f1os y especificaciones de los conectores de la fuente de alimentaci\u00f3n de un ordenador.\" src=\"https:\/\/images-na.ssl-images-amazon.com\/images\/G\/01\/x-locale\/common\/grey-pixel.gif\" class=\"a-lazy-loaded\" data-src=\"https:\/\/m.media-amazon.com\/images\/S\/aplus-media-library-service-media\/9e16b70c-7cd1-4bd6-a819-4fa2aded7c34.__CR0,0,1464,600_PT0_SX1464_V1___.jpg\"><img decoding=\"async\" alt=\"El texto dice \u00abCORSAIR\u00bb, \u00abPCIe 5.1 180\u00b0\u00bb, \u00ab12V-2x8\u00bb, \u00abFUENTE DE ALIMENTACI\u00d3N GPU\u00bb. Diagrama t\u00e9cnico del producto que muestra los dise\u00f1os y especificaciones de los conectores de la fuente de alimentaci\u00f3n de un ordenador.\" src=\"https:\/\/m.media-amazon.com\/images\/S\/aplus-media-library-service-media\/9e16b70c-7cd1-4bd6-a819-4fa2aded7c34.__CR0,0,1464,600_PT0_SX1464_V1___.jpg\">                                               <\/p>\n<p>                                                                                                       <img decoding=\"async\" alt=\"El texto dice \u00abPROTEJA SU SISTEMA\u00bb. Cartel de marketing de color azul oscuro que muestra la instalaci\u00f3n de equipos o maquinaria industrial en segundo plano.\" src=\"https:\/\/images-na.ssl-images-amazon.com\/images\/G\/01\/x-locale\/common\/grey-pixel.gif\" class=\"a-lazy-loaded\" data-src=\"https:\/\/m.media-amazon.com\/images\/S\/aplus-media-library-service-media\/50555452-0978-4119-b16f-78c725614a27.__CR0,0,1464,600_PT0_SX1464_V1___.jpg\"><img decoding=\"async\" alt=\"El texto dice \u00abPROTEJA SU SISTEMA\u00bb. Cartel de marketing de color azul oscuro que muestra la instalaci\u00f3n de equipos o maquinaria industrial en segundo plano.\" src=\"https:\/\/m.media-amazon.com\/images\/S\/aplus-media-library-service-media\/50555452-0978-4119-b16f-78c725614a27.__CR0,0,1464,600_PT0_SX1464_V1___.jpg\">                                               <\/p>\n<p>                                                                                                       <img decoding=\"async\" alt=\"El texto dice &amp;#39;ESTILO A&amp;#39;, &amp;#39;ESTILO B&amp;#39;, &amp;#39;\u00bfCU\u00c1L ES LA DIFERENCIA?&amp;#39; Imagen comparativa que muestra dos dispositivos electr\u00f3nicos similares con ligeras variaciones en su dise\u00f1o y componentes.\" src=\"https:\/\/images-na.ssl-images-amazon.com\/images\/G\/01\/x-locale\/common\/grey-pixel.gif\" class=\"a-lazy-loaded\" data-src=\"https:\/\/m.media-amazon.com\/images\/S\/aplus-media-library-service-media\/0aea2c5e-ece6-4053-bca9-0776e3950b7c.__CR0,0,1464,600_PT0_SX1464_V1___.jpg\"><img decoding=\"async\" alt=\"El texto dice &amp;#39;ESTILO A&amp;#39;, &amp;#39;ESTILO B&amp;#39;, &amp;#39;\u00bfCU\u00c1L ES LA DIFERENCIA?&amp;#39; Imagen comparativa que muestra dos dispositivos electr\u00f3nicos similares con ligeras variaciones en su dise\u00f1o y componentes.\" src=\"https:\/\/m.media-amazon.com\/images\/S\/aplus-media-library-service-media\/0aea2c5e-ece6-4053-bca9-0776e3950b7c.__CR0,0,1464,600_PT0_SX1464_V1___.jpg\">                                               <\/p>\n<p>                                                                                                       <img decoding=\"async\" alt=\"El texto dice \u00abALTA COMPATIBILIDAD\u00bb. Demostraci\u00f3n del producto que muestra un dispositivo electr\u00f3nico o adaptador blanco con m\u00faltiples opciones de conexi\u00f3n.\" src=\"https:\/\/images-na.ssl-images-amazon.com\/images\/G\/01\/x-locale\/common\/grey-pixel.gif\" class=\"a-lazy-loaded\" data-src=\"https:\/\/m.media-amazon.com\/images\/S\/aplus-media-library-service-media\/de4deb5b-d768-4fde-a7df-1aca5cef333f.__CR0,0,1464,600_PT0_SX1464_V1___.jpg\"><img decoding=\"async\" alt=\"El texto dice \u00abALTA COMPATIBILIDAD\u00bb. Demostraci\u00f3n del producto que muestra un dispositivo electr\u00f3nico o adaptador blanco con m\u00faltiples opciones de conexi\u00f3n.\" src=\"https:\/\/m.media-amazon.com\/images\/S\/aplus-media-library-service-media\/de4deb5b-d768-4fde-a7df-1aca5cef333f.__CR0,0,1464,600_PT0_SX1464_V1___.jpg\">                                               <\/p>\n<p class=\"description\"> El puente de alimentaci\u00f3n para GPU CORSAIR PCIe 5.x 12V-2&#215;6 es un accesorio imprescindible entre quienes desean actualizar su configuraci\u00f3n de tarjetas gr\u00e1ficas para trabajar o jugar, incluidas las \u00faltimas GPU NVIDIA GeForce RTX de las series 40 y 50. Su dise\u00f1o de 180\u00b0 es ideal para espacios reducidos, ya que permite organizar los cables de un modo impecable sin que presionen contra el lateral del chasis. Fabricado con materiales aptos para soportar temperaturas de hasta 105\u00b0C, este adaptador est\u00e1 hecho para durar. Al ser compatible con una gran variedad de tarjetas gr\u00e1ficas, se trata de una soluci\u00f3n pensada para durar muchos a\u00f1os. <\/p>\n<p> Language                                            \u200f                                            :                                            \u200e                                            English, English, English, English, English   <br \/> Product Dimensions                                            \u200f                                            :                                            \u200e                                            3.7 x 3 x 0.1 cm; 14 g   <br \/> Manufacturer                                            \u200f                                            :                                            \u200e                                            Corsair   <br \/> ASIN                                            \u200f                                            :                                            \u200e                                            B0F6VM3YTP   <br \/> Item model number                                            \u200f                                            :                                            \u200e                                            CP-8920370   <br \/> Country of origin                                            \u200f                                            :                                            \u200e                                            China   <br \/> Guaranteed software updates until                                            \u200f                                            :                                            \u200e                                            unknown   <br \/>  Customer reviews:                                                                                            3.8               3.8 out of 5 stars                                  (43)                                              var dpAcrHasRegisteredArcLinkClickAction;                    P.when(&#8216;A&#8217;, &#8216;ready&#8217;).execute(function(A) {                        if (dpAcrHasRegisteredArcLinkClickAction !== true) {                            dpAcrHasRegisteredArcLinkClickAction = true;                            A.declarative(                                &#8216;acrLink-click-metrics&#8217;, &#8216;click&#8217;,                                { \u00aballowLinkDefault\u00bb: true },                                function (event) {                                    if (window.ue) {                                        ue.count(\u00abacrLinkClickCount\u00bb, (ue.count(\u00abacrLinkClickCount\u00bb) || 0) + 1);                                    }                                }                            );                        }                    });                                             P.when(&#8216;A&#8217;, &#8216;cf&#8217;).execute(function(A) {                A.declarative(&#8216;acrStarsLink-click-metrics&#8217;, &#8216;click&#8217;, { \u00aballowLinkDefault\u00bb : true },  function(event){                    if(window.ue) {                        ue.count(\u00abacrStarsLinkWithPopoverClickCount\u00bb, (ue.count(\u00abacrStarsLinkWithPopoverClickCount\u00bb) || 0) + 1);                    }                });            });                          <\/p>\n<p>180\u00b0 Cable Routing for 12V-2&#215;6 GPU: Finish off cable placement to a PCIe 5.x 12V-2&#215;6 GPU with a 180\u00b0 closed bend<br \/>Debugged aesthetics: Prevents the power cable from pressing the chassis side panel for a more refined design without strain on the components<br \/>High thermal resistance: Capable of withstanding temperatures up to 105\u00b0C for reliable use even with the most consuming graphics cards<\/p>\n\n","protected":false},"excerpt":{"rendered":"<p> From the manufacturer El puente de alimentaci\u00f3n para GPU CORSAIR PCIe 5.x 12V-2&#215;6 es un<\/p>","protected":false},"featured_media":35112,"comment_status":"open","ping_status":"closed","template":"","meta":[],"product_brand":[],"product_cat":[75],"product_tag":[1506,10002,1432,1427,1433,4890,182,1586,1372,1428,620,599,644,1425,2962,1170,821,1426,10003,624,143,621,1429,1430,1431,361,205],"class_list":{"0":"post-35111","1":"product","2":"type-product","3":"status-publish","4":"has-post-thumbnail","6":"product_cat-graphics-cards","7":"product_tag-12v2x6","8":"product_tag-5-x","9":"product_tag-8gb-graphics-card","10":"product_tag-amd-radeon-gpu","11":"product_tag-best-gpu","12":"product_tag-bridge","13":"product_tag-cable","14":"product_tag-cards","15":"product_tag-corsair","16":"product_tag-gaming-graphics-card","17":"product_tag-geforce","18":"product_tag-gpu","19":"product_tag-graphics","20":"product_tag-graphics-card","21":"product_tag-management","22":"product_tag-model","23":"product_tag-nvidia","24":"product_tag-nvidia-rtx-graphics-card","25":"product_tag-optimize","26":"product_tag-pcie","27":"product_tag-power","28":"product_tag-rtx","29":"product_tag-rtx-4060","30":"product_tag-rtx-4070","31":"product_tag-rtx-4080","32":"product_tag-series","33":"product_tag-white","35":"first","36":"instock","37":"shipping-taxable","38":"product-type-external"},"_links":{"self":[{"href":"https:\/\/comprasyconsejos.store\/en\/wp-json\/wp\/v2\/product\/35111","targetHints":{"allow":["GET"]}}],"collection":[{"href":"https:\/\/comprasyconsejos.store\/en\/wp-json\/wp\/v2\/product"}],"about":[{"href":"https:\/\/comprasyconsejos.store\/en\/wp-json\/wp\/v2\/types\/product"}],"replies":[{"embeddable":true,"href":"https:\/\/comprasyconsejos.store\/en\/wp-json\/wp\/v2\/comments?post=35111"}],"version-history":[{"count":0,"href":"https:\/\/comprasyconsejos.store\/en\/wp-json\/wp\/v2\/product\/35111\/revisions"}],"wp:featuredmedia":[{"embeddable":true,"href":"https:\/\/comprasyconsejos.store\/en\/wp-json\/wp\/v2\/media\/35112"}],"wp:attachment":[{"href":"https:\/\/comprasyconsejos.store\/en\/wp-json\/wp\/v2\/media?parent=35111"}],"wp:term":[{"taxonomy":"product_brand","embeddable":true,"href":"https:\/\/comprasyconsejos.store\/en\/wp-json\/wp\/v2\/product_brand?post=35111"},{"taxonomy":"product_cat","embeddable":true,"href":"https:\/\/comprasyconsejos.store\/en\/wp-json\/wp\/v2\/product_cat?post=35111"},{"taxonomy":"product_tag","embeddable":true,"href":"https:\/\/comprasyconsejos.store\/en\/wp-json\/wp\/v2\/product_tag?post=35111"}],"curies":[{"name":"wp","href":"https:\/\/api.w.org\/{rel}","templated":true}]}}