{"id":35145,"date":"2026-02-26T12:10:48","date_gmt":"2026-02-26T12:10:48","guid":{"rendered":"https:\/\/comprasyconsejos.store\/product\/pista-coches-flexible-pista-de-coches-para-ninos-pista-de-carreras-portatil-para-ninos-diy-pista-de-carreras-portatil-de-juguete-rampa-circuito-de-carreras-dual-regalo-para-nino-y-ninas\/"},"modified":"2026-02-26T12:10:48","modified_gmt":"2026-02-26T12:10:48","slug":"pista-coches-flexible-pista-de-coches-para-ninos-pista-de-carreras-portatil-para-ninos-diy-pista-de-carreras-portatil-de-juguete-rampa-circuito-de-carreras-dual-regalo-para-nino-y-ninas","status":"publish","type":"product","link":"https:\/\/comprasyconsejos.store\/en\/product\/pista-coches-flexible-pista-de-coches-para-ninos-pista-de-carreras-portatil-para-ninos-diy-pista-de-carreras-portatil-de-juguete-rampa-circuito-de-carreras-dual-regalo-para-nino-y-ninas\/","title":{"rendered":"Pista Coches Flexible, Pista de Coches para Ni\u00f1os, Pista De Carreras Port\u00e1til para Ni\u00f1os, DIY Pista de Carreras Port\u00e1til de Juguete, Rampa Circuito de Carreras Dual, Regalo para Ni\u00f1o y Ni\u00f1as"},"content":{"rendered":"<p>&#8211; \u2705\u3010Material premium\u3011 Pista coches hip\u00f3dromo est\u00e1 hecho de material de PVC grueso a prueba de ni\u00f1os y es extremadamente duradero y altamente flexible. Es resistente a desgarros y roturas, incluso en juegos salvajes. La autopista doble se puede enrollar perfectamente y ahorrar espacio, lo que permite que la diversi\u00f3n se mantenga limpia y sencilla.<br \/>\n&#8211; \u2705\u3010El juego incluye\u3011 Incluye una pista de carreras de doble pista de 4,6 metros de largo, 4 coches de juguete, 3 conectores, un colgador de pared, 4 ventosas y un gancho. Adopta un dise\u00f1o cl\u00e1sico de dos colores Amarillo y Verde. Es sencillo de instalar y quitar.<br \/>\n&#8211; \u2705\u3010Mejora la Destreza Manual y la Creatividad\u3011 Al construir pistas de carreras, ajustar la altura de las rampas y dise\u00f1ar plataformas de salto, los ni\u00f1os no solo perfeccionan su coordinaci\u00f3n mano-ojo, sino que tambi\u00e9n cultivan la conciencia espacial y la capacidad de resolver problemas. Cada reconstrucci\u00f3n de la pista supone un nuevo reto para su creatividad y sus habilidades pr\u00e1cticas.<br \/>\n&#8211; \u2705\u3010Rampa Circuito de Carreras Dual\u3011 Este port\u00e1til circuito coches puede ser compatible con miniautos, camiones, autobuses, trenes, etc., lo que brinda a los usuarios m\u00e1s formas de jugar. Ya sea carreras de velocidad o aventuras creativas, esta pista vers\u00e1til permite a los usuarios probar diferentes veh\u00edculos y dise\u00f1ar sus desaf\u00edos de carreras con amigos para una experiencia de juego de carreras r\u00e1pida y emocionante.<br \/>\n&#8211; \u2705\u3010Amplia gama de usos\u3011 Nuestra carretera flexible para ni\u00f1os se adhiere firmemente a superficies lisas (ventanas, espejos, neveras), se puede enrollar f\u00e1cilmente y, por lo tanto, es port\u00e1til. Utiliza esta autopista en interiores, en parques, en la playa o en las escaleras para un juego ininterrumpido.<\/p>","protected":false},"excerpt":{"rendered":"<p>&#8211; \u2705\u3010Material premium\u3011 Pista coches hip\u00f3dromo est\u00e1 hecho de material de PVC grueso a prueba de ni\u00f1os y es extremadamente<\/p>","protected":false},"featured_media":35144,"comment_status":"open","ping_status":"closed","template":"","meta":[],"product_brand":[],"product_cat":[101],"product_tag":[],"class_list":{"0":"post-35145","1":"product","2":"type-product","3":"status-publish","4":"has-post-thumbnail","6":"product_cat-accessories","8":"first","9":"instock","10":"shipping-taxable","11":"product-type-external"},"_links":{"self":[{"href":"https:\/\/comprasyconsejos.store\/en\/wp-json\/wp\/v2\/product\/35145","targetHints":{"allow":["GET"]}}],"collection":[{"href":"https:\/\/comprasyconsejos.store\/en\/wp-json\/wp\/v2\/product"}],"about":[{"href":"https:\/\/comprasyconsejos.store\/en\/wp-json\/wp\/v2\/types\/product"}],"replies":[{"embeddable":true,"href":"https:\/\/comprasyconsejos.store\/en\/wp-json\/wp\/v2\/comments?post=35145"}],"version-history":[{"count":0,"href":"https:\/\/comprasyconsejos.store\/en\/wp-json\/wp\/v2\/product\/35145\/revisions"}],"wp:featuredmedia":[{"embeddable":true,"href":"https:\/\/comprasyconsejos.store\/en\/wp-json\/wp\/v2\/media\/35144"}],"wp:attachment":[{"href":"https:\/\/comprasyconsejos.store\/en\/wp-json\/wp\/v2\/media?parent=35145"}],"wp:term":[{"taxonomy":"product_brand","embeddable":true,"href":"https:\/\/comprasyconsejos.store\/en\/wp-json\/wp\/v2\/product_brand?post=35145"},{"taxonomy":"product_cat","embeddable":true,"href":"https:\/\/comprasyconsejos.store\/en\/wp-json\/wp\/v2\/product_cat?post=35145"},{"taxonomy":"product_tag","embeddable":true,"href":"https:\/\/comprasyconsejos.store\/en\/wp-json\/wp\/v2\/product_tag?post=35145"}],"curies":[{"name":"wp","href":"https:\/\/api.w.org\/{rel}","templated":true}]}}