{"id":35146,"date":"2026-02-26T12:10:50","date_gmt":"2026-02-26T12:10:50","guid":{"rendered":"https:\/\/comprasyconsejos.store\/product\/steelseries-arctis-nova-3-wired-gaming-headset-multisystem-hi-fi-controllers-360-spatial-audio-rgb-lights-memory-foam-pads-ultralight-pc-ps5-ps4-switch\/"},"modified":"2026-02-26T12:11:08","modified_gmt":"2026-02-26T12:11:08","slug":"steelseries-arctis-nova-3-wired-gaming-headset-multisystem-hi-fi-controllers-360-spatial-audio-rgb-lights-memory-foam-pads-ultralight-pc-ps5-ps4-switch","status":"publish","type":"product","link":"https:\/\/comprasyconsejos.store\/en\/product\/steelseries-arctis-nova-3-wired-gaming-headset-multisystem-hi-fi-controllers-360-spatial-audio-rgb-lights-memory-foam-pads-ultralight-pc-ps5-ps4-switch\/","title":{"rendered":"SteelSeries Arctis Nova 3 &#8211; Wired Gaming Headset Multisystem &#8211; Hi-Fi Controllers &#8211; 360\u00b0 Spatial Audio &#8211; RGB Lights &#8211; Memory Foam Pads &#8211; Ultralight &#8211; PC, PS5, PS4, Switch"},"content":{"rendered":"<p>Price: <span style=\"color:#b12704\"><del>\u20ac109.99<\/del> - \u20ac79.99<\/span><br \/><i><small>(as of Feb 26, 2026 12:10:50 UTC &#8211; <span class=\"wp_automatic_amazon_disclaimer\" title=\"Product prices and availability are accurate as of the date\/time indicated and are subject to change. Any price and availability information displayed on [relevant Amazon Site(s), as applicable] at the time of purchase will apply to the purchase of this product.\">Details<\/span>)<\/small><\/i><\/p>\n<p><a href=\"https:\/\/amazon.es\/dp\/B0B7X65SX2?tag=man008-21\"><img decoding=\"async\" src=\"https:\/\/valvepress.s3.amazonaws.com\/imgs\/buy_now.png\"><\/a><br \/>\n<\/p>\n<p>                                             From the brand   <\/p>\n<p>                                              <img decoding=\"async\" alt=\"El texto dice \u00abSteelseries FOR GLORY\u00bb con dos insignias circulares en forma de medalla, una con la leyenda \u00abPREMIADO COMO NING\u00daN\u00bb y la otra con la inscripci\u00f3n \u00abOTRO\u00bb.\" src=\"https:\/\/images-na.ssl-images-amazon.com\/images\/G\/01\/x-locale\/common\/grey-pixel.gif\" class=\"a-lazy-loaded\" data-src=\"https:\/\/m.media-amazon.com\/images\/S\/aplus-media-library-service-media\/63e31174-6f47-4f0f-b4e7-6702f84db9ae.__CR0,0,1464,625_PT0_SX1464_V1___.jpg\"><img decoding=\"async\" alt=\"El texto dice \u00abSteelseries FOR GLORY\u00bb con dos insignias circulares en forma de medalla, una con la leyenda \u00abPREMIADO COMO NING\u00daN\u00bb y la otra con la inscripci\u00f3n \u00abOTRO\u00bb.\" src=\"https:\/\/m.media-amazon.com\/images\/S\/aplus-media-library-service-media\/63e31174-6f47-4f0f-b4e7-6702f84db9ae.__CR0,0,1464,625_PT0_SX1464_V1___.jpg\">  <\/p>\n<p>                                              <img decoding=\"async\" alt=\"El texto dice \u00abUN LARGO HISTORIAL DE PRIMERAS VECES\u00bb seguido de varias vi\u00f1etas sobre los logros de los videojuegos en espa\u00f1ol. Fondo negro con dise\u00f1o de texto amarillo.\" src=\"https:\/\/images-na.ssl-images-amazon.com\/images\/G\/01\/x-locale\/common\/grey-pixel.gif\" class=\"a-lazy-loaded\" data-src=\"https:\/\/m.media-amazon.com\/images\/S\/aplus-media-library-service-media\/f3c9bc8e-41ff-48e1-8688-074dfac94628.__CR8,0,362,453_PT0_SX362_V1___.jpg\"><img decoding=\"async\" alt=\"El texto dice \u00abUN LARGO HISTORIAL DE PRIMERAS VECES\u00bb seguido de varias vi\u00f1etas sobre los logros de los videojuegos en espa\u00f1ol. Fondo negro con dise\u00f1o de texto amarillo.\" src=\"https:\/\/m.media-amazon.com\/images\/S\/aplus-media-library-service-media\/f3c9bc8e-41ff-48e1-8688-074dfac94628.__CR8,0,362,453_PT0_SX362_V1___.jpg\">  <\/p>\n<p>                                              <img decoding=\"async\" alt=\"El texto dice \u00abArctis Nova Elite\u00bb. Vistas m\u00faltiples de unos auriculares para videojuegos en color gris metalizado con detalles dorados, que muestran diferentes \u00e1ngulos del producto.\" src=\"https:\/\/images-na.ssl-images-amazon.com\/images\/G\/01\/x-locale\/common\/grey-pixel.gif\" class=\"a-lazy-loaded\" data-src=\"https:\/\/m.media-amazon.com\/images\/S\/aplus-media-library-service-media\/1fa6667e-f928-4cf8-9200-a254245afcc7.__CR3,0,737,922_PT0_SX362_V1___.jpg\"><img decoding=\"async\" alt=\"El texto dice \u00abArctis Nova Elite\u00bb. Vistas m\u00faltiples de unos auriculares para videojuegos en color gris metalizado con detalles dorados, que muestran diferentes \u00e1ngulos del producto.\" src=\"https:\/\/m.media-amazon.com\/images\/S\/aplus-media-library-service-media\/1fa6667e-f928-4cf8-9200-a254245afcc7.__CR3,0,737,922_PT0_SX362_V1___.jpg\">  <\/p>\n<h3> Premium Audio <\/h3>\n<p class=\"apm-brand-story-stores-link\">\n<p>                                              <img decoding=\"async\" alt=\"El texto dice \u00abApex Pro\u00bb y \u00abM\u00e1s Inteligente Con Nuevo Software\u00bb. Teclado para videojuegos con retroiluminaci\u00f3n RGB que muestra la interfaz de escritorio de Windows y una insignia dorada.\" src=\"https:\/\/images-na.ssl-images-amazon.com\/images\/G\/01\/x-locale\/common\/grey-pixel.gif\" class=\"a-lazy-loaded\" data-src=\"https:\/\/m.media-amazon.com\/images\/S\/aplus-media-library-service-media\/6d324fa4-211e-4f25-98e9-df22da5594f3.__CR0,0,362,453_PT0_SX362_V1___.jpg\"><img decoding=\"async\" alt=\"El texto dice \u00abApex Pro\u00bb y \u00abM\u00e1s Inteligente Con Nuevo Software\u00bb. Teclado para videojuegos con retroiluminaci\u00f3n RGB que muestra la interfaz de escritorio de Windows y una insignia dorada.\" src=\"https:\/\/m.media-amazon.com\/images\/S\/aplus-media-library-service-media\/6d324fa4-211e-4f25-98e9-df22da5594f3.__CR0,0,362,453_PT0_SX362_V1___.jpg\">  <\/p>\n<h3> Meilleur Clavier Gaming <\/h3>\n<p class=\"apm-brand-story-stores-link\">\n<p>                                              <img decoding=\"async\" alt=\"El texto dice \u00abRival 3 Wireless\u00bb. Serie de ratones para juegos que se muestran en diferentes colores: negro, morado, azul claro y blanco, mostrados desde un \u00e1ngulo lateral.\" src=\"https:\/\/images-na.ssl-images-amazon.com\/images\/G\/01\/x-locale\/common\/grey-pixel.gif\" class=\"a-lazy-loaded\" data-src=\"https:\/\/m.media-amazon.com\/images\/S\/aplus-media-library-service-media\/b798d1ed-7b61-4239-abea-c6bc14c397bc.__CR0,0,362,453_PT0_SX362_V1___.jpg\"><img decoding=\"async\" alt=\"El texto dice \u00abRival 3 Wireless\u00bb. Serie de ratones para juegos que se muestran en diferentes colores: negro, morado, azul claro y blanco, mostrados desde un \u00e1ngulo lateral.\" src=\"https:\/\/m.media-amazon.com\/images\/S\/aplus-media-library-service-media\/b798d1ed-7b61-4239-abea-c6bc14c397bc.__CR0,0,362,453_PT0_SX362_V1___.jpg\">  <\/p>\n<h3> La Plus Rapide De Sa Cat\u00e9gorie <\/h3>\n<p class=\"apm-brand-story-stores-link\">\n<p>                                              <img decoding=\"async\" alt=\"El texto dice \u00abKontrolFreek\u00bb y \u00abMejora El Rendimiento Y Optimiza La Experiencia De Juego\u00bb. El accesorio para el mando de videojuegos se muestra en colores morado y turquesa sobre un fondo oscuro.\" src=\"https:\/\/images-na.ssl-images-amazon.com\/images\/G\/01\/x-locale\/common\/grey-pixel.gif\" class=\"a-lazy-loaded\" data-src=\"https:\/\/m.media-amazon.com\/images\/S\/aplus-media-library-service-media\/0d3beb54-5985-4fd5-947c-7713df7ea37c.__CR0,0,362,453_PT0_SX362_V1___.jpg\"><img decoding=\"async\" alt=\"El texto dice \u00abKontrolFreek\u00bb y \u00abMejora El Rendimiento Y Optimiza La Experiencia De Juego\u00bb. El accesorio para el mando de videojuegos se muestra en colores morado y turquesa sobre un fondo oscuro.\" src=\"https:\/\/m.media-amazon.com\/images\/S\/aplus-media-library-service-media\/0d3beb54-5985-4fd5-947c-7713df7ea37c.__CR0,0,362,453_PT0_SX362_V1___.jpg\">  <\/p>\n<h3> Am\u00e9liore Le Performance <\/h3>\n<p> Language                                            \u200f                                            :                                            \u200e                                            English   <br \/> Product Dimensions                                            \u200f                                            :                                            \u200e                                            8.8 x 17.32 x 18.59 cm; 309.5 g   <br \/> Manufacturer                                            \u200f                                            :                                            \u200e                                            SteelSeries   <br \/> ASIN                                            \u200f                                            :                                            \u200e                                            B0B7X65SX2   <br \/> Item model number                                            \u200f                                            :                                            \u200e                                            Arctis Nova 3   <br \/> Country\/Region of Origin                                            \u200f                                            :                                            \u200e                                            Spain   <br \/> Guaranteed software updates until                                            \u200f                                            :                                            \u200e                                            unknown   <br \/>  Customer reviews:                                                                                            4.2               4.2 out of 5 stars                                  (858)                                              var dpAcrHasRegisteredArcLinkClickAction;                    P.when(&#8216;A&#8217;, &#8216;ready&#8217;).execute(function(A) {                        if (dpAcrHasRegisteredArcLinkClickAction !== true) {                            dpAcrHasRegisteredArcLinkClickAction = true;                            A.declarative(                                &#8216;acrLink-click-metrics&#8217;, &#8216;click&#8217;,                                { \u00aballowLinkDefault\u00bb: true },                                function (event) {                                    if (window.ue) {                                        ue.count(\u00abacrLinkClickCount\u00bb, (ue.count(\u00abacrLinkClickCount\u00bb) || 0) + 1);                                    }                                }                            );                        }                    });                                             P.when(&#8216;A&#8217;, &#8216;cf&#8217;).execute(function(A) {                A.declarative(&#8216;acrStarsLink-click-metrics&#8217;, &#8216;click&#8217;, { \u00aballowLinkDefault\u00bb : true },  function(event){                    if(window.ue) {                        ue.count(\u00abacrStarsLinkWithPopoverClickCount\u00bb, (ue.count(\u00abacrStarsLinkWithPopoverClickCount\u00bb) || 0) + 1);                    }                });            });                          <\/p>\n<p>Almighty Audio: The custom-designed Nova acoustic system delivers best-in-class audio for gaming with high-fidelity drivers. Fully customize your ideal sound experience with a professional-class parametric equalizer, the first in the game.<br \/>360\u00b0 Spatial Audio: Immersive immersive surround sound transports you to the gaming world, letting you hear every step, recharge, or vocal cues to give you an advantage. *Full compatibility with Tempest 3D Audio for PS5 \/ Microsoft Spatial Sound<br \/>Adjustable for a perfect fit: ComfortMAX System includes swivel, height-adjustable earphones with AirWeave memory foam cushion and an elastic band. The lightweight shape of the headset keeps you comfortable no matter how long you play.<br \/>AI-NOISE CANCELLING MICRO &#8211; ClearCast Generation 2 eliminates background noise to give you crystal clear communication, supported by powerful AI algorithms from Sonar software. Completely fold the microphone into the headset to give it a more stylish look.<br \/>Dynamic RGB Lighting &#8211; Dazzle with customizable and dynamic color options of 16.8 million colors that react to in-game events and sync with other devices. Show off your style on PC and console.<br \/>Note: Product may require vital firmware update, customer should check SteelSeries engine for firmware updates.<\/p>\n\n","protected":false},"excerpt":{"rendered":"<p> From the brand Premium Audio Meilleur Clavier Gaming La Plus Rapide De Sa Cat\u00e9gorie Am\u00e9liore<\/p>","protected":false},"featured_media":35147,"comment_status":"open","ping_status":"closed","template":"","meta":[],"product_brand":[],"product_cat":[48],"product_tag":[9812,547,720,714,2235,4480,617,712,711,717,3499,3308,511,9813,715,2646,719,4103,716,1525,2469,885,718,10012,871,1062,2520,750,713],"class_list":{"0":"post-35146","1":"product","2":"type-product","3":"status-publish","4":"has-post-thumbnail","6":"product_cat-headsets","7":"product_tag-arctis","8":"product_tag-audio","9":"product_tag-best-headset","10":"product_tag-bluetooth-headset","11":"product_tag-controllers","12":"product_tag-foam","13":"product_tag-gaming","14":"product_tag-gaming-headset","15":"product_tag-headset","16":"product_tag-headset-with-mic","17":"product_tag-hifi","18":"product_tag-lights","19":"product_tag-memory","20":"product_tag-multisystem","21":"product_tag-noise-cancelling-headset","22":"product_tag-nova","23":"product_tag-over-ear-headset","24":"product_tag-pads","25":"product_tag-pc-headset","26":"product_tag-ps4","27":"product_tag-ps5","28":"product_tag-rgb","29":"product_tag-rgb-gaming-headset","30":"product_tag-spatial","31":"product_tag-steelseries","32":"product_tag-switch","33":"product_tag-ultralight","34":"product_tag-wired","35":"product_tag-wireless-headset","37":"first","38":"instock","39":"sale","40":"shipping-taxable","41":"product-type-external"},"_links":{"self":[{"href":"https:\/\/comprasyconsejos.store\/en\/wp-json\/wp\/v2\/product\/35146","targetHints":{"allow":["GET"]}}],"collection":[{"href":"https:\/\/comprasyconsejos.store\/en\/wp-json\/wp\/v2\/product"}],"about":[{"href":"https:\/\/comprasyconsejos.store\/en\/wp-json\/wp\/v2\/types\/product"}],"replies":[{"embeddable":true,"href":"https:\/\/comprasyconsejos.store\/en\/wp-json\/wp\/v2\/comments?post=35146"}],"version-history":[{"count":0,"href":"https:\/\/comprasyconsejos.store\/en\/wp-json\/wp\/v2\/product\/35146\/revisions"}],"wp:featuredmedia":[{"embeddable":true,"href":"https:\/\/comprasyconsejos.store\/en\/wp-json\/wp\/v2\/media\/35147"}],"wp:attachment":[{"href":"https:\/\/comprasyconsejos.store\/en\/wp-json\/wp\/v2\/media?parent=35146"}],"wp:term":[{"taxonomy":"product_brand","embeddable":true,"href":"https:\/\/comprasyconsejos.store\/en\/wp-json\/wp\/v2\/product_brand?post=35146"},{"taxonomy":"product_cat","embeddable":true,"href":"https:\/\/comprasyconsejos.store\/en\/wp-json\/wp\/v2\/product_cat?post=35146"},{"taxonomy":"product_tag","embeddable":true,"href":"https:\/\/comprasyconsejos.store\/en\/wp-json\/wp\/v2\/product_tag?post=35146"}],"curies":[{"name":"wp","href":"https:\/\/api.w.org\/{rel}","templated":true}]}}