{"id":35174,"date":"2026-02-26T12:22:15","date_gmt":"2026-02-26T12:22:15","guid":{"rendered":"https:\/\/comprasyconsejos.store\/product\/tecknet-rechargeable-ergonomic-mouse-4800dpi-2-4ghz-silent-vertical-mouse-wireless-mouse-6-buttons-with-usb-receiver-for-pc-computer-laptop-mac-black\/"},"modified":"2026-02-26T12:22:22","modified_gmt":"2026-02-26T12:22:22","slug":"tecknet-rechargeable-ergonomic-mouse-4800dpi-2-4ghz-silent-vertical-mouse-wireless-mouse-6-buttons-with-usb-receiver-for-pc-computer-laptop-mac-black","status":"publish","type":"product","link":"https:\/\/comprasyconsejos.store\/en\/product\/tecknet-rechargeable-ergonomic-mouse-4800dpi-2-4ghz-silent-vertical-mouse-wireless-mouse-6-buttons-with-usb-receiver-for-pc-computer-laptop-mac-black\/","title":{"rendered":"TECKNET Rechargeable Ergonomic Mouse, 4800DPI 2.4GHz Silent Vertical Mouse, Wireless Mouse 6 Buttons with USB Receiver for PC, Computer, Laptop, Mac, Black"},"content":{"rendered":"<p>Price: <span style=\"color:#b12704\"><del>\u20ac27.99<\/del> - \u20ac20.89<\/span><br \/><i><small>(as of Feb 26, 2026 12:22:15 UTC &#8211; <span class=\"wp_automatic_amazon_disclaimer\" title=\"Product prices and availability are accurate as of the date\/time indicated and are subject to change. Any price and availability information displayed on [relevant Amazon Site(s), as applicable] at the time of purchase will apply to the purchase of this product.\">Details<\/span>)<\/small><\/i><\/p>\n<p><a href=\"https:\/\/amazon.es\/dp\/B0CZ939BSB?tag=man008-21\"><img decoding=\"async\" src=\"https:\/\/valvepress.s3.amazonaws.com\/imgs\/buy_now.png\"><\/a><br \/>\n<\/p>\n<p>                                             From the brand   <\/p>\n<p>                                              <img decoding=\"async\" alt=\"Imagen abstracta con formas fluidas en forma de cinta en tonos morados y azules sobre un fondo blanco. Logotipo de TECKNET visible\" src=\"https:\/\/images-na.ssl-images-amazon.com\/images\/G\/01\/x-locale\/common\/grey-pixel.gif\" class=\"a-lazy-loaded\" data-src=\"https:\/\/m.media-amazon.com\/images\/S\/aplus-media-library-service-media\/a0d4071d-8f10-470e-9e3f-85861160d30b.__CR0,0,1464,625_PT0_SX1464_V1___.jpg\"><img decoding=\"async\" alt=\"Imagen abstracta con formas fluidas en forma de cinta en tonos morados y azules sobre un fondo blanco. Logotipo de TECKNET visible\" src=\"https:\/\/m.media-amazon.com\/images\/S\/aplus-media-library-service-media\/a0d4071d-8f10-470e-9e3f-85861160d30b.__CR0,0,1464,625_PT0_SX1464_V1___.jpg\">  <\/p>\n<h3> TECKNET Rat\u00f3n Inal\u00e1mbrico <\/h3>\n<p class=\"apm-brand-story-stores-link\">\n<h3> TECKNET Rat\u00f3n Ergon\u00f3mico <\/h3>\n<p class=\"apm-brand-story-stores-link\">\n<h3> TECKNET Teclado Inal\u00e1mbrico <\/h3>\n<p class=\"apm-brand-story-stores-link\">\n<h3> 248 LED Luz Solar Exterior <\/h3>\n<p class=\"apm-brand-story-stores-link\">\n<h3> 416 LED Luz Solar Exterior <\/h3>\n<p class=\"apm-brand-story-stores-link\">\n<h3> TECKNET Alfombrilla Rat\u00f3n <\/h3>\n<p class=\"apm-brand-story-stores-link\">\n<h3> TECKNET Alfombrilla para Rat\u00f3n <\/h3>\n<p class=\"apm-brand-story-stores-link\">\n<p>                                              <img decoding=\"async\" alt=\"TECKNET\" src=\"https:\/\/images-na.ssl-images-amazon.com\/images\/G\/01\/x-locale\/common\/grey-pixel.gif\" class=\"a-lazy-loaded\" data-src=\"https:\/\/m.media-amazon.com\/images\/S\/aplus-media-library-service-media\/e07152a3-5fd9-4d9b-bc70-f493bf6bc882.__CR0,0,362,453_PT0_SX362_V1___.jpg\"><img decoding=\"async\" alt=\"TECKNET\" src=\"https:\/\/m.media-amazon.com\/images\/S\/aplus-media-library-service-media\/e07152a3-5fd9-4d9b-bc70-f493bf6bc882.__CR0,0,362,453_PT0_SX362_V1___.jpg\">  <\/p>\n<p> Batteries                                            \u200f                                            :                                            \u200e                                            1 C batteries required. (included)   <br \/> Product Dimensions                                            \u200f                                            :                                            \u200e                                            12 x 7.5 x 0.1 cm; 120 g   <br \/> Manufacturer                                            \u200f                                            :                                            \u200e                                            TECKNET   <br \/> ASIN                                            \u200f                                            :                                            \u200e                                            B0CZ939BSB   <br \/> Item model number                                            \u200f                                            :                                            \u200e                                            TK-MS007   <br \/> Country\/Region of Origin                                            \u200f                                            :                                            \u200e                                            China   <br \/> Guaranteed software updates until                                            \u200f                                            :                                            \u200e                                            unknown   <br \/>  Customer reviews:                                                                                            4.4               4.4 out of 5 stars                                  (2,702)                                              var dpAcrHasRegisteredArcLinkClickAction;                    P.when(&#8216;A&#8217;, &#8216;ready&#8217;).execute(function(A) {                        if (dpAcrHasRegisteredArcLinkClickAction !== true) {                            dpAcrHasRegisteredArcLinkClickAction = true;                            A.declarative(                                &#8216;acrLink-click-metrics&#8217;, &#8216;click&#8217;,                                { \u00aballowLinkDefault\u00bb: true },                                function (event) {                                    if (window.ue) {                                        ue.count(\u00abacrLinkClickCount\u00bb, (ue.count(\u00abacrLinkClickCount\u00bb) || 0) + 1);                                    }                                }                            );                        }                    });                                             P.when(&#8216;A&#8217;, &#8216;cf&#8217;).execute(function(A) {                A.declarative(&#8216;acrStarsLink-click-metrics&#8217;, &#8216;click&#8217;, { \u00aballowLinkDefault\u00bb : true },  function(event){                    if(window.ue) {                        ue.count(\u00abacrStarsLinkWithPopoverClickCount\u00bb, (ue.count(\u00abacrStarsLinkWithPopoverClickCount\u00bb) || 0) + 1);                    }                });            });                          <\/p>\n<p>\u3010Long Battery Life\u3011This rechargeable mouse with Type-C port has a built-in 600mAh battery. Charging takes only 1.5 hours, which can last for 2 months of use. It saves you the hassle of changing batteries and can continue to be used while charging. In addition, this mouse also supports auto sleep mode and button wake function to save electricity effectively.<br \/>\u3010Relieve Hand Effort\u3011This 2.4G ergonomic design wireless vertical mouse allows natural lateral positioning of the wrist, reducing strain and discomfort during prolonged use.<br \/>\u3010Silent Click\u3011This wireless mouse adopts a quiet design that reduces noise by more than 90%. Even in a quiet environment, you don&#8217;t have to worry about disturbing others, allowing you to focus on your work or creation. Say goodbye to noisy clicks! (Note: the forward\/reverse buttons are not silent.)<br \/>\u3010Smart Alert LED Light\u3011The LED light on the side of the vertical wireless mouse can display DPI gear setting and low battery alert, allowing you to easily change the sensitivity of the mouse, ensuring that it will not be affected by running out of power at critical moments, ideal for pursuing efficiency and customization.<br \/>\u3010Precise Control\u3011The silent vertical mouse has 5 adjustable DPI levels (4800\/3200\/2400\/1600\/800) and is equipped with a high-precision optical sensor, which provides more accurate tracking and positioning than standard optical mice. The ergonomic mouse is equipped with a USB receiver, plug and play and the effective working distance is up to 10 meters.<br \/>\u3010Efficient and Widely Compatible\u3011Forward\/backward buttons help you browse websites and read emails more efficiently. (Note: Side buttons are not compatible with Mac OS systems). The wireless computer mouse is fully compatible with Windows 11\/10\/8\/7\/XP\/Vista and Mac OS\/Linux\/Android\/iOS (10.4+).<br \/>\u301036 MONTHS SUPPORT\u3011Vertical ergonomic mouse has been tested for 10 million keystrokes to ensure durability. It has a 36-month warranty (for registered users only). If you experience any problems when using the office mouse, please contact our professional customer support team as soon as possible and we will do our best to help you solve the problem.<\/p>\n\n","protected":false},"excerpt":{"rendered":"<p> From the brand TECKNET Rat\u00f3n Inal\u00e1mbrico TECKNET Rat\u00f3n Ergon\u00f3mico TECKNET Teclado Inal\u00e1mbrico 248 LED Luz<\/p>","protected":false},"featured_media":35175,"comment_status":"open","ping_status":"closed","template":"","meta":[],"product_brand":[],"product_cat":[50],"product_tag":[889,10014,765,307,759,771,539,756,1148,761,758,159,774,767,770,1149,763,760,1010,764,766,133,762,1150,226,757],"class_list":{"0":"post-35174","1":"product","2":"type-product","3":"status-publish","4":"has-post-thumbnail","6":"product_cat-mouse","7":"product_tag-2-4ghz","8":"product_tag-4800dpi","9":"product_tag-best-gaming-mouse","10":"product_tag-black","11":"product_tag-bluetooth-mouse","12":"product_tag-buttons","13":"product_tag-computer","14":"product_tag-computer-mouse","15":"product_tag-ergonomic","16":"product_tag-ergonomic-mouse","17":"product_tag-gaming-mouse","18":"product_tag-laptop","19":"product_tag-mac","20":"product_tag-mouse","21":"product_tag-receiver","22":"product_tag-rechargeable","23":"product_tag-rechargeable-mouse","24":"product_tag-rgb-mouse","25":"product_tag-silent","26":"product_tag-silent-mouse","27":"product_tag-tecknet","28":"product_tag-usb","29":"product_tag-usb-mouse","30":"product_tag-vertical","31":"product_tag-wireless","32":"product_tag-wireless-mouse","34":"first","35":"instock","36":"sale","37":"shipping-taxable","38":"product-type-external"},"_links":{"self":[{"href":"https:\/\/comprasyconsejos.store\/en\/wp-json\/wp\/v2\/product\/35174","targetHints":{"allow":["GET"]}}],"collection":[{"href":"https:\/\/comprasyconsejos.store\/en\/wp-json\/wp\/v2\/product"}],"about":[{"href":"https:\/\/comprasyconsejos.store\/en\/wp-json\/wp\/v2\/types\/product"}],"replies":[{"embeddable":true,"href":"https:\/\/comprasyconsejos.store\/en\/wp-json\/wp\/v2\/comments?post=35174"}],"version-history":[{"count":0,"href":"https:\/\/comprasyconsejos.store\/en\/wp-json\/wp\/v2\/product\/35174\/revisions"}],"wp:featuredmedia":[{"embeddable":true,"href":"https:\/\/comprasyconsejos.store\/en\/wp-json\/wp\/v2\/media\/35175"}],"wp:attachment":[{"href":"https:\/\/comprasyconsejos.store\/en\/wp-json\/wp\/v2\/media?parent=35174"}],"wp:term":[{"taxonomy":"product_brand","embeddable":true,"href":"https:\/\/comprasyconsejos.store\/en\/wp-json\/wp\/v2\/product_brand?post=35174"},{"taxonomy":"product_cat","embeddable":true,"href":"https:\/\/comprasyconsejos.store\/en\/wp-json\/wp\/v2\/product_cat?post=35174"},{"taxonomy":"product_tag","embeddable":true,"href":"https:\/\/comprasyconsejos.store\/en\/wp-json\/wp\/v2\/product_tag?post=35174"}],"curies":[{"name":"wp","href":"https:\/\/api.w.org\/{rel}","templated":true}]}}