{"id":35189,"date":"2026-02-26T13:11:55","date_gmt":"2026-02-26T13:11:55","guid":{"rendered":"https:\/\/comprasyconsejos.store\/product\/cyberpowerpc-wyvern-pc-gaming-amd-ryzen-5-4500-nvidia-rtx-3050-16gb-ram-500gb-nvme-ssd-650w-80-psu-wi-fi-windows-11-sylph-rgb\/"},"modified":"2026-02-26T13:11:59","modified_gmt":"2026-02-26T13:11:59","slug":"cyberpowerpc-wyvern-pc-gaming-amd-ryzen-5-4500-nvidia-rtx-3050-16gb-ram-500gb-nvme-ssd-650w-80-psu-wi-fi-windows-11-sylph-rgb","status":"publish","type":"product","link":"https:\/\/comprasyconsejos.store\/en\/product\/cyberpowerpc-wyvern-pc-gaming-amd-ryzen-5-4500-nvidia-rtx-3050-16gb-ram-500gb-nvme-ssd-650w-80-psu-wi-fi-windows-11-sylph-rgb\/","title":{"rendered":"CYBERPOWERPC Wyvern PC Gaming &#8211; AMD Ryzen 5 4500, Nvidia RTX 3050, 16GB RAM, 500GB NVMe SSD, 650W 80+ PSU, Wi-Fi, Windows 11, Sylph RGB"},"content":{"rendered":"<p>Price: <span style=\"color:#b12704\">\u20ac739.00<\/span><br \/><i><small>(as of Feb 26, 2026 13:11:55 UTC &#8211; <span class=\"wp_automatic_amazon_disclaimer\" title=\"Product prices and availability are accurate as of the date\/time indicated and are subject to change. Any price and availability information displayed on [relevant Amazon Site(s), as applicable] at the time of purchase will apply to the purchase of this product.\">Details<\/span>)<\/small><\/i><\/p>\n<p><a href=\"https:\/\/amazon.es\/dp\/B07K1SF26F?tag=man008-21\"><img decoding=\"async\" src=\"https:\/\/valvepress.s3.amazonaws.com\/imgs\/buy_now.png\"><\/a><br \/>\n<\/p>\n<p>                                             From the brand   <\/p>\n<p>                                              <img decoding=\"async\" alt=\"x\" src=\"https:\/\/images-na.ssl-images-amazon.com\/images\/G\/01\/x-locale\/common\/grey-pixel.gif\" class=\"a-lazy-loaded\" data-src=\"https:\/\/m.media-amazon.com\/images\/S\/aplus-media-library-service-media\/d867d1ff-325c-4012-81e8-ee8159df9f08.__CR0,0,1464,625_PT0_SX1464_V1___.png\"><img decoding=\"async\" alt=\"x\" src=\"https:\/\/m.media-amazon.com\/images\/S\/aplus-media-library-service-media\/d867d1ff-325c-4012-81e8-ee8159df9f08.__CR0,0,1464,625_PT0_SX1464_V1___.png\">  <\/p>\n<p>                                              <img decoding=\"async\" alt=\"\" src=\"https:\/\/images-na.ssl-images-amazon.com\/images\/G\/01\/x-locale\/common\/grey-pixel.gif\" class=\"a-lazy-loaded\" data-src=\"https:\/\/m.media-amazon.com\/images\/S\/aplus-media-library-service-media\/70cd410d-4443-422c-b5d5-ebb86ca8e48a.__CR0,7,350,161_PT0_SX315_V1___.jpg\"><img decoding=\"async\" alt=\"\" src=\"https:\/\/m.media-amazon.com\/images\/S\/aplus-media-library-service-media\/70cd410d-4443-422c-b5d5-ebb86ca8e48a.__CR0,7,350,161_PT0_SX315_V1___.jpg\">  <\/p>\n<p> Los sistemas de juego CyberPowerPC son la elecci\u00f3n de los mejores jugadores de todo el mundo, desde jugadores profesionales de deportes electr\u00f3nicos hasta streamers profesionales. Sin embargo, aunque lo utilizan los mejores, est\u00e1 dise\u00f1ado para todos y cada uno de los jugadores. Perm\u00edtanos brindarle las herramientas para llevarlo a la cima. Cada juego que dominas, cada nivel que superas, queremos ser parte de eso en cada paso del camino. <\/p>\n<h3> Nuestras PC m\u00e1s vendidas <\/h3>\n<p>                                                         Lider mundial                                       <\/p>\n<p> Fabricante de PC personalizado <\/p>\n<p>                                                         Socio de lanzamiento                                       <\/p>\n<p> Para AMD, Intel y NVIDIA <\/p>\n<p>                                                         20 a\u00f1os de experiencia                                       <\/p>\n<p> en la fabricaci\u00f3n de PC <\/p>\n<p> Is discontinued by manufacturer                                            \u200f                                            :                                            \u200e                                            No   <br \/> Product Dimensions                                            \u200f                                            :                                            \u200e                                            41.6 x 21.7 x 36.2 cm; 8.03 kg   <br \/> Manufacturer                                            \u200f                                            :                                            \u200e                                            CYBERPOWERPC   <br \/> ASIN                                            \u200f                                            :                                            \u200e                                            B07K1SF26F   <br \/> Item model number                                            \u200f                                            :                                            \u200e                                            CGS480VR1346   <br \/> Guaranteed software updates until                                            \u200f                                            :                                            \u200e                                            unknown   <br \/>  Customer reviews:                                                                                            4.1               4.1 out of 5 stars                                  (1,731)                                              var dpAcrHasRegisteredArcLinkClickAction;                    P.when(&#8216;A&#8217;, &#8216;ready&#8217;).execute(function(A) {                        if (dpAcrHasRegisteredArcLinkClickAction !== true) {                            dpAcrHasRegisteredArcLinkClickAction = true;                            A.declarative(                                &#8216;acrLink-click-metrics&#8217;, &#8216;click&#8217;,                                { \u00aballowLinkDefault\u00bb: true },                                function (event) {                                    if (window.ue) {                                        ue.count(\u00abacrLinkClickCount\u00bb, (ue.count(\u00abacrLinkClickCount\u00bb) || 0) + 1);                                    }                                }                            );                        }                    });                                             P.when(&#8216;A&#8217;, &#8216;cf&#8217;).execute(function(A) {                A.declarative(&#8216;acrStarsLink-click-metrics&#8217;, &#8216;click&#8217;, { \u00aballowLinkDefault\u00bb : true },  function(event){                    if(window.ue) {                        ue.count(\u00abacrStarsLinkWithPopoverClickCount\u00bb, (ue.count(\u00abacrStarsLinkWithPopoverClickCount\u00bb) || 0) + 1);                    }                });            });                          <\/p>\n<p>AMD Ryzen 5 4500 Processor (6 Cores, up to 4.1GHz) | A520M Chipset Motherboard | AMD Standard Cooler<br \/>Nvidia GeForce RTX 3050 6GB Graphics Card | 650W 80+ Power Supply<br \/>16GB DDR4 RAM Memory | 500GB M.2 NVMe SSD Storage<br \/>Sylph Mid Tower Case with 4x RGB LED Fans | Wi-Fi 6 &#038; Ethernet Connectivity<br \/>Windows 11 Home (64-bit) | 1 Year Norton 360 for Gamers VPN &#038; Security<\/p>\n\n","protected":false},"excerpt":{"rendered":"<p> From the brand Los sistemas de juego CyberPowerPC son la elecci\u00f3n de los mejores jugadores<\/p>","protected":false},"featured_media":35190,"comment_status":"open","ping_status":"closed","template":"","meta":[],"product_brand":[],"product_cat":[90],"product_tag":[509,1348,823,530,613,611,614,617,607,604,609,606,612,608,821,822,605,824,587,885,610,621,531,513,10016,543,537,8362],"class_list":{"0":"post-35189","1":"product","2":"type-product","3":"status-publish","4":"has-post-thumbnail","6":"product_cat-gaming-pcs","7":"product_tag-16gb","8":"product_tag-500gb","9":"product_tag-650w","10":"product_tag-amd","11":"product_tag-best-gaming-pc","12":"product_tag-custom-gaming-pc","13":"product_tag-cyberpowerpc","14":"product_tag-gaming","15":"product_tag-gaming-desktop","16":"product_tag-gaming-pc","17":"product_tag-gaming-pc-16gb-ram","18":"product_tag-gaming-pc-rtx","19":"product_tag-gaming-pc-ssd","20":"product_tag-high-end-gaming-pc","21":"product_tag-nvidia","22":"product_tag-nvme","23":"product_tag-prebuilt-gaming-pc","24":"product_tag-psu","25":"product_tag-ram","26":"product_tag-rgb","27":"product_tag-rgb-gaming-pc","28":"product_tag-rtx","29":"product_tag-ryzen","30":"product_tag-ssd","31":"product_tag-sylph","32":"product_tag-wifi","33":"product_tag-windows","34":"product_tag-wyvern","36":"first","37":"instock","38":"shipping-taxable","39":"product-type-external"},"_links":{"self":[{"href":"https:\/\/comprasyconsejos.store\/en\/wp-json\/wp\/v2\/product\/35189","targetHints":{"allow":["GET"]}}],"collection":[{"href":"https:\/\/comprasyconsejos.store\/en\/wp-json\/wp\/v2\/product"}],"about":[{"href":"https:\/\/comprasyconsejos.store\/en\/wp-json\/wp\/v2\/types\/product"}],"replies":[{"embeddable":true,"href":"https:\/\/comprasyconsejos.store\/en\/wp-json\/wp\/v2\/comments?post=35189"}],"version-history":[{"count":0,"href":"https:\/\/comprasyconsejos.store\/en\/wp-json\/wp\/v2\/product\/35189\/revisions"}],"wp:featuredmedia":[{"embeddable":true,"href":"https:\/\/comprasyconsejos.store\/en\/wp-json\/wp\/v2\/media\/35190"}],"wp:attachment":[{"href":"https:\/\/comprasyconsejos.store\/en\/wp-json\/wp\/v2\/media?parent=35189"}],"wp:term":[{"taxonomy":"product_brand","embeddable":true,"href":"https:\/\/comprasyconsejos.store\/en\/wp-json\/wp\/v2\/product_brand?post=35189"},{"taxonomy":"product_cat","embeddable":true,"href":"https:\/\/comprasyconsejos.store\/en\/wp-json\/wp\/v2\/product_cat?post=35189"},{"taxonomy":"product_tag","embeddable":true,"href":"https:\/\/comprasyconsejos.store\/en\/wp-json\/wp\/v2\/product_tag?post=35189"}],"curies":[{"name":"wp","href":"https:\/\/api.w.org\/{rel}","templated":true}]}}