{"id":35217,"date":"2026-02-26T14:30:34","date_gmt":"2026-02-26T14:30:34","guid":{"rendered":"https:\/\/comprasyconsejos.store\/product\/lenovo-loq-gen-9-gaming-laptop-ai-15-6-fhd-144-hz-amd-ryzen-5-7235hs-nvidia-geforce-rtx-3050-24-gb-ram-512-gb-ssd-wi-fi-6-no-operating-system-spanish-qwerty-keyboard-grey\/"},"modified":"2026-02-26T14:30:41","modified_gmt":"2026-02-26T14:30:41","slug":"lenovo-loq-gen-9-gaming-laptop-ai-15-6-fhd-144-hz-amd-ryzen-5-7235hs-nvidia-geforce-rtx-3050-24-gb-ram-512-gb-ssd-wi-fi-6-no-operating-system-spanish-qwerty-keyboard-grey","status":"publish","type":"product","link":"https:\/\/comprasyconsejos.store\/en\/product\/lenovo-loq-gen-9-gaming-laptop-ai-15-6-fhd-144-hz-amd-ryzen-5-7235hs-nvidia-geforce-rtx-3050-24-gb-ram-512-gb-ssd-wi-fi-6-no-operating-system-spanish-qwerty-keyboard-grey\/","title":{"rendered":"Lenovo LOQ Gen 9 \u2013 Gaming Laptop AI 15.6&#8243; FHD, 144 Hz (AMD Ryzen 5 7235HS, NVIDIA GeForce RTX 3050, 24 GB RAM, 512 GB SSD, Wi-Fi 6, No Operating System) Spanish QWERTY Keyboard \u2013 Grey"},"content":{"rendered":"<p>Price: <span style=\"color:#b12704\">\u20ac999.00<\/span><br \/><i><small>(as of Feb 26, 2026 14:30:35 UTC &#8211; <span class=\"wp_automatic_amazon_disclaimer\" title=\"Product prices and availability are accurate as of the date\/time indicated and are subject to change. Any price and availability information displayed on [relevant Amazon Site(s), as applicable] at the time of purchase will apply to the purchase of this product.\">Details<\/span>)<\/small><\/i><\/p>\n<p><a href=\"https:\/\/amazon.es\/dp\/B0DTJ3B9R9?tag=man008-21\"><img decoding=\"async\" src=\"https:\/\/valvepress.s3.amazonaws.com\/imgs\/buy_now.png\"><\/a><br \/>\n<\/p>\n<p>                                             From the manufacturer   <\/p>\n<p>                                                                     Lenovo LOQ 15ARP9 &#8211; Desbloquea tu potencial con la IA                                            <img decoding=\"async\" alt=\"Lenovo LOQ Gen 9 Imagen ordenador y usuario con headseat, rojo azul\" src=\"https:\/\/images-na.ssl-images-amazon.com\/images\/G\/01\/x-locale\/common\/grey-pixel.gif\" class=\"a-lazy-loaded\" data-src=\"https:\/\/m.media-amazon.com\/images\/S\/aplus-media-library-service-media\/b0c259dd-34cb-4478-94ee-9f90cf4eca01.__CR0,0,1464,600_PT0_SX1464_V1___.jpg\"><img decoding=\"async\" alt=\"Lenovo LOQ Gen 9 Imagen ordenador y usuario con headseat, rojo azul\" src=\"https:\/\/m.media-amazon.com\/images\/S\/aplus-media-library-service-media\/b0c259dd-34cb-4478-94ee-9f90cf4eca01.__CR0,0,1464,600_PT0_SX1464_V1___.jpg\">                                               <\/p>\n<p>                                                                                                       <img decoding=\"async\" alt=\"Lenovo LOQ Gen 9 Imagen frontal jugador celebrando victoria frente al ordenador\" src=\"https:\/\/images-na.ssl-images-amazon.com\/images\/G\/01\/x-locale\/common\/grey-pixel.gif\" class=\"a-lazy-loaded\" data-src=\"https:\/\/m.media-amazon.com\/images\/S\/aplus-media-library-service-media\/fd47dcb6-f30f-4c7f-8ad4-419fa8949ff9.__CR0,0,1464,600_PT0_SX1464_V1___.jpg\"><img decoding=\"async\" alt=\"Lenovo LOQ Gen 9 Imagen frontal jugador celebrando victoria frente al ordenador\" src=\"https:\/\/m.media-amazon.com\/images\/S\/aplus-media-library-service-media\/fd47dcb6-f30f-4c7f-8ad4-419fa8949ff9.__CR0,0,1464,600_PT0_SX1464_V1___.jpg\">                                               <\/p>\n<p>The video showcases the product in use.The video guides you through product setup.The video compares multiple products.The video shows the product being unpacked. Lenovo LOQ Gen 9  Merchant video<\/p>\n<p>                                                                                                                  <img decoding=\"async\" alt=\"Lenovo LOQ Gen 9 Imagen inferior ventiladores\" src=\"https:\/\/m.media-amazon.com\/images\/S\/aplus-media-library-service-media\/b6bad5e2-7918-4b43-8ffa-cec990610b77.__CR0,0,1464,600_PT0_SX1464_V1___.jpg\">                                                    <img decoding=\"async\" alt=\"Lenovo LOQ Gen 9 Imagen Chip Lenovo AI Engine+\" src=\"https:\/\/m.media-amazon.com\/images\/S\/aplus-media-library-service-media\/702e09f4-a293-488b-81a2-760c892ef66c.__CR0,0,1464,600_PT0_SX1464_V1___.jpg\">                                                    <img decoding=\"async\" alt=\"Lenovo LOQ Gen 9 Imagen pantalla 15,6\u201d 16:9 \" src=\"https:\/\/m.media-amazon.com\/images\/S\/aplus-media-library-service-media\/403b092e-76e8-449b-a6ba-00f96e774e3f.__CR0,0,1464,600_PT0_SX1464_V1___.jpg\">                                                    <img decoding=\"async\" alt=\"Lenovo LOQ Gen 9 Imagen superior teclado\" src=\"https:\/\/m.media-amazon.com\/images\/S\/aplus-media-library-service-media\/90610bd4-0f93-4bf3-8c1d-c7cdde13e282.__CR0,0,1464,600_PT0_SX1464_V1___.jpg\"><br \/>\n                            1 Dise\u00f1o t\u00e9rmico <\/p>\n<p>                            2 Lenovo AI Engine+ <\/p>\n<p>                            3 Pantalla Full HD &#8211; 144 Hz <\/p>\n<p>                            4 Teclado retroiluminado <\/p>\n<p>                                                                                                              <img decoding=\"async\" alt=\"Lenovo LOQ Gen 9 - Imagen ordenador destacando sus altavoces con sonido\" src=\"https:\/\/m.media-amazon.com\/images\/S\/aplus-media-library-service-media\/d819f6c9-38c8-4e61-ad93-dec4e61cd543.__CR0,0,1464,600_PT0_SX1464_V1___.jpg\">                                                    <img decoding=\"async\" alt=\"Lenovo LOQ Gen 9 Imagen frontal de ordenador - 3 meses de Xbox Game Pass Ultimate\" src=\"https:\/\/m.media-amazon.com\/images\/S\/aplus-media-library-service-media\/9f23b6a5-bc48-4054-b635-d1a006a081cb.__CR0,0,1464,600_PT0_SX1464_V1___.jpg\"><br \/>\n                            1 Nahimic Audio  <\/p>\n<p>                            2 Xbox Game Pass Ultimate <\/p>\n<p>                                                                                                       <img decoding=\"async\" alt=\"Lenovo LOQ Gen 9 Imagen descriptiva de puertos y ranuras\" src=\"https:\/\/images-na.ssl-images-amazon.com\/images\/G\/01\/x-locale\/common\/grey-pixel.gif\" class=\"a-lazy-loaded\" data-src=\"https:\/\/m.media-amazon.com\/images\/S\/aplus-media-library-service-media\/f4404d68-cf27-4cb2-988f-0509fdf99212.__CR0,0,1464,600_PT0_SX1464_V1___.jpg\"><img decoding=\"async\" alt=\"Lenovo LOQ Gen 9 Imagen descriptiva de puertos y ranuras\" src=\"https:\/\/m.media-amazon.com\/images\/S\/aplus-media-library-service-media\/f4404d68-cf27-4cb2-988f-0509fdf99212.__CR0,0,1464,600_PT0_SX1464_V1___.jpg\">                                               <\/p>\n<h3 class=\"a-size-extra-large a-spacing-base a-text-center\">  Especificaciones especiales <\/h3>\n<p>                                                        Procesador                                    AMD Ryzen 5 7235HS                                         Categor\u00eda                                     Ordenador port\u00e1til gaming con tecnolog\u00eda IA                                        Gr\u00e1ficos                                    NVIDIA GeForce RTX 3050 6 GB                                         Chipset                                    Plataforma SoC AMD                                        Chip de audio                                    Audio de alta definici\u00f3n (HD), c\u00f3dec Realtek ALC3287                                        Altavoces                                     Est\u00e9reo, 2 W x2, optimizados con Nahimic Audio                                        C\u00e1mara                                    HD 720p con obturador electr\u00f3nico                                        Pantalla                                    FHD de 15,6&#8243; &#8211; 1920 x 1080 px                                                         Brillo                                     300 nits                                         Color                                    100 % sRGB                                        Frecuencia de actualizaci\u00f3n                                    144 Hz                                        Luz del Teclado                                    Retroiluminaci\u00f3n blanca                                        Idioma teclado                                    Espa\u00f1ol                                        Puertos                                    3 puertos USB-A (USB 5 Gbps\/USB 3.2 Gen 1) , 1x USB-C (USB 10 Gbps \/ USB 3.2 Gen 2), con Lenovo PD 140W y DisplayPort 1.4,  1x HDMI 2.1, hasta 8K\/60Hz, 1 conector combinado para auriculares y micr\u00f3fono (3,5 mm),  1x Ethernet (RJ-45),  1x conector de alimentaci\u00f3n                                        Chip de seguridad                                     Firmware TPM 2.0 habilitado                                        Cumple con                                    ErP Lot 3,  RoHS compliant, T\u00dcV Rheinland Low Blue Light (Soluci\u00f3n de Software)                     <\/p>\n<p> Package Dimensions                                            \u200f                                            :                                            \u200e                                            54.1 x 35.79 x 8.5 cm; 2.38 kg   <br \/> Manufacturer                                            \u200f                                            :                                            \u200e                                            Lenovo   <br \/> ASIN                                            \u200f                                            :                                            \u200e                                            B0DTJ3B9R9   <br \/> Item model number                                            \u200f                                            :                                            \u200e                                            RM15ARP9   <br \/> Guaranteed software updates until                                            \u200f                                            :                                            \u200e                                            unknown   <br \/>  Customer reviews:                                                                                            4.2               4.2 out of 5 stars                                  (23)                                              var dpAcrHasRegisteredArcLinkClickAction;                    P.when(&#8216;A&#8217;, &#8216;ready&#8217;).execute(function(A) {                        if (dpAcrHasRegisteredArcLinkClickAction !== true) {                            dpAcrHasRegisteredArcLinkClickAction = true;                            A.declarative(                                &#8216;acrLink-click-metrics&#8217;, &#8216;click&#8217;,                                { \u00aballowLinkDefault\u00bb: true },                                function (event) {                                    if (window.ue) {                                        ue.count(\u00abacrLinkClickCount\u00bb, (ue.count(\u00abacrLinkClickCount\u00bb) || 0) + 1);                                    }                                }                            );                        }                    });                                             P.when(&#8216;A&#8217;, &#8216;cf&#8217;).execute(function(A) {                A.declarative(&#8216;acrStarsLink-click-metrics&#8217;, &#8216;click&#8217;, { \u00aballowLinkDefault\u00bb : true },  function(event){                    if(window.ue) {                        ue.count(\u00abacrStarsLinkWithPopoverClickCount\u00bb, (ue.count(\u00abacrStarsLinkWithPopoverClickCount\u00bb) || 0) + 1);                    }                });            });                          <\/p>\n<p>Outperform your rivals with the powerful AMD Ryzen 5 7235HS 4-core processor, 24GB RAM and 512GB SSD, delivering efficient performance and maximum immersion<br \/>Increase your game effectiveness with 6GB NVIDIA GeForce RTX 3050 and AI integration<br \/>Experience all the vertigo of your gaming on the 15.6&#8243; FHD display, 1920 x 1080 px resolution, 144 Hz of smooth refresh rate and 300 nits brightness<br \/>Experience a smooth gaming experience with its 2 x 12V fans that optimize airflow, while its rear exhaust pipes ensure uninterrupted performance<br \/>Power your games with Lenovo Artificial Intelligence and innovative LA1 AI chip, optimizing systems with intelligent sensors perfected for a superior gaming experience<\/p>\n\n","protected":false},"excerpt":{"rendered":"<p> From the manufacturer Lenovo LOQ 15ARP9 &#8211; Desbloquea tu potencial con la IA The video<\/p>","protected":false},"featured_media":35218,"comment_status":"open","ping_status":"closed","template":"","meta":[],"product_brand":[],"product_cat":[86],"product_tag":[526,10021,530,520,639,617,519,524,521,525,522,620,855,204,523,518,159,1054,6329,821,4444,528,858,587,527,621,531,5273,513,1578,543],"class_list":{"0":"post-35217","1":"product","2":"type-product","3":"status-publish","4":"has-post-thumbnail","6":"product_cat-gaming-laptop","7":"product_tag-144hz-gaming-laptop","8":"product_tag-7235hs","9":"product_tag-amd","10":"product_tag-best-gaming-laptop","11":"product_tag-fhd","12":"product_tag-gaming","13":"product_tag-gaming-laptop","14":"product_tag-gaming-laptop-16gb-ram","15":"product_tag-gaming-laptop-rtx","16":"product_tag-gaming-laptop-ssd","17":"product_tag-gaming-laptop-under-budget","18":"product_tag-geforce","19":"product_tag-gen","20":"product_tag-grey","21":"product_tag-high-performance-laptop","22":"product_tag-keyboard","23":"product_tag-laptop","24":"product_tag-lenovo","25":"product_tag-loq","26":"product_tag-nvidia","27":"product_tag-operating","28":"product_tag-portable-gaming-laptop","29":"product_tag-qwerty","30":"product_tag-ram","31":"product_tag-rgb-gaming-laptop","32":"product_tag-rtx","33":"product_tag-ryzen","34":"product_tag-spanish","35":"product_tag-ssd","36":"product_tag-system","37":"product_tag-wifi","39":"first","40":"instock","41":"shipping-taxable","42":"product-type-external"},"_links":{"self":[{"href":"https:\/\/comprasyconsejos.store\/en\/wp-json\/wp\/v2\/product\/35217","targetHints":{"allow":["GET"]}}],"collection":[{"href":"https:\/\/comprasyconsejos.store\/en\/wp-json\/wp\/v2\/product"}],"about":[{"href":"https:\/\/comprasyconsejos.store\/en\/wp-json\/wp\/v2\/types\/product"}],"replies":[{"embeddable":true,"href":"https:\/\/comprasyconsejos.store\/en\/wp-json\/wp\/v2\/comments?post=35217"}],"version-history":[{"count":0,"href":"https:\/\/comprasyconsejos.store\/en\/wp-json\/wp\/v2\/product\/35217\/revisions"}],"wp:featuredmedia":[{"embeddable":true,"href":"https:\/\/comprasyconsejos.store\/en\/wp-json\/wp\/v2\/media\/35218"}],"wp:attachment":[{"href":"https:\/\/comprasyconsejos.store\/en\/wp-json\/wp\/v2\/media?parent=35217"}],"wp:term":[{"taxonomy":"product_brand","embeddable":true,"href":"https:\/\/comprasyconsejos.store\/en\/wp-json\/wp\/v2\/product_brand?post=35217"},{"taxonomy":"product_cat","embeddable":true,"href":"https:\/\/comprasyconsejos.store\/en\/wp-json\/wp\/v2\/product_cat?post=35217"},{"taxonomy":"product_tag","embeddable":true,"href":"https:\/\/comprasyconsejos.store\/en\/wp-json\/wp\/v2\/product_tag?post=35217"}],"curies":[{"name":"wp","href":"https:\/\/api.w.org\/{rel}","templated":true}]}}