{"id":35247,"date":"2026-02-26T16:39:51","date_gmt":"2026-02-26T16:39:51","guid":{"rendered":"https:\/\/comprasyconsejos.store\/product\/drone-with-1080p-hd-camera-90-adjustable-lens-foldable-drone-with-brushless-motor-gesture-control-one-touch-takeoff-3d-swivels-headless-mode-great-for-beginners-and-adults\/"},"modified":"2026-02-26T16:39:59","modified_gmt":"2026-02-26T16:39:59","slug":"drone-with-1080p-hd-camera-90-adjustable-lens-foldable-drone-with-brushless-motor-gesture-control-one-touch-takeoff-3d-swivels-headless-mode-great-for-beginners-and-adults","status":"publish","type":"product","link":"https:\/\/comprasyconsejos.store\/en\/product\/drone-with-1080p-hd-camera-90-adjustable-lens-foldable-drone-with-brushless-motor-gesture-control-one-touch-takeoff-3d-swivels-headless-mode-great-for-beginners-and-adults\/","title":{"rendered":"Drone with 1080P HD Camera, 90\u00b0 Adjustable Lens, Foldable Drone with Brushless Motor, Gesture Control, One Touch Takeoff, 3D Swivels, Headless Mode, Great for Beginners and Adults"},"content":{"rendered":"<p>Price: <span style=\"color:#b12704\"><del>\u20ac59.99<\/del> - \u20ac56.99<\/span><br \/><i><small>(as of Feb 26, 2026 16:39:52 UTC &#8211; <span class=\"wp_automatic_amazon_disclaimer\" title=\"Product prices and availability are accurate as of the date\/time indicated and are subject to change. Any price and availability information displayed on [relevant Amazon Site(s), as applicable] at the time of purchase will apply to the purchase of this product.\">Details<\/span>)<\/small><\/i><\/p>\n<p><a href=\"https:\/\/amazon.es\/dp\/B0GFNN2BY3?tag=man008-21\"><img decoding=\"async\" src=\"https:\/\/valvepress.s3.amazonaws.com\/imgs\/buy_now.png\"><\/a><br \/>\n<\/p>\n<p>                                             Product Description   <\/p>\n<p>                                                                                                       <img decoding=\"async\" alt=\"aplus content image\" src=\"https:\/\/images-na.ssl-images-amazon.com\/images\/G\/01\/x-locale\/common\/grey-pixel.gif\" class=\"a-lazy-loaded\" data-src=\"https:\/\/m.media-amazon.com\/images\/S\/aplus-media-library-service-media\/bb006377-00fe-456e-afb2-0bd1b0bc2180.__CR0,0,1464,600_PT0_SX1464_V1___.jpg\"><img decoding=\"async\" alt=\"aplus content image\" src=\"https:\/\/m.media-amazon.com\/images\/S\/aplus-media-library-service-media\/bb006377-00fe-456e-afb2-0bd1b0bc2180.__CR0,0,1464,600_PT0_SX1464_V1___.jpg\">                                               <\/p>\n<p>                                                                                                       <img decoding=\"async\" alt=\"aplus content image\" src=\"https:\/\/images-na.ssl-images-amazon.com\/images\/G\/01\/x-locale\/common\/grey-pixel.gif\" class=\"a-lazy-loaded\" data-src=\"https:\/\/m.media-amazon.com\/images\/S\/aplus-media-library-service-media\/bb2c37f1-7fc1-44e7-9df8-a5e6da2d03a8.__CR0,0,1464,600_PT0_SX1464_V1___.jpg\"><img decoding=\"async\" alt=\"aplus content image\" src=\"https:\/\/m.media-amazon.com\/images\/S\/aplus-media-library-service-media\/bb2c37f1-7fc1-44e7-9df8-a5e6da2d03a8.__CR0,0,1464,600_PT0_SX1464_V1___.jpg\">                                               <\/p>\n<p>                                                                                                       <img decoding=\"async\" alt=\"aplus content image\" src=\"https:\/\/images-na.ssl-images-amazon.com\/images\/G\/01\/x-locale\/common\/grey-pixel.gif\" class=\"a-lazy-loaded\" data-src=\"https:\/\/m.media-amazon.com\/images\/S\/aplus-media-library-service-media\/c011bedc-12ad-47f5-96ec-ab7f9b4fd88e.__CR0,0,1464,600_PT0_SX1464_V1___.jpg\"><img decoding=\"async\" alt=\"aplus content image\" src=\"https:\/\/m.media-amazon.com\/images\/S\/aplus-media-library-service-media\/c011bedc-12ad-47f5-96ec-ab7f9b4fd88e.__CR0,0,1464,600_PT0_SX1464_V1___.jpg\">                                               <\/p>\n<p>                                                                                                       <img decoding=\"async\" alt=\"aplus content image\" src=\"https:\/\/images-na.ssl-images-amazon.com\/images\/G\/01\/x-locale\/common\/grey-pixel.gif\" class=\"a-lazy-loaded\" data-src=\"https:\/\/m.media-amazon.com\/images\/S\/aplus-media-library-service-media\/3f88e66e-1a4f-4c87-a0fa-24a8a7eae2cc.__CR0,0,1464,600_PT0_SX1464_V1___.jpg\"><img decoding=\"async\" alt=\"aplus content image\" src=\"https:\/\/m.media-amazon.com\/images\/S\/aplus-media-library-service-media\/3f88e66e-1a4f-4c87-a0fa-24a8a7eae2cc.__CR0,0,1464,600_PT0_SX1464_V1___.jpg\">                                               <\/p>\n<p>                                                                                                                  <img decoding=\"async\" alt=\"El texto dice \u00ab3D Flip\u00bb. Vistas en varios \u00e1ngulos de un recipiente acr\u00edlico transparente con peque\u00f1os objetos dispersos de color azul y blanco en su interior, mostrados desde diferentes perspectivas sobre un fondo oscuro.\" src=\"https:\/\/m.media-amazon.com\/images\/S\/aplus-media-library-service-media\/39749ad6-faba-4aa6-a709-48a0dd1b4b9b.__CR0,0,1464,600_PT0_SX1464_V1___.jpg\">                                                    <img decoding=\"async\" alt=\"aplus content image\" src=\"https:\/\/m.media-amazon.com\/images\/S\/aplus-media-library-service-media\/c6199b21-06fd-42b4-bdb9-130106d478ea.__CR0,0,1464,600_PT0_SX1464_V1___.jpg\">                                                    <img decoding=\"async\" alt=\"El texto dice \u00abToque Volar\u00bb. Varias im\u00e1genes de acci\u00f3n de deportes de invierno que muestran el esqu\u00ed y el snowboard con monta\u00f1as nevadas como tel\u00f3n de fondo con un din\u00e1mico efecto de destello de lente.\" src=\"https:\/\/m.media-amazon.com\/images\/S\/aplus-media-library-service-media\/7cb882f3-3219-4edb-9f4c-27c3581c6c79.__CR0,0,1464,600_PT0_SX1464_V1___.jpg\">                                                    <img decoding=\"async\" alt=\"aplus content image\" src=\"https:\/\/m.media-amazon.com\/images\/S\/aplus-media-library-service-media\/f10a96ea-2c72-45dd-99b1-45f54c1ea38a.__CR0,0,1464,600_PT0_SX1464_V1___.jpg\"><br \/>\n                            1 3D Flips <\/p>\n<p>                            2 Resistencia al viento <\/p>\n<p>                            3 Tap Fly <\/p>\n<p>                            4 Control por gestos <\/p>\n<p>                                                                                                       <img decoding=\"async\" alt=\"aplus content image\" src=\"https:\/\/images-na.ssl-images-amazon.com\/images\/G\/01\/x-locale\/common\/grey-pixel.gif\" class=\"a-lazy-loaded\" data-src=\"https:\/\/m.media-amazon.com\/images\/S\/aplus-media-library-service-media\/87065ac6-3fe1-4aeb-8704-12310be2ddb7.__CR0,0,1464,600_PT0_SX1464_V1___.jpg\"><img decoding=\"async\" alt=\"aplus content image\" src=\"https:\/\/m.media-amazon.com\/images\/S\/aplus-media-library-service-media\/87065ac6-3fe1-4aeb-8704-12310be2ddb7.__CR0,0,1464,600_PT0_SX1464_V1___.jpg\">                                               <\/p>\n<p> Batteries                                            \u200f                                            :                                            \u200e                                            1 Product Specific batteries required. (included)   <br \/> Product Dimensions                                            \u200f                                            :                                            \u200e                                            22.86 x 20.32 x 7.62 cm; 236 g   <br \/> Date First Available                                            \u200f                                            :                                            \u200e                                            8 Jan. 2026   <br \/> Manufacturer                                            \u200f                                            :                                            \u200e                                            govogorc   <br \/> ASIN                                            \u200f                                            :                                            \u200e                                            B0GFNN2BY3   <br \/> Manufacturer reference                                            \u200f                                            :                                            \u200e                                            GWGKJ26021201   <br \/> Country of origin                                            \u200f                                            :                                            \u200e                                            China   <br \/>       Best Sellers Rank:  2,545 in Toys &#038; Games (See Top 100 in Toys &#038; Games)    18 in Remote &#038; App-Controlled Drones      <br \/>  Customer reviews:                                                                                            5.0               5.0 out of 5 stars                                  (16)                                              var dpAcrHasRegisteredArcLinkClickAction;                    P.when(&#8216;A&#8217;, &#8216;ready&#8217;).execute(function(A) {                        if (dpAcrHasRegisteredArcLinkClickAction !== true) {                            dpAcrHasRegisteredArcLinkClickAction = true;                            A.declarative(                                &#8216;acrLink-click-metrics&#8217;, &#8216;click&#8217;,                                { \u00aballowLinkDefault\u00bb: true },                                function (event) {                                    if (window.ue) {                                        ue.count(\u00abacrLinkClickCount\u00bb, (ue.count(\u00abacrLinkClickCount\u00bb) || 0) + 1);                                    }                                }                            );                        }                    });                                             P.when(&#8216;A&#8217;, &#8216;cf&#8217;).execute(function(A) {                A.declarative(&#8216;acrStarsLink-click-metrics&#8217;, &#8216;click&#8217;, { \u00aballowLinkDefault\u00bb : true },  function(event){                    if(window.ue) {                        ue.count(\u00abacrStarsLinkWithPopoverClickCount\u00bb, (ue.count(\u00abacrStarsLinkWithPopoverClickCount\u00bb) || 0) + 1);                    }                });            });                          <\/p>\n<p>1080P HD Camera: Features a 1080P HD camera and 90\u00b0 adjustable lens to capture crystal clear photos and videos from different angles. Enjoy a live view via FPV WiFi streaming directly on your smartphone.<br \/>Easy to Fly for Beginners: Automatically take off and land with one key. Headless Mode and Altitude Hold feature make piloting intuitive. Perform exciting 360\u00b0 turns and control the drone with simple manual gestures for fun, hands-free operation.<br \/>Powerful and Stable Flight: Equipped with a brushless motor for powerful, quiet and long-lasting performance. Optical Flow Positioning ensures stable hover flight and smooth flight, even indoors or for beginners.<br \/>Foldable and portable design: its folding arms make this drone a compact and very portable equipment. Easily pack it in your backpack for travel, hiking or any outdoor adventure, ready to fly anytime.<br \/>LONG LASTING &#038; COMPLETE PACKAGE: Enjoy up to 17 minutes of flight time on a single charge. The package includes everything needed to start flying right away, making it the perfect gift for beginners and adults.<\/p>\n\n","protected":false},"excerpt":{"rendered":"<p> Product Description 1 3D Flips 2 Resistencia al viento 3 Tap Fly 4 Control por<\/p>","protected":false},"featured_media":35248,"comment_status":"open","ping_status":"closed","template":"","meta":[],"product_brand":[],"product_cat":[98],"product_tag":[705,876,935,2845,1917,3041,681,1124,2854,2852,2855,2853,2842,2844,2848,2846,2850,2838,2849,239,2839,2840,3069,6064,2843,9101,2160,2851,738,1613,2841,2847,10031,2859,515],"class_list":{"0":"post-35247","1":"product","2":"type-product","3":"status-publish","4":"has-post-thumbnail","6":"product_cat-drones","7":"product_tag-1080p","8":"product_tag-adjustable","9":"product_tag-adults","10":"product_tag-beginner-drone","11":"product_tag-beginners","12":"product_tag-brushless","13":"product_tag-camera","14":"product_tag-control","15":"product_tag-dji-drone","16":"product_tag-dji-mavic","17":"product_tag-dji-mini-2","18":"product_tag-drone","19":"product_tag-drone-accessories","20":"product_tag-drone-battery","21":"product_tag-drone-gimbal","22":"product_tag-drone-propellers","23":"product_tag-drone-spare-parts","24":"product_tag-drone-with-camera","25":"product_tag-drones-under-200","26":"product_tag-foldable","27":"product_tag-foldable-drone","28":"product_tag-fpv-drone","29":"product_tag-gesture","30":"product_tag-great","31":"product_tag-hd-drone","32":"product_tag-headless","33":"product_tag-lens","34":"product_tag-mini-drone","35":"product_tag-mode","36":"product_tag-motor","37":"product_tag-quadcopter","38":"product_tag-remote-control-drone","39":"product_tag-swivels","40":"product_tag-takeoff","41":"product_tag-touch","43":"first","44":"instock","45":"sale","46":"shipping-taxable","47":"product-type-external"},"_links":{"self":[{"href":"https:\/\/comprasyconsejos.store\/en\/wp-json\/wp\/v2\/product\/35247","targetHints":{"allow":["GET"]}}],"collection":[{"href":"https:\/\/comprasyconsejos.store\/en\/wp-json\/wp\/v2\/product"}],"about":[{"href":"https:\/\/comprasyconsejos.store\/en\/wp-json\/wp\/v2\/types\/product"}],"replies":[{"embeddable":true,"href":"https:\/\/comprasyconsejos.store\/en\/wp-json\/wp\/v2\/comments?post=35247"}],"version-history":[{"count":0,"href":"https:\/\/comprasyconsejos.store\/en\/wp-json\/wp\/v2\/product\/35247\/revisions"}],"wp:featuredmedia":[{"embeddable":true,"href":"https:\/\/comprasyconsejos.store\/en\/wp-json\/wp\/v2\/media\/35248"}],"wp:attachment":[{"href":"https:\/\/comprasyconsejos.store\/en\/wp-json\/wp\/v2\/media?parent=35247"}],"wp:term":[{"taxonomy":"product_brand","embeddable":true,"href":"https:\/\/comprasyconsejos.store\/en\/wp-json\/wp\/v2\/product_brand?post=35247"},{"taxonomy":"product_cat","embeddable":true,"href":"https:\/\/comprasyconsejos.store\/en\/wp-json\/wp\/v2\/product_cat?post=35247"},{"taxonomy":"product_tag","embeddable":true,"href":"https:\/\/comprasyconsejos.store\/en\/wp-json\/wp\/v2\/product_tag?post=35247"}],"curies":[{"name":"wp","href":"https:\/\/api.w.org\/{rel}","templated":true}]}}