{"id":35263,"date":"2026-02-26T16:43:49","date_gmt":"2026-02-26T16:43:49","guid":{"rendered":"https:\/\/comprasyconsejos.store\/product\/tp-link-archer-tx20u-nano-wifi6-usb-adapter-ax1800-dual-band-lower-latency-and-safer-network-preloaded-controller-plug-and-play-nano-design-black\/"},"modified":"2026-02-26T16:43:55","modified_gmt":"2026-02-26T16:43:55","slug":"tp-link-archer-tx20u-nano-wifi6-usb-adapter-ax1800-dual-band-lower-latency-and-safer-network-preloaded-controller-plug-and-play-nano-design-black","status":"publish","type":"product","link":"https:\/\/comprasyconsejos.store\/en\/product\/tp-link-archer-tx20u-nano-wifi6-usb-adapter-ax1800-dual-band-lower-latency-and-safer-network-preloaded-controller-plug-and-play-nano-design-black\/","title":{"rendered":"TP-Link Archer TX20U Nano | WiFi6 USB Adapter, AX1800 Dual Band, Lower Latency and Safer Network, Preloaded Controller, Plug and Play, Nano Design, Black"},"content":{"rendered":"<p>Price: <span style=\"color:#b12704\">\u20ac34.99<\/span><br \/><i><small>(as of Feb 26, 2026 16:43:49 UTC &#8211; <span class=\"wp_automatic_amazon_disclaimer\" title=\"Product prices and availability are accurate as of the date\/time indicated and are subject to change. Any price and availability information displayed on [relevant Amazon Site(s), as applicable] at the time of purchase will apply to the purchase of this product.\">Details<\/span>)<\/small><\/i><\/p>\n<p><a href=\"https:\/\/amazon.es\/dp\/B0CKPSXFMJ?tag=man008-21\"><img decoding=\"async\" src=\"https:\/\/valvepress.s3.amazonaws.com\/imgs\/buy_now.png\"><\/a><br \/>\n<\/p>\n<p>                                             From the manufacturer   <\/p>\n<p>                                                                                                       <img decoding=\"async\" alt=\"Archer TX20U Nano - Adaptador USB inal\u00e1mbrico Wi-Fi 6 AX1800\" src=\"https:\/\/images-na.ssl-images-amazon.com\/images\/G\/01\/x-locale\/common\/grey-pixel.gif\" class=\"a-lazy-loaded\" data-src=\"https:\/\/m.media-amazon.com\/images\/S\/aplus-media-library-service-media\/3b46df53-41b3-4a2e-930e-20a6fce4cef7.__CR0,0,1464,600_PT0_SX1464_V1___.jpg\"><img decoding=\"async\" alt=\"Archer TX20U Nano - Adaptador USB inal\u00e1mbrico Wi-Fi 6 AX1800\" src=\"https:\/\/m.media-amazon.com\/images\/S\/aplus-media-library-service-media\/3b46df53-41b3-4a2e-930e-20a6fce4cef7.__CR0,0,1464,600_PT0_SX1464_V1___.jpg\">                                               <\/p>\n<p>                                                                                                       <img decoding=\"async\" alt=\"Archer TX20U Nano - Adaptador USB inal\u00e1mbrico Wi-Fi 6 AX1800\" src=\"https:\/\/images-na.ssl-images-amazon.com\/images\/G\/01\/x-locale\/common\/grey-pixel.gif\" class=\"a-lazy-loaded\" data-src=\"https:\/\/m.media-amazon.com\/images\/S\/aplus-media-library-service-media\/a899054a-8041-4e38-9a13-5d928aa61112.__CR0,0,1464,600_PT0_SX1464_V1___.jpg\"><img decoding=\"async\" alt=\"Archer TX20U Nano - Adaptador USB inal\u00e1mbrico Wi-Fi 6 AX1800\" src=\"https:\/\/m.media-amazon.com\/images\/S\/aplus-media-library-service-media\/a899054a-8041-4e38-9a13-5d928aa61112.__CR0,0,1464,600_PT0_SX1464_V1___.jpg\">                                               <\/p>\n<p>                                                                     Actual\u00edzate a la Tecnolog\u00eda Wi-Fi 6                                            <img decoding=\"async\" alt=\"Archer TX20U Nano - Adaptador USB inal\u00e1mbrico Wi-Fi 6 AX1800\" src=\"https:\/\/images-na.ssl-images-amazon.com\/images\/G\/01\/x-locale\/common\/grey-pixel.gif\" class=\"a-lazy-loaded\" data-src=\"https:\/\/m.media-amazon.com\/images\/S\/aplus-media-library-service-media\/5395f2ed-5f3c-44a3-9558-b9e616f93cd3.__CR0,0,1464,600_PT0_SX1464_V1___.jpg\"><img decoding=\"async\" alt=\"Archer TX20U Nano - Adaptador USB inal\u00e1mbrico Wi-Fi 6 AX1800\" src=\"https:\/\/m.media-amazon.com\/images\/S\/aplus-media-library-service-media\/5395f2ed-5f3c-44a3-9558-b9e616f93cd3.__CR0,0,1464,600_PT0_SX1464_V1___.jpg\">                                         <\/p>\n<p class=\"aplus-description aplus-container-3 aplus-p1\"> La \u00faltima tecnolog\u00eda Wi-Fi hace que los molestos retardos y las cargas interminables sean cosa del pasado. Equipa tu PC con Archer TX20U Nano y disfruta de una red m\u00e1s r\u00e1pida y m\u00e1s conexiones. <\/p>\n<p>                                                                                                              <img decoding=\"async\" alt=\"Archer TX20U Nano - Adaptador USB inal\u00e1mbrico Wi-Fi 6 AX1800\" src=\"https:\/\/m.media-amazon.com\/images\/S\/aplus-media-library-service-media\/b470d276-e816-4575-8de5-617e0d0e2858.__CR0,0,1464,600_PT0_SX1464_V1___.jpg\">                                                                                           OFDMA                                       <\/p>\n<p class=\"description aplus-p1\"> Menos latencia en juegos y videos, mejorando la experiencia en tiempo real. <\/p>\n<p>                                                      <img decoding=\"async\" alt=\"Archer TX20U Nano - Adaptador USB inal\u00e1mbrico Wi-Fi 6 AX1800\" src=\"https:\/\/m.media-amazon.com\/images\/S\/aplus-media-library-service-media\/3319e492-dc13-4b22-9052-ada5de71ddde.__CR0,0,1464,600_PT0_SX1464_V1___.jpg\">                                                                                           MU-MIMO                                       <\/p>\n<p class=\"description aplus-p1\"> Conexi\u00f3n fluida para varios dispositivos al mismo tiempo. <\/p>\n<p>                            1 OFDMA <\/p>\n<p>                            2 MU-MIMO <\/p>\n<p>                                                                                                       <img decoding=\"async\" alt=\"Archer TX20U Nano - Adaptador USB inal\u00e1mbrico Wi-Fi 6 AX1800\" src=\"https:\/\/images-na.ssl-images-amazon.com\/images\/G\/01\/x-locale\/common\/grey-pixel.gif\" class=\"a-lazy-loaded\" data-src=\"https:\/\/m.media-amazon.com\/images\/S\/aplus-media-library-service-media\/5e4237bd-c898-44b2-824a-98acf31cfa24.__CR0,0,1464,600_PT0_SX1464_V1___.jpg\"><img decoding=\"async\" alt=\"Archer TX20U Nano - Adaptador USB inal\u00e1mbrico Wi-Fi 6 AX1800\" src=\"https:\/\/m.media-amazon.com\/images\/S\/aplus-media-library-service-media\/5e4237bd-c898-44b2-824a-98acf31cfa24.__CR0,0,1464,600_PT0_SX1464_V1___.jpg\">                                                                                    Dise\u00f1o Mini para Mayor Comodidad                                        <\/p>\n<p class=\"aplus-p2 aplus-module-2-description\"> Est\u00e1 dise\u00f1ado para ser lo m\u00e1s c\u00f3modo posible. Con su tama\u00f1o en miniatura y su elegante dise\u00f1o, puedes conectar el adaptador nano a cualquier puerto USB y dejarlo ah\u00ed, tanto si est\u00e1s de viaje como en casa. <\/p>\n<p>                                                                                                       <img decoding=\"async\" alt=\"Archer TX20U Nano - Adaptador USB inal\u00e1mbrico Wi-Fi 6 AX1800\" src=\"https:\/\/images-na.ssl-images-amazon.com\/images\/G\/01\/x-locale\/common\/grey-pixel.gif\" class=\"a-lazy-loaded\" data-src=\"https:\/\/m.media-amazon.com\/images\/S\/aplus-media-library-service-media\/ff748ac0-7100-4167-9b41-be187f25bbf8.__CR0,0,1464,600_PT0_SX1464_V1___.jpg\"><img decoding=\"async\" alt=\"Archer TX20U Nano - Adaptador USB inal\u00e1mbrico Wi-Fi 6 AX1800\" src=\"https:\/\/m.media-amazon.com\/images\/S\/aplus-media-library-service-media\/ff748ac0-7100-4167-9b41-be187f25bbf8.__CR0,0,1464,600_PT0_SX1464_V1___.jpg\">                                                                                    Seguridad Avanzada con WPA3                                        <\/p>\n<p class=\"aplus-p2 aplus-module-2-description\"> WPA3 aporta nuevas capacidades para mejorar la ciberseguridad en las redes personales. Un cifrado m\u00e1s seguro en la seguridad de las contrase\u00f1as Wi-Fi y una mayor protecci\u00f3n contra los ataques de fuerza bruta se combinan para salvaguardar la Wi-Fi dom\u00e9stica. <\/p>\n<p> Language                                            \u200f                                            :                                            \u200e                                            English   <br \/> Product Dimensions                                            \u200f                                            :                                            \u200e                                            2.68 x 1.57 x 0.75 cm; 3 g   <br \/> Manufacturer                                            \u200f                                            :                                            \u200e                                            TP-Link   <br \/> ASIN                                            \u200f                                            :                                            \u200e                                            B0CKPSXFMJ   <br \/> Item model number                                            \u200f                                            :                                            \u200e                                            Archer TX20U Nano   <br \/> Country of origin                                            \u200f                                            :                                            \u200e                                            China   <br \/> Guaranteed software updates until                                            \u200f                                            :                                            \u200e                                            unknown   <br \/>  Customer reviews:                                                                                            4.2               4.2 out of 5 stars                                  (860)                                              var dpAcrHasRegisteredArcLinkClickAction;                    P.when(&#8216;A&#8217;, &#8216;ready&#8217;).execute(function(A) {                        if (dpAcrHasRegisteredArcLinkClickAction !== true) {                            dpAcrHasRegisteredArcLinkClickAction = true;                            A.declarative(                                &#8216;acrLink-click-metrics&#8217;, &#8216;click&#8217;,                                { \u00aballowLinkDefault\u00bb: true },                                function (event) {                                    if (window.ue) {                                        ue.count(\u00abacrLinkClickCount\u00bb, (ue.count(\u00abacrLinkClickCount\u00bb) || 0) + 1);                                    }                                }                            );                        }                    });                                             P.when(&#8216;A&#8217;, &#8216;cf&#8217;).execute(function(A) {                A.declarative(&#8216;acrStarsLink-click-metrics&#8217;, &#8216;click&#8217;, { \u00aballowLinkDefault\u00bb : true },  function(event){                    if(window.ue) {                        ue.count(\u00abacrStarsLinkWithPopoverClickCount\u00bb, (ue.count(\u00abacrStarsLinkWithPopoverClickCount\u00bb) || 0) + 1);                    }                });            });                          <\/p>\n<p>Fast WiFi 6 &#8211; Break the gigabit barrier with speeds up to 1201Mbps (5GHz) + 574Mbps (2.4GHz).<br \/>Dual Band Wireless Connection &#8211; 2.4 GHz and 5 GHz bands for flexible connectivity.<br \/>Lower Gaming Latency &#8211; OFDMA and MU-MIMO ensure a more efficient WiFi connection for your PC.<br \/>Enhanced Security &#8211; WPA3 offers the latest improvements in password protection.<br \/>Nano Design &#8211; Compact and discreet, you can plug it in and forget about it.<br \/>Easy Installation &#8211; The TX20U Nano comes with the pre-installed driver. Just plug and play.<\/p>\n\n","protected":false},"excerpt":{"rendered":"<p> From the manufacturer Actual\u00edzate a la Tecnolog\u00eda Wi-Fi 6 La \u00faltima tecnolog\u00eda Wi-Fi hace que<\/p>","protected":false},"featured_media":35264,"comment_status":"open","ping_status":"closed","template":"","meta":[],"product_brand":[],"product_cat":[72],"product_tag":[144,2868,3580,2217,307,2152,939,298,2110,2116,2114,3942,2118,1205,1719,2112,1139,324,10037,10036,2447,3581,133,2108,2104,2120,2102,5308,2106],"class_list":{"0":"post-35263","1":"product","2":"type-product","3":"status-publish","4":"has-post-thumbnail","6":"product_cat-wifi-sticks","7":"product_tag-adapter","8":"product_tag-archer","9":"product_tag-ax1800","10":"product_tag-band","11":"product_tag-black","12":"product_tag-controller","13":"product_tag-design","14":"product_tag-dual","15":"product_tag-dual-band-wifi-adapter","16":"product_tag-high-speed-wifi-usb","17":"product_tag-laptop-wifi-adapter","18":"product_tag-latency","19":"product_tag-mini-wifi-adapter","20":"product_tag-nano","21":"product_tag-network","22":"product_tag-pc-wifi-adapter","23":"product_tag-play","24":"product_tag-plug","25":"product_tag-preloaded","26":"product_tag-safer","27":"product_tag-tplink","28":"product_tag-tx20u","29":"product_tag-usb","30":"product_tag-usb-wifi-dongle","31":"product_tag-wifi-stick","32":"product_tag-wifi-stick-price","33":"product_tag-wifi-usb-adapter","34":"product_tag-wifi6","35":"product_tag-wireless-usb-adapter","37":"first","38":"instock","39":"shipping-taxable","40":"product-type-external"},"_links":{"self":[{"href":"https:\/\/comprasyconsejos.store\/en\/wp-json\/wp\/v2\/product\/35263","targetHints":{"allow":["GET"]}}],"collection":[{"href":"https:\/\/comprasyconsejos.store\/en\/wp-json\/wp\/v2\/product"}],"about":[{"href":"https:\/\/comprasyconsejos.store\/en\/wp-json\/wp\/v2\/types\/product"}],"replies":[{"embeddable":true,"href":"https:\/\/comprasyconsejos.store\/en\/wp-json\/wp\/v2\/comments?post=35263"}],"version-history":[{"count":0,"href":"https:\/\/comprasyconsejos.store\/en\/wp-json\/wp\/v2\/product\/35263\/revisions"}],"wp:featuredmedia":[{"embeddable":true,"href":"https:\/\/comprasyconsejos.store\/en\/wp-json\/wp\/v2\/media\/35264"}],"wp:attachment":[{"href":"https:\/\/comprasyconsejos.store\/en\/wp-json\/wp\/v2\/media?parent=35263"}],"wp:term":[{"taxonomy":"product_brand","embeddable":true,"href":"https:\/\/comprasyconsejos.store\/en\/wp-json\/wp\/v2\/product_brand?post=35263"},{"taxonomy":"product_cat","embeddable":true,"href":"https:\/\/comprasyconsejos.store\/en\/wp-json\/wp\/v2\/product_cat?post=35263"},{"taxonomy":"product_tag","embeddable":true,"href":"https:\/\/comprasyconsejos.store\/en\/wp-json\/wp\/v2\/product_tag?post=35263"}],"curies":[{"name":"wp","href":"https:\/\/api.w.org\/{rel}","templated":true}]}}