{"id":35283,"date":"2026-02-26T16:47:53","date_gmt":"2026-02-26T16:47:53","guid":{"rendered":"https:\/\/comprasyconsejos.store\/product\/beyerdynamic-mmx-300-pro-gaming-headset-with-stellar-45-drivers-and-condenser-microphone-wired-gaming-headset\/"},"modified":"2026-02-26T16:48:03","modified_gmt":"2026-02-26T16:48:03","slug":"beyerdynamic-mmx-300-pro-gaming-headset-with-stellar-45-drivers-and-condenser-microphone-wired-gaming-headset","status":"publish","type":"product","link":"https:\/\/comprasyconsejos.store\/en\/product\/beyerdynamic-mmx-300-pro-gaming-headset-with-stellar-45-drivers-and-condenser-microphone-wired-gaming-headset\/","title":{"rendered":"beyerdynamic MMX 300 PRO Gaming Headset with STELLAR.45 Drivers and Condenser Microphone, Wired Gaming Headset"},"content":{"rendered":"<p>Price: <span style=\"color:#b12704\">\u20ac298.00<\/span><br \/><i><small>(as of Feb 26, 2026 16:47:54 UTC &#8211; <span class=\"wp_automatic_amazon_disclaimer\" title=\"Product prices and availability are accurate as of the date\/time indicated and are subject to change. Any price and availability information displayed on [relevant Amazon Site(s), as applicable] at the time of purchase will apply to the purchase of this product.\">Details<\/span>)<\/small><\/i><\/p>\n<p><a href=\"https:\/\/amazon.es\/dp\/B0CYSWTLZY?tag=man008-21\"><img decoding=\"async\" src=\"https:\/\/valvepress.s3.amazonaws.com\/imgs\/buy_now.png\"><\/a><br \/>\n<\/p>\n<p>                                             From the brand   <\/p>\n<p>                                              <img decoding=\"async\" alt=\"Persona que lleva auriculares blancos en un entorno con poca luz con un icono circular naranja visible en el fondo\" src=\"https:\/\/images-na.ssl-images-amazon.com\/images\/G\/01\/x-locale\/common\/grey-pixel.gif\" class=\"a-lazy-loaded\" data-src=\"https:\/\/m.media-amazon.com\/images\/S\/aplus-media-library-service-media\/8abfafc4-0bee-4942-a986-c08daed535d0.__CR0,0,1464,625_PT0_SX1464_V1___.jpg\"><img decoding=\"async\" alt=\"Persona que lleva auriculares blancos en un entorno con poca luz con un icono circular naranja visible en el fondo\" src=\"https:\/\/m.media-amazon.com\/images\/S\/aplus-media-library-service-media\/8abfafc4-0bee-4942-a986-c08daed535d0.__CR0,0,1464,625_PT0_SX1464_V1___.jpg\">  <\/p>\n<p>                                              <img decoding=\"async\" alt=\"Varios paneles que muestran papel de regalo blanco con un dise\u00f1o de coraz\u00f3n rojo. El papel se muestra desde diferentes \u00e1ngulos y perspectivas.\" src=\"https:\/\/images-na.ssl-images-amazon.com\/images\/G\/01\/x-locale\/common\/grey-pixel.gif\" class=\"a-lazy-loaded\" data-src=\"https:\/\/m.media-amazon.com\/images\/S\/aplus-media-library-service-media\/1527df9a-c9fe-4c56-b7a9-8d84157b42f1.__CR88,0,2802,3506_PT0_SX362_V1___.png\"><img decoding=\"async\" alt=\"Varios paneles que muestran papel de regalo blanco con un dise\u00f1o de coraz\u00f3n rojo. El papel se muestra desde diferentes \u00e1ngulos y perspectivas.\" src=\"https:\/\/m.media-amazon.com\/images\/S\/aplus-media-library-service-media\/1527df9a-c9fe-4c56-b7a9-8d84157b42f1.__CR88,0,2802,3506_PT0_SX362_V1___.png\">  <\/p>\n<p>                                                         GAMING                                       <\/p>\n<p> Para los apasionados gamers, la calidad de audio es un factor decisivo que influye significativamente en la experiencia de juego. Nuestros headsets combinan calidad de sonido de estudio con una transmisi\u00f3n de voz de nitidez cristalina, al tiempo que brindan m\u00e1ximo confort de uso.  <\/p>\n<p> Con un sonido ambiental preciso, graves intensos y agudos n\u00edtidos, te sumergir\u00e1s m\u00e1s que nunca en los mundos virtuales. Ya sea con cable, ya sea inal\u00e1mbricos para mayor libertad de movimiento: nuestros headsets gaming no dejan nada que desear. <\/p>\n<p> Ahora, la \u00fanica pregunta es: \u00bfqu\u00e9 headset eliges? <\/p>\n<h3> tu Meta Pick para el juego <\/h3>\n<p>                                              <img decoding=\"async\" alt=\"que lleva el usuario. Auriculares negros con detalles en rojo visibles. Pantalla de computadora orientada al usuario con pantalla colorida.\" src=\"https:\/\/images-na.ssl-images-amazon.com\/images\/G\/01\/x-locale\/common\/grey-pixel.gif\" class=\"a-lazy-loaded\" data-src=\"https:\/\/m.media-amazon.com\/images\/S\/aplus-media-library-service-media\/9c40b0ea-0872-4536-a7b3-f8f24b0e6bbc.__CR0,23,463,579_PT0_SX362_V1___.jpg\"><img decoding=\"async\" alt=\"que lleva el usuario. Auriculares negros con detalles en rojo visibles. Pantalla de computadora orientada al usuario con pantalla colorida.\" src=\"https:\/\/m.media-amazon.com\/images\/S\/aplus-media-library-service-media\/9c40b0ea-0872-4536-a7b3-f8f24b0e6bbc.__CR0,23,463,579_PT0_SX362_V1___.jpg\">  <\/p>\n<p>                                              <img decoding=\"async\" alt=\"con dise\u00f1o circular iluminado en rojo, que se muestran en un entorno de juego con iluminaci\u00f3n RGB visible\" src=\"https:\/\/images-na.ssl-images-amazon.com\/images\/G\/01\/x-locale\/common\/grey-pixel.gif\" class=\"a-lazy-loaded\" data-src=\"https:\/\/m.media-amazon.com\/images\/S\/aplus-media-library-service-media\/227bc6f6-6aca-4900-8420-2a529c80cd00.__CR0,415,1666,2085_PT0_SX362_V1___.jpg\"><img decoding=\"async\" alt=\"con dise\u00f1o circular iluminado en rojo, que se muestran en un entorno de juego con iluminaci\u00f3n RGB visible\" src=\"https:\/\/m.media-amazon.com\/images\/S\/aplus-media-library-service-media\/227bc6f6-6aca-4900-8420-2a529c80cd00.__CR0,415,1666,2085_PT0_SX362_V1___.jpg\">  <\/p>\n<p>                                              <img decoding=\"async\" alt=\"Auriculares para juegos en combinaci\u00f3n de colores negro y rojo con micr\u00f3fono incorporado, que se muestran cuando se usan en una configuraci\u00f3n de computadora.\" src=\"https:\/\/images-na.ssl-images-amazon.com\/images\/G\/01\/x-locale\/common\/grey-pixel.gif\" class=\"a-lazy-loaded\" data-src=\"https:\/\/m.media-amazon.com\/images\/S\/aplus-media-library-service-media\/bf36c5d1-da5b-490d-942d-9d29a6f255dc.__CR584,0,1331,1666_PT0_SX362_V1___.jpg\"><img decoding=\"async\" alt=\"Auriculares para juegos en combinaci\u00f3n de colores negro y rojo con micr\u00f3fono incorporado, que se muestran cuando se usan en una configuraci\u00f3n de computadora.\" src=\"https:\/\/m.media-amazon.com\/images\/S\/aplus-media-library-service-media\/bf36c5d1-da5b-490d-942d-9d29a6f255dc.__CR584,0,1331,1666_PT0_SX362_V1___.jpg\">  <\/p>\n<p> Product Dimensions                                            \u200f                                            :                                            \u200e                                            22 x 12 x 15 cm; 453.59 g   <br \/> Manufacturer                                            \u200f                                            :                                            \u200e                                            beyerdynamic   <br \/> ASIN                                            \u200f                                            :                                            \u200e                                            B0CYSWTLZY   <br \/> Item model number                                            \u200f                                            :                                            \u200e                                            MMX 300 PRO   <br \/> Country\/Region of Origin                                            \u200f                                            :                                            \u200e                                            China   <br \/> Guaranteed software updates until                                            \u200f                                            :                                            \u200e                                            unknown   <br \/>  Customer reviews:                                                                                            3.8               3.8 out of 5 stars                                  (216)                                              var dpAcrHasRegisteredArcLinkClickAction;                    P.when(&#8216;A&#8217;, &#8216;ready&#8217;).execute(function(A) {                        if (dpAcrHasRegisteredArcLinkClickAction !== true) {                            dpAcrHasRegisteredArcLinkClickAction = true;                            A.declarative(                                &#8216;acrLink-click-metrics&#8217;, &#8216;click&#8217;,                                { \u00aballowLinkDefault\u00bb: true },                                function (event) {                                    if (window.ue) {                                        ue.count(\u00abacrLinkClickCount\u00bb, (ue.count(\u00abacrLinkClickCount\u00bb) || 0) + 1);                                    }                                }                            );                        }                    });                                             P.when(&#8216;A&#8217;, &#8216;cf&#8217;).execute(function(A) {                A.declarative(&#8216;acrStarsLink-click-metrics&#8217;, &#8216;click&#8217;, { \u00aballowLinkDefault\u00bb : true },  function(event){                    if(window.ue) {                        ue.count(\u00abacrStarsLinkWithPopoverClickCount\u00bb, (ue.count(\u00abacrStarsLinkWithPopoverClickCount\u00bb) || 0) + 1);                    }                });            });                          <\/p>\n<p>Professional studio sound with STELLAR.45 driver<br \/>Unique voice clarity thanks to its high-quality condenser microphone<br \/>Maximum comfort for extended gaming sessions<br \/>Headphone earpads, headband and cable as replaceable spare parts<br \/>Handmade in Germany (handmade in Germany)<\/p>\n\n","protected":false},"excerpt":{"rendered":"<p> From the brand GAMING Para los apasionados gamers, la calidad de audio es un factor<\/p>","protected":false},"featured_media":35284,"comment_status":"open","ping_status":"closed","template":"","meta":[],"product_brand":[],"product_cat":[67],"product_tag":[2039,9270,7513,2045,2034,865,617,711,2043,2038,1071,10043,163,10044,2035,2036,2033,2041,2048,750],"class_list":{"0":"post-35283","1":"product","2":"type-product","3":"status-publish","4":"has-post-thumbnail","6":"product_cat-thermal-paste","7":"product_tag-best-thermal-paste","8":"product_tag-beyerdynamic","9":"product_tag-condenser","10":"product_tag-cpu-cooling-paste","11":"product_tag-cpu-thermal-paste","12":"product_tag-drivers","13":"product_tag-gaming","14":"product_tag-headset","15":"product_tag-heat-sink-paste","16":"product_tag-high-performance-thermal-paste","17":"product_tag-microphone","18":"product_tag-mmx","19":"product_tag-pro","20":"product_tag-stellar-45","21":"product_tag-thermal-compound","22":"product_tag-thermal-grease","23":"product_tag-thermal-paste","24":"product_tag-thermal-paste-for-gaming-pc","25":"product_tag-thermal-paste-price","26":"product_tag-wired","28":"first","29":"instock","30":"shipping-taxable","31":"product-type-external"},"_links":{"self":[{"href":"https:\/\/comprasyconsejos.store\/en\/wp-json\/wp\/v2\/product\/35283","targetHints":{"allow":["GET"]}}],"collection":[{"href":"https:\/\/comprasyconsejos.store\/en\/wp-json\/wp\/v2\/product"}],"about":[{"href":"https:\/\/comprasyconsejos.store\/en\/wp-json\/wp\/v2\/types\/product"}],"replies":[{"embeddable":true,"href":"https:\/\/comprasyconsejos.store\/en\/wp-json\/wp\/v2\/comments?post=35283"}],"version-history":[{"count":0,"href":"https:\/\/comprasyconsejos.store\/en\/wp-json\/wp\/v2\/product\/35283\/revisions"}],"wp:featuredmedia":[{"embeddable":true,"href":"https:\/\/comprasyconsejos.store\/en\/wp-json\/wp\/v2\/media\/35284"}],"wp:attachment":[{"href":"https:\/\/comprasyconsejos.store\/en\/wp-json\/wp\/v2\/media?parent=35283"}],"wp:term":[{"taxonomy":"product_brand","embeddable":true,"href":"https:\/\/comprasyconsejos.store\/en\/wp-json\/wp\/v2\/product_brand?post=35283"},{"taxonomy":"product_cat","embeddable":true,"href":"https:\/\/comprasyconsejos.store\/en\/wp-json\/wp\/v2\/product_cat?post=35283"},{"taxonomy":"product_tag","embeddable":true,"href":"https:\/\/comprasyconsejos.store\/en\/wp-json\/wp\/v2\/product_tag?post=35283"}],"curies":[{"name":"wp","href":"https:\/\/api.w.org\/{rel}","templated":true}]}}