{"id":35321,"date":"2026-02-26T16:55:29","date_gmt":"2026-02-26T16:55:29","guid":{"rendered":"https:\/\/comprasyconsejos.store\/product\/hp-envy-6020-5se16b-multifunction-ink-colour-prints-scan-and-copy-wi-fi-usb-2-0-smart-app-includes-3-months-instant-ink-service-white\/"},"modified":"2026-02-26T16:55:30","modified_gmt":"2026-02-26T16:55:30","slug":"hp-envy-6020-5se16b-multifunction-ink-colour-prints-scan-and-copy-wi-fi-usb-2-0-smart-app-includes-3-months-instant-ink-service-white","status":"publish","type":"product","link":"https:\/\/comprasyconsejos.store\/en\/product\/hp-envy-6020-5se16b-multifunction-ink-colour-prints-scan-and-copy-wi-fi-usb-2-0-smart-app-includes-3-months-instant-ink-service-white\/","title":{"rendered":"HP Envy 6020 5SE16B, Multifunction Ink, Colour, Prints, Scan and Copy, Wi-Fi, USB 2.0, Smart App, Includes 3 Months Instant Ink Service, White"},"content":{"rendered":"<p>Price: <span style=\"color:#b12704\"><del>\u20ac129.00<\/del> - \u20ac119.99<\/span><br \/><i><small>(as of Feb 26, 2026 16:55:29 UTC &#8211; <span class=\"wp_automatic_amazon_disclaimer\" title=\"Product prices and availability are accurate as of the date\/time indicated and are subject to change. Any price and availability information displayed on [relevant Amazon Site(s), as applicable] at the time of purchase will apply to the purchase of this product.\">Details<\/span>)<\/small><\/i><\/p>\n<p><a href=\"https:\/\/amazon.es\/dp\/B086LRTY7X?tag=man008-21\"><img decoding=\"async\" src=\"https:\/\/valvepress.s3.amazonaws.com\/imgs\/buy_now.png\"><\/a><br \/>\n<\/p>\n<p>                                             From the manufacturer   <\/p>\n<p>                                                  <img decoding=\"async\" alt=\"Descubre HP Instant Ink y despreoc\u00fapate de la tinta para siempre\" src=\"https:\/\/images-na.ssl-images-amazon.com\/images\/G\/01\/x-locale\/common\/grey-pixel.gif\" class=\"a-lazy-loaded\" data-src=\"https:\/\/m.media-amazon.com\/images\/S\/aplus-media-library-service-media\/99ac1f27-b3db-4385-a6a8-e7f98d609661.__CR34,0,1132,350_PT0_SX970_V1___.jpg\"><img decoding=\"async\" alt=\"Descubre HP Instant Ink y despreoc\u00fapate de la tinta para siempre\" src=\"https:\/\/m.media-amazon.com\/images\/S\/aplus-media-library-service-media\/99ac1f27-b3db-4385-a6a8-e7f98d609661.__CR34,0,1132,350_PT0_SX970_V1___.jpg\">  <\/p>\n<p>                                                  <img decoding=\"async\" alt=\"HP Envy\" src=\"https:\/\/images-na.ssl-images-amazon.com\/images\/G\/01\/x-locale\/common\/grey-pixel.gif\" class=\"a-lazy-loaded\" data-src=\"https:\/\/m.media-amazon.com\/images\/S\/aplus-media\/vc\/3a686e8b-d352-4e28-9f98-fcfceac1d72a.__CR0,0,970,300_PT0_SX970_V1___.jpg\"><img decoding=\"async\" alt=\"HP Envy\" src=\"https:\/\/m.media-amazon.com\/images\/S\/aplus-media\/vc\/3a686e8b-d352-4e28-9f98-fcfceac1d72a.__CR0,0,970,300_PT0_SX970_V1___.jpg\">  <\/p>\n<p>                                                      <img decoding=\"async\" alt=\"HP Envy\" src=\"https:\/\/images-na.ssl-images-amazon.com\/images\/G\/01\/x-locale\/common\/grey-pixel.gif\" class=\"a-spacing-mini a-lazy-loaded\" data-src=\"https:\/\/m.media-amazon.com\/images\/S\/aplus-media\/vc\/4f1d400b-082a-433e-8798-f5b420d7ec21.__CR0,1,1500,2000_PT0_SX300_V1___.jpg\"><img decoding=\"async\" alt=\"HP Envy\" src=\"https:\/\/m.media-amazon.com\/images\/S\/aplus-media\/vc\/4f1d400b-082a-433e-8798-f5b420d7ec21.__CR0,1,1500,2000_PT0_SX300_V1___.jpg\">  <\/p>\n<p>                                                              <img decoding=\"async\" alt=\"HP Envy\" src=\"https:\/\/images-na.ssl-images-amazon.com\/images\/G\/01\/x-locale\/common\/grey-pixel.gif\" class=\"a-spacing-mini a-lazy-loaded\" data-src=\"https:\/\/m.media-amazon.com\/images\/S\/aplus-media\/vc\/ff749949-6aae-4181-92e7-171fe2efb531.__CR0,0,2000,1000_PT0_SX350_V1___.jpg\"><img decoding=\"async\" alt=\"HP Envy\" src=\"https:\/\/m.media-amazon.com\/images\/S\/aplus-media\/vc\/ff749949-6aae-4181-92e7-171fe2efb531.__CR0,0,2000,1000_PT0_SX350_V1___.jpg\">                                          Contenido de la caja                                 <\/p>\n<p class=\"a-spacing-small a-size-small a-color-secondary\">\n<p>Impresora multifunci\u00f3n HP ENVY 6020Cartucho de tinta de configuraci\u00f3n HP 305 negroCartucho de tinta de configuraci\u00f3n HP 305 tricolorFolleto reglamentarioGu\u00eda de configuraci\u00f3nGu\u00eda de referenciaCable de alimentaci\u00f3n                                        Las impresoras utilizan las medidas de seguridad din\u00e1mica para bloquear los cartuchos que tienen chips o circuitos electr\u00f3nicos que no son de HP o que han sido modificados       Los cartuchos reutilizados, remanufacturados y rellenados que reutilizan el chip o los circuitos electr\u00f3nicos de HP no se ven afectados por la seguridad din\u00e1mica       Para m\u00e1s informaci\u00f3n visita la HP Store en Amazon       <\/p>\n<h3 class=\"a-spacing-mini\"> Impresora multifunci\u00f3n HP ENVY 6020 <\/h3>\n<p>                                          Todo lo que una familia necesita                                     <\/p>\n<p class=\"a-spacing-base\"> Perfecta para toda la familia. Para todos los dispositivos. Imprime, escanea y copia documentos diarios, deberes y fotograf\u00edas, entre otras muchas opciones. Configura y conecta cualquier dispositivo con la aplicaci\u00f3n HP Smart y disfruta de la conectividad Wi-Fi con capacidades de recuperaci\u00f3n autom\u00e1tica. Recibe la tinta en la puerta de tu casa por menos dinero: HP Instant Ink. <\/p>\n<p>                                                          Incluye 3 meses de prueba de Instant Ink       Imprime. Copia. Escanea.       Velocidad de impresi\u00f3n de 10\/7 ppm (negro\/color)       Impresi\u00f3n a doble cara       M\u00e1s del 20 % de su composici\u00f3n es pl\u00e1stico reciclado       Impresi\u00f3n sin bordes (hasta 216 x 297 mm)       Conectividad fiable gracias a la conexi\u00f3n Wi-Fi de doble banda con capacidades de recuperaci\u00f3n autom\u00e1tica y al Bluetooth 5.0.       Compatible con conexiones inal\u00e1mbricas y con la aplicaci\u00f3n HP Smart      <\/p>\n<p class=\"apm-text-center\">\n                                                      <img decoding=\"async\" alt=\"HP Envy\" src=\"https:\/\/images-na.ssl-images-amazon.com\/images\/G\/01\/x-locale\/common\/grey-pixel.gif\" class=\"a-spacing-mini a-lazy-loaded\" data-src=\"https:\/\/m.media-amazon.com\/images\/S\/aplus-media\/vc\/c1a4e84d-6782-48b8-9208-cf4c5b176add.__CR36,0,496,496_PT0_SX300_V1___.jpg\"><img decoding=\"async\" alt=\"HP Envy\" src=\"https:\/\/m.media-amazon.com\/images\/S\/aplus-media\/vc\/c1a4e84d-6782-48b8-9208-cf4c5b176add.__CR36,0,496,496_PT0_SX300_V1___.jpg\">  <\/p>\n<p>                                                    Todos conectados de una forma f\u00e1cil y r\u00e1pida                                       <\/p>\n<p>Ponte en marcha r\u00e1pidamente con una configuraci\u00f3n sencilla que te gu\u00eda paso a paso gracias a la aplicaci\u00f3n HP Smart.La conectividad Wi-Fi con capacidades de recuperaci\u00f3n autom\u00e1tica detecta y soluciona los problemas de conectividad para reducir las interrupciones.Con\u00e9ctate a trav\u00e9s de Bluetooth y empieza a imprimir de forma inmediata desde tu m\u00f3vil o tablet: f\u00e1cil configuraci\u00f3n.Gestione tareas f\u00e1cilmente y benef\u00edciese al m\u00e1ximo con un solo dispositivo: imprima, escanee y copie.     <\/p>\n<p class=\"apm-text-center\">\n                                                      <img decoding=\"async\" alt=\"HP Envy\" src=\"https:\/\/images-na.ssl-images-amazon.com\/images\/G\/01\/x-locale\/common\/grey-pixel.gif\" class=\"a-spacing-mini a-lazy-loaded\" data-src=\"https:\/\/m.media-amazon.com\/images\/S\/aplus-media\/vc\/71f909e6-4b63-44ab-ae2b-1cb6d14c07d2.__CR113,0,450,450_PT0_SX300_V1___.jpg\"><img decoding=\"async\" alt=\"HP Envy\" src=\"https:\/\/m.media-amazon.com\/images\/S\/aplus-media\/vc\/71f909e6-4b63-44ab-ae2b-1cb6d14c07d2.__CR113,0,450,450_PT0_SX300_V1___.jpg\">  <\/p>\n<p>                                                    Imprime d\u00f3nde y cu\u00e1ndo quieras. Desde cualquier parte.                                       <\/p>\n<p>Imprime f\u00e1cilmente documentos diarios desde tu m\u00f3vil con la aplicaci\u00f3n HP Smart.Con la aplicaci\u00f3n HP Smart, obt\u00e9n documentos escaneados de gran calidad, comparte tus documentos y realiza copias con facilidad: todo desde tu tel\u00e9fono m\u00f3vil.Recibe notificaciones de tu tel\u00e9fono m\u00f3vil al imprimir o escanear: finalizaci\u00f3n de trabajos, niveles de tinta, etc.     <\/p>\n<p class=\"apm-text-center\">\n                                                      <img decoding=\"async\" alt=\"HP Envy\" src=\"https:\/\/images-na.ssl-images-amazon.com\/images\/G\/01\/x-locale\/common\/grey-pixel.gif\" class=\"a-spacing-mini a-lazy-loaded\" data-src=\"https:\/\/m.media-amazon.com\/images\/S\/aplus-media\/vc\/2e4c1893-f23f-4e9e-9308-6cfcbb9fae17.__CR108,0,450,450_PT0_SX300_V1___.jpg\"><img decoding=\"async\" alt=\"HP Envy\" src=\"https:\/\/m.media-amazon.com\/images\/S\/aplus-media\/vc\/2e4c1893-f23f-4e9e-9308-6cfcbb9fae17.__CR108,0,450,450_PT0_SX300_V1___.jpg\">  <\/p>\n<p>                                                    Ahorra hasta un 70 % en tinta y no te quedes nunca sin ella                                       <\/p>\n<p>HP Instant Ink solicita la tinta autom\u00e1ticamente para que la recibas en la puerta de tu casa por mucho menos dinero.Obt\u00e9n textos definidos en negro y gr\u00e1ficos intensos en todas tus fotos y documentos.     <\/p>\n<p>                         Add To Basket  <\/p>\n<p>                         Add To Basket  <\/p>\n<p>                         Add To Basket  <\/p>\n<p>                             Customer Reviews  <\/p>\n<p>                    4.6 out of 5 stars  10,019  <\/p>\n<p>                    4.5 out of 5 stars  17,990  <\/p>\n<p>                \u2014                                   <\/p>\n<p>                    4.6 out of 5 stars  3,943  <\/p>\n<p>                             Price  <\/p>\n<p>                                    \u20ac15.45\u20ac15.45                  \u20ac15.49\u20ac15.49<br \/>\n                                            \u2014 no data<br \/>\n                                                       \u20ac25.99\u20ac25.99              <\/p>\n<p>                             Compatible  <\/p>\n<p>                                              \u2713<\/p>\n<p>                                              \u2713<\/p>\n<p>                                              \u2713<\/p>\n<p>                                              \u2713<\/p>\n<p> Batteries                                            \u200f                                            :                                            \u200e                                            1 Lithium Ion batteries required.   <br \/> Is discontinued by manufacturer                                            \u200f                                            :                                            \u200e                                            No   <br \/> Language                                            \u200f                                            :                                            \u200e                                            English, English, English, English, English   <br \/> Product Dimensions                                            \u200f                                            :                                            \u200e                                            14.22 x 17.03 x 5.2 cm; 5.22 kg   <br \/> Manufacturer                                            \u200f                                            :                                            \u200e                                            HP   <br \/> ASIN                                            \u200f                                            :                                            \u200e                                            B086LRTY7X   <br \/> Item model number                                            \u200f                                            :                                            \u200e                                            6020   <br \/> Guaranteed software updates until                                            \u200f                                            :                                            \u200e                                            13 April 2030   <br \/>  Customer reviews:                                                                                            4.0               4.0 out of 5 stars                                  (11,350)                                              var dpAcrHasRegisteredArcLinkClickAction;                    P.when(&#8216;A&#8217;, &#8216;ready&#8217;).execute(function(A) {                        if (dpAcrHasRegisteredArcLinkClickAction !== true) {                            dpAcrHasRegisteredArcLinkClickAction = true;                            A.declarative(                                &#8216;acrLink-click-metrics&#8217;, &#8216;click&#8217;,                                { \u00aballowLinkDefault\u00bb: true },                                function (event) {                                    if (window.ue) {                                        ue.count(\u00abacrLinkClickCount\u00bb, (ue.count(\u00abacrLinkClickCount\u00bb) || 0) + 1);                                    }                                }                            );                        }                    });                                             P.when(&#8216;A&#8217;, &#8216;cf&#8217;).execute(function(A) {                A.declarative(&#8216;acrStarsLink-click-metrics&#8217;, &#8216;click&#8217;, { \u00aballowLinkDefault\u00bb : true },  function(event){                    if(window.ue) {                        ue.count(\u00abacrStarsLinkWithPopoverClickCount\u00bb, (ue.count(\u00abacrStarsLinkWithPopoverClickCount\u00bb) || 0) + 1);                    }                });            });                          <\/p>\n<p>Get 6 months of FREE printing with HP Instant Ink; Never worry about ink forever; Receive ink at home before it runs out and save time and money; Enjoy convenient, flexible service with no commitment to stay and print color at black and white prices; HP Instant Ink registration must be completed within 7 days from printer settings; Sign up on the website of the Manufacturer<br \/>Print double-sided automatically, scan and photocopy photos and documents with vivid color at home; print speed is 10 ppm black and 7 ppm colour<br \/>The printer has an input tray with a capacity of up to 100 sheets, an output tray with a capacity of 25 sheets, and a flatbed scanner<br \/>Features reliable connectivity thanks to dual-band Wi-Fi with auto-reset, Wi-Fi Direct, Hi-Speed USB 2.0, HP Smart App, Apple AirPrint and Mopria<br \/>With the HP Smart app, you can print, scan, copy and share your documents with high-quality results at all times from your mobile phone<br \/>This printer is compatible with the original HP 305 Black, HP 305 Tricolor inkjet cartridges and comes with 3 months included of HP Instant Ink Automatic Ink Service<\/p>\n\n","protected":false},"excerpt":{"rendered":"<p> From the manufacturer Contenido de la caja Impresora multifunci\u00f3n HP ENVY 6020Cartucho de tinta de<\/p>","protected":false},"featured_media":35322,"comment_status":"open","ping_status":"closed","template":"","meta":[],"product_brand":[],"product_cat":[58],"product_tag":[10051,2224,1973,1967,1975,1968,1960,3476,1972,3473,1971,1196,1980,3834,1964,1974,2150,2189,1970,2190,3475,1211,1593,133,205,543,1969],"class_list":{"0":"post-35321","1":"product","2":"type-product","3":"status-publish","4":"has-post-thumbnail","6":"product_cat-laser-printers","7":"product_tag-5se16b","8":"product_tag-app","9":"product_tag-best-laser-printer","10":"product_tag-black-and-white-laser-printer","11":"product_tag-business-laser-printer","12":"product_tag-color-laser-printer","13":"product_tag-colour","14":"product_tag-copy","15":"product_tag-duplex-laser-printer","16":"product_tag-envy","17":"product_tag-fast-laser-printer","18":"product_tag-includes","19":"product_tag-ink","20":"product_tag-instant","21":"product_tag-laser-printer","22":"product_tag-laser-printer-price","23":"product_tag-months","24":"product_tag-multifunction","25":"product_tag-office-laser-printer","26":"product_tag-prints","27":"product_tag-scan","28":"product_tag-service","29":"product_tag-smart","30":"product_tag-usb","31":"product_tag-white","32":"product_tag-wifi","33":"product_tag-wireless-laser-printer","35":"first","36":"instock","37":"sale","38":"shipping-taxable","39":"product-type-external"},"_links":{"self":[{"href":"https:\/\/comprasyconsejos.store\/en\/wp-json\/wp\/v2\/product\/35321","targetHints":{"allow":["GET"]}}],"collection":[{"href":"https:\/\/comprasyconsejos.store\/en\/wp-json\/wp\/v2\/product"}],"about":[{"href":"https:\/\/comprasyconsejos.store\/en\/wp-json\/wp\/v2\/types\/product"}],"replies":[{"embeddable":true,"href":"https:\/\/comprasyconsejos.store\/en\/wp-json\/wp\/v2\/comments?post=35321"}],"version-history":[{"count":0,"href":"https:\/\/comprasyconsejos.store\/en\/wp-json\/wp\/v2\/product\/35321\/revisions"}],"wp:featuredmedia":[{"embeddable":true,"href":"https:\/\/comprasyconsejos.store\/en\/wp-json\/wp\/v2\/media\/35322"}],"wp:attachment":[{"href":"https:\/\/comprasyconsejos.store\/en\/wp-json\/wp\/v2\/media?parent=35321"}],"wp:term":[{"taxonomy":"product_brand","embeddable":true,"href":"https:\/\/comprasyconsejos.store\/en\/wp-json\/wp\/v2\/product_brand?post=35321"},{"taxonomy":"product_cat","embeddable":true,"href":"https:\/\/comprasyconsejos.store\/en\/wp-json\/wp\/v2\/product_cat?post=35321"},{"taxonomy":"product_tag","embeddable":true,"href":"https:\/\/comprasyconsejos.store\/en\/wp-json\/wp\/v2\/product_tag?post=35321"}],"curies":[{"name":"wp","href":"https:\/\/api.w.org\/{rel}","templated":true}]}}