{"id":35439,"date":"2026-02-26T17:23:44","date_gmt":"2026-02-26T17:23:44","guid":{"rendered":"https:\/\/comprasyconsejos.store\/product\/radeon-hd-5450-graphics-card-2gb-gddr3-64-bit-dvi-hdmi-vga-low-profile-pci-express-x16-video-card-for-pc-gpu-directx-11\/"},"modified":"2026-02-26T17:23:49","modified_gmt":"2026-02-26T17:23:49","slug":"radeon-hd-5450-graphics-card-2gb-gddr3-64-bit-dvi-hdmi-vga-low-profile-pci-express-x16-video-card-for-pc-gpu-directx-11","status":"publish","type":"product","link":"https:\/\/comprasyconsejos.store\/en\/product\/radeon-hd-5450-graphics-card-2gb-gddr3-64-bit-dvi-hdmi-vga-low-profile-pci-express-x16-video-card-for-pc-gpu-directx-11\/","title":{"rendered":"Radeon HD 5450 Graphics Card, 2GB GDDR3 64-Bit, DVI\/HDMI\/VGA, Low Profile, PCI Express x16, Video Card for PC, GPU, DirectX 11"},"content":{"rendered":"<p>Price: <span style=\"color:#b12704\">\u20ac54.98<\/span><br \/><i><small>(as of Feb 26, 2026 17:23:44 UTC &#8211; <span class=\"wp_automatic_amazon_disclaimer\" title=\"Product prices and availability are accurate as of the date\/time indicated and are subject to change. Any price and availability information displayed on [relevant Amazon Site(s), as applicable] at the time of purchase will apply to the purchase of this product.\">Details<\/span>)<\/small><\/i><\/p>\n<p><a href=\"https:\/\/amazon.es\/dp\/B0B3RKZFLM?tag=man008-21\"><img decoding=\"async\" src=\"https:\/\/valvepress.s3.amazonaws.com\/imgs\/buy_now.png\"><\/a><br \/>\n<\/p>\n<p>                                             Product Description   <\/p>\n<p>                                                  <img decoding=\"async\" alt=\"grafikkarte 2gb\" src=\"https:\/\/images-na.ssl-images-amazon.com\/images\/G\/01\/x-locale\/common\/grey-pixel.gif\" class=\"a-lazy-loaded\" data-src=\"https:\/\/m.media-amazon.com\/images\/S\/aplus-media-library-service-media\/5fa8ffb0-8402-4ff3-bf7d-e33754362e93.__CR0,0,970,300_PT0_SX970_V1___.jpg\"><img decoding=\"async\" alt=\"grafikkarte 2gb\" src=\"https:\/\/m.media-amazon.com\/images\/S\/aplus-media-library-service-media\/5fa8ffb0-8402-4ff3-bf7d-e33754362e93.__CR0,0,970,300_PT0_SX970_V1___.jpg\">  <\/p>\n<p>                                                  <img decoding=\"async\" alt=\"4gb grafikkarte\" src=\"https:\/\/images-na.ssl-images-amazon.com\/images\/G\/01\/x-locale\/common\/grey-pixel.gif\" class=\"a-lazy-loaded\" data-src=\"https:\/\/m.media-amazon.com\/images\/S\/aplus-media-library-service-media\/8e5935ab-4ccc-486e-9417-f9ed9ea178a0.__CR0,0,300,300_PT0_SX300_V1___.jpg\"><img decoding=\"async\" alt=\"4gb grafikkarte\" src=\"https:\/\/m.media-amazon.com\/images\/S\/aplus-media-library-service-media\/8e5935ab-4ccc-486e-9417-f9ed9ea178a0.__CR0,0,300,300_PT0_SX300_V1___.jpg\">  <\/p>\n<h3 class=\"a-spacing-mini\"> Radeon HD 5450 PCI Express X16 GDDR3 2GB (DVI, HDMI, VGA) Tarjeta gr\u00e1fica de bajo perfil <\/h3>\n<p> Compatibilidad con uno o dos monitores: conectores de salida de v\u00eddeo DVI-D, HDMI y VGA <\/p>\n<p> Equipado con un disipador de calor de dise\u00f1o sin ventilador <\/p>\n<p> Compatible con DirectX 11, OpenGL 4.5 <\/p>\n<p> Factor de forma peque\u00f1o &#8211; Dise\u00f1o de perfil bajo, Plug and Play <\/p>\n<p> No requiere fuente de alimentaci\u00f3n adicional <\/p>\n<p> Dise\u00f1o de perfil bajo que ahorra espacio y se adapta f\u00e1cilmente a una PC compacta y delgada <\/p>\n<p> Ideal para construir plataformas HTPC <\/p>\n<h3 class=\"a-size-extra-large a-spacing-base a-text-center\"> specificaci\u00f3n <\/h3>\n<p>                                                        GPU                                    AMD Radeon HD 5450                                        Core process (CUDA)                                    80SP                                        GPU Clock                                    650MHz                                        Memory Clock                                    1066MHz(533 Mhz X2)                                        Memory Capacity                                    2GB                                        Memory Type                                    GDDR3                                        Memory Width                                    64-bits                                        Display Interface                                    VGA, HDMI, DVI                                                         Bus Interface Type                                    PCI Express x16 2.0                                        3D API                                    DirectX 11\/OpenGL 4.5                                        Memory Bandwidth                                    8.5GB\/s                                        ROPs\/TMUs                                    4\/8                                        Computing                                    DirectCompute                                        System Support                                    Windows 10 \/ Windows 8 &amp; 8.1 \/ Windows 7 \/ Windows Vista \/XP\/ Linux \/ RHEL x86                                        Revision Number                                    Crimson Edition 16.2.1 Beta                     <\/p>\n<p class=\"apm-text-center\">\n                                                      <img decoding=\"async\" alt=\"4k grafikkarte f\u00fcr pc\" src=\"https:\/\/images-na.ssl-images-amazon.com\/images\/G\/01\/x-locale\/common\/grey-pixel.gif\" class=\"a-spacing-mini a-lazy-loaded\" data-src=\"https:\/\/m.media-amazon.com\/images\/S\/aplus-media-library-service-media\/b5b867b7-ed9a-4590-9cd5-bd69800e4454.__CR0,0,300,300_PT0_SX300_V1___.jpg\"><img decoding=\"async\" alt=\"4k grafikkarte f\u00fcr pc\" src=\"https:\/\/m.media-amazon.com\/images\/S\/aplus-media-library-service-media\/b5b867b7-ed9a-4590-9cd5-bd69800e4454.__CR0,0,300,300_PT0_SX300_V1___.jpg\">  <\/p>\n<p>                                                    Dise\u00f1o sin ventilador para cero ruido                                       <\/p>\n<p> La hd 5450 es una tarjeta gr\u00e1fica sin ventilador, de medio soporte y de perfil bajo que es lo suficientemente peque\u00f1a como para permitir el funcionamiento sin ventilador gracias a los potentes disipadores de calor, y es c\u00f3moda y silenciosa de usar. <\/p>\n<p class=\"apm-text-center\">\n                                                      <img decoding=\"async\" alt=\"4k grafikkarte f\u00fcr pc\" src=\"https:\/\/images-na.ssl-images-amazon.com\/images\/G\/01\/x-locale\/common\/grey-pixel.gif\" class=\"a-spacing-mini a-lazy-loaded\" data-src=\"https:\/\/m.media-amazon.com\/images\/S\/aplus-media-library-service-media\/67a7c541-9605-4d5b-b40e-e157b4a85d8c.__CR0,0,300,300_PT0_SX300_V1___.jpg\"><img decoding=\"async\" alt=\"4k grafikkarte f\u00fcr pc\" src=\"https:\/\/m.media-amazon.com\/images\/S\/aplus-media-library-service-media\/67a7c541-9605-4d5b-b40e-e157b4a85d8c.__CR0,0,300,300_PT0_SX300_V1___.jpg\">  <\/p>\n<p>                                                    Rendimiento multipantalla                                       <\/p>\n<p> Mejore su productividad: con dos monitores que se muestran simult\u00e1neamente, puede controlar f\u00e1cilmente varios software de oficina, edici\u00f3n de fotos y software multimedia. <\/p>\n<p class=\"apm-text-center\">\n                                                      <img decoding=\"async\" alt=\"4k grafikkarte f\u00fcr pc\" src=\"https:\/\/images-na.ssl-images-amazon.com\/images\/G\/01\/x-locale\/common\/grey-pixel.gif\" class=\"a-spacing-mini a-lazy-loaded\" data-src=\"https:\/\/m.media-amazon.com\/images\/S\/aplus-media-library-service-media\/8a2e451b-a679-490f-9956-c524348b6daf.__CR0,0,300,300_PT0_SX300_V1___.jpg\"><img decoding=\"async\" alt=\"4k grafikkarte f\u00fcr pc\" src=\"https:\/\/m.media-amazon.com\/images\/S\/aplus-media-library-service-media\/8a2e451b-a679-490f-9956-c524348b6daf.__CR0,0,300,300_PT0_SX300_V1___.jpg\">  <\/p>\n<p>                                                    DirectX 11                                       <\/p>\n<p> La tarjeta gr\u00e1fica de la serie Radeon HD 5450 es compatible con Microsoft DirectX 11 y permite una navegaci\u00f3n fluida en Internet, as\u00ed como una excelente edici\u00f3n de fotos y videos. <\/p>\n<p>                                                                      <img decoding=\"async\" alt=\"grafikkarten\" src=\"https:\/\/images-na.ssl-images-amazon.com\/images\/G\/01\/x-locale\/common\/grey-pixel.gif\" class=\"a-spacing-mini a-lazy-loaded\" data-src=\"https:\/\/m.media-amazon.com\/images\/S\/aplus-media-library-service-media\/82a1208a-af19-41a5-84ce-a21b2bd8a32a.__CR0,0,300,300_PT0_SX300_V1___.jpg\"><img decoding=\"async\" alt=\"grafikkarten\" src=\"https:\/\/m.media-amazon.com\/images\/S\/aplus-media-library-service-media\/82a1208a-af19-41a5-84ce-a21b2bd8a32a.__CR0,0,300,300_PT0_SX300_V1___.jpg\">  <\/p>\n<h3 class=\"a-spacing-mini\"> Gr\u00e1ficos multimonitor para empresas <\/h3>\n<p class=\"a-spacing-base\"> Aumente la productividad en aplicaciones comerciales, profesionales y de se\u00f1alizaci\u00f3n digital <\/p>\n<p>                                                                      <img decoding=\"async\" alt=\"grafikkarten\" src=\"https:\/\/images-na.ssl-images-amazon.com\/images\/G\/01\/x-locale\/common\/grey-pixel.gif\" class=\"a-spacing-mini a-lazy-loaded\" data-src=\"https:\/\/m.media-amazon.com\/images\/S\/aplus-media-library-service-media\/95d5f33b-d1af-4b23-ae3a-0dc7ae05e6d0.__CR0,0,300,300_PT0_SX300_V1___.jpg\"><img decoding=\"async\" alt=\"grafikkarten\" src=\"https:\/\/m.media-amazon.com\/images\/S\/aplus-media-library-service-media\/95d5f33b-d1af-4b23-ae3a-0dc7ae05e6d0.__CR0,0,300,300_PT0_SX300_V1___.jpg\">  <\/p>\n<h3 class=\"a-spacing-mini\"> Profesional <\/h3>\n<p class=\"a-spacing-base\"> Agregar una tarjeta gr\u00e1fica multipantalla lo mantiene actualizado con transacciones y notificaciones, para que tenga toda la informaci\u00f3n frente a sus ojos y pueda verla y editarla al mismo tiempo. <\/p>\n<p>                                                                      <img decoding=\"async\" alt=\"grafikkarte gaming\" src=\"https:\/\/images-na.ssl-images-amazon.com\/images\/G\/01\/x-locale\/common\/grey-pixel.gif\" class=\"a-spacing-mini a-lazy-loaded\" data-src=\"https:\/\/m.media-amazon.com\/images\/S\/aplus-media-library-service-media\/745e7d3e-6094-4fc0-b443-4b7c116b7e60.__CR0,0,300,300_PT0_SX300_V1___.jpg\"><img decoding=\"async\" alt=\"grafikkarte gaming\" src=\"https:\/\/m.media-amazon.com\/images\/S\/aplus-media-library-service-media\/745e7d3e-6094-4fc0-b443-4b7c116b7e60.__CR0,0,300,300_PT0_SX300_V1___.jpg\">  <\/p>\n<h3 class=\"a-spacing-mini\"> Alta eficiencia <\/h3>\n<p class=\"a-spacing-base\"> Puede ampliar su escritorio con varios monitores para aumentar su productividad y sus capacidades multitarea. Acceso simult\u00e1neo a una ventana del navegador web, Photoshop y correo electr\u00f3nico, etc. <\/p>\n<p>                                                                      <img decoding=\"async\" alt=\"grafikkarte 2gb\" src=\"https:\/\/images-na.ssl-images-amazon.com\/images\/G\/01\/x-locale\/common\/grey-pixel.gif\" class=\"a-spacing-mini a-lazy-loaded\" data-src=\"https:\/\/m.media-amazon.com\/images\/S\/aplus-media-library-service-media\/0d715fc1-5cc3-4d82-83c2-56055bc7d5e2.__CR0,0,300,300_PT0_SX300_V1___.jpg\"><img decoding=\"async\" alt=\"grafikkarte 2gb\" src=\"https:\/\/m.media-amazon.com\/images\/S\/aplus-media-library-service-media\/0d715fc1-5cc3-4d82-83c2-56055bc7d5e2.__CR0,0,300,300_PT0_SX300_V1___.jpg\">  <\/p>\n<h3 class=\"a-spacing-mini\"> productividad <\/h3>\n<p class=\"a-spacing-base\"> Muestre su empresa con una pared de video de se\u00f1alizaci\u00f3n digital y brinde a sus empleados una vista clara de la empresa con la ayuda de tarjetas gr\u00e1ficas multipantalla. <\/p>\n<p>                                                                    <img decoding=\"async\" alt=\"\" src=\"https:\/\/images-na.ssl-images-amazon.com\/images\/G\/01\/x-locale\/common\/grey-pixel.gif\" class=\"a-lazy-loaded\" data-src=\"https:\/\/m.media-amazon.com\/images\/S\/aplus-media-library-service-media\/82a1208a-af19-41a5-84ce-a21b2bd8a32a.__CR0,0,300,300_PT0_SX300_V1___.jpg\"><img decoding=\"async\" alt=\"\" src=\"https:\/\/m.media-amazon.com\/images\/S\/aplus-media-library-service-media\/82a1208a-af19-41a5-84ce-a21b2bd8a32a.__CR0,0,300,300_PT0_SX300_V1___.jpg\">   <\/p>\n<p>                                                                    <img decoding=\"async\" alt=\"\" src=\"https:\/\/images-na.ssl-images-amazon.com\/images\/G\/01\/x-locale\/common\/grey-pixel.gif\" class=\"a-lazy-loaded\" data-src=\"https:\/\/m.media-amazon.com\/images\/S\/aplus-media-library-service-media\/95d5f33b-d1af-4b23-ae3a-0dc7ae05e6d0.__CR0,0,300,300_PT0_SX300_V1___.jpg\"><img decoding=\"async\" alt=\"\" src=\"https:\/\/m.media-amazon.com\/images\/S\/aplus-media-library-service-media\/95d5f33b-d1af-4b23-ae3a-0dc7ae05e6d0.__CR0,0,300,300_PT0_SX300_V1___.jpg\">   <\/p>\n<p>                                                                    <img decoding=\"async\" alt=\"\" src=\"https:\/\/images-na.ssl-images-amazon.com\/images\/G\/01\/x-locale\/common\/grey-pixel.gif\" class=\"a-lazy-loaded\" data-src=\"https:\/\/m.media-amazon.com\/images\/S\/aplus-media-library-service-media\/745e7d3e-6094-4fc0-b443-4b7c116b7e60.__CR0,0,300,300_PT0_SX300_V1___.jpg\"><img decoding=\"async\" alt=\"\" src=\"https:\/\/m.media-amazon.com\/images\/S\/aplus-media-library-service-media\/745e7d3e-6094-4fc0-b443-4b7c116b7e60.__CR0,0,300,300_PT0_SX300_V1___.jpg\">   <\/p>\n<p>                                                                    <img decoding=\"async\" alt=\"\" src=\"https:\/\/images-na.ssl-images-amazon.com\/images\/G\/01\/x-locale\/common\/grey-pixel.gif\" class=\"a-lazy-loaded\" data-src=\"https:\/\/m.media-amazon.com\/images\/S\/aplus-media-library-service-media\/0d715fc1-5cc3-4d82-83c2-56055bc7d5e2.__CR0,0,300,300_PT0_SX300_V1___.jpg\"><img decoding=\"async\" alt=\"\" src=\"https:\/\/m.media-amazon.com\/images\/S\/aplus-media-library-service-media\/0d715fc1-5cc3-4d82-83c2-56055bc7d5e2.__CR0,0,300,300_PT0_SX300_V1___.jpg\">   <\/p>\n<p> Package Dimensions                                            \u200f                                            :                                            \u200e                                            21.2 x 15 x 3.9 cm; 272 g   <br \/> Manufacturer                                            \u200f                                            :                                            \u200e                                            QTHREE   <br \/> ASIN                                            \u200f                                            :                                            \u200e                                            B0B3RKZFLM   <br \/> Item model number                                            \u200f                                            :                                            \u200e                                            HD 5450   <br \/> Guaranteed software updates until                                            \u200f                                            :                                            \u200e                                            unknown   <br \/>  Customer reviews:                                                                                            4.3               4.3 out of 5 stars                                  (209)                                              var dpAcrHasRegisteredArcLinkClickAction;                    P.when(&#8216;A&#8217;, &#8216;ready&#8217;).execute(function(A) {                        if (dpAcrHasRegisteredArcLinkClickAction !== true) {                            dpAcrHasRegisteredArcLinkClickAction = true;                            A.declarative(                                &#8216;acrLink-click-metrics&#8217;, &#8216;click&#8217;,                                { \u00aballowLinkDefault\u00bb: true },                                function (event) {                                    if (window.ue) {                                        ue.count(\u00abacrLinkClickCount\u00bb, (ue.count(\u00abacrLinkClickCount\u00bb) || 0) + 1);                                    }                                }                            );                        }                    });                                             P.when(&#8216;A&#8217;, &#8216;cf&#8217;).execute(function(A) {                A.declarative(&#8216;acrStarsLink-click-metrics&#8217;, &#8216;click&#8217;, { \u00aballowLinkDefault\u00bb : true },  function(event){                    if(window.ue) {                        ue.count(\u00abacrStarsLinkWithPopoverClickCount\u00bb, (ue.count(\u00abacrStarsLinkWithPopoverClickCount\u00bb) || 0) + 1);                    }                });            });                          <\/p>\n<p>2GB AMD Radeon HD 5450 GDDR3 memory with 650MHz core frequency, memory speed up to 1066MHz, 80-stream processors perfect for working, video editing and photos, enables good efficiency that can meet your needs effectively.<br \/>Low Profile Design Computer graphics cards are small, save more space and easy to install, plug and play. They are designed for full-size installations and can also build a compact PC system, even compatible with ITX enclosures. This low-profile, energy-efficient card improves multimedia performance, expands your desktop, and speeds up applications.<br \/>Multiple Monitor Compatibility There are 3 monitors display interfaces for the graphics card, including DVI, VGA, HDMI, and for added flexibility of use (the VGA interface is removable), it comes with a low profile bracket so that it can be used in a small form factor chassis or an HTPC configuration. The bus interface of the PCI Express graphics card is PCI Express 2.0 x 16.<br \/>Fanless design for zero noise cancellation The HD 5450 is an economical, small-sized graphics card and a quiet fanless passive cooling system. With high-performance heat sink, it is small enough to allow fanless operation and convenient to use without noise.<br \/>Independent power supply: No external power supply, approx. 19W full current draw If you need assistance during your installation or use of the graphics card, please contact us for quick help through Amazon.Supports only up to two monitors. Full DirectX11 support for rich, realistic images and HD gaming\/video performance. ATI Streaming Technology to Speed Up Your PC<\/p>\n\n","protected":false},"excerpt":{"rendered":"<p> Product Description Radeon HD 5450 PCI Express X16 GDDR3 2GB (DVI, HDMI, VGA) Tarjeta gr\u00e1fica<\/p>","protected":false},"featured_media":35440,"comment_status":"open","ping_status":"closed","template":"","meta":[],"product_brand":[],"product_cat":[75],"product_tag":[5104,1104,1432,1427,1433,1420,3200,10077,1401,1428,5107,599,644,1425,1426,2585,3411,897,1429,1430,1431,2230,4664],"class_list":{"0":"post-35439","1":"product","2":"type-product","3":"status-publish","4":"has-post-thumbnail","6":"product_cat-graphics-cards","7":"product_tag-2gb","8":"product_tag-64bit","9":"product_tag-8gb-graphics-card","10":"product_tag-amd-radeon-gpu","11":"product_tag-best-gpu","12":"product_tag-card","13":"product_tag-directx","14":"product_tag-dvihdmivga","15":"product_tag-express","16":"product_tag-gaming-graphics-card","17":"product_tag-gddr3","18":"product_tag-gpu","19":"product_tag-graphics","20":"product_tag-graphics-card","21":"product_tag-nvidia-rtx-graphics-card","22":"product_tag-pci","23":"product_tag-profile","24":"product_tag-radeon","25":"product_tag-rtx-4060","26":"product_tag-rtx-4070","27":"product_tag-rtx-4080","28":"product_tag-video","29":"product_tag-x16","31":"first","32":"instock","33":"shipping-taxable","34":"product-type-external"},"_links":{"self":[{"href":"https:\/\/comprasyconsejos.store\/en\/wp-json\/wp\/v2\/product\/35439","targetHints":{"allow":["GET"]}}],"collection":[{"href":"https:\/\/comprasyconsejos.store\/en\/wp-json\/wp\/v2\/product"}],"about":[{"href":"https:\/\/comprasyconsejos.store\/en\/wp-json\/wp\/v2\/types\/product"}],"replies":[{"embeddable":true,"href":"https:\/\/comprasyconsejos.store\/en\/wp-json\/wp\/v2\/comments?post=35439"}],"version-history":[{"count":0,"href":"https:\/\/comprasyconsejos.store\/en\/wp-json\/wp\/v2\/product\/35439\/revisions"}],"wp:featuredmedia":[{"embeddable":true,"href":"https:\/\/comprasyconsejos.store\/en\/wp-json\/wp\/v2\/media\/35440"}],"wp:attachment":[{"href":"https:\/\/comprasyconsejos.store\/en\/wp-json\/wp\/v2\/media?parent=35439"}],"wp:term":[{"taxonomy":"product_brand","embeddable":true,"href":"https:\/\/comprasyconsejos.store\/en\/wp-json\/wp\/v2\/product_brand?post=35439"},{"taxonomy":"product_cat","embeddable":true,"href":"https:\/\/comprasyconsejos.store\/en\/wp-json\/wp\/v2\/product_cat?post=35439"},{"taxonomy":"product_tag","embeddable":true,"href":"https:\/\/comprasyconsejos.store\/en\/wp-json\/wp\/v2\/product_tag?post=35439"}],"curies":[{"name":"wp","href":"https:\/\/api.w.org\/{rel}","templated":true}]}}