{"id":35463,"date":"2026-02-26T17:28:56","date_gmt":"2026-02-26T17:28:56","guid":{"rendered":"https:\/\/comprasyconsejos.store\/product\/epos-pc8-usb-stereo-headphones-for-pc-mac-wired-on-ear-headphones-with-microphone-with-noise-cancellation-usb-connection-volume-and-mute-ultralight-design-for-work-and-calls\/"},"modified":"2026-02-26T17:29:02","modified_gmt":"2026-02-26T17:29:02","slug":"epos-pc8-usb-stereo-headphones-for-pc-mac-wired-on-ear-headphones-with-microphone-with-noise-cancellation-usb-connection-volume-and-mute-ultralight-design-for-work-and-calls","status":"publish","type":"product","link":"https:\/\/comprasyconsejos.store\/en\/product\/epos-pc8-usb-stereo-headphones-for-pc-mac-wired-on-ear-headphones-with-microphone-with-noise-cancellation-usb-connection-volume-and-mute-ultralight-design-for-work-and-calls\/","title":{"rendered":"EPOS PC8 USB Stereo Headphones for PC &#038; Mac &#8211; Wired On-Ear Headphones with Microphone with Noise Cancellation, USB Connection, Volume and Mute, Ultralight Design, for Work and Calls"},"content":{"rendered":"<p>Price: <span style=\"color:#b12704\"><del>\u20ac35.19<\/del> - \u20ac28.99<\/span><br \/><i><small>(as of Feb 26, 2026 17:28:56 UTC &#8211; <span class=\"wp_automatic_amazon_disclaimer\" title=\"Product prices and availability are accurate as of the date\/time indicated and are subject to change. Any price and availability information displayed on [relevant Amazon Site(s), as applicable] at the time of purchase will apply to the purchase of this product.\">Details<\/span>)<\/small><\/i><\/p>\n<p><a href=\"https:\/\/amazon.es\/dp\/B005HWEZGG?tag=man008-21\"><img decoding=\"async\" src=\"https:\/\/valvepress.s3.amazonaws.com\/imgs\/buy_now.png\"><\/a><br \/>\n<\/p>\n<p>                                             From the manufacturer   <\/p>\n<p>                                                                                                       <img decoding=\"async\" alt=\"aplus content image\" src=\"https:\/\/images-na.ssl-images-amazon.com\/images\/G\/01\/x-locale\/common\/grey-pixel.gif\" class=\"a-lazy-loaded\" data-src=\"https:\/\/m.media-amazon.com\/images\/S\/aplus-media-library-service-media\/bafb41ee-6aeb-455e-88d4-322f7192b0a9.__CR0,0,1464,600_PT0_SX1464_V1___.png\"><img decoding=\"async\" alt=\"aplus content image\" src=\"https:\/\/m.media-amazon.com\/images\/S\/aplus-media-library-service-media\/bafb41ee-6aeb-455e-88d4-322f7192b0a9.__CR0,0,1464,600_PT0_SX1464_V1___.png\">                                                 EPOS PC 8 USB AURICULARES                                             Conc\u00e9ntrate. Sonido excepcional.                                        <\/p>\n<p class=\"aplus-p2 aplus-module-2-description\"> Disfruta de conversaciones claras y naturales con unos auriculares USB ligeros dise\u00f1ados para ofrecer comodidad y nitidez. Perfectos para el trabajo remoto, el aprendizaje o las llamadas del d\u00eda a d\u00eda: solo con\u00e9ctalos y mantente en contacto. <\/p>\n<p>                                                                <img decoding=\"async\" alt=\"\" src=\"https:\/\/images-na.ssl-images-amazon.com\/images\/G\/01\/x-locale\/common\/grey-pixel.gif\" class=\"a-lazy-loaded\" data-src=\"https:\/\/m.media-amazon.com\/images\/S\/aplus-media-library-service-media\/4ab32319-34bc-4e52-bc1a-c9d38c130d06.__CR0,0,1464,600_PT0_SX1464_V1___.jpg\"><img decoding=\"async\" alt=\"\" src=\"https:\/\/m.media-amazon.com\/images\/S\/aplus-media-library-service-media\/4ab32319-34bc-4e52-bc1a-c9d38c130d06.__CR0,0,1464,600_PT0_SX1464_V1___.jpg\">        <\/p>\n<p>                                                                                                              <img decoding=\"async\" alt=\"aplus content image\" src=\"https:\/\/m.media-amazon.com\/images\/S\/aplus-media-library-service-media\/0265c723-7f40-490f-930a-f24cb6865de5.__CR0,0,1464,600_PT0_SX1464_V1___.jpg\">                                                      <\/p>\n<p class=\"aplus-p3\"> Suave y ligero siempre <\/p>\n<p>                                             Ajuste c\u00f3modo, conexi\u00f3n sencilla                                       <\/p>\n<p class=\"description aplus-p1\"> Almohadillas suaves y dise\u00f1o ligero para comodidad todo el d\u00eda. Con\u00e9ctalo por USB-A y listo. <\/p>\n<p>                                                      <img decoding=\"async\" alt=\"aplus content image\" src=\"https:\/\/m.media-amazon.com\/images\/S\/aplus-media-library-service-media\/0265c723-7f40-490f-930a-f24cb6865de5.__CR0,0,1464,600_PT0_SX1464_V1___.jpg\">                                                      <\/p>\n<p class=\"aplus-p3\"> La claridad comienza aqu\u00ed <\/p>\n<p>                                             Menos ruido, m\u00e1s de tu voz                                       <\/p>\n<p class=\"description aplus-p1\"> Micr\u00f3fono que silencia el ruido y deja brillar tu voz <\/p>\n<p>                            1 Comodidad de otro nivel <\/p>\n<p>                            2 Sonido n\u00edtido en llamadas <\/p>\n<p>The video showcases the product in use.The video guides you through product setup.The video compares multiple products.The video shows the product being unpacked. EPOS PC 8 Merchant video<\/p>\n<p>                                                                                                       <img decoding=\"async\" alt=\".\" src=\"https:\/\/images-na.ssl-images-amazon.com\/images\/G\/01\/x-locale\/common\/grey-pixel.gif\" class=\"a-lazy-loaded\" data-src=\"https:\/\/m.media-amazon.com\/images\/S\/aplus-media-library-service-media\/95b275c8-1ead-4f6b-90d0-1d0514d64aa8.__CR0,0,1464,600_PT0_SX1464_V1___.jpg\"><img decoding=\"async\" alt=\".\" src=\"https:\/\/m.media-amazon.com\/images\/S\/aplus-media-library-service-media\/95b275c8-1ead-4f6b-90d0-1d0514d64aa8.__CR0,0,1464,600_PT0_SX1464_V1___.jpg\">                                               <\/p>\n<h3>\n<p class=\"aplus-question aplus-p1\"> \u00bfEs compatible el auricular EPOS PC 8 USB con Windows 11 y Mac? <\/p>\n<\/h3>\n<p class=\"aplus-answer aplus-p2\"> S\u00ed, es totalmente compatible tanto con Windows (incluido Windows 11) como con macOS. Solo tienes que conectar el cable USB-A a tu dispositivo, no se necesita software ni controladores. <\/p>\n<h3>\n<p class=\"aplus-question aplus-p1\"> \u00bfPuedo silenciar el micr\u00f3fono o ajustar el volumen desde el cable? <\/p>\n<\/h3>\n<p class=\"aplus-answer aplus-p2\"> S\u00ed, el auricular cuenta con controles integrados en el cable que te permiten silenciar el micr\u00f3fono y ajustar el volumen de forma r\u00e1pida y sencilla. <\/p>\n<h3>\n<p class=\"aplus-question aplus-p1\"> \u00bfEl micr\u00f3fono tiene cancelaci\u00f3n de ruido? <\/p>\n<\/h3>\n<p class=\"aplus-answer aplus-p2\"> S\u00ed, el micr\u00f3fono con brazo utiliza tecnolog\u00eda de cancelaci\u00f3n de ruido para reducir sonidos de fondo y mantener tu voz clara durante llamadas o grabaciones. <\/p>\n<h3>\n<p class=\"aplus-question aplus-p1\"> \u00bfEs c\u00f3modo para usar durante muchas horas? <\/p>\n<\/h3>\n<p class=\"aplus-answer aplus-p2\"> Por supuesto. El PC 8 USB es muy ligero (solo 84 g) y tiene almohadillas de espuma suaves tipo on-ear dise\u00f1adas para brindar comodidad durante todo el d\u00eda. <\/p>\n<h3>\n<p class=\"aplus-question aplus-p1\"> \u00bfFunciona con puertos USB-C? <\/p>\n<\/h3>\n<p class=\"aplus-answer aplus-p2\"> El PC 8 USB utiliza un conector USB-A. Si tu dispositivo solo tiene puertos USB-C, puedes usar un adaptador de USB-A a USB-C (no incluido). <\/p>\n<h3 class=\"a-text-center aplus-h1 a-text-bold\"> Tabla comparativa de auriculares <\/h3>\n<p>                         Add To Basket  <\/p>\n<p>                         Add To Basket  <\/p>\n<p>                         Add To Basket  <\/p>\n<p>                         Add To Basket  <\/p>\n<p>                                     Customer Reviews  <\/p>\n<p>                    4.2 out of 5 stars  14,838  <\/p>\n<p>                    4.2 out of 5 stars  3,920  <\/p>\n<p>                    4.1 out of 5 stars  2,184  <\/p>\n<p>                    4.2 out of 5 stars  4,254  <\/p>\n<p>                                     Price  <\/p>\n<p>                                                        \u20ac28.99\u20ac28.99     <\/p>\n<p>                                                        \u20ac57.12\u20ac57.12     <\/p>\n<p>                                                        \u20ac19.90\u20ac19.90     <\/p>\n<p>                                                        \u20ac16.73\u20ac16.73     <\/p>\n<p>                                     Conectividad  <\/p>\n<p>                                                Con cable     <\/p>\n<p>                                                Con cable     <\/p>\n<p>                                                Con cable     <\/p>\n<p>                                                Con cable     <\/p>\n<p>                                     Estilo de uso  <\/p>\n<p>                                                binaural    <\/p>\n<p>                                                binaural    <\/p>\n<p>                                                Monoaural    <\/p>\n<p>                                                binaural    <\/p>\n<p>                                     Busylight  <\/p>\n<p>                                                    \u2718      <\/p>\n<p>                                                    \u2718      <\/p>\n<p>                                                    \u2718      <\/p>\n<p>                                                    \u2718      <\/p>\n<p>                                     Calidad de audio en llamada  <\/p>\n<p>                                                Audio de banda ancha    <\/p>\n<p>                                                Audio de banda ancha    <\/p>\n<p>                                                Audio de banda ancha    <\/p>\n<p>                                                Audio de banda ancha    <\/p>\n<p>                                     Certificado Microsoft Teams  <\/p>\n<p>                                                    \u2718      <\/p>\n<p>                                                    \u2718      <\/p>\n<p>                                                    \u2718      <\/p>\n<p>                                                    \u2718      <\/p>\n<p>                                     ANC  <\/p>\n<p>                                                    \u2718      <\/p>\n<p>                                                    \u2718      <\/p>\n<p>                                                    \u2718      <\/p>\n<p>                                                    \u2718      <\/p>\n<p> Batteries                                            \u200f                                            :                                            \u200e                                            1 Lithium Ion batteries required.   <br \/> Is discontinued by manufacturer                                            \u200f                                            :                                            \u200e                                            No   <br \/> Language                                            \u200f                                            :                                            \u200e                                            English, French, Spanish   <br \/> Product Dimensions                                            \u200f                                            :                                            \u200e                                            21.08 x 6.35 x 24.38 cm; 84 g   <br \/> Manufacturer                                            \u200f                                            :                                            \u200e                                            Sennheiser Logistic Service GmbH   <br \/> ASIN                                            \u200f                                            :                                            \u200e                                            B005HWEZGG   <br \/> Item model number                                            \u200f                                            :                                            \u200e                                            PC 8 USB   <br \/> Country\/Region of Origin                                            \u200f                                            :                                            \u200e                                            China   <br \/> Guaranteed software updates until                                            \u200f                                            :                                            \u200e                                            unknown   <br \/>  Customer reviews:                                                                                            4.2               4.2 out of 5 stars                                  (14,838)                                              var dpAcrHasRegisteredArcLinkClickAction;                    P.when(&#8216;A&#8217;, &#8216;ready&#8217;).execute(function(A) {                        if (dpAcrHasRegisteredArcLinkClickAction !== true) {                            dpAcrHasRegisteredArcLinkClickAction = true;                            A.declarative(                                &#8216;acrLink-click-metrics&#8217;, &#8216;click&#8217;,                                { \u00aballowLinkDefault\u00bb: true },                                function (event) {                                    if (window.ue) {                                        ue.count(\u00abacrLinkClickCount\u00bb, (ue.count(\u00abacrLinkClickCount\u00bb) || 0) + 1);                                    }                                }                            );                        }                    });                                             P.when(&#8216;A&#8217;, &#8216;cf&#8217;).execute(function(A) {                A.declarative(&#8216;acrStarsLink-click-metrics&#8217;, &#8216;click&#8217;, { \u00aballowLinkDefault\u00bb : true },  function(event){                    if(window.ue) {                        ue.count(\u00abacrStarsLinkWithPopoverClickCount\u00bb, (ue.count(\u00abacrStarsLinkWithPopoverClickCount\u00bb) || 0) + 1);                    }                });            });                          <\/p>\n<p>CRYSTAL CLEAR COMMUNICATION &#8211; USB stereo headset with noise-cancelling microphone; clear sound for calls, video calls and meetings on Teams, Zoom, Skype or any professional platform<br \/>Stereo Headset with Microphone &#8211; Clear stereo sound for online meetings, VoIP, webinars, virtual classes and seamless teleworking; designed to enhance the professional communication experience<br \/>Plug and Play USB Connection &#8211; Headphones with built-in USB sound card for use on PC and Mac without installing anything. Optimal for telecommuting and online training<br \/>On-wire controls &#8211; Adjust volume or mute microphone during calls, meetings or video calls directly from the cable<br \/>LIGHTWEIGHT &#038; DURABLE DESIGN &#8211; Comfortable for hours thanks to its ultra-lightweight construction and soft ear pads. Optimal for office, classes and customer support<\/p>\n\n","protected":false},"excerpt":{"rendered":"<p> From the manufacturer EPOS PC 8 USB AURICULARES Conc\u00e9ntrate. Sonido excepcional. Disfruta de conversaciones claras<\/p>","protected":false},"featured_media":35464,"comment_status":"open","ping_status":"closed","template":"","meta":[],"product_brand":[],"product_cat":[48],"product_tag":[720,714,1001,1386,2203,939,10090,712,928,711,717,774,1071,2629,933,715,4045,719,716,10091,718,1038,2520,133,4014,750,713,645],"class_list":{"0":"post-35463","1":"product","2":"type-product","3":"status-publish","4":"has-post-thumbnail","6":"product_cat-headsets","7":"product_tag-best-headset","8":"product_tag-bluetooth-headset","9":"product_tag-calls","10":"product_tag-cancellation","11":"product_tag-connection","12":"product_tag-design","13":"product_tag-epos","14":"product_tag-gaming-headset","15":"product_tag-headphones","16":"product_tag-headset","17":"product_tag-headset-with-mic","18":"product_tag-mac","19":"product_tag-microphone","20":"product_tag-mute","21":"product_tag-noise","22":"product_tag-noise-cancelling-headset","23":"product_tag-onear","24":"product_tag-over-ear-headset","25":"product_tag-pc-headset","26":"product_tag-pc8","27":"product_tag-rgb-gaming-headset","28":"product_tag-stereo","29":"product_tag-ultralight","30":"product_tag-usb","31":"product_tag-volume","32":"product_tag-wired","33":"product_tag-wireless-headset","34":"product_tag-work","36":"first","37":"instock","38":"sale","39":"shipping-taxable","40":"product-type-external"},"_links":{"self":[{"href":"https:\/\/comprasyconsejos.store\/en\/wp-json\/wp\/v2\/product\/35463","targetHints":{"allow":["GET"]}}],"collection":[{"href":"https:\/\/comprasyconsejos.store\/en\/wp-json\/wp\/v2\/product"}],"about":[{"href":"https:\/\/comprasyconsejos.store\/en\/wp-json\/wp\/v2\/types\/product"}],"replies":[{"embeddable":true,"href":"https:\/\/comprasyconsejos.store\/en\/wp-json\/wp\/v2\/comments?post=35463"}],"version-history":[{"count":0,"href":"https:\/\/comprasyconsejos.store\/en\/wp-json\/wp\/v2\/product\/35463\/revisions"}],"wp:featuredmedia":[{"embeddable":true,"href":"https:\/\/comprasyconsejos.store\/en\/wp-json\/wp\/v2\/media\/35464"}],"wp:attachment":[{"href":"https:\/\/comprasyconsejos.store\/en\/wp-json\/wp\/v2\/media?parent=35463"}],"wp:term":[{"taxonomy":"product_brand","embeddable":true,"href":"https:\/\/comprasyconsejos.store\/en\/wp-json\/wp\/v2\/product_brand?post=35463"},{"taxonomy":"product_cat","embeddable":true,"href":"https:\/\/comprasyconsejos.store\/en\/wp-json\/wp\/v2\/product_cat?post=35463"},{"taxonomy":"product_tag","embeddable":true,"href":"https:\/\/comprasyconsejos.store\/en\/wp-json\/wp\/v2\/product_tag?post=35463"}],"curies":[{"name":"wp","href":"https:\/\/api.w.org\/{rel}","templated":true}]}}