{"id":35487,"date":"2026-02-26T18:46:19","date_gmt":"2026-02-26T18:46:19","guid":{"rendered":"https:\/\/comprasyconsejos.store\/product\/trust-polo-speakers-pc-2-0-compact-8w-4w-rms-3-5mm-audio-jack-connection-usb-power-volume-control-small-speaker-speakers-for-laptop-computer-black\/"},"modified":"2026-02-26T18:46:28","modified_gmt":"2026-02-26T18:46:28","slug":"trust-polo-speakers-pc-2-0-compact-8w-4w-rms-3-5mm-audio-jack-connection-usb-power-volume-control-small-speaker-speakers-for-laptop-computer-black","status":"publish","type":"product","link":"https:\/\/comprasyconsejos.store\/en\/product\/trust-polo-speakers-pc-2-0-compact-8w-4w-rms-3-5mm-audio-jack-connection-usb-power-volume-control-small-speaker-speakers-for-laptop-computer-black\/","title":{"rendered":"Trust Polo Speakers PC 2.0 Compact 8W (4W RMS), 3.5mm Audio Jack Connection, USB Power, Volume Control, Small Speaker, Speakers for Laptop, Computer &#8211; Black"},"content":{"rendered":"<p>Price: <span style=\"color:#b12704\"><del>\u20ac17.99<\/del> - \u20ac15.90<\/span><br \/><i><small>(as of Feb 26, 2026 18:46:19 UTC &#8211; <span class=\"wp_automatic_amazon_disclaimer\" title=\"Product prices and availability are accurate as of the date\/time indicated and are subject to change. Any price and availability information displayed on [relevant Amazon Site(s), as applicable] at the time of purchase will apply to the purchase of this product.\">Details<\/span>)<\/small><\/i><\/p>\n<p><a href=\"https:\/\/amazon.es\/dp\/B0CNXYNG35?tag=man008-21\"><img decoding=\"async\" src=\"https:\/\/valvepress.s3.amazonaws.com\/imgs\/buy_now.png\"><\/a><br \/>\n<\/p>\n<p>                                             From the brand   <\/p>\n<p>                                              <img decoding=\"async\" alt=\"Italia\" src=\"https:\/\/images-na.ssl-images-amazon.com\/images\/G\/01\/x-locale\/common\/grey-pixel.gif\" class=\"a-lazy-loaded\" data-src=\"https:\/\/m.media-amazon.com\/images\/S\/aplus-media-library-service-media\/c30e9660-15aa-4868-9b08-682f541c6ac7.__CR1,0,4999,2134_PT0_SX1464_V1___.jpg\"><img decoding=\"async\" alt=\"Italia\" src=\"https:\/\/m.media-amazon.com\/images\/S\/aplus-media-library-service-media\/c30e9660-15aa-4868-9b08-682f541c6ac7.__CR1,0,4999,2134_PT0_SX1464_V1___.jpg\">  <\/p>\n<p>                                              <img decoding=\"async\" alt=\"\" src=\"https:\/\/images-na.ssl-images-amazon.com\/images\/G\/01\/x-locale\/common\/grey-pixel.gif\" class=\"a-lazy-loaded\" data-src=\"https:\/\/m.media-amazon.com\/images\/S\/aplus-media-library-service-media\/6f2df02a-dbf1-49a6-a927-49ba150fd377.__CR285,0,4721,2173_PT0_SX315_V1___.jpg\"><img decoding=\"async\" alt=\"\" src=\"https:\/\/m.media-amazon.com\/images\/S\/aplus-media-library-service-media\/6f2df02a-dbf1-49a6-a927-49ba150fd377.__CR285,0,4721,2173_PT0_SX315_V1___.jpg\">  <\/p>\n<h3> Nuestra Historia <\/h3>\n<p> Trust International B.V. Fundada en 1983, es la marca de referencia de accesorios digitales de estilo de vida con la misi\u00f3n de simplificar la vida cotidiana con soluciones inteligentes y sostenibles. Trust tiene como objetivo seguir siendo relevante y pr\u00f3spero, ahora y en el futuro, con la sostenibilidad y la responsabilidad social de la empresa en el centro de su estrategia. <\/p>\n<h3>  Descubra Trust  <\/h3>\n<p class=\"apm-brand-story-stores-link\">\n<p>                                              <img decoding=\"async\" alt=\"aplus content image\" src=\"https:\/\/images-na.ssl-images-amazon.com\/images\/G\/01\/x-locale\/common\/grey-pixel.gif\" class=\"a-lazy-loaded\" data-src=\"https:\/\/m.media-amazon.com\/images\/S\/aplus-media-library-service-media\/4623b866-dbbc-479b-a609-5a1e0de59cae.__CR0,0,362,453_PT0_SX362_V1___.jpg\"><img decoding=\"async\" alt=\"aplus content image\" src=\"https:\/\/m.media-amazon.com\/images\/S\/aplus-media-library-service-media\/4623b866-dbbc-479b-a609-5a1e0de59cae.__CR0,0,362,453_PT0_SX362_V1___.jpg\">  <\/p>\n<p>                                              <img decoding=\"async\" alt=\"\" src=\"https:\/\/images-na.ssl-images-amazon.com\/images\/G\/01\/x-locale\/common\/grey-pixel.gif\" class=\"a-lazy-loaded\" data-src=\"https:\/\/m.media-amazon.com\/images\/S\/aplus-media-library-service-media\/650ac69c-c6a3-46df-8423-237e9b056111.__CR172,0,623,287_PT0_SX315_V1___.png\"><img decoding=\"async\" alt=\"\" src=\"https:\/\/m.media-amazon.com\/images\/S\/aplus-media-library-service-media\/650ac69c-c6a3-46df-8423-237e9b056111.__CR172,0,623,287_PT0_SX315_V1___.png\">  <\/p>\n<h3> Nuestro Compromiso <\/h3>\n<p> En Trust queremos que los accesorios digitales sean adecuados para la nueva normalidad. Aqu\u00ed para la gente. Aqu\u00ed por el planeta. Aqu\u00ed para la cartera. <\/p>\n<p> En el centro de cada una de nuestras acciones est\u00e1 la sostenibilidad. Estamos reduciendo cada vez m\u00e1s el tama\u00f1o de los envases y el uso de pl\u00e1sticos produciendo productos reciclados y dando pasos importantes para reducir las emisiones en cada etapa de la cadena de suministro. <\/p>\n<h3> Descubra Trust  <\/h3>\n<p class=\"apm-brand-story-stores-link\">\n<p> Batteries                                            \u200f                                            :                                            \u200e                                            1 A batteries required.   <br \/> Product Dimensions                                            \u200f                                            :                                            \u200e                                            7.4 x 7.7 x 7.6 cm; 301 g   <br \/> Manufacturer                                            \u200f                                            :                                            \u200e                                            Trust   <br \/> ASIN                                            \u200f                                            :                                            \u200e                                            B0CNXYNG35   <br \/> Item model number                                            \u200f                                            :                                            \u200e                                            25164   <br \/> Country of origin                                            \u200f                                            :                                            \u200e                                            China   <br \/> Guaranteed software updates until                                            \u200f                                            :                                            \u200e                                            unknown   <br \/>  Customer reviews:                                                                                            4.3               4.3 out of 5 stars                                  (4,649)                                              var dpAcrHasRegisteredArcLinkClickAction;                    P.when(&#8216;A&#8217;, &#8216;ready&#8217;).execute(function(A) {                        if (dpAcrHasRegisteredArcLinkClickAction !== true) {                            dpAcrHasRegisteredArcLinkClickAction = true;                            A.declarative(                                &#8216;acrLink-click-metrics&#8217;, &#8216;click&#8217;,                                { \u00aballowLinkDefault\u00bb: true },                                function (event) {                                    if (window.ue) {                                        ue.count(\u00abacrLinkClickCount\u00bb, (ue.count(\u00abacrLinkClickCount\u00bb) || 0) + 1);                                    }                                }                            );                        }                    });                                             P.when(&#8216;A&#8217;, &#8216;cf&#8217;).execute(function(A) {                A.declarative(&#8216;acrStarsLink-click-metrics&#8217;, &#8216;click&#8217;, { \u00aballowLinkDefault\u00bb : true },  function(event){                    if(window.ue) {                        ue.count(\u00abacrStarsLinkWithPopoverClickCount\u00bb, (ue.count(\u00abacrStarsLinkWithPopoverClickCount\u00bb) || 0) + 1);                    }                });            });                          <\/p>\n<p>HIGH QUALITY AUDIO &#8211; The Pole&#8217;s small size doesn&#8217;t mean it&#8217;s not powerful: its 8W delivers crystal clear sound for music, videos and more<br \/>MORE SPACE ON THE TABLE \u2013 Say goodbye to those big speakers. Due to its small size, the Polo adapts perfectly to anything else you need on the table<br \/>GET IN CONTROL \u2013 Turn up the volume? Sew and sing. Thanks to the built-in controls, you can adjust the volume of these speakers very easily<br \/>USB COMPATIBLE &#8211; Take advantage of that wall plug for anything else you may need. The Polo plugs directly through the USB port without the need for plugs<br \/>FOR ANY DEVICE &#8211; Being compatible with 3.5mm audio devices, these speakers are very easy to use with your laptop, PC or any other device<\/p>\n\n","protected":false},"excerpt":{"rendered":"<p> From the brand Nuestra Historia Trust International B.V. Fundada en 1983, es la marca de<\/p>","protected":false},"featured_media":35488,"comment_status":"open","ping_status":"closed","template":"","meta":[],"product_brand":[],"product_cat":[89],"product_tag":[546,777,776,785,778,547,782,307,1004,784,539,2203,1124,783,4851,159,780,10098,143,10099,779,293,1930,1039,781,7860,133,4014],"class_list":{"0":"post-35487","1":"product","2":"type-product","3":"status-publish","4":"has-post-thumbnail","6":"product_cat-all-in-one-pcs","7":"product_tag-3-5mm","8":"product_tag-all-in-one-desktop","9":"product_tag-all-in-one-pc","10":"product_tag-all-in-one-pc-price","11":"product_tag-apple-imac","12":"product_tag-audio","13":"product_tag-best-all-in-one-computer","14":"product_tag-black","15":"product_tag-compact","16":"product_tag-compact-pc","17":"product_tag-computer","18":"product_tag-connection","19":"product_tag-control","20":"product_tag-gaming-all-in-one-pc","21":"product_tag-jack","22":"product_tag-laptop","23":"product_tag-office-all-in-one-pc","24":"product_tag-polo","25":"product_tag-power","26":"product_tag-rms","27":"product_tag-slim-all-in-one-pc","28":"product_tag-small","29":"product_tag-speaker","30":"product_tag-speakers","31":"product_tag-touchscreen-all-in-one-pc","32":"product_tag-trust","33":"product_tag-usb","34":"product_tag-volume","36":"first","37":"instock","38":"sale","39":"shipping-taxable","40":"product-type-external"},"_links":{"self":[{"href":"https:\/\/comprasyconsejos.store\/en\/wp-json\/wp\/v2\/product\/35487","targetHints":{"allow":["GET"]}}],"collection":[{"href":"https:\/\/comprasyconsejos.store\/en\/wp-json\/wp\/v2\/product"}],"about":[{"href":"https:\/\/comprasyconsejos.store\/en\/wp-json\/wp\/v2\/types\/product"}],"replies":[{"embeddable":true,"href":"https:\/\/comprasyconsejos.store\/en\/wp-json\/wp\/v2\/comments?post=35487"}],"version-history":[{"count":0,"href":"https:\/\/comprasyconsejos.store\/en\/wp-json\/wp\/v2\/product\/35487\/revisions"}],"wp:featuredmedia":[{"embeddable":true,"href":"https:\/\/comprasyconsejos.store\/en\/wp-json\/wp\/v2\/media\/35488"}],"wp:attachment":[{"href":"https:\/\/comprasyconsejos.store\/en\/wp-json\/wp\/v2\/media?parent=35487"}],"wp:term":[{"taxonomy":"product_brand","embeddable":true,"href":"https:\/\/comprasyconsejos.store\/en\/wp-json\/wp\/v2\/product_brand?post=35487"},{"taxonomy":"product_cat","embeddable":true,"href":"https:\/\/comprasyconsejos.store\/en\/wp-json\/wp\/v2\/product_cat?post=35487"},{"taxonomy":"product_tag","embeddable":true,"href":"https:\/\/comprasyconsejos.store\/en\/wp-json\/wp\/v2\/product_tag?post=35487"}],"curies":[{"name":"wp","href":"https:\/\/api.w.org\/{rel}","templated":true}]}}