{"id":35509,"date":"2026-02-26T19:18:14","date_gmt":"2026-02-26T19:18:14","guid":{"rendered":"https:\/\/comprasyconsejos.store\/product\/prixton-convertible-flex-pro-laptop-with-11-6-touchscreen-windows-11-home-intel-celeron-n4020-processor-4gb-ram-128gb-memory-spanish-keyboard\/"},"modified":"2026-02-26T19:18:19","modified_gmt":"2026-02-26T19:18:19","slug":"prixton-convertible-flex-pro-laptop-with-11-6-touchscreen-windows-11-home-intel-celeron-n4020-processor-4gb-ram-128gb-memory-spanish-keyboard","status":"publish","type":"product","link":"https:\/\/comprasyconsejos.store\/en\/product\/prixton-convertible-flex-pro-laptop-with-11-6-touchscreen-windows-11-home-intel-celeron-n4020-processor-4gb-ram-128gb-memory-spanish-keyboard\/","title":{"rendered":"PRIXTON Convertible Flex Pro Laptop with 11.6&#8243; Touchscreen, Windows 11 Home, Intel Celeron N4020 Processor, 4GB RAM\/128GB Memory, Spanish Keyboard"},"content":{"rendered":"<p>Price: <span style=\"color:#b12704\">\u20ac229.99<\/span><br \/><i><small>(as of Feb 26, 2026 19:18:14 UTC &#8211; <span class=\"wp_automatic_amazon_disclaimer\" title=\"Product prices and availability are accurate as of the date\/time indicated and are subject to change. Any price and availability information displayed on [relevant Amazon Site(s), as applicable] at the time of purchase will apply to the purchase of this product.\">Details<\/span>)<\/small><\/i><\/p>\n<p><a href=\"https:\/\/amazon.es\/dp\/B0DYV76Q89?tag=man008-21\"><img decoding=\"async\" src=\"https:\/\/valvepress.s3.amazonaws.com\/imgs\/buy_now.png\"><\/a><br \/>\n<\/p>\n<p>                                             Product Description   <\/p>\n<p>                                                  <img decoding=\"async\" alt=\"FLEX PRO ORDENADOR PORT\u00c1TIL AMAZON PRIXTON\" src=\"https:\/\/images-na.ssl-images-amazon.com\/images\/G\/01\/x-locale\/common\/grey-pixel.gif\" class=\"a-lazy-loaded\" data-src=\"https:\/\/m.media-amazon.com\/images\/S\/aplus-media-library-service-media\/d3cc1fe4-8556-4f39-85a0-5cd20011cfbf.__CR0,0,970,300_PT0_SX970_V1___.jpg\"><img decoding=\"async\" alt=\"FLEX PRO ORDENADOR PORT\u00c1TIL AMAZON PRIXTON\" src=\"https:\/\/m.media-amazon.com\/images\/S\/aplus-media-library-service-media\/d3cc1fe4-8556-4f39-85a0-5cd20011cfbf.__CR0,0,970,300_PT0_SX970_V1___.jpg\">  <\/p>\n<p class=\"apm-text-center\">\n                                                      <img decoding=\"async\" alt=\"en modo tienda de campa\u00f1a, que muestra el teclado y el panel t\u00e1ctil. Dispositivo de color plateado con teclas negras sobre fondo blanco\" src=\"https:\/\/images-na.ssl-images-amazon.com\/images\/G\/01\/x-locale\/common\/grey-pixel.gif\" class=\"a-spacing-mini a-lazy-loaded\" data-src=\"https:\/\/m.media-amazon.com\/images\/S\/aplus-media-library-service-media\/3b000415-f722-432b-9f20-a6ba1495b0cf.__CR0,0,1200,1200_PT0_SX300_V1___.jpg\"><img decoding=\"async\" alt=\"en modo tienda de campa\u00f1a, que muestra el teclado y el panel t\u00e1ctil. Dispositivo de color plateado con teclas negras sobre fondo blanco\" src=\"https:\/\/m.media-amazon.com\/images\/S\/aplus-media-library-service-media\/3b000415-f722-432b-9f20-a6ba1495b0cf.__CR0,0,1200,1200_PT0_SX300_V1___.jpg\">  <\/p>\n<p>                                                    Port\u00e1til profesional                                       <\/p>\n<p> El port\u00e1til posee Sistema Operativo profesional Windows 11 Home y procesador Intel Celeron N4020. <\/p>\n<p> Adem\u00e1s, incluye paquete Office, con el que tendr\u00e1s acceso a m\u00faltiples herramientas como Word, Excel, PowerPoint, OneNote, Outlook, OneDrive y To Do de manera online. <\/p>\n<p class=\"apm-text-center\">\n                                                      <img decoding=\"async\" alt=\"Persona que usa una computadora port\u00e1til que muestra un calendario de Windows en un escritorio blanco. Tambi\u00e9n se ven un cuaderno y una taza de caf\u00e9\" src=\"https:\/\/images-na.ssl-images-amazon.com\/images\/G\/01\/x-locale\/common\/grey-pixel.gif\" class=\"a-spacing-mini a-lazy-loaded\" data-src=\"https:\/\/m.media-amazon.com\/images\/S\/aplus-media-library-service-media\/3fe30909-db0c-4b44-88ef-8ead00c44123.__CR0,0,1200,1200_PT0_SX300_V1___.jpg\"><img decoding=\"async\" alt=\"Persona que usa una computadora port\u00e1til que muestra un calendario de Windows en un escritorio blanco. Tambi\u00e9n se ven un cuaderno y una taza de caf\u00e9\" src=\"https:\/\/m.media-amazon.com\/images\/S\/aplus-media-library-service-media\/3fe30909-db0c-4b44-88ef-8ead00c44123.__CR0,0,1200,1200_PT0_SX300_V1___.jpg\">  <\/p>\n<p>                                                    Pantalla t\u00e1ctil                                       <\/p>\n<p> Dispone de una pantalla t\u00e1ctil giratoria de 11,6\u201d y una resoluci\u00f3n HD de 1366\u00d7768. Tendr\u00e1s un brillo, contraste, color y gr\u00e1ficos de calidad. <\/p>\n<p class=\"apm-text-center\">\n                                                      <img decoding=\"async\" alt=\"port\u00e1til windows 11 home prixton\" src=\"https:\/\/images-na.ssl-images-amazon.com\/images\/G\/01\/x-locale\/common\/grey-pixel.gif\" class=\"a-spacing-mini a-lazy-loaded\" data-src=\"https:\/\/m.media-amazon.com\/images\/S\/aplus-media-library-service-media\/5682e489-1fbc-4ba4-8e67-7e596b1f5bb9.__CR0,0,1200,1200_PT0_SX300_V1___.jpg\"><img decoding=\"async\" alt=\"port\u00e1til windows 11 home prixton\" src=\"https:\/\/m.media-amazon.com\/images\/S\/aplus-media-library-service-media\/5682e489-1fbc-4ba4-8e67-7e596b1f5bb9.__CR0,0,1200,1200_PT0_SX300_V1___.jpg\">  <\/p>\n<p>                                                    Capacidad de memoria                                       <\/p>\n<p> Posee 4 GB de memoria RAM y 128 GB de memoria interna. Adem\u00e1s, soporta discos externos SSD de hasta 512 GB. <\/p>\n<p class=\"apm-text-center\">\n                                                      <img decoding=\"async\" alt=\"Configuraci\u00f3n de escritorio cerca de la ventana con computadora port\u00e1til, l\u00e1mpara de escritorio, planta y anteojos. La luz natural ilumina\" src=\"https:\/\/images-na.ssl-images-amazon.com\/images\/G\/01\/x-locale\/common\/grey-pixel.gif\" class=\"a-spacing-mini a-lazy-loaded\" data-src=\"https:\/\/m.media-amazon.com\/images\/S\/aplus-media-library-service-media\/1d4b5a93-7869-485e-9dd2-3676468f33cc.__CR0,0,1024,1024_PT0_SX300_V1___.jpg\"><img decoding=\"async\" alt=\"Configuraci\u00f3n de escritorio cerca de la ventana con computadora port\u00e1til, l\u00e1mpara de escritorio, planta y anteojos. La luz natural ilumina\" src=\"https:\/\/m.media-amazon.com\/images\/S\/aplus-media-library-service-media\/1d4b5a93-7869-485e-9dd2-3676468f33cc.__CR0,0,1024,1024_PT0_SX300_V1___.jpg\">  <\/p>\n<p>                                                    Conectividad                                       <\/p>\n<p> Posee conexi\u00f3n WiFi y Bluetooth. Adem\u00e1s, cuenta con entrada Jack 3.5mm para auriculares, USB 3.0, USB 2.0 y Mini HDMI para poder conectar tus dispositivos. <\/p>\n<p class=\"apm-text-center\">\n                                                      <img decoding=\"async\" alt=\"port\u00e1til windows 11 home prixton\" src=\"https:\/\/images-na.ssl-images-amazon.com\/images\/G\/01\/x-locale\/common\/grey-pixel.gif\" class=\"a-spacing-mini a-lazy-loaded\" data-src=\"https:\/\/m.media-amazon.com\/images\/S\/aplus-media-library-service-media\/73ae9aa7-813e-4507-af51-0ab19a7fb192.__CR0,0,1200,1200_PT0_SX300_V1___.jpg\"><img decoding=\"async\" alt=\"port\u00e1til windows 11 home prixton\" src=\"https:\/\/m.media-amazon.com\/images\/S\/aplus-media-library-service-media\/73ae9aa7-813e-4507-af51-0ab19a7fb192.__CR0,0,1200,1200_PT0_SX300_V1___.jpg\">  <\/p>\n<p>                                                    Bater\u00eda de larga duraci\u00f3n                                       <\/p>\n<p> Cuenta con una bater\u00eda de 7.4V\/4.000 mAh que proporciona largas horas de autonom\u00eda. <\/p>\n<p class=\"apm-text-center\">\n                                                      <img decoding=\"async\" alt=\"sobre escritorio blanco contra pared de ladrillo. La pantalla muestra el calendario. Los accesorios de escritorio incluyen anteojos y una taza blanca. Silla de madera visible\" src=\"https:\/\/images-na.ssl-images-amazon.com\/images\/G\/01\/x-locale\/common\/grey-pixel.gif\" class=\"a-spacing-mini a-lazy-loaded\" data-src=\"https:\/\/m.media-amazon.com\/images\/S\/aplus-media-library-service-media\/c597d330-2345-4687-817b-8b0c3f4a34fa.__CR0,0,1200,1200_PT0_SX300_V1___.jpg\"><img decoding=\"async\" alt=\"sobre escritorio blanco contra pared de ladrillo. La pantalla muestra el calendario. Los accesorios de escritorio incluyen anteojos y una taza blanca. Silla de madera visible\" src=\"https:\/\/m.media-amazon.com\/images\/S\/aplus-media-library-service-media\/c597d330-2345-4687-817b-8b0c3f4a34fa.__CR0,0,1200,1200_PT0_SX300_V1___.jpg\">  <\/p>\n<p>                                                    Para uso diario                                       <\/p>\n<p> El ordenador port\u00e1til dispone de todas las herramientas necesarias para realizar tus tareas, teletrabajar, o recibir clases online. Su dise\u00f1o fino y ligero te permite llevarlo siempre contigo de forma c\u00f3moda. <\/p>\n<p>                                                  <img decoding=\"async\" alt=\"FLEX PRO ORDENADOR PORT\u00c1TIL AMAZON PRIXTON\" src=\"https:\/\/images-na.ssl-images-amazon.com\/images\/G\/01\/x-locale\/common\/grey-pixel.gif\" class=\"a-lazy-loaded\" data-src=\"https:\/\/m.media-amazon.com\/images\/S\/aplus-media-library-service-media\/0e28495b-4d15-4a75-8300-a58ae1bcc617.__CR0,0,970,300_PT0_SX970_V1___.jpg\"><img decoding=\"async\" alt=\"FLEX PRO ORDENADOR PORT\u00c1TIL AMAZON PRIXTON\" src=\"https:\/\/m.media-amazon.com\/images\/S\/aplus-media-library-service-media\/0e28495b-4d15-4a75-8300-a58ae1bcc617.__CR0,0,970,300_PT0_SX970_V1___.jpg\">  <\/p>\n<p>                         Add To Basket  <\/p>\n<p>                         Add To Basket  <\/p>\n<p>                             Customer Reviews  <\/p>\n<p>                    3.0 out of 5 stars  7  <\/p>\n<p>                    3.8 out of 5 stars  343  <\/p>\n<p>                    3.4 out of 5 stars  373  <\/p>\n<p>                             Price  <\/p>\n<p>                                    \u20ac249.99\u20ac249.99<br \/>\n                                            \u2014 no data<br \/>\n                                                       \u20ac179.99\u20ac179.99                 <\/p>\n<p>                             Pantalla<br \/>\n                                15,6&#8243;               14,1&#8243;               11,6&#8243;                 <\/p>\n<p>                             Resoluci\u00f3n<br \/>\n                                1920 x 1080               1366 x 768               1366 x 768                 <\/p>\n<p>                             T\u00e1ctil<br \/>\n                                No               No<br \/>\n                                              \u2713<\/p>\n<p>                             Sistema operativo<br \/>\n                                Windows 10 Pro                Windows 10 Pro                Windows 11 Home                 <\/p>\n<p>                             Procesador<br \/>\n                                Intel Celeron N4020                Intel Celeron N4020                Intel Celeron N4020                 <\/p>\n<p>                             Unidad gr\u00e1fica<br \/>\n                                UHD Graphics 600               UHD Graphics 600               UHD Graphics 600                 <\/p>\n<p>                             RAM<br \/>\n                                4 GB                4 GB                4 GB                  <\/p>\n<p>                             Almacenamiento interno<br \/>\n                                128 GB               64 GB               128 GB                 <\/p>\n<p>                             Almacenamiento ampliable<br \/>\n                                HDD \/ SSD 1TB m\u00e1x               SSD M.2 SATA 512 GB m\u00e1x               SSD M.2 SATA 512 GB m\u00e1x                 <\/p>\n<p> Package Dimensions                                            \u200f                                            :                                            \u200e                                            29 x 16 x 1.5 cm; 1 kg   <br \/> Manufacturer                                            \u200f                                            :                                            \u200e                                            PRIXTON   <br \/> ASIN                                            \u200f                                            :                                            \u200e                                            B0DYV76Q89   <br \/> Item model number                                            \u200f                                            :                                            \u200e                                            10005148   <br \/> Country of origin                                            \u200f                                            :                                            \u200e                                            Spain   <br \/> Guaranteed software updates until                                            \u200f                                            :                                            \u200e                                            unknown   <br \/>  Customer reviews:                                                                                            2.9               2.9 out of 5 stars                                  (6)                                              var dpAcrHasRegisteredArcLinkClickAction;                    P.when(&#8216;A&#8217;, &#8216;ready&#8217;).execute(function(A) {                        if (dpAcrHasRegisteredArcLinkClickAction !== true) {                            dpAcrHasRegisteredArcLinkClickAction = true;                            A.declarative(                                &#8216;acrLink-click-metrics&#8217;, &#8216;click&#8217;,                                { \u00aballowLinkDefault\u00bb: true },                                function (event) {                                    if (window.ue) {                                        ue.count(\u00abacrLinkClickCount\u00bb, (ue.count(\u00abacrLinkClickCount\u00bb) || 0) + 1);                                    }                                }                            );                        }                    });                                             P.when(&#8216;A&#8217;, &#8216;cf&#8217;).execute(function(A) {                A.declarative(&#8216;acrStarsLink-click-metrics&#8217;, &#8216;click&#8217;, { \u00aballowLinkDefault\u00bb : true },  function(event){                    if(window.ue) {                        ue.count(\u00abacrStarsLinkWithPopoverClickCount\u00bb, (ue.count(\u00abacrStarsLinkWithPopoverClickCount\u00bb) || 0) + 1);                    }                });            });                          <\/p>\n<p>Professional computer. The laptop has Windows 11 Home Professional Operating System and Intel Celeron N4020 processor.<br \/>Display. It has a 11.6&#8243; rotating touch screen with an HD resolution of 1366\u00d7768. You&#8217;ll get quality brightness, contrast, color and graphics.<br \/>Memory capacity. It has 4 GB of RAM and 128 GB of internal memory. In addition, it supports external SSD drives up to 512GB.<br \/>Office Package. With the built-in Office package, you&#8217;ll have access to multiple tools like Word, Excel, PowerPoint, OneNote, Outlook, OneDrive and To Do online.<br \/>Connectivity. It has WiFi and Bluetooth connection. In addition, it has 3.5 mm jack for headphones, USB 3.0, USB 2.0 and Mini HDMI to connect your devices.<br \/>Long battery life. It features a 7.4V\/4,000mAh battery that provides long hours of runtime.<br \/>Camera The computer incorporates a 2 megapixel front camera that allows video calls with higher quality.<\/p>\n\n","protected":false},"excerpt":{"rendered":"<p> Product Description Port\u00e1til profesional El port\u00e1til posee Sistema Operativo profesional Windows 11 Home y procesador<\/p>","protected":false},"featured_media":35510,"comment_status":"open","ping_status":"closed","template":"","meta":[],"product_brand":[],"product_cat":[95],"product_tag":[631,566,632,563,5615,1558,626,562,518,159,511,629,3690,637,10102,163,565,2424,5273,636,827,635,537,628,634,633,630],"class_list":{"0":"post-35509","1":"product","2":"type-product","3":"status-publish","4":"has-post-thumbnail","6":"product_cat-windows-tablets","7":"product_tag-2-in-1-tablet","8":"product_tag-4gb","9":"product_tag-business-tablet-windows","10":"product_tag-celeron","11":"product_tag-convertible","12":"product_tag-flex","13":"product_tag-home","14":"product_tag-intel","15":"product_tag-keyboard","16":"product_tag-laptop","17":"product_tag-memory","18":"product_tag-microsoft-surface-tablet","19":"product_tag-n4020","20":"product_tag-portable-windows-tablet","21":"product_tag-prixton","22":"product_tag-pro","23":"product_tag-processor","24":"product_tag-ram128gb","25":"product_tag-spanish","26":"product_tag-tablet-laptop-combo","27":"product_tag-touchscreen","28":"product_tag-touchscreen-windows-tablet","29":"product_tag-windows","30":"product_tag-windows-tablet","31":"product_tag-windows-tablet-for-work","32":"product_tag-windows-tablet-price","33":"product_tag-windows-tablet-with-keyboard","35":"first","36":"instock","37":"shipping-taxable","38":"product-type-external"},"_links":{"self":[{"href":"https:\/\/comprasyconsejos.store\/en\/wp-json\/wp\/v2\/product\/35509","targetHints":{"allow":["GET"]}}],"collection":[{"href":"https:\/\/comprasyconsejos.store\/en\/wp-json\/wp\/v2\/product"}],"about":[{"href":"https:\/\/comprasyconsejos.store\/en\/wp-json\/wp\/v2\/types\/product"}],"replies":[{"embeddable":true,"href":"https:\/\/comprasyconsejos.store\/en\/wp-json\/wp\/v2\/comments?post=35509"}],"version-history":[{"count":0,"href":"https:\/\/comprasyconsejos.store\/en\/wp-json\/wp\/v2\/product\/35509\/revisions"}],"wp:featuredmedia":[{"embeddable":true,"href":"https:\/\/comprasyconsejos.store\/en\/wp-json\/wp\/v2\/media\/35510"}],"wp:attachment":[{"href":"https:\/\/comprasyconsejos.store\/en\/wp-json\/wp\/v2\/media?parent=35509"}],"wp:term":[{"taxonomy":"product_brand","embeddable":true,"href":"https:\/\/comprasyconsejos.store\/en\/wp-json\/wp\/v2\/product_brand?post=35509"},{"taxonomy":"product_cat","embeddable":true,"href":"https:\/\/comprasyconsejos.store\/en\/wp-json\/wp\/v2\/product_cat?post=35509"},{"taxonomy":"product_tag","embeddable":true,"href":"https:\/\/comprasyconsejos.store\/en\/wp-json\/wp\/v2\/product_tag?post=35509"}],"curies":[{"name":"wp","href":"https:\/\/api.w.org\/{rel}","templated":true}]}}