{"id":35535,"date":"2026-02-26T19:41:10","date_gmt":"2026-02-26T19:41:10","guid":{"rendered":"https:\/\/comprasyconsejos.store\/product\/aoc-laptop-with-n95-exceeds-celeron-up-to-3-4-ghz-notebook-15-6-inches-16gb-ram-512gb-ssd-up-to-2tb-1080p-business-laptop-5g-wifi-bt5-2-type-c-usb-hdmi-metal-case\/"},"modified":"2026-02-26T19:41:15","modified_gmt":"2026-02-26T19:41:15","slug":"aoc-laptop-with-n95-exceeds-celeron-up-to-3-4-ghz-notebook-15-6-inches-16gb-ram-512gb-ssd-up-to-2tb-1080p-business-laptop-5g-wifi-bt5-2-type-c-usb-hdmi-metal-case","status":"publish","type":"product","link":"https:\/\/comprasyconsejos.store\/en\/product\/aoc-laptop-with-n95-exceeds-celeron-up-to-3-4-ghz-notebook-15-6-inches-16gb-ram-512gb-ssd-up-to-2tb-1080p-business-laptop-5g-wifi-bt5-2-type-c-usb-hdmi-metal-case\/","title":{"rendered":"AOC Laptop with N95 [Exceeds Celeron] (up to 3.4 GHz) Notebook 15.6 Inches, 16GB RAM 512GB SSD (up to 2TB), 1080P, Business Laptop, 5G WiFi, BT5.2, Type C, USB, HDMI, Metal Case"},"content":{"rendered":"<p>Price: <span style=\"color:#b12704\"><del>\u20ac699.00<\/del> - \u20ac299.99<\/span><br \/><i><small>(as of Feb 26, 2026 19:41:10 UTC &#8211; <span class=\"wp_automatic_amazon_disclaimer\" title=\"Product prices and availability are accurate as of the date\/time indicated and are subject to change. Any price and availability information displayed on [relevant Amazon Site(s), as applicable] at the time of purchase will apply to the purchase of this product.\">Details<\/span>)<\/small><\/i><\/p>\n<p><a href=\"https:\/\/amazon.es\/dp\/B0D8L79YR8?tag=man008-21\"><img decoding=\"async\" src=\"https:\/\/valvepress.s3.amazonaws.com\/imgs\/buy_now.png\"><\/a><br \/>\n<\/p>\n<p>                                             Product Description   <\/p>\n<p>                                                                                                       <img decoding=\"async\" alt=\"una pantalla con la imagen de un hombre con un casco negro y una m\u00e1scara morada.\" src=\"https:\/\/images-na.ssl-images-amazon.com\/images\/G\/01\/x-locale\/common\/grey-pixel.gif\" class=\"a-lazy-loaded\" data-src=\"https:\/\/m.media-amazon.com\/images\/S\/aplus-media-library-service-media\/28e8d609-158a-40b0-b730-c14d1afe70a5.__CR0,0,1464,600_PT0_SX1464_V1___.png\"><img decoding=\"async\" alt=\"una pantalla con la imagen de un hombre con un casco negro y una m\u00e1scara morada.\" src=\"https:\/\/m.media-amazon.com\/images\/S\/aplus-media-library-service-media\/28e8d609-158a-40b0-b730-c14d1afe70a5.__CR0,0,1464,600_PT0_SX1464_V1___.png\">                                               <\/p>\n<p>                                                                                                       <img decoding=\"async\" alt=\"aplus content image\" src=\"https:\/\/images-na.ssl-images-amazon.com\/images\/G\/01\/x-locale\/common\/grey-pixel.gif\" class=\"a-lazy-loaded\" data-src=\"https:\/\/m.media-amazon.com\/images\/S\/aplus-media-library-service-media\/8808dd46-07c1-4df9-a4db-bba99e59fcd2.__CR0,0,1464,600_PT0_SX1464_V1___.jpg\"><img decoding=\"async\" alt=\"aplus content image\" src=\"https:\/\/m.media-amazon.com\/images\/S\/aplus-media-library-service-media\/8808dd46-07c1-4df9-a4db-bba99e59fcd2.__CR0,0,1464,600_PT0_SX1464_V1___.jpg\">                                               <\/p>\n<p>                                                                                                       <img decoding=\"async\" alt=\"aplus content image\" src=\"https:\/\/images-na.ssl-images-amazon.com\/images\/G\/01\/x-locale\/common\/grey-pixel.gif\" class=\"a-lazy-loaded\" data-src=\"https:\/\/m.media-amazon.com\/images\/S\/aplus-media-library-service-media\/207120b9-4046-40d3-aab1-b1f05a3b6d09.__CR0,0,1464,600_PT0_SX1464_V1___.jpg\"><img decoding=\"async\" alt=\"aplus content image\" src=\"https:\/\/m.media-amazon.com\/images\/S\/aplus-media-library-service-media\/207120b9-4046-40d3-aab1-b1f05a3b6d09.__CR0,0,1464,600_PT0_SX1464_V1___.jpg\">                                               <\/p>\n<p>                                                                                  <img decoding=\"async\" alt=\"un port\u00e1til con una pantalla grande y una pantalla grande con una imagen grande de un ordenador.\" src=\"https:\/\/m.media-amazon.com\/images\/S\/aplus-media-library-service-media\/1d6d9fb7-412c-473c-bb35-5c629b7a75f2.__CR0,0,1464,600_PT0_SX1464_V1___.png\">       <\/p>\n<p>                                                                                  <img decoding=\"async\" alt=\"un port\u00e1til con teclado morado y negro.\" src=\"https:\/\/m.media-amazon.com\/images\/S\/aplus-media-library-service-media\/cf5d94f5-6f70-4b37-ab2f-406c14188177.__CR0,0,1464,600_PT0_SX1464_V1___.png\">       <\/p>\n<p>                                                                                  <img decoding=\"async\" alt=\"Dos lados del port\u00e1til que muestran los puertos: USB 3.0, HDMI, USB-A 3.2, Type-C y m\u00e1s. El texto destaca \u00abInterfaz completa y potente\u00bb (Interfaz completa y potente)\" src=\"https:\/\/m.media-amazon.com\/images\/S\/aplus-media-library-service-media\/762f0ab5-a8be-4a00-b3ea-ce46deee0ca8.__CR0,0,1464,600_PT0_SX1464_V1___.png\">       <\/p>\n<p>                                                                                  <img decoding=\"async\" alt=\"una imagen de un ordenador con varias luces encendidas.\" src=\"https:\/\/m.media-amazon.com\/images\/S\/aplus-media-library-service-media\/33682953-8e22-4391-b883-73f775fdccee.__CR0,0,1464,600_PT0_SX1464_V1___.png\">       <\/p>\n<p>                                                                                  <img decoding=\"async\" alt=\"Ordenador port\u00e1til que muestra videollamadas con varios participantes. Los iconos destacan las caracter\u00edsticas: sonido est\u00e9reo, c\u00e1mara HD y micr\u00f3fono digital. El texto en espa\u00f1ol describe las videoconferencias multifunci\u00f3n\" src=\"https:\/\/m.media-amazon.com\/images\/S\/aplus-media-library-service-media\/4eeb5f9d-94b1-4f67-9d35-fe99bf029291.__CR0,0,1464,600_PT0_SX1464_V1___.png\">       <\/p>\n<p>                                                                                  <img decoding=\"async\" alt=\"una serie de im\u00e1genes que muestran a personas trabajando en una computadora port\u00e1til.\" src=\"https:\/\/m.media-amazon.com\/images\/S\/aplus-media-library-service-media\/fbe34811-948e-4fb2-9c5d-9c68d0be9a70.__CR0,0,1464,600_PT0_SX1464_V1___.png\">       <\/p>\n<p>                                                                                  <img decoding=\"async\" alt=\"un hombre sentado en una mesa en un tren mirando por la ventana.\" src=\"https:\/\/m.media-amazon.com\/images\/S\/aplus-media-library-service-media\/d3148b49-7347-4d1c-a7a2-e7be8aa36a63.__CR0,0,1464,600_PT0_SX1464_V1___.png\">       <\/p>\n<p>                                                                                  <img decoding=\"async\" alt=\"Ordenador Port\u00e1til\" src=\"https:\/\/m.media-amazon.com\/images\/S\/aplus-media-library-service-media\/16fda26b-8395-4f04-8f88-5befb5fa8d28.__CR0,0,1464,600_PT0_SX1464_V1___.png\">       <\/p>\n<p> Batteries                                            \u200f                                            :                                            \u200e                                            1 CR123A batteries required. (included)   <br \/> Product Dimensions                                            \u200f                                            :                                            \u200e                                            35.74 x 22.86 x 1.68 cm; 2.49 kg   <br \/> Manufacturer                                            \u200f                                            :                                            \u200e                                            Shenzhen CYX Industrial Co., Ltd.   <br \/> ASIN                                            \u200f                                            :                                            \u200e                                            B0D8L79YR8   <br \/> Item model number                                            \u200f                                            :                                            \u200e                                            AX15   <br \/> Guaranteed software updates until                                            \u200f                                            :                                            \u200e                                            unknown   <br \/>  Customer reviews:                                                                                            4.2               4.2 out of 5 stars                                  (338)                                              var dpAcrHasRegisteredArcLinkClickAction;                    P.when(&#8216;A&#8217;, &#8216;ready&#8217;).execute(function(A) {                        if (dpAcrHasRegisteredArcLinkClickAction !== true) {                            dpAcrHasRegisteredArcLinkClickAction = true;                            A.declarative(                                &#8216;acrLink-click-metrics&#8217;, &#8216;click&#8217;,                                { \u00aballowLinkDefault\u00bb: true },                                function (event) {                                    if (window.ue) {                                        ue.count(\u00abacrLinkClickCount\u00bb, (ue.count(\u00abacrLinkClickCount\u00bb) || 0) + 1);                                    }                                }                            );                        }                    });                                             P.when(&#8216;A&#8217;, &#8216;cf&#8217;).execute(function(A) {                A.declarative(&#8216;acrStarsLink-click-metrics&#8217;, &#8216;click&#8217;, { \u00aballowLinkDefault\u00bb : true },  function(event){                    if(window.ue) {                        ue.count(\u00abacrStarsLinkWithPopoverClickCount\u00bb, (ue.count(\u00abacrStarsLinkWithPopoverClickCount\u00bb) || 0) + 1);                    }                });            });                          <\/p>\n<p>\u3010In-el N95 Processor\u3011: 6MB cache, up to 3.4GHz. Lithograph: In-el N95. AOC notebooks use a 7nm process, which improves system fluidity and performance, with an overall 70% increase compared to the previous generation. Exceeds Celeron models N4000\/N5095\/N4020\/N100.<br \/>\u301016GB DDR4 RAM &#038; 512GB SSD\u3011: AOC The 15.6-inch laptop has great power with 16GB RAM (up to 32GB) and a large 512GB SSD, which ensures quick access to data loading and shortens response times for loading apps, documents and media.<br \/>\u3010FINE BEZELS, HD DISPLAY\u3011: Immerse yourself in stunning images with AOC&#8217;s 1920&#215;1080 FHD IPS (16:9) display. Enjoy vibrant colors and crisp details and experience a wider, more captivating view on the 15.6&#8243; narrow bezel laptop screen. Built-in 1MP front camera centered on the screen bezel, take pictures or make video calls anytime.<br \/>\u3010Ultra-thin &#038; Ultra-Light\u3011Metal shell not only offers a sleek and sophisticated look, but also improves heat dissipation and ensures durability. In addition, it adds a modern touch. With a slim and lightweight design, it measures only 35 x 22 x 1.5 cm and weighs only 1.6 kg.<br \/>\u3010System: Version 11 pro\u3011: With support for ultra-fast WiFi 802.11a\/b\/g\/n&#038;ac, downloading and browsing are very easy. What about the Bluetooth 5.0 module? Easily syncs with your favorite wireless devices. Plus, USB 3.2 x2 and USB 2.0 ports, 3.5mm headphone jack, HDMI for large screen and RJ45 Ethernet for wired connection offer total connectivity.<br \/>\u3010AOC GUARANTEED CUSTOMER SUPPORT\u3011: AOC Laptop undergoes a 7*24 hour test before shipping to ensure each unit works perfectly. Enjoy worry-free use with 24-hour active customer service and 1-3 year support.<\/p>\n\n","protected":false},"excerpt":{"rendered":"<p> Product Description Batteries \u200f : \u200e 1 CR123A batteries required. (included) Product Dimensions \u200f :<\/p>","protected":false},"featured_media":35536,"comment_status":"open","ping_status":"closed","template":"","meta":[],"product_brand":[],"product_cat":[87],"product_tag":[705,509,909,536,2263,557,1780,595,555,994,563,5128,818,544,1611,159,550,556,2343,3558,1067,554,587,549,513,168,548,552,553,551,133,543],"class_list":{"0":"post-35535","1":"product","2":"type-product","3":"status-publish","4":"has-post-thumbnail","6":"product_cat-ultrabook","7":"product_tag-1080p","8":"product_tag-16gb","9":"product_tag-2tb","10":"product_tag-512gb","11":"product_tag-aoc","12":"product_tag-best-ultrabook","13":"product_tag-bt5-2","14":"product_tag-business","15":"product_tag-business-ultrabook","16":"product_tag-case","17":"product_tag-celeron","18":"product_tag-exceeds","19":"product_tag-ghz","20":"product_tag-hdmi","21":"product_tag-inches","22":"product_tag-laptop","23":"product_tag-lightweight-ultrabook","24":"product_tag-long-battery-ultrabook","25":"product_tag-metal","26":"product_tag-n95","27":"product_tag-notebook","28":"product_tag-premium-ultrabook","29":"product_tag-ram","30":"product_tag-slim-ultrabook","31":"product_tag-ssd","32":"product_tag-type","33":"product_tag-ultrabook","34":"product_tag-ultrabook-14-inch","35":"product_tag-ultrabook-i7","36":"product_tag-ultrabook-with-ssd","37":"product_tag-usb","38":"product_tag-wifi","40":"first","41":"instock","42":"sale","43":"shipping-taxable","44":"product-type-external"},"_links":{"self":[{"href":"https:\/\/comprasyconsejos.store\/en\/wp-json\/wp\/v2\/product\/35535","targetHints":{"allow":["GET"]}}],"collection":[{"href":"https:\/\/comprasyconsejos.store\/en\/wp-json\/wp\/v2\/product"}],"about":[{"href":"https:\/\/comprasyconsejos.store\/en\/wp-json\/wp\/v2\/types\/product"}],"replies":[{"embeddable":true,"href":"https:\/\/comprasyconsejos.store\/en\/wp-json\/wp\/v2\/comments?post=35535"}],"version-history":[{"count":0,"href":"https:\/\/comprasyconsejos.store\/en\/wp-json\/wp\/v2\/product\/35535\/revisions"}],"wp:featuredmedia":[{"embeddable":true,"href":"https:\/\/comprasyconsejos.store\/en\/wp-json\/wp\/v2\/media\/35536"}],"wp:attachment":[{"href":"https:\/\/comprasyconsejos.store\/en\/wp-json\/wp\/v2\/media?parent=35535"}],"wp:term":[{"taxonomy":"product_brand","embeddable":true,"href":"https:\/\/comprasyconsejos.store\/en\/wp-json\/wp\/v2\/product_brand?post=35535"},{"taxonomy":"product_cat","embeddable":true,"href":"https:\/\/comprasyconsejos.store\/en\/wp-json\/wp\/v2\/product_cat?post=35535"},{"taxonomy":"product_tag","embeddable":true,"href":"https:\/\/comprasyconsejos.store\/en\/wp-json\/wp\/v2\/product_tag?post=35535"}],"curies":[{"name":"wp","href":"https:\/\/api.w.org\/{rel}","templated":true}]}}