{"id":35549,"date":"2026-02-26T19:52:15","date_gmt":"2026-02-26T19:52:15","guid":{"rendered":"https:\/\/comprasyconsejos.store\/product\/acemagic-17-3-inch-fhd-laptop-ryzen-3-4300u-up-to-3-7-ghz-exceed-n95-n150-3500u-3200u-laptop-16-gb-ram-ddr4-512-gb-ssd-expansion-2tb-usb-bt5-hdmi-battery-6000mah-laptop-silver\/"},"modified":"2026-02-26T19:52:18","modified_gmt":"2026-02-26T19:52:18","slug":"acemagic-17-3-inch-fhd-laptop-ryzen-3-4300u-up-to-3-7-ghz-exceed-n95-n150-3500u-3200u-laptop-16-gb-ram-ddr4-512-gb-ssd-expansion-2tb-usb-bt5-hdmi-battery-6000mah-laptop-silver","status":"publish","type":"product","link":"https:\/\/comprasyconsejos.store\/en\/product\/acemagic-17-3-inch-fhd-laptop-ryzen-3-4300u-up-to-3-7-ghz-exceed-n95-n150-3500u-3200u-laptop-16-gb-ram-ddr4-512-gb-ssd-expansion-2tb-usb-bt5-hdmi-battery-6000mah-laptop-silver\/","title":{"rendered":"ACEMAGIC 17.3 Inch FHD Laptop Ryzen 3 4300U Up to 3.7 GHz (Exceed N95\/N150\/3500U\/3200U) Laptop 16 GB RAM DDR4 512 GB SSD Expansion 2TB, USB, BT5, HDMI, Battery 6000mAh, Laptop Silver"},"content":{"rendered":"<p>Price: <span style=\"color:#b12704\">\u20ac499.99<\/span><br \/><i><small>(as of Feb 26, 2026 19:52:15 UTC &#8211; <span class=\"wp_automatic_amazon_disclaimer\" title=\"Product prices and availability are accurate as of the date\/time indicated and are subject to change. Any price and availability information displayed on [relevant Amazon Site(s), as applicable] at the time of purchase will apply to the purchase of this product.\">Details<\/span>)<\/small><\/i><\/p>\n<p><a href=\"https:\/\/amazon.es\/dp\/B0FB3BX2H6?tag=man008-21\"><img decoding=\"async\" src=\"https:\/\/valvepress.s3.amazonaws.com\/imgs\/buy_now.png\"><\/a><br \/>\n<\/p>\n<p>                                             Product Description   <\/p>\n<p>                                                                                                       <img decoding=\"async\" alt=\"Fotograf\u00edas promocionales oscuras y atmosf\u00e9ricas de lo que parecen ser equipos electr\u00f3nicos con una iluminaci\u00f3n sutil.\" src=\"https:\/\/images-na.ssl-images-amazon.com\/images\/G\/01\/x-locale\/common\/grey-pixel.gif\" class=\"a-lazy-loaded\" data-src=\"https:\/\/m.media-amazon.com\/images\/S\/aplus-media-library-service-media\/7ebff99c-207c-4e5c-991e-f5b9ec590d67.__CR0,0,1464,600_PT0_SX1464_V1___.jpg\"><img decoding=\"async\" alt=\"Fotograf\u00edas promocionales oscuras y atmosf\u00e9ricas de lo que parecen ser equipos electr\u00f3nicos con una iluminaci\u00f3n sutil.\" src=\"https:\/\/m.media-amazon.com\/images\/S\/aplus-media-library-service-media\/7ebff99c-207c-4e5c-991e-f5b9ec590d67.__CR0,0,1464,600_PT0_SX1464_V1___.jpg\">                                               <\/p>\n<p>                                                                                                       <img decoding=\"async\" alt=\"El texto dice \u00abAMD Ryzen 3 4300U\u00bb, \u00abOscurador de privacidad\u00bb, \u00abBisagra de 180\u00b0\u00bb. Las especificaciones del producto port\u00e1til muestran varias caracter\u00edsticas y componentes.\" src=\"https:\/\/images-na.ssl-images-amazon.com\/images\/G\/01\/x-locale\/common\/grey-pixel.gif\" class=\"a-lazy-loaded\" data-src=\"https:\/\/m.media-amazon.com\/images\/S\/aplus-media-library-service-media\/4cb723b8-c343-4dfd-9b9d-59f1e62b864a.__CR0,0,1464,600_PT0_SX1464_V1___.jpg\"><img decoding=\"async\" alt=\"El texto dice \u00abAMD Ryzen 3 4300U\u00bb, \u00abOscurador de privacidad\u00bb, \u00abBisagra de 180\u00b0\u00bb. Las especificaciones del producto port\u00e1til muestran varias caracter\u00edsticas y componentes.\" src=\"https:\/\/m.media-amazon.com\/images\/S\/aplus-media-library-service-media\/4cb723b8-c343-4dfd-9b9d-59f1e62b864a.__CR0,0,1464,600_PT0_SX1464_V1___.jpg\">                                               <\/p>\n<p>                                                                                                       <img decoding=\"async\" alt=\"aplus content image\" src=\"https:\/\/images-na.ssl-images-amazon.com\/images\/G\/01\/x-locale\/common\/grey-pixel.gif\" class=\"a-lazy-loaded\" data-src=\"https:\/\/m.media-amazon.com\/images\/S\/aplus-media-library-service-media\/54b75d01-1077-4393-87b7-124e89da172f.__CR0,0,1464,600_PT0_SX1464_V1___.jpg\"><img decoding=\"async\" alt=\"aplus content image\" src=\"https:\/\/m.media-amazon.com\/images\/S\/aplus-media-library-service-media\/54b75d01-1077-4393-87b7-124e89da172f.__CR0,0,1464,600_PT0_SX1464_V1___.jpg\">                                               <\/p>\n<p>                                                                                                                <img decoding=\"async\" alt=\"aplus content image\" src=\"https:\/\/m.media-amazon.com\/images\/S\/aplus-media-library-service-media\/2eadce3b-7aa7-4664-bff3-e247094b86b0.__CR0,0,1464,600_PT0_SX1464_V1___.jpg\">                                                    <img decoding=\"async\" alt=\"El texto dice \u00abColocata plano, comparte la vista\u00bb. Varias escenas del espacio de trabajo muestran a personas trabajando en escritorios con documentaci\u00f3n y computadoras.\" src=\"https:\/\/m.media-amazon.com\/images\/S\/aplus-media-library-service-media\/17df75ff-3c37-4f0d-be19-1827e722aa5d.__CR0,0,1464,600_PT0_SX1464_V1___.jpg\">                                                    <img decoding=\"async\" alt=\"aplus content image\" src=\"https:\/\/m.media-amazon.com\/images\/S\/aplus-media-library-service-media\/a871a2d4-2e75-42e7-b947-d8a7709ed9da.__CR0,0,1464,600_PT0_SX1464_V1___.jpg\"><br \/>\n                            1 17.3 \u00bb FHD Pantalla <\/p>\n<p>                            2 180\u00b0 Pantalla Giratoria  <\/p>\n<p>                            3 Protecci\u00f3n de Privacidad <\/p>\n<p>                                                                                                                <img decoding=\"async\" alt=\"El texto dice \u00abMemoria y espacio de almacenamiento actualizables\u00bb. Las pantallas oscuras de la interfaz muestran la configuraci\u00f3n de administraci\u00f3n de la memoria del ordenador o dispositivo con elementos de interfaz de usuario de color naranja y blanco.\" src=\"https:\/\/m.media-amazon.com\/images\/S\/aplus-media-library-service-media\/6536de8c-a918-4aed-84b9-6751893ae4d1.__CR0,0,1464,600_PT0_SX1464_V1___.png\">                                                    <img decoding=\"async\" alt=\"aplus content image\" src=\"https:\/\/m.media-amazon.com\/images\/S\/aplus-media-library-service-media\/68aae008-75e9-4c9c-8786-a7bc23bf86ad.__CR0,0,1464,600_PT0_SX1464_V1___.jpg\">                                                    <img decoding=\"async\" alt=\"aplus content image\" src=\"https:\/\/m.media-amazon.com\/images\/S\/aplus-media-library-service-media\/3816aa54-4650-409c-af8a-69dad4e6f40f.__CR0,0,1464,600_PT0_SX1464_V1___.jpg\"><br \/>\n                            1 16 GB RAM + 512 GB SSD <\/p>\n<p>                            2 Larga Autonom\u00eda <\/p>\n<p>                            3 Sistema de Enfriamiento <\/p>\n<p>                                                                                                       <img decoding=\"async\" alt=\"El texto dice \u00abINSTALLAZIONE\u00bb. Serie de im\u00e1genes t\u00e9cnicas que muestran los pasos de instalaci\u00f3n de un producto con medidas y especificaciones detalladas.\" src=\"https:\/\/images-na.ssl-images-amazon.com\/images\/G\/01\/x-locale\/common\/grey-pixel.gif\" class=\"a-lazy-loaded\" data-src=\"https:\/\/m.media-amazon.com\/images\/S\/aplus-media-library-service-media\/9a289c04-7a5b-459f-b9b4-21ac874b1dd5.__CR0,0,1464,600_PT0_SX1464_V1___.jpg\"><img decoding=\"async\" alt=\"El texto dice \u00abINSTALLAZIONE\u00bb. Serie de im\u00e1genes t\u00e9cnicas que muestran los pasos de instalaci\u00f3n de un producto con medidas y especificaciones detalladas.\" src=\"https:\/\/m.media-amazon.com\/images\/S\/aplus-media-library-service-media\/9a289c04-7a5b-459f-b9b4-21ac874b1dd5.__CR0,0,1464,600_PT0_SX1464_V1___.jpg\">                                               <\/p>\n<h3 class=\"a-text-center aplus-h1 a-text-bold\"> Comparativa Que ACEMAGIC Ordenador Port\u00e1til elegir? <\/h3>\n<p>                         Add To Basket  <\/p>\n<p>                         Add To Basket  <\/p>\n<p>                         Add To Basket  <\/p>\n<p>                         Add To Basket  <\/p>\n<p>                         Add To Basket  <\/p>\n<p>                                     Customer Reviews  <\/p>\n<p>                    4.4 out of 5 stars  194  <\/p>\n<p>                    4.4 out of 5 stars  9  <\/p>\n<p>                    4.4 out of 5 stars  14  <\/p>\n<p>                    4.0 out of 5 stars  136  <\/p>\n<p>                    4.6 out of 5 stars  31  <\/p>\n<p>                                     Price  <\/p>\n<p>                                                        \u20ac499.99\u20ac499.99     <\/p>\n<p>                                                        \u20ac519.99\u20ac519.99     <\/p>\n<p>                                                        \u20ac549.99\u20ac549.99     <\/p>\n<p>                                                        \u20ac359.99\u20ac359.99     <\/p>\n<p>                                                        \u20ac399.99\u20ac399.99     <\/p>\n<p>                                     Tama\u00f1o de Pantalla  <\/p>\n<p>                                                17,3 Pulgadas    <\/p>\n<p>                                                15,6 Pulgadas    <\/p>\n<p>                                                15,6 Pulgadas    <\/p>\n<p>                                                16 Pulgadas    <\/p>\n<p>                                                15,6 Pulgadas    <\/p>\n<p>                                     Modelo de CPU  <\/p>\n<p>                                                Ryzen 3 4300U    <\/p>\n<p>                                                Ryzen 7 5700U    <\/p>\n<p>                                                Ryzen 7 5825U    <\/p>\n<p>                                                Ryzen 3 4300U    <\/p>\n<p>                                                Ryzen 3 4300U    <\/p>\n<p>                                     Memoria  <\/p>\n<p>                                                16GB+512GB    <\/p>\n<p>                                                16GB+512GB    <\/p>\n<p>                                                16GB+512GB    <\/p>\n<p>                                                16GB+512GB    <\/p>\n<p>                                                16GB+512GB    <\/p>\n<p>                                     Resoluci\u00f3n  <\/p>\n<p>                                                1920*1080 FHD    <\/p>\n<p>                                                1920*1080 FHD    <\/p>\n<p>                                                1920*1080 FHD    <\/p>\n<p>                                                1920*1200 FHD    <\/p>\n<p>                                                1920*1080 FHD    <\/p>\n<p>                                     M\u00f3dulo de Memoria  <\/p>\n<p>                                                DDR 4     <\/p>\n<p>                                                DDR 4     <\/p>\n<p>                                                DDR 4     <\/p>\n<p>                                                DDR 4     <\/p>\n<p>                                                DDR 4     <\/p>\n<p> Batteries                                            \u200f                                            :                                            \u200e                                            1 AAA batteries required.   <br \/> Package Dimensions                                            \u200f                                            :                                            \u200e                                            55 x 33 x 7 cm; 2.52 kg   <br \/> Manufacturer                                            \u200f                                            :                                            \u200e                                            Shenzhen CYX Industrial Co..Ltd   <br \/> ASIN                                            \u200f                                            :                                            \u200e                                            B0FB3BX2H6   <br \/> Item model number                                            \u200f                                            :                                            \u200e                                            AX17-R   <br \/> Guaranteed software updates until                                            \u200f                                            :                                            \u200e                                            unknown   <br \/>  Customer reviews:                                                                                            4.4               4.4 out of 5 stars                                  (194)                                              var dpAcrHasRegisteredArcLinkClickAction;                    P.when(&#8216;A&#8217;, &#8216;ready&#8217;).execute(function(A) {                        if (dpAcrHasRegisteredArcLinkClickAction !== true) {                            dpAcrHasRegisteredArcLinkClickAction = true;                            A.declarative(                                &#8216;acrLink-click-metrics&#8217;, &#8216;click&#8217;,                                { \u00aballowLinkDefault\u00bb: true },                                function (event) {                                    if (window.ue) {                                        ue.count(\u00abacrLinkClickCount\u00bb, (ue.count(\u00abacrLinkClickCount\u00bb) || 0) + 1);                                    }                                }                            );                        }                    });                                             P.when(&#8216;A&#8217;, &#8216;cf&#8217;).execute(function(A) {                A.declarative(&#8216;acrStarsLink-click-metrics&#8217;, &#8216;click&#8217;, { \u00aballowLinkDefault\u00bb : true },  function(event){                    if(window.ue) {                        ue.count(\u00abacrStarsLinkWithPopoverClickCount\u00bb, (ue.count(\u00abacrStarsLinkWithPopoverClickCount\u00bb) || 0) + 1);                    }                });            });                          <\/p>\n<p>\u3010Ryzen 3 4300U High Performance Processor\u3011ACEMAGIC AX17 Portable, equipped with Ryzen 3 4300U processor, 4 cores and 4 threads, supports CPU speeds up to 3.7 GHz, with an integral performance approximately 20% higher than N95\/N150\/3500U\/3200U models, with more booting and processing quick, what you allows you to more easily and efficiently handle all the applications needed for your daily work.<br \/>\u3010Immersive Display\u3011With a 17.3 inch frameless FHD display, ACEMAGIC AX17 portable offers more screen space and provides a stunning visual experience. Its compact size is achieved thanks to an innovative design. Whether it&#8217;s movies, games or design work, it can reproduce vivid and detail-packed images and bring every detail to life. At the same time, the built-in webcam allows for easy video calls. The slim and sleek design allows you to travel gracefully anytime, anywhere. Choose this 17.3-inch computer to experience endless possibilities and start your creative journey!<br \/>\u301016GB RAM + 512GB SSD \u301116GB high-speed RAM allows you to run games, editing programs or multiple applications simultaneously without slowing down. 512GB NVMe M.2 SSD, 15X faster than a traditional hard drive, increases overall responsiveness.<br \/>\u3010Enhanced Connectivity\u3011ACEMAGIC laptop supports ultra-fast 802.11a\/b\/g\/n&#038;ac Wi-Fi connection, downloading and browsing is a breeze. Bluetooth 5.0 makes it easy to sync with your favorite wireless devices. Plus, USB 3.2 x2 and USB 2.0 ports, 3.5mm headphone jack, HDMI for large screens and Ethernet for wired connections offer complete connectivity.<br \/>\u3010Long Battery Life &#038; Customer Service\u3011 11.4V\/6000mAh lithium polymer battery provides a long battery life, while our smart cooler ensures everything runs smoothly and reduces noise, allowing you to concentrate better. ACEMAGIC laptops are backed by a 2-year product satisfaction guarantee and technical support. Please contact us.<\/p>\n\n","protected":false},"excerpt":{"rendered":"<p> Product Description 1 17.3 \u00bb FHD Pantalla 2 180\u00b0 Pantalla Giratoria 3 Protecci\u00f3n de Privacidad<\/p>","protected":false},"featured_media":35550,"comment_status":"open","ping_status":"closed","template":"","meta":[],"product_brand":[],"product_cat":[85],"product_tag":[909,532,660,529,292,575,5334,573,577,578,535,581,5332,1126,639,818,544,584,159,582,576,5333,574,580,587,531,366,513,133,579],"class_list":{"0":"post-35549","1":"product","2":"type-product","3":"status-publish","4":"has-post-thumbnail","6":"product_cat-business-laptop","7":"product_tag-2tb","8":"product_tag-4300u","9":"product_tag-6000mah","10":"product_tag-acemagic","11":"product_tag-battery","12":"product_tag-best-laptop-for-business","13":"product_tag-bt5","14":"product_tag-business-laptop","15":"product_tag-business-laptop-with-ssd","16":"product_tag-corporate-laptop","17":"product_tag-ddr4","18":"product_tag-durable-business-laptop","19":"product_tag-exceed","20":"product_tag-expansion","21":"product_tag-fhd","22":"product_tag-ghz","23":"product_tag-hdmi","24":"product_tag-inch","25":"product_tag-laptop","26":"product_tag-laptop-for-work","27":"product_tag-lightweight-business-laptop","28":"product_tag-n95n1503500u3200u","29":"product_tag-office-laptop","30":"product_tag-professional-laptop","31":"product_tag-ram","32":"product_tag-ryzen","33":"product_tag-silver","34":"product_tag-ssd","35":"product_tag-usb","36":"product_tag-windows-business-laptop","38":"first","39":"instock","40":"shipping-taxable","41":"product-type-external"},"_links":{"self":[{"href":"https:\/\/comprasyconsejos.store\/en\/wp-json\/wp\/v2\/product\/35549","targetHints":{"allow":["GET"]}}],"collection":[{"href":"https:\/\/comprasyconsejos.store\/en\/wp-json\/wp\/v2\/product"}],"about":[{"href":"https:\/\/comprasyconsejos.store\/en\/wp-json\/wp\/v2\/types\/product"}],"replies":[{"embeddable":true,"href":"https:\/\/comprasyconsejos.store\/en\/wp-json\/wp\/v2\/comments?post=35549"}],"version-history":[{"count":0,"href":"https:\/\/comprasyconsejos.store\/en\/wp-json\/wp\/v2\/product\/35549\/revisions"}],"wp:featuredmedia":[{"embeddable":true,"href":"https:\/\/comprasyconsejos.store\/en\/wp-json\/wp\/v2\/media\/35550"}],"wp:attachment":[{"href":"https:\/\/comprasyconsejos.store\/en\/wp-json\/wp\/v2\/media?parent=35549"}],"wp:term":[{"taxonomy":"product_brand","embeddable":true,"href":"https:\/\/comprasyconsejos.store\/en\/wp-json\/wp\/v2\/product_brand?post=35549"},{"taxonomy":"product_cat","embeddable":true,"href":"https:\/\/comprasyconsejos.store\/en\/wp-json\/wp\/v2\/product_cat?post=35549"},{"taxonomy":"product_tag","embeddable":true,"href":"https:\/\/comprasyconsejos.store\/en\/wp-json\/wp\/v2\/product_tag?post=35549"}],"curies":[{"name":"wp","href":"https:\/\/api.w.org\/{rel}","templated":true}]}}