{"id":35592,"date":"2026-02-26T20:50:11","date_gmt":"2026-02-26T20:50:11","guid":{"rendered":"https:\/\/comprasyconsejos.store\/product\/asus-usb-ac58-dual-band-ac1300-usb-wireless-adapter\/"},"modified":"2026-02-26T20:50:12","modified_gmt":"2026-02-26T20:50:12","slug":"asus-usb-ac58-dual-band-ac1300-usb-wireless-adapter","status":"publish","type":"product","link":"https:\/\/comprasyconsejos.store\/en\/product\/asus-usb-ac58-dual-band-ac1300-usb-wireless-adapter\/","title":{"rendered":"ASUS USB-AC58 Dual Band AC1300 USB Wireless Adapter"},"content":{"rendered":"<p>Price: <span style=\"color:#b12704\">\u20ac39.50<\/span><br \/><i><small>(as of Feb 26, 2026 20:50:12 UTC &#8211; <span class=\"wp_automatic_amazon_disclaimer\" title=\"Product prices and availability are accurate as of the date\/time indicated and are subject to change. Any price and availability information displayed on [relevant Amazon Site(s), as applicable] at the time of purchase will apply to the purchase of this product.\">Details<\/span>)<\/small><\/i><\/p>\n<p><a href=\"https:\/\/amazon.es\/dp\/B0974XGW9X?tag=man008-21\"><img decoding=\"async\" src=\"https:\/\/valvepress.s3.amazonaws.com\/imgs\/buy_now.png\"><\/a><br \/>\n<\/p>\n<p>                                             From the manufacturer   <\/p>\n<p>                                                      <img decoding=\"async\" alt=\" \" src=\"https:\/\/images-na.ssl-images-amazon.com\/images\/G\/01\/x-locale\/common\/grey-pixel.gif\" class=\"a-spacing-mini a-lazy-loaded\" data-src=\"https:\/\/m.media-amazon.com\/images\/S\/aplus-media-library-service-media\/9d1f1d1a-b628-450c-9f0a-163a98fdd271.__CR0,0,300,400_PT0_SX300_V1___.jpg\"><img decoding=\"async\" alt=\" \" src=\"https:\/\/m.media-amazon.com\/images\/S\/aplus-media-library-service-media\/9d1f1d1a-b628-450c-9f0a-163a98fdd271.__CR0,0,300,400_PT0_SX300_V1___.jpg\">  <\/p>\n<p>                                                              <img decoding=\"async\" alt=\" \" src=\"https:\/\/images-na.ssl-images-amazon.com\/images\/G\/01\/x-locale\/common\/grey-pixel.gif\" class=\"a-spacing-mini a-lazy-loaded\" data-src=\"https:\/\/m.media-amazon.com\/images\/S\/aplus-media-library-service-media\/e95ddf5d-3e76-4284-9d59-4a04543f7c87.__CR0,0,350,175_PT0_SX350_V1___.jpg\"><img decoding=\"async\" alt=\" \" src=\"https:\/\/m.media-amazon.com\/images\/S\/aplus-media-library-service-media\/e95ddf5d-3e76-4284-9d59-4a04543f7c87.__CR0,0,350,175_PT0_SX350_V1___.jpg\">                                                                 <\/p>\n<p class=\"a-spacing-small a-size-small a-color-secondary\"> ASUS es una empresa multinacional establecida en Taiw\u00e1n desde 1989 que dise\u00f1a y fabrica hardware de inform\u00e1tica y electr\u00f3nica de consumo. Dedicada a crear soluciones que proporcionan una vida m\u00e1s inteligente. En ASUS somos unos verdaderos apasionados de la innovaci\u00f3n tecnol\u00f3gica. So\u00f1amos con crear una vida digital sencilla y completa para todos, por eso siempre andamos en busca de nuevas ideas que nos permitan ofrecer las experiencias m\u00e1s incre\u00edbles. <\/p>\n<h3 class=\"a-spacing-mini\"> USB-AC58 <\/h3>\n<p class=\"a-spacing-base\"> Adaptador inal\u00e1mbrico USB AC1300 de doble banda <\/p>\n<p>                                                          La interfaz USB 3.0 soporta transferencias de datos hasta 10 veces m\u00e1s r\u00e1pidas.       Las dos antenas desmontables de alta ganancia multiplican por 10 la cobertura.       Cable USB para posicionar el dispositivo en un lugar con una recepci\u00f3n ideal.       Seguridad avanzada: Est\u00e1ndares de cifrado WEP, WPA, WPA2 y WPA3 de 64\/128 bits.       EZ WPS: Configura la red Wi-Fi en s\u00f3lo 2 pasos con el bot\u00f3n WPS.      <\/p>\n<p>                                                  <img decoding=\"async\" alt=\" \" src=\"https:\/\/images-na.ssl-images-amazon.com\/images\/G\/01\/x-locale\/common\/grey-pixel.gif\" class=\"a-lazy-loaded\" data-src=\"https:\/\/m.media-amazon.com\/images\/S\/aplus-media-library-service-media\/0d603963-81b4-4d57-b15a-496a71a96c7c.__CR0,0,300,300_PT0_SX300_V1___.jpg\"><img decoding=\"async\" alt=\" \" src=\"https:\/\/m.media-amazon.com\/images\/S\/aplus-media-library-service-media\/0d603963-81b4-4d57-b15a-496a71a96c7c.__CR0,0,300,300_PT0_SX300_V1___.jpg\">  <\/p>\n<h3 class=\"a-spacing-mini\"> El cable ajustable mejora la recepci\u00f3n <\/h3>\n<p> Coloca el adaptador USB-AC58 donde quieras con el cable USB incluido y disfruta de una mejor recepci\u00f3n, ya que podr\u00e1s emplazarlo donde reciba la mejor se\u00f1al posible. <\/p>\n<p>                                                  <img decoding=\"async\" alt=\" \" src=\"https:\/\/images-na.ssl-images-amazon.com\/images\/G\/01\/x-locale\/common\/grey-pixel.gif\" class=\"a-spacing-mini a-lazy-loaded\" data-src=\"https:\/\/m.media-amazon.com\/images\/S\/aplus-media-library-service-media\/9477d7f4-8239-42fb-a6ed-77c46064849d.__CR0,0,300,300_PT0_SX300_V1___.jpg\"><img decoding=\"async\" alt=\" \" src=\"https:\/\/m.media-amazon.com\/images\/S\/aplus-media-library-service-media\/9477d7f4-8239-42fb-a6ed-77c46064849d.__CR0,0,300,300_PT0_SX300_V1___.jpg\">  <\/p>\n<h3 class=\"a-spacing-mini\"> Las antenas externas de alta ganancia multiplican por 10 la cobertura. <\/h3>\n<p> Al compararlas con los adaptadores Wireless-g, las antenas desmontables de alta ganancia multiplican por 10* la cobertura de la se\u00f1al. El dise\u00f1o desmontable permite conectar y desconectar las antenas o cambiarlas cuando sea necesario. <\/p>\n<p> *Verificado por ASUS. El rendimiento puede variar como resultado de las condiciones de la red y otros factores del entorno <\/p>\n<p> Is discontinued by manufacturer                                            \u200f                                            :                                            \u200e                                            No   <br \/> Product Dimensions                                            \u200f                                            :                                            \u200e                                            5 x 7 x 16 cm; 1 g   <br \/> Manufacturer                                            \u200f                                            :                                            \u200e                                            ASUS   <br \/> ASIN                                            \u200f                                            :                                            \u200e                                            B0974XGW9X   <br \/> Item model number                                            \u200f                                            :                                            \u200e                                            90IG06I0-BM0400   <br \/> Country\/Region of Origin                                            \u200f                                            :                                            \u200e                                            Spain   <br \/> Guaranteed software updates until                                            \u200f                                            :                                            \u200e                                            unknown   <br \/>  Customer reviews:                                                                                            4.0               4.0 out of 5 stars                                  (1,383)                                              var dpAcrHasRegisteredArcLinkClickAction;                    P.when(&#8216;A&#8217;, &#8216;ready&#8217;).execute(function(A) {                        if (dpAcrHasRegisteredArcLinkClickAction !== true) {                            dpAcrHasRegisteredArcLinkClickAction = true;                            A.declarative(                                &#8216;acrLink-click-metrics&#8217;, &#8216;click&#8217;,                                { \u00aballowLinkDefault\u00bb: true },                                function (event) {                                    if (window.ue) {                                        ue.count(\u00abacrLinkClickCount\u00bb, (ue.count(\u00abacrLinkClickCount\u00bb) || 0) + 1);                                    }                                }                            );                        }                    });                                             P.when(&#8216;A&#8217;, &#8216;cf&#8217;).execute(function(A) {                A.declarative(&#8216;acrStarsLink-click-metrics&#8217;, &#8216;click&#8217;, { \u00aballowLinkDefault\u00bb : true },  function(event){                    if(window.ue) {                        ue.count(\u00abacrStarsLinkWithPopoverClickCount\u00bb, (ue.count(\u00abacrStarsLinkWithPopoverClickCount\u00bb) || 0) + 1);                    }                });            });                          <\/p>\n<p>USB 3.0 interface supports fast data transfers<br \/>Two detachable antennas for optimal gain multiply coverage<br \/>USB cable to position the device in a place with good reception<br \/>Optimal security: 64\/128-bit WEP, WPA, WPA2 and WPA3 encryption standards<br \/>EZ WPS: Set up Wi-Fi in just 2 steps with the WPS button<\/p>\n\n","protected":false},"excerpt":{"rendered":"<p> From the manufacturer ASUS es una empresa multinacional establecida en Taiw\u00e1n desde 1989 que dise\u00f1a<\/p>","protected":false},"featured_media":35593,"comment_status":"open","ping_status":"closed","template":"","meta":[],"product_brand":[],"product_cat":[72],"product_tag":[2443,144,850,2217,298,2110,2116,2114,2118,2112,133,2108,10114,2104,2120,2102,226,2106],"class_list":{"0":"post-35592","1":"product","2":"type-product","3":"status-publish","4":"has-post-thumbnail","6":"product_cat-wifi-sticks","7":"product_tag-ac1300","8":"product_tag-adapter","9":"product_tag-asus","10":"product_tag-band","11":"product_tag-dual","12":"product_tag-dual-band-wifi-adapter","13":"product_tag-high-speed-wifi-usb","14":"product_tag-laptop-wifi-adapter","15":"product_tag-mini-wifi-adapter","16":"product_tag-pc-wifi-adapter","17":"product_tag-usb","18":"product_tag-usb-wifi-dongle","19":"product_tag-usbac58","20":"product_tag-wifi-stick","21":"product_tag-wifi-stick-price","22":"product_tag-wifi-usb-adapter","23":"product_tag-wireless","24":"product_tag-wireless-usb-adapter","26":"first","27":"instock","28":"shipping-taxable","29":"product-type-external"},"_links":{"self":[{"href":"https:\/\/comprasyconsejos.store\/en\/wp-json\/wp\/v2\/product\/35592","targetHints":{"allow":["GET"]}}],"collection":[{"href":"https:\/\/comprasyconsejos.store\/en\/wp-json\/wp\/v2\/product"}],"about":[{"href":"https:\/\/comprasyconsejos.store\/en\/wp-json\/wp\/v2\/types\/product"}],"replies":[{"embeddable":true,"href":"https:\/\/comprasyconsejos.store\/en\/wp-json\/wp\/v2\/comments?post=35592"}],"version-history":[{"count":0,"href":"https:\/\/comprasyconsejos.store\/en\/wp-json\/wp\/v2\/product\/35592\/revisions"}],"wp:featuredmedia":[{"embeddable":true,"href":"https:\/\/comprasyconsejos.store\/en\/wp-json\/wp\/v2\/media\/35593"}],"wp:attachment":[{"href":"https:\/\/comprasyconsejos.store\/en\/wp-json\/wp\/v2\/media?parent=35592"}],"wp:term":[{"taxonomy":"product_brand","embeddable":true,"href":"https:\/\/comprasyconsejos.store\/en\/wp-json\/wp\/v2\/product_brand?post=35592"},{"taxonomy":"product_cat","embeddable":true,"href":"https:\/\/comprasyconsejos.store\/en\/wp-json\/wp\/v2\/product_cat?post=35592"},{"taxonomy":"product_tag","embeddable":true,"href":"https:\/\/comprasyconsejos.store\/en\/wp-json\/wp\/v2\/product_tag?post=35592"}],"curies":[{"name":"wp","href":"https:\/\/api.w.org\/{rel}","templated":true}]}}