{"id":35597,"date":"2026-02-26T20:53:20","date_gmt":"2026-02-26T20:53:20","guid":{"rendered":"https:\/\/comprasyconsejos.store\/product\/reloj-inteligente-mujer-hombre-con-alexa-integrado-pantalla-hd-de-183-y-llamadas-bluetooth-ip68-smartwatch-con-spo2-sueno-100-modos-deportivos-regalo-pulsera-actividad-para-android-ios-rosa\/"},"modified":"2026-02-26T20:53:20","modified_gmt":"2026-02-26T20:53:20","slug":"reloj-inteligente-mujer-hombre-con-alexa-integrado-pantalla-hd-de-183-y-llamadas-bluetooth-ip68-smartwatch-con-spo2-sueno-100-modos-deportivos-regalo-pulsera-actividad-para-android-ios-rosa","status":"publish","type":"product","link":"https:\/\/comprasyconsejos.store\/en\/product\/reloj-inteligente-mujer-hombre-con-alexa-integrado-pantalla-hd-de-183-y-llamadas-bluetooth-ip68-smartwatch-con-spo2-sueno-100-modos-deportivos-regalo-pulsera-actividad-para-android-ios-rosa\/","title":{"rendered":"Reloj Inteligente Mujer Hombre con Alexa Integrado, Pantalla HD de 1,83&#8243; y Llamadas Bluetooth IP68 Smartwatch con SpO2 Sue\u00f1o 100+ Modos Deportivos, Regalo Pulsera Actividad para Android iOS, Rosa"},"content":{"rendered":"<p>&#8211; \u3010Bater\u00eda de Larga Duraci\u00f3n y Vida Inteligente\u3011 Disfruta de 7 a 10 d\u00edas de bater\u00eda (30 d\u00edas en espera) con solo 2 horas de carga. Alexa integrado te permite controlar por voz la m\u00fasica, las alarmas, el clima, el cron\u00f3metro y otras herramientas, haciendo tu vida diaria m\u00e1s c\u00f3moda. Compatible con iOS y Android<br \/>\n&#8211; \u3010Comunicaci\u00f3n y Conectividad Fluidas\u3011Realiza y responde llamadas por Bluetooth a trav\u00e9s de la app VeryFit y recibe notificaciones instant\u00e1neas de WhatsApp, SMS, etc. (con ajustes de tono y vibraci\u00f3n personalizables y modo No molestar). Mantente informado sobre informaci\u00f3n importante en cualquier momento, pero actualmente no se admiten respuestas a mensajes<br \/>\n&#8211; \u3010Monitoreo de salud inteligente 24\/7\u3011Monitoreo en tiempo real de la frecuencia card\u00edaca, ox\u00edgeno en sangre, estr\u00e9s y sue\u00f1o (an\u00e1lisis profundo\/superficial), admite el seguimiento del ciclo menstrual e incluye recordatorios de hidrataci\u00f3n y actividad para respaldar de manera integral la gesti\u00f3n cient\u00edfica de la salud<br \/>\n&#8211; \u3010100+ Modos Deportivos &amp; Resistencia al Agua IP68\u3011Cubre m\u00e1s de 100 escenarios deportivos, incluyendo running, yoga y ciclismo. Su dise\u00f1o resistente al agua resiste el sudor y la lluvia (Recordatorio: No lo uses en buceo, agua de mar ni agua caliente)<br \/>\n&#8211; \u3010Pantalla HD Inmersiva y Est\u00e9tica Personalizada\u3011La pantalla HD de 1.83 pulgadas y 360\u00d7440 ofrece im\u00e1genes exquisitas, admite m\u00e1s de 100 esferas personalizables para cambiar libremente e incluye una correa de silicona ajustable de 22 mm (apta para mu\u00f1ecas de 5.9 a 8.5 pulgadas). Su dise\u00f1o ultraligero de tan solo 38 gramos garantiza una experiencia de uso c\u00f3moda<\/p>","protected":false},"excerpt":{"rendered":"<p>&#8211; \u3010Bater\u00eda de Larga Duraci\u00f3n y Vida Inteligente\u3011 Disfruta de 7 a 10 d\u00edas de bater\u00eda (30 d\u00edas en espera)<\/p>","protected":false},"featured_media":35596,"comment_status":"open","ping_status":"closed","template":"","meta":[],"product_brand":[],"product_cat":[101],"product_tag":[],"class_list":{"0":"post-35597","1":"product","2":"type-product","3":"status-publish","4":"has-post-thumbnail","6":"product_cat-accessories","8":"first","9":"instock","10":"shipping-taxable","11":"product-type-external"},"_links":{"self":[{"href":"https:\/\/comprasyconsejos.store\/en\/wp-json\/wp\/v2\/product\/35597","targetHints":{"allow":["GET"]}}],"collection":[{"href":"https:\/\/comprasyconsejos.store\/en\/wp-json\/wp\/v2\/product"}],"about":[{"href":"https:\/\/comprasyconsejos.store\/en\/wp-json\/wp\/v2\/types\/product"}],"replies":[{"embeddable":true,"href":"https:\/\/comprasyconsejos.store\/en\/wp-json\/wp\/v2\/comments?post=35597"}],"version-history":[{"count":0,"href":"https:\/\/comprasyconsejos.store\/en\/wp-json\/wp\/v2\/product\/35597\/revisions"}],"wp:featuredmedia":[{"embeddable":true,"href":"https:\/\/comprasyconsejos.store\/en\/wp-json\/wp\/v2\/media\/35596"}],"wp:attachment":[{"href":"https:\/\/comprasyconsejos.store\/en\/wp-json\/wp\/v2\/media?parent=35597"}],"wp:term":[{"taxonomy":"product_brand","embeddable":true,"href":"https:\/\/comprasyconsejos.store\/en\/wp-json\/wp\/v2\/product_brand?post=35597"},{"taxonomy":"product_cat","embeddable":true,"href":"https:\/\/comprasyconsejos.store\/en\/wp-json\/wp\/v2\/product_cat?post=35597"},{"taxonomy":"product_tag","embeddable":true,"href":"https:\/\/comprasyconsejos.store\/en\/wp-json\/wp\/v2\/product_tag?post=35597"}],"curies":[{"name":"wp","href":"https:\/\/api.w.org\/{rel}","templated":true}]}}