{"id":35598,"date":"2026-02-26T20:53:28","date_gmt":"2026-02-26T20:53:28","guid":{"rendered":"https:\/\/comprasyconsejos.store\/product\/cudy-be3600-dual-band-wi-fi-7-router-4-gigabit-ports-2-0-ghz-quad-core-4-antennas-vpn-client-and-server-cudy-app-and-mesh-compatible-cloud-control-wr3600e\/"},"modified":"2026-02-26T20:53:33","modified_gmt":"2026-02-26T20:53:33","slug":"cudy-be3600-dual-band-wi-fi-7-router-4-gigabit-ports-2-0-ghz-quad-core-4-antennas-vpn-client-and-server-cudy-app-and-mesh-compatible-cloud-control-wr3600e","status":"publish","type":"product","link":"https:\/\/comprasyconsejos.store\/en\/product\/cudy-be3600-dual-band-wi-fi-7-router-4-gigabit-ports-2-0-ghz-quad-core-4-antennas-vpn-client-and-server-cudy-app-and-mesh-compatible-cloud-control-wr3600e\/","title":{"rendered":"Cudy BE3600 Dual-Band Wi-Fi 7 Router, 4 Gigabit Ports, 2.0 GHz Quad Core, 4 Antennas, VPN Client and Server, Cudy App and Mesh Compatible, Cloud Control, WR3600E"},"content":{"rendered":"<p>Price: <span style=\"color:#b12704\"><del>\u20ac60.18<\/del> - \u20ac56.92<\/span><br \/><i><small>(as of Feb 26, 2026 20:53:28 UTC &#8211; <span class=\"wp_automatic_amazon_disclaimer\" title=\"Product prices and availability are accurate as of the date\/time indicated and are subject to change. Any price and availability information displayed on [relevant Amazon Site(s), as applicable] at the time of purchase will apply to the purchase of this product.\">Details<\/span>)<\/small><\/i><\/p>\n<p><a href=\"https:\/\/amazon.es\/dp\/B0DP2P34F4?tag=man008-21\"><img decoding=\"async\" src=\"https:\/\/valvepress.s3.amazonaws.com\/imgs\/buy_now.png\"><\/a><br \/>\n<\/p>\n<p>                                             Product Description   <\/p>\n<p>                                                                                                       <img decoding=\"async\" alt=\"un router blanco sentado sobre una mesa.\" src=\"https:\/\/images-na.ssl-images-amazon.com\/images\/G\/01\/x-locale\/common\/grey-pixel.gif\" class=\"a-lazy-loaded\" data-src=\"https:\/\/m.media-amazon.com\/images\/S\/aplus-media-library-service-media\/8ed02eee-c16e-4716-87ec-700de0b94422.__CR0,0,1464,600_PT0_SX1464_V1___.jpg\"><img decoding=\"async\" alt=\"un router blanco sentado sobre una mesa.\" src=\"https:\/\/m.media-amazon.com\/images\/S\/aplus-media-library-service-media\/8ed02eee-c16e-4716-87ec-700de0b94422.__CR0,0,1464,600_PT0_SX1464_V1___.jpg\">                                               <\/p>\n<p>                                                                                                       <img decoding=\"async\" alt=\"una imagen de un router wi - fi.\" src=\"https:\/\/images-na.ssl-images-amazon.com\/images\/G\/01\/x-locale\/common\/grey-pixel.gif\" class=\"a-lazy-loaded\" data-src=\"https:\/\/m.media-amazon.com\/images\/S\/aplus-media-library-service-media\/9883ac0d-6a15-49a7-a82b-60207c961669.__CR0,0,1464,600_PT0_SX1464_V1___.jpg\"><img decoding=\"async\" alt=\"una imagen de un router wi - fi.\" src=\"https:\/\/m.media-amazon.com\/images\/S\/aplus-media-library-service-media\/9883ac0d-6a15-49a7-a82b-60207c961669.__CR0,0,1464,600_PT0_SX1464_V1___.jpg\">                                               <\/p>\n<p>                                                                                                       <img decoding=\"async\" alt=\"un letrero rectangular blanco con la palabra brom.\" src=\"https:\/\/images-na.ssl-images-amazon.com\/images\/G\/01\/x-locale\/common\/grey-pixel.gif\" class=\"a-lazy-loaded\" data-src=\"https:\/\/m.media-amazon.com\/images\/S\/aplus-media-library-service-media\/2152623d-c3b8-4f1f-b381-cfa48215824c.__CR0,0,1464,600_PT0_SX1464_V1___.jpg\"><img decoding=\"async\" alt=\"un letrero rectangular blanco con la palabra brom.\" src=\"https:\/\/m.media-amazon.com\/images\/S\/aplus-media-library-service-media\/2152623d-c3b8-4f1f-b381-cfa48215824c.__CR0,0,1464,600_PT0_SX1464_V1___.jpg\">                                                 Potente CPU de cuatro n\u00facleos                                                                           <\/p>\n<p class=\"aplus-p2 aplus-module-2-description\"> Siente la respuesta instant\u00e1nea y el funcionamiento fluido al navegar, hacer streaming y jugar, incluso al conectar numerosos dispositivos. La avanzada CPU de cuatro n\u00facleos y la gran memoria RAM de 512 MB proporcionan una gran potencia de procesamiento con mayor capacidad. <\/p>\n<p>                                                                                                       <img decoding=\"async\" alt=\"un gr\u00e1fico de un logotipo plateado y negro con las palabras 1,5 veces m\u00e1s r\u00e1pido.\" src=\"https:\/\/images-na.ssl-images-amazon.com\/images\/G\/01\/x-locale\/common\/grey-pixel.gif\" class=\"a-lazy-loaded\" data-src=\"https:\/\/m.media-amazon.com\/images\/S\/aplus-media-library-service-media\/c7592604-971d-4d98-a102-3ad6133f974e.__CR0,0,1464,600_PT0_SX1464_V1___.jpg\"><img decoding=\"async\" alt=\"un gr\u00e1fico de un logotipo plateado y negro con las palabras 1,5 veces m\u00e1s r\u00e1pido.\" src=\"https:\/\/m.media-amazon.com\/images\/S\/aplus-media-library-service-media\/c7592604-971d-4d98-a102-3ad6133f974e.__CR0,0,1464,600_PT0_SX1464_V1___.jpg\">                                               <\/p>\n<p>                                                                                                       <img decoding=\"async\" alt=\"con m\u00faltiples antenas. La imagen dividida muestra el dispositivo y los iconos que representan una cobertura mejorada, cuatro amplificadores y la tecnolog\u00eda de formaci\u00f3n de haces. El texto en espa\u00f1ol describe las funciones de cobertura mejorada\" src=\"https:\/\/images-na.ssl-images-amazon.com\/images\/G\/01\/x-locale\/common\/grey-pixel.gif\" class=\"a-lazy-loaded\" data-src=\"https:\/\/m.media-amazon.com\/images\/S\/aplus-media-library-service-media\/d10cdedc-7445-49ab-a884-4925664d4fb1.__CR0,0,1464,600_PT0_SX1464_V1___.jpg\"><img decoding=\"async\" alt=\"con m\u00faltiples antenas. La imagen dividida muestra el dispositivo y los iconos que representan una cobertura mejorada, cuatro amplificadores y la tecnolog\u00eda de formaci\u00f3n de haces. El texto en espa\u00f1ol describe las funciones de cobertura mejorada\" src=\"https:\/\/m.media-amazon.com\/images\/S\/aplus-media-library-service-media\/d10cdedc-7445-49ab-a884-4925664d4fb1.__CR0,0,1464,600_PT0_SX1464_V1___.jpg\">                                               <\/p>\n<p>                                                                                                       <img decoding=\"async\" alt=\"una imagen de un router inal\u00e1mbrico.\" src=\"https:\/\/images-na.ssl-images-amazon.com\/images\/G\/01\/x-locale\/common\/grey-pixel.gif\" class=\"a-lazy-loaded\" data-src=\"https:\/\/m.media-amazon.com\/images\/S\/aplus-media-library-service-media\/a6317c22-caa3-4450-8cb4-6acc00b49d58.__CR0,0,1464,600_PT0_SX1464_V1___.jpg\"><img decoding=\"async\" alt=\"una imagen de un router inal\u00e1mbrico.\" src=\"https:\/\/m.media-amazon.com\/images\/S\/aplus-media-library-service-media\/a6317c22-caa3-4450-8cb4-6acc00b49d58.__CR0,0,1464,600_PT0_SX1464_V1___.jpg\">                                               <\/p>\n<p>                                                                                                       <img decoding=\"async\" alt=\"un ni\u00f1o sentado en un sof\u00e1 con una tableta.\" src=\"https:\/\/images-na.ssl-images-amazon.com\/images\/G\/01\/x-locale\/common\/grey-pixel.gif\" class=\"a-lazy-loaded\" data-src=\"https:\/\/m.media-amazon.com\/images\/S\/aplus-media-library-service-media\/ec157578-85da-4c93-bd59-a2c34d17bea8.__CR0,0,1464,600_PT0_SX1464_V1___.jpg\"><img decoding=\"async\" alt=\"un ni\u00f1o sentado en un sof\u00e1 con una tableta.\" src=\"https:\/\/m.media-amazon.com\/images\/S\/aplus-media-library-service-media\/ec157578-85da-4c93-bd59-a2c34d17bea8.__CR0,0,1464,600_PT0_SX1464_V1___.jpg\">                                                 Control parental                                                                           <\/p>\n<p class=\"aplus-p2 aplus-module-2-description\"> Establezca horarios de Wi-Fi y bloquee sitios web inapropiados para proteger a sus seres queridos. Puedes crear perfiles personalizados para gestionar f\u00e1cilmente varios dispositivos. <\/p>\n<p> Product Dimensions                                            \u200f                                            :                                            \u200e                                            7.7 x 22.5 x 23.19 cm; 333.5 g   <br \/> Manufacturer                                            \u200f                                            :                                            \u200e                                            \u200eShenzhen Cudy Technology Co., Ltd.   <br \/> ASIN                                            \u200f                                            :                                            \u200e                                            B0DP2P34F4   <br \/> Item model number                                            \u200f                                            :                                            \u200e                                            WR3600E   <br \/> Country\/Region of Origin                                            \u200f                                            :                                            \u200e                                            China   <br \/> Guaranteed software updates until                                            \u200f                                            :                                            \u200e                                            unknown   <br \/>  Customer reviews:                                                                                            4.6               4.6 out of 5 stars                                  (186)                                              var dpAcrHasRegisteredArcLinkClickAction;                    P.when(&#8216;A&#8217;, &#8216;ready&#8217;).execute(function(A) {                        if (dpAcrHasRegisteredArcLinkClickAction !== true) {                            dpAcrHasRegisteredArcLinkClickAction = true;                            A.declarative(                                &#8216;acrLink-click-metrics&#8217;, &#8216;click&#8217;,                                { \u00aballowLinkDefault\u00bb: true },                                function (event) {                                    if (window.ue) {                                        ue.count(\u00abacrLinkClickCount\u00bb, (ue.count(\u00abacrLinkClickCount\u00bb) || 0) + 1);                                    }                                }                            );                        }                    });                                             P.when(&#8216;A&#8217;, &#8216;cf&#8217;).execute(function(A) {                A.declarative(&#8216;acrStarsLink-click-metrics&#8217;, &#8216;click&#8217;, { \u00aballowLinkDefault\u00bb : true },  function(event){                    if(window.ue) {                        ue.count(\u00abacrStarsLinkWithPopoverClickCount\u00bb, (ue.count(\u00abacrStarsLinkWithPopoverClickCount\u00bb) || 0) + 1);                    }                });            });                          <\/p>\n<p>The latest Wi-Fi 7 technology: Enjoy faster speeds with Multi-Link Operation, delivering enhanced performance for all your devices.<br \/>Wi-Fi 7 Dual Bnad &#8211; Elevate your connection with a total speed of up to 3.6Gbps, with 2882Mbps on 5GHz and 688Mbps on 2.4GHz. Experience smooth streaming, immersive gaming, and lightning-fast downloads.<br \/>Next-generation 2GHz Quad-Core CPU &#8211; Experience power and precision with a state-of-the-art processor that effortlessly manages high performance and eliminates lag<br \/>Cudy APP and Cloud Control support enriches management methods and makes management simpler and more efficient.<br \/>Cudy Mesh: works with Cudy Mesh routers and range amplifiers to create a seamless Mesh Wi-Fi network throughout the home, preventing drops and delays.<\/p>\n\n","protected":false},"excerpt":{"rendered":"<p> Product Description Potente CPU de cuatro n\u00facleos Siente la respuesta instant\u00e1nea y el funcionamiento fluido<\/p>","protected":false},"featured_media":35599,"comment_status":"open","ping_status":"closed","template":"","meta":[],"product_brand":[],"product_cat":[71],"product_tag":[2080,2093,2224,9180,2084,10115,2954,201,1124,698,5502,2078,1693,2079,818,1092,2081,2083,2449,2082,382,1605,2088,2085,1721,2306,543,2076,2077,10116],"class_list":{"0":"post-35598","1":"product","2":"type-product","3":"status-publish","4":"has-post-thumbnail","6":"product_cat-wifi-routers","7":"product_tag-5ghz-router","8":"product_tag-antennas","9":"product_tag-app","10":"product_tag-be3600","11":"product_tag-best-wifi-router","12":"product_tag-client","13":"product_tag-cloud","14":"product_tag-compatible","15":"product_tag-control","16":"product_tag-core","17":"product_tag-cudy","18":"product_tag-dual-band-router","19":"product_tag-dualband","20":"product_tag-gaming-wifi-router","21":"product_tag-ghz","22":"product_tag-gigabit","23":"product_tag-high-speed-router","24":"product_tag-home-wifi-router","25":"product_tag-mesh","26":"product_tag-mesh-wifi-router","27":"product_tag-ports","28":"product_tag-quad","29":"product_tag-router","30":"product_tag-router-price","31":"product_tag-server","32":"product_tag-vpn","33":"product_tag-wifi","34":"product_tag-wifi-router","35":"product_tag-wireless-router","36":"product_tag-wr3600e","38":"first","39":"instock","40":"sale","41":"shipping-taxable","42":"product-type-external"},"_links":{"self":[{"href":"https:\/\/comprasyconsejos.store\/en\/wp-json\/wp\/v2\/product\/35598","targetHints":{"allow":["GET"]}}],"collection":[{"href":"https:\/\/comprasyconsejos.store\/en\/wp-json\/wp\/v2\/product"}],"about":[{"href":"https:\/\/comprasyconsejos.store\/en\/wp-json\/wp\/v2\/types\/product"}],"replies":[{"embeddable":true,"href":"https:\/\/comprasyconsejos.store\/en\/wp-json\/wp\/v2\/comments?post=35598"}],"version-history":[{"count":0,"href":"https:\/\/comprasyconsejos.store\/en\/wp-json\/wp\/v2\/product\/35598\/revisions"}],"wp:featuredmedia":[{"embeddable":true,"href":"https:\/\/comprasyconsejos.store\/en\/wp-json\/wp\/v2\/media\/35599"}],"wp:attachment":[{"href":"https:\/\/comprasyconsejos.store\/en\/wp-json\/wp\/v2\/media?parent=35598"}],"wp:term":[{"taxonomy":"product_brand","embeddable":true,"href":"https:\/\/comprasyconsejos.store\/en\/wp-json\/wp\/v2\/product_brand?post=35598"},{"taxonomy":"product_cat","embeddable":true,"href":"https:\/\/comprasyconsejos.store\/en\/wp-json\/wp\/v2\/product_cat?post=35598"},{"taxonomy":"product_tag","embeddable":true,"href":"https:\/\/comprasyconsejos.store\/en\/wp-json\/wp\/v2\/product_tag?post=35598"}],"curies":[{"name":"wp","href":"https:\/\/api.w.org\/{rel}","templated":true}]}}